{"id":12728,"date":"2021-10-04T15:22:26","date_gmt":"2021-10-04T13:22:26","guid":{"rendered":"https:\/\/physics.uwb.edu.pl\/wf\/?page_id=12728"},"modified":"2021-10-04T15:22:26","modified_gmt":"2021-10-04T13:22:26","slug":"fizycy-uwb-zademonstrowali-nowa-ultraszybka-metode-zapisu-informacji-2-2-2-2-4-4-3-2","status":"publish","type":"page","link":"https:\/\/physics.uwb.edu.pl\/wf\/?page_id=12728","title":{"rendered":"Symulacje pandemii, opracowane z udzia\u0142em dr Jana Kisielewskiego z Wydzia\u0142u Fizyki UwB"},"content":{"rendered":"<div class=\"wcag-font\">\n<p><strong><img loading=\"lazy\" decoding=\"async\" class=\"alignleft wp-image-12707 size-medium\" src=\"http:\/\/physics.uwb.edu.pl\/wf\/wp-content\/uploads\/2021\/10\/dr-jan-kisielewski-baner-615595c3d1c6b-300x199.jpg\" alt=\"\" width=\"300\" height=\"199\" srcset=\"https:\/\/physics.uwb.edu.pl\/wf\/wp-content\/uploads\/2021\/10\/dr-jan-kisielewski-baner-615595c3d1c6b-300x199.jpg 300w, https:\/\/physics.uwb.edu.pl\/wf\/wp-content\/uploads\/2021\/10\/dr-jan-kisielewski-baner-615595c3d1c6b-150x100.jpg 150w, https:\/\/physics.uwb.edu.pl\/wf\/wp-content\/uploads\/2021\/10\/dr-jan-kisielewski-baner-615595c3d1c6b-600x400.jpg 600w, https:\/\/physics.uwb.edu.pl\/wf\/wp-content\/uploads\/2021\/10\/dr-jan-kisielewski-baner-615595c3d1c6b-752x500.jpg 752w, https:\/\/physics.uwb.edu.pl\/wf\/wp-content\/uploads\/2021\/10\/dr-jan-kisielewski-baner-615595c3d1c6b.jpg 990w\" sizes=\"auto, (max-width: 300px) 100vw, 300px\" \/>W czasopi\u015bmie Nature Communications ukaza\u0142 si\u0119 artyku\u0142 podsumowuj\u0105cy prac\u0119 polskich i niemieckich zespo\u0142\u00f3w modeluj\u0105cych przebieg pandemii COVID-19 podczas tzw. drugiej fali. Do jednej z tych grup nale\u017cy pracownik Wydzia\u0142u Fizyki Uniwersytetu w Bia\u0142ymstoku &#8211; dr Jan Kisielewski.<\/strong><\/p>\n<p>Prognozy dotycz\u0105ce epidemii regularnie opracowuje kilkana\u015bcie niezale\u017cnych grup badaczy z Polski i Niemiec. Jedn\u0105 z nich jest Interdyscyplinarne Centrum Modelowania Uniwersytetu Warszawskiego. To w\u0142a\u015bnie w jego pracach uczestniczy dr Jan Kisielewski.<\/p>\n<p>Zespo\u0142y stosuj\u0105 do modelowania r\u00f3\u017cn\u0105 metodologi\u0119. Publikacja w Nature analizuje wyniki symulacji i sprawdzalno\u015b\u0107 prognoz w czasie &#8220;drugiej fali&#8221; pandemii, na jesieni 2020 roku.<\/p>\n<p>&#8211; <em>Prognozy dotyczy\u0142y liczby nowych zaka\u017ce\u0144 i liczby zgon\u00f3w, i by\u0142y weryfikowane w horyzoncie jedno- i dwutygodniowym. Niejednorodno\u015b\u0107 prognoz poszczeg\u00f3lnych zespo\u0142\u00f3w by\u0142a znaczna, zar\u00f3wno pod wzgl\u0119dem przewidywanych warto\u015bci, jak ich rozpi\u0119to\u015bci. Okazuje si\u0119 jednak, \u017ce po\u0142\u0105czenie wielu modeli pozwala poprawi\u0107 wiarygodno\u015b\u0107 wynik\u00f3w<\/em> \u2013 komentuje dr Jan Kisielewski.<\/p>\n<p>Artyku\u0142, zatytu\u0142owany \u201eA pre-registered short-term forecasting study of COVID-19 in Germany and Poland during the second wave\u201d (&#8220;Wst\u0119pne kr\u00f3tkoterminowe badanie prognostyczne COVID-19 w Niemczech i Polsce podczas drugiej fali&#8221;) dost\u0119pny jest pod adresem <a href=\"https:\/\/www.nature.com\/articles\/s41467-021-25207-0\">https:\/\/www.nature.com\/articles\/s41467-021-25207-0<\/a><\/p>\n<p>Wi\u0119cej o pracy fizyka z UwB oraz modelu wykorzystywanym przez Interdyscyplinarne Centrum Modelowania Uniwersytetu Warszawskiego (tekst opublikowany na stronie UwB w czerwcu 2020 r.): <a href=\"https:\/\/uwb.edu.pl\/nowosci\/okiem-eksperta\/to-oni-rozpracowuja-covid-19-jest-wsrod-nich-fizyk-z-uwb\/9b844e7c\">https:\/\/uwb.edu.pl\/nowosci\/okiem-eksperta\/to-oni-rozpracowuja-covid-19-jest-wsrod-nich-fizyk-z-uwb\/9b844e7c<\/a><\/p>\n<p>Strona ICM UW: <a href=\"https:\/\/covid-19.icm.edu.pl\/\">https:\/\/covid-19.icm.edu.pl\/<\/a><\/p>\n<\/div>\n","protected":false},"excerpt":{"rendered":"<p>W czasopi\u015bmie Nature Communications ukaza\u0142 si\u0119 artyku\u0142 podsumowuj\u0105cy prac\u0119 polskich i niemieckich zespo\u0142\u00f3w modeluj\u0105cych przebieg pandemii COVID-19 podczas tzw. drugiej fali. Do jednej z tych grup nale\u017cy pracownik Wydzia\u0142u Fizyki <a href=\"https:\/\/physics.uwb.edu.pl\/wf\/?page_id=12728\" class=\"more-link\">[&hellip;]<\/a><\/p>\n","protected":false},"author":14,"featured_media":12707,"parent":713,"menu_order":0,"comment_status":"closed","ping_status":"closed","template":"","meta":{"ngg_post_thumbnail":0,"Layout":"1c","footnotes":""},"categories":[27,3],"tags":[],"class_list":["entry","author-ulag","post-12728","page","type-page","status-publish","has-post-thumbnail","category-post_news_pl","category-wydzialowe_pl"],"jetpack_sharing_enabled":true,"jetpack_shortlink":"https:\/\/wp.me\/P7nvcn-3ji","_links":{"self":[{"href":"https:\/\/physics.uwb.edu.pl\/wf\/index.php?rest_route=\/wp\/v2\/pages\/12728","targetHints":{"allow":["GET"]}}],"collection":[{"href":"https:\/\/physics.uwb.edu.pl\/wf\/index.php?rest_route=\/wp\/v2\/pages"}],"about":[{"href":"https:\/\/physics.uwb.edu.pl\/wf\/index.php?rest_route=\/wp\/v2\/types\/page"}],"author":[{"embeddable":true,"href":"https:\/\/physics.uwb.edu.pl\/wf\/index.php?rest_route=\/wp\/v2\/users\/14"}],"replies":[{"embeddable":true,"href":"https:\/\/physics.uwb.edu.pl\/wf\/index.php?rest_route=%2Fwp%2Fv2%2Fcomments&post=12728"}],"version-history":[{"count":2,"href":"https:\/\/physics.uwb.edu.pl\/wf\/index.php?rest_route=\/wp\/v2\/pages\/12728\/revisions"}],"predecessor-version":[{"id":12730,"href":"https:\/\/physics.uwb.edu.pl\/wf\/index.php?rest_route=\/wp\/v2\/pages\/12728\/revisions\/12730"}],"up":[{"embeddable":true,"href":"https:\/\/physics.uwb.edu.pl\/wf\/index.php?rest_route=\/wp\/v2\/pages\/713"}],"wp:featuredmedia":[{"embeddable":true,"href":"https:\/\/physics.uwb.edu.pl\/wf\/index.php?rest_route=\/wp\/v2\/media\/12707"}],"wp:attachment":[{"href":"https:\/\/physics.uwb.edu.pl\/wf\/index.php?rest_route=%2Fwp%2Fv2%2Fmedia&parent=12728"}],"wp:term":[{"taxonomy":"category","embeddable":true,"href":"https:\/\/physics.uwb.edu.pl\/wf\/index.php?rest_route=%2Fwp%2Fv2%2Fcategories&post=12728"},{"taxonomy":"post_tag","embeddable":true,"href":"https:\/\/physics.uwb.edu.pl\/wf\/index.php?rest_route=%2Fwp%2Fv2%2Ftags&post=12728"}],"curies":[{"name":"wp","href":"https:\/\/api.w.org\/{rel}","templated":true}]}}