{"id":12748,"date":"2021-10-06T10:30:12","date_gmt":"2021-10-06T08:30:12","guid":{"rendered":"https:\/\/physics.uwb.edu.pl\/wf\/?page_id=12748"},"modified":"2021-10-06T18:55:21","modified_gmt":"2021-10-06T16:55:21","slug":"fizycy-uwb-zademonstrowali-nowa-ultraszybka-metode-zapisu-informacji-2-2-2-2-4-4-3-2-2","status":"publish","type":"page","link":"https:\/\/physics.uwb.edu.pl\/wf\/?page_id=12748","title":{"rendered":"Noc Innowacji &#8211; zapraszamy do naszych laboratori\u00f3w!"},"content":{"rendered":"<div class=\"wcag-font\">\n<p><strong>Noc Innowacji <\/strong>to og\u00f3lnopolska inicjatywa realizowana w <a href=\"https:\/\/digitalfestival.pl\/\" target=\"_blank\" rel=\"noopener\">ramach Festiwalu Cyfryzacji<\/a>, kt\u00f3rej celem jest przedstawienie osi\u0105gni\u0119\u0107 polskiej nauki i biznesu, a tak\u017ce prezentacja tego, w jaki spos\u00f3b cyfryzacja, zaawansowane technologie i robotyka zmieniaj\u0105 nasz \u015bwiat. W trakcie wydarzenia drzwi dla zwiedzaj\u0105cych po raz kolejny otworz\u0105 najnowocze\u015bniejsze miejsca w Polsce. Tej nocy b\u0119dzie mo\u017cna zanurzy\u0107 si\u0119 w wirtualnej rzeczywisto\u015bci, zaprzyja\u017ani\u0107 z robotami i oswoi\u0107 otaczaj\u0105ce nas innowacje.<\/p>\n<p><a href=\"https:\/\/bpnt.bialystok.pl\/PL\/spolecznosc-bpn-t\/startup-kalendarz\/prezentacje-w-laboratoriach-wydzialu-fizyki-uniwersytetu-w-bialymstoku-1\" target=\"_blank\" rel=\"noopener\"><img loading=\"lazy\" decoding=\"async\" class=\"alignnone size-full wp-image-12749\" src=\"http:\/\/physics.uwb.edu.pl\/wf\/wp-content\/uploads\/2021\/10\/noc-innowacji_ver3-083825781_jpg.jpg\" alt=\"\" width=\"1000\" height=\"523\" srcset=\"https:\/\/physics.uwb.edu.pl\/wf\/wp-content\/uploads\/2021\/10\/noc-innowacji_ver3-083825781_jpg.jpg 1000w, https:\/\/physics.uwb.edu.pl\/wf\/wp-content\/uploads\/2021\/10\/noc-innowacji_ver3-083825781_jpg-300x157.jpg 300w, https:\/\/physics.uwb.edu.pl\/wf\/wp-content\/uploads\/2021\/10\/noc-innowacji_ver3-083825781_jpg-150x78.jpg 150w, https:\/\/physics.uwb.edu.pl\/wf\/wp-content\/uploads\/2021\/10\/noc-innowacji_ver3-083825781_jpg-956x500.jpg 956w\" sizes=\"auto, (max-width: 1000px) 100vw, 1000px\" \/><\/a><\/p>\n<p>W Bia\u0142ymstoku z tej okazji b\u0119dzie mo\u017cna bezp\u0142atnie wzi\u0105\u0107 udzia\u0142 w wielu interesuj\u0105cych wydarzeniach organizowanych przez Regionalny Hub Innowacji z\u0142o\u017cony z Bia\u0142ostockiego Parku Naukowo-Technologicznego, Uniwersytetu w Bia\u0142ymstoku, Politechniki Bia\u0142ostockiej, szk\u00f3\u0142 INFOTECH oraz Fundacji M\u0142odej Nauki.<\/p>\n<p>Na&nbsp;<strong>Wydziale Fizyki Uniwersytetu w Bia\u0142ymstoku<\/strong> b\u0119dzie mo\u017cna zajrze\u0107 do niedost\u0119pnych na co dzie\u0144 laboratori\u00f3w wysokich technologii, do kt\u00f3rych zazwyczaj maj\u0105 wst\u0119p tylko pracownicy i studenci. Odwiedzaj\u0105cy zobacz\u0105 spektometr komptonowski, poznaj\u0105 nowy stan materii, zbadaj\u0105 efekty fizyczne w cienkich materia\u0142ach magnetycznych, poeksperymentuj\u0105 z wykorzystaniem komputera, zajrz\u0105 do mikroskopu polaryzacyjnego, zobacz\u0105 gwiazdy rozrywane przez czarne dziury i przedpremierowo odwiedz\u0105 nowoczesne uniwersyteckie obserwatorium.&nbsp;<\/p>\n<p><span style=\"font-size: 28px;\">Rejestracja na sobot\u0119, 9 pa\u017adziernika 2021 r. godz.<a href=\"https:\/\/bpnt.bialystok.pl\/PL\/spolecznosc-bpn-t\/startup-kalendarz\/prezentacje-w-laboratoriach-wydzialu-fizyki-uniwersytetu-w-bialymstoku-1\" target=\"_blank\" rel=\"noopener\">18:30<\/a> &#8211; <a href=\"https:\/\/bpnt.bialystok.pl\/PL\/spolecznosc-bpn-t\/startup-kalendarz\/prezentacje-w-laboratoriach-wydzialu-fizyki-uniwersytetu-w-bialymstoku-2\" target=\"_blank\" rel=\"noopener\">19:00<\/a> &#8211; <a href=\"https:\/\/bpnt.bialystok.pl\/PL\/spolecznosc-bpn-t\/startup-kalendarz\/prezentacje-w-laboratoriach-wydzialu-fizyki-uniwersytetu-w-bialymstoku-3\" target=\"_blank\" rel=\"noopener\">19:30<\/a> &#8211; <a href=\"https:\/\/bpnt.bialystok.pl\/PL\/spolecznosc-bpn-t\/startup-kalendarz\/prezentacje-w-laboratoriach-wydzialu-fizyki-uniwersytetu-w-bialymstoku-4\" target=\"_blank\" rel=\"noopener\">20:00<\/a><\/span>. Zapisy dotycz\u0105 30-to minutowego zwiedzania, w ramach kt\u00f3rych wybierasz jeden z dost\u0119pnych laboratori\u00f3w Wydzia\u0142u Fizyki. Potem mo\u017cesz zosta\u0107 u nas i zwiedza\u0107 dalej (nie musisz zapisywa\u0107 si\u0119 ponownie). Osoby zarejestrowane: <strong>spotykamy si\u0119 przed wahad\u0142em Foucaulta &#8211; w wej\u015bciu g\u0142\u00f3wnym do Wydzia\u0142u Fizyki.&nbsp;<\/strong><a href=\"https:\/\/bpnt.bialystok.pl\/PL\/aktualnosci\/noc-innowacji-w-bialymstoku\" target=\"_blank\" rel=\"noopener\">Kliknij tutaj<\/a> aby wybra\u0107 co\u015b wi\u0119cej z oferty wszystkich instytucji Regionalnego Huba Innowacji.<\/p>\n<hr>\n<p><strong>Laboratorium spektroskopii komptonowskiej<\/strong><strong><img loading=\"lazy\" decoding=\"async\" class=\"size-medium wp-image-12763 alignleft\" src=\"http:\/\/physics.uwb.edu.pl\/wf\/wp-content\/uploads\/2021\/10\/spektrometr_137Cs-300x200.jpg\" alt=\"\" width=\"300\" height=\"200\" srcset=\"https:\/\/physics.uwb.edu.pl\/wf\/wp-content\/uploads\/2021\/10\/spektrometr_137Cs-300x200.jpg 300w, https:\/\/physics.uwb.edu.pl\/wf\/wp-content\/uploads\/2021\/10\/spektrometr_137Cs-1024x683.jpg 1024w, https:\/\/physics.uwb.edu.pl\/wf\/wp-content\/uploads\/2021\/10\/spektrometr_137Cs-150x100.jpg 150w, https:\/\/physics.uwb.edu.pl\/wf\/wp-content\/uploads\/2021\/10\/spektrometr_137Cs-600x400.jpg 600w, https:\/\/physics.uwb.edu.pl\/wf\/wp-content\/uploads\/2021\/10\/spektrometr_137Cs-1536x1024.jpg 1536w, https:\/\/physics.uwb.edu.pl\/wf\/wp-content\/uploads\/2021\/10\/spektrometr_137Cs-2048x1365.jpg 2048w, https:\/\/physics.uwb.edu.pl\/wf\/wp-content\/uploads\/2021\/10\/spektrometr_137Cs-750x500.jpg 750w, https:\/\/physics.uwb.edu.pl\/wf\/wp-content\/uploads\/2021\/10\/spektrometr_137Cs-272x182.jpg 272w\" sizes=\"auto, (max-width: 300px) 100vw, 300px\" \/><br \/>\n<\/strong><em>dr Marek Brancewicz<br \/>\n<\/em>Spektroskopia komptonowska jest metod\u0105 badawcz\u0105 pozwalaj\u0105c\u0105 na zbadanie rozk\u0142adu g\u0119sto\u015bci p\u0119d\u00f3w elektron\u00f3w w materii. Pomimo faktu, \u017ce wykorzystywany tu efekt Comptona zosta\u0142 opisany ju\u017c w 1923 roku, do tej pory stanowi jeden z najlepszych bezpo\u015brednich test\u00f3w oblicze\u0144 struktury elektronowej. Brzmi tajemniczo? Na spotkaniu obja\u015bnimy ide\u0119 eksperymentu komptonowskiego i poka\u017cemy spektrometr komptonowski ze \u017ar\u00f3d\u0142em 137Cs znajduj\u0105cy si\u0119 na Wydziale Fizyki Uniwersytetu w Bia\u0142ymstoku. <span style=\"font-size: 16px;\">Rejestracja na godz.<a href=\"https:\/\/bpnt.bialystok.pl\/PL\/spolecznosc-bpn-t\/startup-kalendarz\/prezentacje-w-laboratoriach-wydzialu-fizyki-uniwersytetu-w-bialymstoku-1\" target=\"_blank\" rel=\"noopener\">18:30<\/a> &#8211; <a href=\"https:\/\/bpnt.bialystok.pl\/PL\/spolecznosc-bpn-t\/startup-kalendarz\/prezentacje-w-laboratoriach-wydzialu-fizyki-uniwersytetu-w-bialymstoku-2\" target=\"_blank\" rel=\"noopener\">19:00<\/a> &#8211; <a href=\"https:\/\/bpnt.bialystok.pl\/PL\/spolecznosc-bpn-t\/startup-kalendarz\/prezentacje-w-laboratoriach-wydzialu-fizyki-uniwersytetu-w-bialymstoku-3\" target=\"_blank\" rel=\"noopener\">19:30<\/a> &#8211; <a href=\"https:\/\/bpnt.bialystok.pl\/PL\/spolecznosc-bpn-t\/startup-kalendarz\/prezentacje-w-laboratoriach-wydzialu-fizyki-uniwersytetu-w-bialymstoku-4\" target=\"_blank\" rel=\"noopener\">20:00<\/a>.<\/span><\/p>\n<\/div>\n<hr>\n<p><strong><img loading=\"lazy\" decoding=\"async\" class=\"size-medium wp-image-12774 alignleft\" src=\"http:\/\/physics.uwb.edu.pl\/wf\/wp-content\/uploads\/2021\/10\/rys-bec-300x145.jpg\" alt=\"\" width=\"300\" height=\"145\" srcset=\"https:\/\/physics.uwb.edu.pl\/wf\/wp-content\/uploads\/2021\/10\/rys-bec-300x145.jpg 300w, https:\/\/physics.uwb.edu.pl\/wf\/wp-content\/uploads\/2021\/10\/rys-bec-150x72.jpg 150w, https:\/\/physics.uwb.edu.pl\/wf\/wp-content\/uploads\/2021\/10\/rys-bec.jpg 1019w\" sizes=\"auto, (max-width: 300px) 100vw, 300px\" \/>Kondensat Bosego-Einsteina<\/strong><br \/>\n<em>dr Krzysztof Gawryluk<\/em><br \/>\nChcesz pozna\u0107 nowy stan materii? S\u0142ysza\u0142e\u015b o superatomie, czyli uk\u0142adzie zbudowanym z tysi\u0119cy atom\u00f3w sch\u0142odzonych do niewyobra\u017calnie niskich temperatur? W takich w\u0142a\u015bnie warunkach wszystkie atomy zachowuj\u0105 si\u0119 identycznie. A co z tego wynika? Prace badawcze z tematyki kondensatu przeprowadzane na Wydziale Fizyki bazuj\u0105 na symulacjach komputerowych. Naukowcy wykorzystuj\u0105 superkomputery. Jak wygl\u0105da taki superkomputer? Jakie ma parametry? Ile pobiera pr\u0105du? Podczas prezentacji odwiedzimy Wydzia\u0142owe Centrum Obliczeniowe i poznamy odpowiedzi na te pytania. <span style=\"font-size: 16px;\">Rejestracja na godz.<a href=\"https:\/\/bpnt.bialystok.pl\/PL\/spolecznosc-bpn-t\/startup-kalendarz\/prezentacje-w-laboratoriach-wydzialu-fizyki-uniwersytetu-w-bialymstoku-1\" target=\"_blank\" rel=\"noopener\">18:30<\/a> &#8211; <a href=\"https:\/\/bpnt.bialystok.pl\/PL\/spolecznosc-bpn-t\/startup-kalendarz\/prezentacje-w-laboratoriach-wydzialu-fizyki-uniwersytetu-w-bialymstoku-2\" target=\"_blank\" rel=\"noopener\">19:00<\/a> &#8211; <a href=\"https:\/\/bpnt.bialystok.pl\/PL\/spolecznosc-bpn-t\/startup-kalendarz\/prezentacje-w-laboratoriach-wydzialu-fizyki-uniwersytetu-w-bialymstoku-3\" target=\"_blank\" rel=\"noopener\">19:30<\/a> &#8211; <a href=\"https:\/\/bpnt.bialystok.pl\/PL\/spolecznosc-bpn-t\/startup-kalendarz\/prezentacje-w-laboratoriach-wydzialu-fizyki-uniwersytetu-w-bialymstoku-4\" target=\"_blank\" rel=\"noopener\">20:00<\/a>.<\/span><\/p>\n<hr>\n<p><strong><img loading=\"lazy\" decoding=\"async\" class=\"size-medium wp-image-12764 alignleft\" src=\"http:\/\/physics.uwb.edu.pl\/wf\/wp-content\/uploads\/2021\/10\/DSC_0222-300x169.jpg\" alt=\"\" width=\"300\" height=\"169\" srcset=\"https:\/\/physics.uwb.edu.pl\/wf\/wp-content\/uploads\/2021\/10\/DSC_0222-300x169.jpg 300w, https:\/\/physics.uwb.edu.pl\/wf\/wp-content\/uploads\/2021\/10\/DSC_0222-1024x576.jpg 1024w, https:\/\/physics.uwb.edu.pl\/wf\/wp-content\/uploads\/2021\/10\/DSC_0222-150x84.jpg 150w, https:\/\/physics.uwb.edu.pl\/wf\/wp-content\/uploads\/2021\/10\/DSC_0222-1536x864.jpg 1536w, https:\/\/physics.uwb.edu.pl\/wf\/wp-content\/uploads\/2021\/10\/DSC_0222-888x500.jpg 888w, https:\/\/physics.uwb.edu.pl\/wf\/wp-content\/uploads\/2021\/10\/DSC_0222.jpg 1800w\" sizes=\"auto, (max-width: 300px) 100vw, 300px\" \/>\u015awiat\u0142o w badaniu w\u0142a\u015bciwo\u015bci cienkich warstw magnetycznych<\/strong><br \/>\n<em>dr hab. Ryszard Gieniusz, mgr Urszula Guzowska<\/em><br \/>\nRezonans ferromagnetyczny, zjawiska maj\u0105ce swe analogie w optyce, takie jak odbicie, za\u0142amanie i dyfrakcja wzbudze\u0144 namagnesowaniem w cienkich warstwach magnetycznych \u2013 brzmi ciekawie? To spotkanie dla ciekawych \u015bwiata fizyki. Przedstawimy uk\u0142ady do\u015bwiadczalne pozwalaj\u0105ce na badanie efekt\u00f3w fizycznych w cienkich materia\u0142ach magnetycznych. <span style=\"font-size: 16px;\">Rejestracja na godz.<a href=\"https:\/\/bpnt.bialystok.pl\/PL\/spolecznosc-bpn-t\/startup-kalendarz\/prezentacje-w-laboratoriach-wydzialu-fizyki-uniwersytetu-w-bialymstoku-1\" target=\"_blank\" rel=\"noopener\">18:30<\/a> &#8211; <a href=\"https:\/\/bpnt.bialystok.pl\/PL\/spolecznosc-bpn-t\/startup-kalendarz\/prezentacje-w-laboratoriach-wydzialu-fizyki-uniwersytetu-w-bialymstoku-2\" target=\"_blank\" rel=\"noopener\">19:00<\/a> &#8211; <a href=\"https:\/\/bpnt.bialystok.pl\/PL\/spolecznosc-bpn-t\/startup-kalendarz\/prezentacje-w-laboratoriach-wydzialu-fizyki-uniwersytetu-w-bialymstoku-3\" target=\"_blank\" rel=\"noopener\">19:30<\/a> &#8211; <a href=\"https:\/\/bpnt.bialystok.pl\/PL\/spolecznosc-bpn-t\/startup-kalendarz\/prezentacje-w-laboratoriach-wydzialu-fizyki-uniwersytetu-w-bialymstoku-4\" target=\"_blank\" rel=\"noopener\">20:00<\/a>.<\/span><\/p>\n<hr>\n<p><strong><img loading=\"lazy\" decoding=\"async\" class=\"size-medium wp-image-12777 alignleft\" src=\"http:\/\/physics.uwb.edu.pl\/wf\/wp-content\/uploads\/2021\/10\/DSC_0174-300x169.jpg\" alt=\"\" width=\"300\" height=\"169\" srcset=\"https:\/\/physics.uwb.edu.pl\/wf\/wp-content\/uploads\/2021\/10\/DSC_0174-300x169.jpg 300w, https:\/\/physics.uwb.edu.pl\/wf\/wp-content\/uploads\/2021\/10\/DSC_0174-1024x576.jpg 1024w, https:\/\/physics.uwb.edu.pl\/wf\/wp-content\/uploads\/2021\/10\/DSC_0174-150x84.jpg 150w, https:\/\/physics.uwb.edu.pl\/wf\/wp-content\/uploads\/2021\/10\/DSC_0174-1536x864.jpg 1536w, https:\/\/physics.uwb.edu.pl\/wf\/wp-content\/uploads\/2021\/10\/DSC_0174-2048x1152.jpg 2048w, https:\/\/physics.uwb.edu.pl\/wf\/wp-content\/uploads\/2021\/10\/DSC_0174-889x500.jpg 889w\" sizes=\"auto, (max-width: 300px) 100vw, 300px\" \/>Innowacje w edukacji fizyki, a mo\u017ce i nie \ud83d\ude09<\/strong><br \/>\n<em>mgr Wojciech Dobrogowski<\/em><br \/>\nTeraz i Ty mo\u017cesz wykona\u0107 eksperymenty z fizyki w komputerowym stylu. Poka\u017cemy mo\u017cliwo\u015bci szkolnych zestaw\u00f3w do\u015bwiadczalnika opartych o komputerowy interfejs pomiarowy. Przewidziane uczestnictwo zwiedzaj\u0105cych. Zapraszamy. <span style=\"font-size: 16px;\">Rejestracja na godz.<a href=\"https:\/\/bpnt.bialystok.pl\/PL\/spolecznosc-bpn-t\/startup-kalendarz\/prezentacje-w-laboratoriach-wydzialu-fizyki-uniwersytetu-w-bialymstoku-1\" target=\"_blank\" rel=\"noopener\">18:30<\/a> &#8211; <a href=\"https:\/\/bpnt.bialystok.pl\/PL\/spolecznosc-bpn-t\/startup-kalendarz\/prezentacje-w-laboratoriach-wydzialu-fizyki-uniwersytetu-w-bialymstoku-2\" target=\"_blank\" rel=\"noopener\">19:00<\/a> &#8211; <a href=\"https:\/\/bpnt.bialystok.pl\/PL\/spolecznosc-bpn-t\/startup-kalendarz\/prezentacje-w-laboratoriach-wydzialu-fizyki-uniwersytetu-w-bialymstoku-3\" target=\"_blank\" rel=\"noopener\">19:30<\/a> &#8211; <a href=\"https:\/\/bpnt.bialystok.pl\/PL\/spolecznosc-bpn-t\/startup-kalendarz\/prezentacje-w-laboratoriach-wydzialu-fizyki-uniwersytetu-w-bialymstoku-4\" target=\"_blank\" rel=\"noopener\">20:00<\/a>.<\/span><\/p>\n<hr>\n<p><strong><img loading=\"lazy\" decoding=\"async\" class=\"alignleft wp-image-12769 size-medium\" src=\"http:\/\/physics.uwb.edu.pl\/wf\/wp-content\/uploads\/2021\/10\/IMG_20211005_181956-300x245.jpg\" alt=\"\" width=\"300\" height=\"245\" srcset=\"https:\/\/physics.uwb.edu.pl\/wf\/wp-content\/uploads\/2021\/10\/IMG_20211005_181956-300x245.jpg 300w, https:\/\/physics.uwb.edu.pl\/wf\/wp-content\/uploads\/2021\/10\/IMG_20211005_181956-1024x836.jpg 1024w, https:\/\/physics.uwb.edu.pl\/wf\/wp-content\/uploads\/2021\/10\/IMG_20211005_181956-150x122.jpg 150w, https:\/\/physics.uwb.edu.pl\/wf\/wp-content\/uploads\/2021\/10\/IMG_20211005_181956-1536x1253.jpg 1536w, https:\/\/physics.uwb.edu.pl\/wf\/wp-content\/uploads\/2021\/10\/IMG_20211005_181956-2048x1671.jpg 2048w, https:\/\/physics.uwb.edu.pl\/wf\/wp-content\/uploads\/2021\/10\/IMG_20211005_181956-613x500.jpg 613w\" sizes=\"auto, (max-width: 300px) 100vw, 300px\" \/>Maszyny CNC<\/strong><br \/>\n<em>dr Cezary Walczyk<\/em><br \/>\nPlotery, frezarka oraz drukarki 3D &#8211; zaprezentujemy przyk\u0142ady maszyn sterowanych komputerowo. Om\u00f3wimy r\u00f3wnie\u017c programy do sterowania wymienionymi urz\u0105dzeniami. <span style=\"font-size: 16px;\">Rejestracja na godz.<a href=\"https:\/\/bpnt.bialystok.pl\/PL\/spolecznosc-bpn-t\/startup-kalendarz\/prezentacje-w-laboratoriach-wydzialu-fizyki-uniwersytetu-w-bialymstoku-1\" target=\"_blank\" rel=\"noopener\">18:30<\/a> &#8211; <a href=\"https:\/\/bpnt.bialystok.pl\/PL\/spolecznosc-bpn-t\/startup-kalendarz\/prezentacje-w-laboratoriach-wydzialu-fizyki-uniwersytetu-w-bialymstoku-2\" target=\"_blank\" rel=\"noopener\">19:00<\/a> &#8211; <a href=\"https:\/\/bpnt.bialystok.pl\/PL\/spolecznosc-bpn-t\/startup-kalendarz\/prezentacje-w-laboratoriach-wydzialu-fizyki-uniwersytetu-w-bialymstoku-3\" target=\"_blank\" rel=\"noopener\">19:30<\/a> &#8211; <a href=\"https:\/\/bpnt.bialystok.pl\/PL\/spolecznosc-bpn-t\/startup-kalendarz\/prezentacje-w-laboratoriach-wydzialu-fizyki-uniwersytetu-w-bialymstoku-4\" target=\"_blank\" rel=\"noopener\">20:00<\/a>.<\/span><\/p>\n<p>&nbsp;<\/p>\n<p>&nbsp;<\/p>\n<hr>\n<p><img loading=\"lazy\" decoding=\"async\" class=\"alignleft wp-image-12766 size-medium\" style=\"object-position: left bottom;\" src=\"http:\/\/physics.uwb.edu.pl\/wf\/wp-content\/uploads\/2021\/10\/DSC_2651-300x169.jpg\" alt=\"\" width=\"300\" height=\"169\" srcset=\"https:\/\/physics.uwb.edu.pl\/wf\/wp-content\/uploads\/2021\/10\/DSC_2651-300x169.jpg 300w, https:\/\/physics.uwb.edu.pl\/wf\/wp-content\/uploads\/2021\/10\/DSC_2651-1024x576.jpg 1024w, https:\/\/physics.uwb.edu.pl\/wf\/wp-content\/uploads\/2021\/10\/DSC_2651-150x84.jpg 150w, https:\/\/physics.uwb.edu.pl\/wf\/wp-content\/uploads\/2021\/10\/DSC_2651-1536x864.jpg 1536w, https:\/\/physics.uwb.edu.pl\/wf\/wp-content\/uploads\/2021\/10\/DSC_2651-888x500.jpg 888w, https:\/\/physics.uwb.edu.pl\/wf\/wp-content\/uploads\/2021\/10\/DSC_2651.jpg 1800w\" sizes=\"auto, (max-width: 300px) 100vw, 300px\" \/><strong>Laboratorium magnetometrii bazuj\u0105cej na optycznych mikroskopach polaryzacyjnych<\/strong><br \/>\n<em>dr Zbigniew Kurant<\/em><br \/>\nMikroskopy polaryzacyjne wykorzystywane s\u0105 do obrazowania struktury domenowej w nanostrukturach metalicznych i umo\u017cliwiaj\u0105 dokonywanie wektorowej analizy magnetyzacji w domenach. Brzmi powa\u017cnie? Do tego jest niezwykle ciekawe. Sterowanie prac\u0105 ca\u0142ego uk\u0142adu odbywa si\u0119 za pomoc\u0105 oprogramowanie LabView, a do opracowania wynik\u00f3w stosowane s\u0105 wyrafinowane techniki obr\u00f3bki obraz\u00f3w. B\u0119dzie mo\u017cna zwiedzi\u0107 laboratorium i zobaczy\u0107 mikroskop w akcji. <span style=\"font-size: 16px;\">Rejestracja na godz.<a href=\"https:\/\/bpnt.bialystok.pl\/PL\/spolecznosc-bpn-t\/startup-kalendarz\/prezentacje-w-laboratoriach-wydzialu-fizyki-uniwersytetu-w-bialymstoku-1\" target=\"_blank\" rel=\"noopener\">18:30<\/a> &#8211; <a href=\"https:\/\/bpnt.bialystok.pl\/PL\/spolecznosc-bpn-t\/startup-kalendarz\/prezentacje-w-laboratoriach-wydzialu-fizyki-uniwersytetu-w-bialymstoku-2\" target=\"_blank\" rel=\"noopener\">19:00<\/a> &#8211; <a href=\"https:\/\/bpnt.bialystok.pl\/PL\/spolecznosc-bpn-t\/startup-kalendarz\/prezentacje-w-laboratoriach-wydzialu-fizyki-uniwersytetu-w-bialymstoku-3\" target=\"_blank\" rel=\"noopener\">19:30<\/a> &#8211; <a href=\"https:\/\/bpnt.bialystok.pl\/PL\/spolecznosc-bpn-t\/startup-kalendarz\/prezentacje-w-laboratoriach-wydzialu-fizyki-uniwersytetu-w-bialymstoku-4\" target=\"_blank\" rel=\"noopener\">20:00<\/a>.<\/span><\/p>\n<hr>\n<p><strong><img loading=\"lazy\" decoding=\"async\" class=\"size-medium wp-image-12850 alignleft\" src=\"http:\/\/physics.uwb.edu.pl\/wf\/wp-content\/uploads\/2021\/10\/Screenshot-2021-10-06-at-16.37.28-300x181.png\" alt=\"\" width=\"300\" height=\"181\" srcset=\"https:\/\/physics.uwb.edu.pl\/wf\/wp-content\/uploads\/2021\/10\/Screenshot-2021-10-06-at-16.37.28-300x181.png 300w, https:\/\/physics.uwb.edu.pl\/wf\/wp-content\/uploads\/2021\/10\/Screenshot-2021-10-06-at-16.37.28-150x90.png 150w, https:\/\/physics.uwb.edu.pl\/wf\/wp-content\/uploads\/2021\/10\/Screenshot-2021-10-06-at-16.37.28.png 828w\" sizes=\"auto, (max-width: 300px) 100vw, 300px\" \/>Rozerwania gwiazd przez czarne dziury<\/strong><br \/>\n<em>dr hab. Marek Niko\u0142ajuk, prof. UwB<\/em><br \/>\nSpotkanie b\u0119dzie trwa\u0107 25 minut. W tym czasie prof. Marek Niko\u0142ajuk przedstawi nie tylko wyniki prac teoretycznych. Wyniki te zostan\u0105 por\u00f3wnane do obserwacji astronomicznych, wykonanych przez satelity z teleskopami pracuj\u0105cymi w zakresie promieniowania rentgenowskiego. <span style=\"font-size: 16px;\">Rejestracja na godz.<a href=\"https:\/\/bpnt.bialystok.pl\/PL\/spolecznosc-bpn-t\/startup-kalendarz\/prezentacje-w-laboratoriach-wydzialu-fizyki-uniwersytetu-w-bialymstoku-1\" target=\"_blank\" rel=\"noopener\">18:30<\/a> &#8211; <a href=\"https:\/\/bpnt.bialystok.pl\/PL\/spolecznosc-bpn-t\/startup-kalendarz\/prezentacje-w-laboratoriach-wydzialu-fizyki-uniwersytetu-w-bialymstoku-2\" target=\"_blank\" rel=\"noopener\">19:00<\/a> &#8211; <a href=\"https:\/\/bpnt.bialystok.pl\/PL\/spolecznosc-bpn-t\/startup-kalendarz\/prezentacje-w-laboratoriach-wydzialu-fizyki-uniwersytetu-w-bialymstoku-3\" target=\"_blank\" rel=\"noopener\">19:30<\/a> &#8211; <a href=\"https:\/\/bpnt.bialystok.pl\/PL\/spolecznosc-bpn-t\/startup-kalendarz\/prezentacje-w-laboratoriach-wydzialu-fizyki-uniwersytetu-w-bialymstoku-4\" target=\"_blank\" rel=\"noopener\">20:00<\/a>.<\/span><\/p>\n<hr>\n<p>Godz. 20: 00 &#8211; 20:45 i 20:50 &#8211; 21:35<br \/>\n<strong><img loading=\"lazy\" decoding=\"async\" class=\"size-full wp-image-12779 alignleft\" src=\"http:\/\/physics.uwb.edu.pl\/wf\/wp-content\/uploads\/2021\/10\/marek-obserwatorium-20200604_195920-146x300-1.jpg\" alt=\"\" width=\"146\" height=\"300\" srcset=\"https:\/\/physics.uwb.edu.pl\/wf\/wp-content\/uploads\/2021\/10\/marek-obserwatorium-20200604_195920-146x300-1.jpg 146w, https:\/\/physics.uwb.edu.pl\/wf\/wp-content\/uploads\/2021\/10\/marek-obserwatorium-20200604_195920-146x300-1-73x150.jpg 73w\" sizes=\"auto, (max-width: 146px) 100vw, 146px\" \/>Przedpremierowa wizyta w uniwersyteckim obserwatorium astronomicznym<br \/>\n<\/strong><em>mgr Andrzej Branicki<\/em><\/p>\n<p>ul. Cio\u0142kowskiego 1, wst\u0119p wolny po uprzedniej rejestracji &#8211; <strong>spotykamy si\u0119 przed wahad\u0142em Foucaulta &#8211; w wej\u015bciu g\u0142\u00f3wnym do Wydzia\u0142u Fizyki (zaprowadzimy Pa\u0144stwa do obserwatorium).<\/strong><\/p>\n<p>Uniwersyteckie Centrum Astronomii oficjalnie ruszy za kilka tygodni. Ale ju\u017c teraz \u2013 podczas Nocy Innowacji \u2013 zapraszamy do przedpremierowego zwiedzenia obserwatorium. Zakupiony zosta\u0142 unikatowy 60-centymetrowy teleskop ASA600. Podczas spotkania b\u0119dzie mo\u017cna us\u0142ysze\u0107 o mo\u017cliwo\u015bciach tego sprz\u0119tu, na kt\u00f3ry tak czekali naukowcy i pasjonaci astronomii. W przypadku pogodnego wieczoru &#8211; mo\u017cemy liczy\u0107 na ogl\u0105danie Jowisza, Saturna i by\u0107 mo\u017ce jakiego\u015b innego, bardziej odleg\u0142ego obiektu. <strong>Rejestracja zako\u0144czona (komplet miejsc).<\/strong><\/p>\n<hr>\n<p>Z wszystkich atrakcji b\u0119dzie mo\u017cna skorzysta\u0107 bezp\u0142atnie, po wcze\u015bniejszej rejestracji. Szczeg\u00f3\u0142owe informacje na <a href=\"http:\/\/www.bpnt.bialystok.pl\" target=\"_blank\" rel=\"noopener\">stronie Bia\u0142ostockiego Parku Naukowo-Technologicznego<\/a>&nbsp;oraz pozosta\u0142ych organizator\u00f3w wydarzenia w Bia\u0142ymstoku: Uniwersytetu w Bia\u0142ymstoku, Politechniki Bia\u0142ostockiej, klastra INFOTECH oraz Fundacji M\u0142odej Nauki.<\/p>\n","protected":false},"excerpt":{"rendered":"<p>Noc Innowacji to og\u00f3lnopolska inicjatywa realizowana w ramach Festiwalu Cyfryzacji, kt\u00f3rej celem jest przedstawienie osi\u0105gni\u0119\u0107 polskiej nauki i biznesu, a tak\u017ce prezentacja tego, w jaki spos\u00f3b cyfryzacja, zaawansowane technologie i <a href=\"https:\/\/physics.uwb.edu.pl\/wf\/?page_id=12748\" class=\"more-link\">[&hellip;]<\/a><\/p>\n","protected":false},"author":5,"featured_media":12750,"parent":713,"menu_order":0,"comment_status":"closed","ping_status":"closed","template":"","meta":{"ngg_post_thumbnail":0,"Layout":"1c","footnotes":""},"categories":[27,3],"tags":[],"class_list":["entry","author-gawryl","post-12748","page","type-page","status-publish","has-post-thumbnail","category-post_news_pl","category-wydzialowe_pl"],"jetpack_sharing_enabled":true,"jetpack_shortlink":"https:\/\/wp.me\/P7nvcn-3jC","_links":{"self":[{"href":"https:\/\/physics.uwb.edu.pl\/wf\/index.php?rest_route=\/wp\/v2\/pages\/12748","targetHints":{"allow":["GET"]}}],"collection":[{"href":"https:\/\/physics.uwb.edu.pl\/wf\/index.php?rest_route=\/wp\/v2\/pages"}],"about":[{"href":"https:\/\/physics.uwb.edu.pl\/wf\/index.php?rest_route=\/wp\/v2\/types\/page"}],"author":[{"embeddable":true,"href":"https:\/\/physics.uwb.edu.pl\/wf\/index.php?rest_route=\/wp\/v2\/users\/5"}],"replies":[{"embeddable":true,"href":"https:\/\/physics.uwb.edu.pl\/wf\/index.php?rest_route=%2Fwp%2Fv2%2Fcomments&post=12748"}],"version-history":[{"count":64,"href":"https:\/\/physics.uwb.edu.pl\/wf\/index.php?rest_route=\/wp\/v2\/pages\/12748\/revisions"}],"predecessor-version":[{"id":12851,"href":"https:\/\/physics.uwb.edu.pl\/wf\/index.php?rest_route=\/wp\/v2\/pages\/12748\/revisions\/12851"}],"up":[{"embeddable":true,"href":"https:\/\/physics.uwb.edu.pl\/wf\/index.php?rest_route=\/wp\/v2\/pages\/713"}],"wp:featuredmedia":[{"embeddable":true,"href":"https:\/\/physics.uwb.edu.pl\/wf\/index.php?rest_route=\/wp\/v2\/media\/12750"}],"wp:attachment":[{"href":"https:\/\/physics.uwb.edu.pl\/wf\/index.php?rest_route=%2Fwp%2Fv2%2Fmedia&parent=12748"}],"wp:term":[{"taxonomy":"category","embeddable":true,"href":"https:\/\/physics.uwb.edu.pl\/wf\/index.php?rest_route=%2Fwp%2Fv2%2Fcategories&post=12748"},{"taxonomy":"post_tag","embeddable":true,"href":"https:\/\/physics.uwb.edu.pl\/wf\/index.php?rest_route=%2Fwp%2Fv2%2Ftags&post=12748"}],"curies":[{"name":"wp","href":"https:\/\/api.w.org\/{rel}","templated":true}]}}