{"id":12816,"date":"2021-10-04T13:00:05","date_gmt":"2021-10-04T11:00:05","guid":{"rendered":"https:\/\/physics.uwb.edu.pl\/wf\/?page_id=12816"},"modified":"2021-10-06T13:19:43","modified_gmt":"2021-10-06T11:19:43","slug":"salon-maturzystow-perspektywy-2-2-2-3-3","status":"publish","type":"page","link":"https:\/\/physics.uwb.edu.pl\/wf\/?page_id=12816","title":{"rendered":"Inauguracja roku akademickiego 2021\/2022"},"content":{"rendered":"<p>W dniu 04.10.2020 r. odby\u0142a si\u0119 uroczysta inauguracja roku akademickiego 2021\/2022. Uroczysto\u015b\u0107 poprowadzi\u0142y W\u0142adze Dzieka\u0144skie &#8211; prof. dr hab. Jan Cie\u015bli\u0144ski (dziekan Wydzia\u0142u Fizyki), dr Cezary Walczyk (prodziekan ds. og\u00f3lnych) oraz dr Krystyna Perzy\u0144ska (prodziekan ds. studenckich). Mieli\u015bmy przyjemno\u015b\u0107 go\u015bci\u0107 Prorektor ds. Nauki prof. dr hab. Izabel\u0119 \u015awi\u0119cick\u0105 (kt\u00f3ra zaszczyca nas swoj\u0105 obecno\u015bci\u0105 rokrocznie &#8211; dzi\u0119kujemy!), a tak\u017ce prodziekan ds. naukowych Wydzia\u0142u Chemii UwB dr hab. Beata Kalska-Szostko. Nie zabrak\u0142o pracownik\u00f3w Wydzia\u0142u Fizyki (w tym praconik\u00f3w Dziekanatu i Biblioteki), no i oczywi\u015bcie &#8211; <strong>student\u00f3w <\/strong>(tak\u017ce student\u00f3w angloj\u0119zycznych&nbsp; z projektu ERASMUS).<\/p>\n<p style=\"text-align: center;\">&nbsp; &nbsp;&nbsp;<img loading=\"lazy\" decoding=\"async\" class=\"alignnone size-medium wp-image-12817\" src=\"http:\/\/physics.uwb.edu.pl\/wf\/wp-content\/uploads\/2021\/10\/DSC_2606-300x169.jpg\" alt=\"\" width=\"300\" height=\"169\" srcset=\"https:\/\/physics.uwb.edu.pl\/wf\/wp-content\/uploads\/2021\/10\/DSC_2606-300x169.jpg 300w, https:\/\/physics.uwb.edu.pl\/wf\/wp-content\/uploads\/2021\/10\/DSC_2606-1024x576.jpg 1024w, https:\/\/physics.uwb.edu.pl\/wf\/wp-content\/uploads\/2021\/10\/DSC_2606-150x84.jpg 150w, https:\/\/physics.uwb.edu.pl\/wf\/wp-content\/uploads\/2021\/10\/DSC_2606-1536x864.jpg 1536w, https:\/\/physics.uwb.edu.pl\/wf\/wp-content\/uploads\/2021\/10\/DSC_2606-888x500.jpg 888w, https:\/\/physics.uwb.edu.pl\/wf\/wp-content\/uploads\/2021\/10\/DSC_2606.jpg 1800w\" sizes=\"auto, (max-width: 300px) 100vw, 300px\" \/> <img loading=\"lazy\" decoding=\"async\" class=\"alignnone size-medium wp-image-12818\" src=\"http:\/\/physics.uwb.edu.pl\/wf\/wp-content\/uploads\/2021\/10\/DSC_2607-300x169.jpg\" alt=\"\" width=\"300\" height=\"169\" srcset=\"https:\/\/physics.uwb.edu.pl\/wf\/wp-content\/uploads\/2021\/10\/DSC_2607-300x169.jpg 300w, https:\/\/physics.uwb.edu.pl\/wf\/wp-content\/uploads\/2021\/10\/DSC_2607-1024x576.jpg 1024w, https:\/\/physics.uwb.edu.pl\/wf\/wp-content\/uploads\/2021\/10\/DSC_2607-150x84.jpg 150w, https:\/\/physics.uwb.edu.pl\/wf\/wp-content\/uploads\/2021\/10\/DSC_2607-1536x864.jpg 1536w, https:\/\/physics.uwb.edu.pl\/wf\/wp-content\/uploads\/2021\/10\/DSC_2607-888x500.jpg 888w, https:\/\/physics.uwb.edu.pl\/wf\/wp-content\/uploads\/2021\/10\/DSC_2607.jpg 1800w\" sizes=\"auto, (max-width: 300px) 100vw, 300px\" \/> <img loading=\"lazy\" decoding=\"async\" class=\"alignnone size-medium wp-image-12819\" src=\"http:\/\/physics.uwb.edu.pl\/wf\/wp-content\/uploads\/2021\/10\/DSC_2609-300x169.jpg\" alt=\"\" width=\"300\" height=\"169\" srcset=\"https:\/\/physics.uwb.edu.pl\/wf\/wp-content\/uploads\/2021\/10\/DSC_2609-300x169.jpg 300w, https:\/\/physics.uwb.edu.pl\/wf\/wp-content\/uploads\/2021\/10\/DSC_2609-1024x576.jpg 1024w, https:\/\/physics.uwb.edu.pl\/wf\/wp-content\/uploads\/2021\/10\/DSC_2609-150x84.jpg 150w, https:\/\/physics.uwb.edu.pl\/wf\/wp-content\/uploads\/2021\/10\/DSC_2609-1536x864.jpg 1536w, https:\/\/physics.uwb.edu.pl\/wf\/wp-content\/uploads\/2021\/10\/DSC_2609-888x500.jpg 888w, https:\/\/physics.uwb.edu.pl\/wf\/wp-content\/uploads\/2021\/10\/DSC_2609.jpg 1800w\" sizes=\"auto, (max-width: 300px) 100vw, 300px\" \/> <img loading=\"lazy\" decoding=\"async\" class=\"alignnone size-medium wp-image-12820\" src=\"http:\/\/physics.uwb.edu.pl\/wf\/wp-content\/uploads\/2021\/10\/DSC_2610-300x169.jpg\" alt=\"\" width=\"300\" height=\"169\" srcset=\"https:\/\/physics.uwb.edu.pl\/wf\/wp-content\/uploads\/2021\/10\/DSC_2610-300x169.jpg 300w, https:\/\/physics.uwb.edu.pl\/wf\/wp-content\/uploads\/2021\/10\/DSC_2610-1024x576.jpg 1024w, https:\/\/physics.uwb.edu.pl\/wf\/wp-content\/uploads\/2021\/10\/DSC_2610-150x84.jpg 150w, https:\/\/physics.uwb.edu.pl\/wf\/wp-content\/uploads\/2021\/10\/DSC_2610-1536x864.jpg 1536w, https:\/\/physics.uwb.edu.pl\/wf\/wp-content\/uploads\/2021\/10\/DSC_2610-888x500.jpg 888w, https:\/\/physics.uwb.edu.pl\/wf\/wp-content\/uploads\/2021\/10\/DSC_2610.jpg 1800w\" sizes=\"auto, (max-width: 300px) 100vw, 300px\" \/> <img loading=\"lazy\" decoding=\"async\" class=\"alignnone size-large wp-image-12821\" src=\"http:\/\/physics.uwb.edu.pl\/wf\/wp-content\/uploads\/2021\/10\/DSC_2624-1024x576.jpg\" alt=\"\" width=\"1024\" height=\"576\" srcset=\"https:\/\/physics.uwb.edu.pl\/wf\/wp-content\/uploads\/2021\/10\/DSC_2624-1024x576.jpg 1024w, https:\/\/physics.uwb.edu.pl\/wf\/wp-content\/uploads\/2021\/10\/DSC_2624-300x169.jpg 300w, https:\/\/physics.uwb.edu.pl\/wf\/wp-content\/uploads\/2021\/10\/DSC_2624-150x84.jpg 150w, https:\/\/physics.uwb.edu.pl\/wf\/wp-content\/uploads\/2021\/10\/DSC_2624-1536x864.jpg 1536w, https:\/\/physics.uwb.edu.pl\/wf\/wp-content\/uploads\/2021\/10\/DSC_2624-888x500.jpg 888w, https:\/\/physics.uwb.edu.pl\/wf\/wp-content\/uploads\/2021\/10\/DSC_2624.jpg 1800w\" sizes=\"auto, (max-width: 1024px) 100vw, 1024px\" \/><\/p>\n<p style=\"text-align: center;\"><img loading=\"lazy\" decoding=\"async\" class=\"alignnone size-medium wp-image-12822\" src=\"http:\/\/physics.uwb.edu.pl\/wf\/wp-content\/uploads\/2021\/10\/DSC_2620-300x169.jpg\" alt=\"\" width=\"300\" height=\"169\" srcset=\"https:\/\/physics.uwb.edu.pl\/wf\/wp-content\/uploads\/2021\/10\/DSC_2620-300x169.jpg 300w, https:\/\/physics.uwb.edu.pl\/wf\/wp-content\/uploads\/2021\/10\/DSC_2620-1024x576.jpg 1024w, https:\/\/physics.uwb.edu.pl\/wf\/wp-content\/uploads\/2021\/10\/DSC_2620-150x84.jpg 150w, https:\/\/physics.uwb.edu.pl\/wf\/wp-content\/uploads\/2021\/10\/DSC_2620-1536x864.jpg 1536w, https:\/\/physics.uwb.edu.pl\/wf\/wp-content\/uploads\/2021\/10\/DSC_2620-888x500.jpg 888w, https:\/\/physics.uwb.edu.pl\/wf\/wp-content\/uploads\/2021\/10\/DSC_2620.jpg 1800w\" sizes=\"auto, (max-width: 300px) 100vw, 300px\" \/> <img loading=\"lazy\" decoding=\"async\" class=\"alignnone size-medium wp-image-12823\" src=\"http:\/\/physics.uwb.edu.pl\/wf\/wp-content\/uploads\/2021\/10\/DSC_2627-300x169.jpg\" alt=\"\" width=\"300\" height=\"169\" srcset=\"https:\/\/physics.uwb.edu.pl\/wf\/wp-content\/uploads\/2021\/10\/DSC_2627-300x169.jpg 300w, https:\/\/physics.uwb.edu.pl\/wf\/wp-content\/uploads\/2021\/10\/DSC_2627-1024x576.jpg 1024w, https:\/\/physics.uwb.edu.pl\/wf\/wp-content\/uploads\/2021\/10\/DSC_2627-150x84.jpg 150w, https:\/\/physics.uwb.edu.pl\/wf\/wp-content\/uploads\/2021\/10\/DSC_2627-1536x864.jpg 1536w, https:\/\/physics.uwb.edu.pl\/wf\/wp-content\/uploads\/2021\/10\/DSC_2627-888x500.jpg 888w, https:\/\/physics.uwb.edu.pl\/wf\/wp-content\/uploads\/2021\/10\/DSC_2627.jpg 1800w\" sizes=\"auto, (max-width: 300px) 100vw, 300px\" \/> <img loading=\"lazy\" decoding=\"async\" class=\"alignnone size-medium wp-image-12824\" src=\"http:\/\/physics.uwb.edu.pl\/wf\/wp-content\/uploads\/2021\/10\/DSC_2628-300x169.jpg\" alt=\"\" width=\"300\" height=\"169\" srcset=\"https:\/\/physics.uwb.edu.pl\/wf\/wp-content\/uploads\/2021\/10\/DSC_2628-300x169.jpg 300w, https:\/\/physics.uwb.edu.pl\/wf\/wp-content\/uploads\/2021\/10\/DSC_2628-1024x576.jpg 1024w, https:\/\/physics.uwb.edu.pl\/wf\/wp-content\/uploads\/2021\/10\/DSC_2628-150x84.jpg 150w, https:\/\/physics.uwb.edu.pl\/wf\/wp-content\/uploads\/2021\/10\/DSC_2628-1536x864.jpg 1536w, https:\/\/physics.uwb.edu.pl\/wf\/wp-content\/uploads\/2021\/10\/DSC_2628-888x500.jpg 888w, https:\/\/physics.uwb.edu.pl\/wf\/wp-content\/uploads\/2021\/10\/DSC_2628.jpg 1800w\" sizes=\"auto, (max-width: 300px) 100vw, 300px\" \/> <img loading=\"lazy\" decoding=\"async\" class=\"alignnone size-medium wp-image-12825\" src=\"http:\/\/physics.uwb.edu.pl\/wf\/wp-content\/uploads\/2021\/10\/DSC_2631-300x169.jpg\" alt=\"\" width=\"300\" height=\"169\" srcset=\"https:\/\/physics.uwb.edu.pl\/wf\/wp-content\/uploads\/2021\/10\/DSC_2631-300x169.jpg 300w, https:\/\/physics.uwb.edu.pl\/wf\/wp-content\/uploads\/2021\/10\/DSC_2631-1024x576.jpg 1024w, https:\/\/physics.uwb.edu.pl\/wf\/wp-content\/uploads\/2021\/10\/DSC_2631-150x84.jpg 150w, https:\/\/physics.uwb.edu.pl\/wf\/wp-content\/uploads\/2021\/10\/DSC_2631-1536x864.jpg 1536w, https:\/\/physics.uwb.edu.pl\/wf\/wp-content\/uploads\/2021\/10\/DSC_2631-888x500.jpg 888w, https:\/\/physics.uwb.edu.pl\/wf\/wp-content\/uploads\/2021\/10\/DSC_2631.jpg 1800w\" sizes=\"auto, (max-width: 300px) 100vw, 300px\" \/><br \/>\n<em style=\"text-align: center;\"><span style=\"font-size: 12px;\">(autor zdj\u0119\u0107: K. Gawryluk)<\/span><\/em><\/p>\n<p>Dziekan Wydzia\u0142u Fizyki prof. dr hab. Jan Cie\u015bli\u0144ski w swoim wyst\u0105pieniu om\u00f3wi\u0142 struktur\u0119 Wydzia\u0142u, podaj\u0105c sk\u0142ady osobowe i rozwi\u0105zywane zagadnienia. By\u0142a te\u017c mowa o sukcesach Wydzia\u0142u, publikacach i uzyskiwanych finansowaniach w ramach tzw. grant\u00f3w naukowych. Honorowy dyplom uko\u0144czenia studi\u00f3w magisterskich z r\u0105k Dziekana Wydzia\u0142u otrzyma\u0142 Pan Mateusz Ko\u0142odziejczyk.&nbsp;<\/p>\n<p>Jednym z g\u0142\u00f3wnych punkt\u00f3w uroczysto\u015bci by\u0142a immatrykulacja student\u00f3w, kt\u00f3rzy pod wodz\u0105 Prorektora ds. Studenckich dr. Krystyny Perzy\u0144skiej z\u0142o\u017cyli uroczyste \u015blubowanie.<\/p>\n<p>Tegoroczny wyk\u0142ad inauguracyjny pt. \u201eS<em>pontaniczne \u0142amanie symetrii w materii skondensowanej<\/em><span class=\"text_exposed_show\">&#8221; wyg\u0142osi\u0142 prof. dr hab. Krzysztof Szyma\u0144ski. Wyk\u0142ad by\u0142 bardzo czytelny z elementami do\u015bwiadczenia&nbsp; &#8211; jeste\u015bmy przekonani, \u017ce zainspirowa\u0142 naszych student\u00f3w.<\/span><\/p>\n<p>Serdecznie dzi\u0119kujemy wszystkim, kt\u00f3rzy przybyli, aby wsp\u00f3lnie z nami rozpocz\u0105\u0107 nowy rok akademicki, natomiast naszym studentom \u017cyczymy wielu sukces\u00f3w!<\/p>\n","protected":false},"excerpt":{"rendered":"<p>W dniu 04.10.2020 r. odby\u0142a si\u0119 uroczysta inauguracja roku akademickiego 2021\/2022. Uroczysto\u015b\u0107 poprowadzi\u0142y W\u0142adze Dzieka\u0144skie &#8211; prof. dr hab. Jan Cie\u015bli\u0144ski (dziekan Wydzia\u0142u Fizyki), dr Cezary Walczyk (prodziekan ds. og\u00f3lnych) <a href=\"https:\/\/physics.uwb.edu.pl\/wf\/?page_id=12816\" class=\"more-link\">[&hellip;]<\/a><\/p>\n","protected":false},"author":5,"featured_media":12817,"parent":2744,"menu_order":0,"comment_status":"closed","ping_status":"closed","template":"","meta":{"ngg_post_thumbnail":0,"Layout":"1c","footnotes":""},"categories":[166,131],"tags":[],"class_list":["entry","author-gawryl","post-12816","page","type-page","status-publish","has-post-thumbnail","category-edukacyjne","category-galeria_foto"],"jetpack_sharing_enabled":true,"jetpack_shortlink":"https:\/\/wp.me\/P7nvcn-3kI","_links":{"self":[{"href":"https:\/\/physics.uwb.edu.pl\/wf\/index.php?rest_route=\/wp\/v2\/pages\/12816","targetHints":{"allow":["GET"]}}],"collection":[{"href":"https:\/\/physics.uwb.edu.pl\/wf\/index.php?rest_route=\/wp\/v2\/pages"}],"about":[{"href":"https:\/\/physics.uwb.edu.pl\/wf\/index.php?rest_route=\/wp\/v2\/types\/page"}],"author":[{"embeddable":true,"href":"https:\/\/physics.uwb.edu.pl\/wf\/index.php?rest_route=\/wp\/v2\/users\/5"}],"replies":[{"embeddable":true,"href":"https:\/\/physics.uwb.edu.pl\/wf\/index.php?rest_route=%2Fwp%2Fv2%2Fcomments&post=12816"}],"version-history":[{"count":6,"href":"https:\/\/physics.uwb.edu.pl\/wf\/index.php?rest_route=\/wp\/v2\/pages\/12816\/revisions"}],"predecessor-version":[{"id":12831,"href":"https:\/\/physics.uwb.edu.pl\/wf\/index.php?rest_route=\/wp\/v2\/pages\/12816\/revisions\/12831"}],"up":[{"embeddable":true,"href":"https:\/\/physics.uwb.edu.pl\/wf\/index.php?rest_route=\/wp\/v2\/pages\/2744"}],"wp:featuredmedia":[{"embeddable":true,"href":"https:\/\/physics.uwb.edu.pl\/wf\/index.php?rest_route=\/wp\/v2\/media\/12817"}],"wp:attachment":[{"href":"https:\/\/physics.uwb.edu.pl\/wf\/index.php?rest_route=%2Fwp%2Fv2%2Fmedia&parent=12816"}],"wp:term":[{"taxonomy":"category","embeddable":true,"href":"https:\/\/physics.uwb.edu.pl\/wf\/index.php?rest_route=%2Fwp%2Fv2%2Fcategories&post=12816"},{"taxonomy":"post_tag","embeddable":true,"href":"https:\/\/physics.uwb.edu.pl\/wf\/index.php?rest_route=%2Fwp%2Fv2%2Ftags&post=12816"}],"curies":[{"name":"wp","href":"https:\/\/api.w.org\/{rel}","templated":true}]}}