{"id":12853,"date":"2021-10-07T22:07:57","date_gmt":"2021-10-07T20:07:57","guid":{"rendered":"https:\/\/physics.uwb.edu.pl\/wf\/?page_id=12853"},"modified":"2021-10-09T12:51:30","modified_gmt":"2021-10-09T10:51:30","slug":"salon-maturzystow-perspektywy-2-2-2-3-3-2","status":"publish","type":"page","link":"https:\/\/physics.uwb.edu.pl\/wf\/?page_id=12853","title":{"rendered":"Xylopolis &#8211; zimny, ultraszybki zapis magnetyczny"},"content":{"rendered":"<p>Xylopolis to projekt promuj\u0105cy ekologi\u0119 i wojew\u00f3dztwo podlaskie podczas \u015awiatowej Wystawy EXPO 2020 w Dubaju. Pa\u0144stwa uczestnicz\u0105ce w Wystawie EXPO przygotowuj\u0105 w\u0142asn\u0105 przestrze\u0144, kt\u00f3ra jest wizyt\u00f3wk\u0105 danego kraju. Projekt <strong>polskiego pawilonu<\/strong> b\u0119dzie wykonany z drewna i zosta\u0142 uznany przez organizator\u00f3w jako jeden z najpi\u0119kniejszych! <a href=\"https:\/\/www.xylopolis.pl\/o-xylopolis\/\" target=\"_blank\" rel=\"noopener\">Wi\u0119cej o Wystawie i Xylopolis &#8211; kliknij<\/a>.<\/p>\n<p>W ramach projektu Xylopolis odbywaj\u0105 si\u0119 tak\u017ce wyst\u0105pienia &#8211; XyloTalks. W odcinku wyemitowanym w dniu 7.10.2021 r. wyst\u0105pi\u0142 dr hab. Andrzej Stupakiewicz, prof UwB m\u00f3wi\u0105c o innowatorskiej metodzie zimnego i ultraszybkiego zapisu magnetycznego. Warto go obejrze\u0107 (to tylko 12 minut!) je\u015bli interesuj\u0105 Ci\u0119 odpowiedzi na nast\u0119puj\u0105ce pytania:<\/p>\n<ul>\n<li>700 ton CO<span style=\"font-size: 8px;\">2<\/span> &#8211; tyle produkuje si\u0119 gazu cieplarnianego na zapotrzebowanie <strong>tylko 1 dnia<\/strong> pracy popularnej wyszukiwarki internetowa Google, czy to du\u017co?<\/li>\n<li>potrzeba 7000 ha las\u00f3w aby <strong>zredukowa\u0107<\/strong> powy\u017csz\u0105 emisj\u0119 gazu &#8211; ale to tylko 1 dzie\u0144! czy mo\u017cemy rozwi\u0105za\u0107 problem zwi\u0119kszaj\u0105c powierzchni\u0119 las\u00f3w?<\/li>\n<li>300 000 000 ton CO<span style=\"font-size: 8px;\">2<\/span> &#8211; to wynik emisji serwisu YouTube w ci\u0105gu jednego roku dzia\u0142alno\u015bci &#8211; tego si\u0119 ju\u017c nie rozwi\u0105\u017ce lasami, wi\u0119c co?<\/li>\n<li>czy mo\u017cna zwi\u0119kszy\u0107 szybko\u015b\u0107 zapisu danych komputerowcy 1000-krotnie?<\/li>\n<li>czy mo\u017cna zmniejszy\u0107 energi\u0119 potrzebn\u0105 do zapisu danych o (bagatela) 1000 000 razy?<\/li>\n<\/ul>\n<p>Je\u015bli interesuj\u0105 Ci\u0119 odpowiedzi na powy\u017csze pytania to zapraszamy do ogl\u0105dania wyst\u0105pnia:<\/p>\n<p><span class=\"embed-youtube\" style=\"text-align:center; display: block;\"><iframe loading=\"lazy\" class=\"youtube-player\" width=\"1025\" height=\"577\" src=\"https:\/\/www.youtube.com\/embed\/z-7YGTW5gX4?version=3&#038;rel=1&#038;showsearch=0&#038;showinfo=1&#038;iv_load_policy=1&#038;fs=1&#038;hl=en-US&#038;autohide=2&#038;wmode=transparent\" allowfullscreen=\"true\" style=\"border:0;\" sandbox=\"allow-scripts allow-same-origin allow-popups allow-presentation allow-popups-to-escape-sandbox\"><\/iframe><\/span><\/p>\n","protected":false},"excerpt":{"rendered":"<p>Xylopolis to projekt promuj\u0105cy ekologi\u0119 i wojew\u00f3dztwo podlaskie podczas \u015awiatowej Wystawy EXPO 2020 w Dubaju. Pa\u0144stwa uczestnicz\u0105ce w Wystawie EXPO przygotowuj\u0105 w\u0142asn\u0105 przestrze\u0144, kt\u00f3ra jest wizyt\u00f3wk\u0105 danego kraju. Projekt polskiego <a href=\"https:\/\/physics.uwb.edu.pl\/wf\/?page_id=12853\" class=\"more-link\">[&hellip;]<\/a><\/p>\n","protected":false},"author":5,"featured_media":12855,"parent":2744,"menu_order":0,"comment_status":"closed","ping_status":"closed","template":"","meta":{"ngg_post_thumbnail":0,"Layout":"1c","footnotes":""},"categories":[166,131],"tags":[],"class_list":["entry","author-gawryl","post-12853","page","type-page","status-publish","has-post-thumbnail","category-edukacyjne","category-galeria_foto"],"jetpack_sharing_enabled":true,"jetpack_shortlink":"https:\/\/wp.me\/P7nvcn-3lj","_links":{"self":[{"href":"https:\/\/physics.uwb.edu.pl\/wf\/index.php?rest_route=\/wp\/v2\/pages\/12853","targetHints":{"allow":["GET"]}}],"collection":[{"href":"https:\/\/physics.uwb.edu.pl\/wf\/index.php?rest_route=\/wp\/v2\/pages"}],"about":[{"href":"https:\/\/physics.uwb.edu.pl\/wf\/index.php?rest_route=\/wp\/v2\/types\/page"}],"author":[{"embeddable":true,"href":"https:\/\/physics.uwb.edu.pl\/wf\/index.php?rest_route=\/wp\/v2\/users\/5"}],"replies":[{"embeddable":true,"href":"https:\/\/physics.uwb.edu.pl\/wf\/index.php?rest_route=%2Fwp%2Fv2%2Fcomments&post=12853"}],"version-history":[{"count":3,"href":"https:\/\/physics.uwb.edu.pl\/wf\/index.php?rest_route=\/wp\/v2\/pages\/12853\/revisions"}],"predecessor-version":[{"id":12860,"href":"https:\/\/physics.uwb.edu.pl\/wf\/index.php?rest_route=\/wp\/v2\/pages\/12853\/revisions\/12860"}],"up":[{"embeddable":true,"href":"https:\/\/physics.uwb.edu.pl\/wf\/index.php?rest_route=\/wp\/v2\/pages\/2744"}],"wp:featuredmedia":[{"embeddable":true,"href":"https:\/\/physics.uwb.edu.pl\/wf\/index.php?rest_route=\/wp\/v2\/media\/12855"}],"wp:attachment":[{"href":"https:\/\/physics.uwb.edu.pl\/wf\/index.php?rest_route=%2Fwp%2Fv2%2Fmedia&parent=12853"}],"wp:term":[{"taxonomy":"category","embeddable":true,"href":"https:\/\/physics.uwb.edu.pl\/wf\/index.php?rest_route=%2Fwp%2Fv2%2Fcategories&post=12853"},{"taxonomy":"post_tag","embeddable":true,"href":"https:\/\/physics.uwb.edu.pl\/wf\/index.php?rest_route=%2Fwp%2Fv2%2Ftags&post=12853"}],"curies":[{"name":"wp","href":"https:\/\/api.w.org\/{rel}","templated":true}]}}