{"id":12899,"date":"2021-10-18T09:40:22","date_gmt":"2021-10-18T07:40:22","guid":{"rendered":"https:\/\/physics.uwb.edu.pl\/wf\/?page_id=12899"},"modified":"2021-10-20T09:16:24","modified_gmt":"2021-10-20T07:16:24","slug":"wyklad-ptf-promieniowanie-jonizujace-jest-cool-2-3-2-2-2-2-2-2-2-2-2-2-2-2","status":"publish","type":"page","link":"https:\/\/physics.uwb.edu.pl\/wf\/?page_id=12899","title":{"rendered":"Wyk\u0142ady PTF: Fascynuj\u0105ca fizyka mechanizm\u00f3w zegarowych"},"content":{"rendered":"<p><em><strong>Wyk\u0142ady PTF o\/Bia\u0142ystok &#8211; zapowiedzi<\/strong><\/em><\/p>\n<p style=\"text-align: center;\">W sobot\u0119 23 pa\u017adziernika 2021 roku o godz. 11.00<\/p>\n<p style=\"text-align: center;\">w sali 2011 Wydzia\u0142u Fizyki przy ul. Konstantego Cio\u0142kowskiego 1L<\/p>\n<p style=\"text-align: center;\"><strong><span style=\"font-size: 20px;\">Dr David Ziemkiewicz<\/span><br \/>\n<\/strong><\/p>\n<p style=\"text-align: center;\"><em>z Politechniki Bydgoskiej im Jana i J\u0119drzeja \u015aniadeckich<\/em><\/p>\n<p style=\"text-align: center;\">wyg\u0142osi wyk\u0142ad pt.<\/p>\n<p style=\"text-align: center;\"><span style=\"font-size: 20px;\"><strong>Fascynuj\u0105ca fizyka mechanizm\u00f3w zegarowych<\/strong><\/span><\/p>\n<p style=\"text-align: justify;\"><em><strong>Streszczenie:<\/strong><\/em><br \/>\nMechaniczny zegar z wahad\u0142em przez stulecia przez stulecia stanowi\u0142 jeden z podstawowych sposob\u00f3w pomiaru czasu. Jego centraln\u0105 cz\u0119\u015bci\u0105 jest wahad\u0142o t\u0142umione, utrzymywane w ruchu przez mechanizm zegarowy. Mechanizm ten dostarcza energi\u0119 do wahad\u0142a i jest jednocze\u015bnie przez to wahad\u0142o regulowany; to sprz\u0119\u017cenie zwrotne sprawia, \u017ce dynamika uk\u0142adu jest nieliniowa i cz\u0119sto chaotyczna. Wi\u0119kszo\u015b\u0107 pr\u00f3b poprawy precyzji pomiaru czasu opiera\u0142a si\u0119 o redukcj\u0119 wp\u0142ywu efekt\u00f3w nieliniowych poprzez zminimalizowanie oddzia\u0142ywania mi\u0119dzy wahad\u0142em a mechanizmem &#8211; tak, by by\u0142o dobrym przybli\u017ceniem swobodnego wahad\u0142a matematycznego. Zupe\u0142nie odmienne podej\u015bcie zaproponowa\u0142 w 1722 r. John Harrison. Dzi\u0119ki analizie numerycznej mo\u017cna zbada\u0107 dynamik\u0119 jego konstrukcji i wykaza\u0107, \u017ce mo\u017cliwy jest b\u0142\u0105d wskaza\u0144 na poziomie kilku sekund rocznie, co jest warto\u015bci\u0105 nieosi\u0105galn\u0105 dla innych typ\u00f3w zegar\u00f3w mechanicznych.<\/p>\n<p><strong><em data-rich-text-format-boundary=\"true\">Zdalny dost\u0119p do wyk\u0142adu (platforma Zoom):<\/em><\/strong><br data-rich-text-line-break=\"true\">Join Zoom Meeting<br data-rich-text-line-break=\"true\"><a href=\"https:\/\/us02web.zoom.us\/j\/87218361945?pwd=UmtBN0J3NGVaejVDWStJalJBVGp6UT09\">https:\/\/us02web.zoom.us\/j\/87218361945?pwd=UmtBN0J3NGVaejVDWStJalJBVGp6UT09<\/a><br data-rich-text-line-break=\"true\"><strong>Meeting ID:<\/strong> 872 1836 1945<br data-rich-text-line-break=\"true\"><strong>Passcode:<\/strong> 7jLb0i<\/p>\n<p><strong><em data-rich-text-format-boundary=\"true\">Informacja o wyk\u0142adowcy:<br \/>\n<\/em><\/strong><em>Dr in\u017c. David Ziemkiewicz pracuje w Instytucie Matematyki i Fizyki Politechniki Bydgoskiej. W ramach grupy fotoniki i in\u017cynierii kwantowej zajmuje si\u0119 badaniem ekscyton\u00f3w rydbergowskich i propagacji plazmon\u00f3w powierzchniowych. Jest autorem ponad 30 artyku\u0142\u00f3w naukowych na temat plazmoniki, metamateria\u0142\u00f3w o ujemnym wsp\u00f3\u0142czynniku za\u0142amania, ekscyton\u00f3w rydbergowskich, aerodynamiki skrzyde\u0142, fraktali i dynamiki zegar\u00f3w.<\/em><\/p>\n<p>Wszystkie osoby zainteresowane serdecznie zapraszamy!<br \/>\nZarz\u0105d OB PTF<\/p>\n","protected":false},"excerpt":{"rendered":"<p>Wyk\u0142ady PTF o\/Bia\u0142ystok &#8211; zapowiedzi W sobot\u0119 23 pa\u017adziernika 2021 roku o godz. 11.00 w sali 2011 Wydzia\u0142u Fizyki przy ul. Konstantego Cio\u0142kowskiego 1L Dr David Ziemkiewicz z Politechniki Bydgoskiej <a href=\"https:\/\/physics.uwb.edu.pl\/wf\/?page_id=12899\" class=\"more-link\">[&hellip;]<\/a><\/p>\n","protected":false},"author":14,"featured_media":1879,"parent":789,"menu_order":0,"comment_status":"closed","ping_status":"closed","template":"","meta":{"ngg_post_thumbnail":0,"Layout":"","footnotes":""},"categories":[40],"tags":[],"class_list":["entry","author-ulag","post-12899","page","type-page","status-publish","has-post-thumbnail","category-ptf_wyklad"],"jetpack_sharing_enabled":true,"jetpack_shortlink":"https:\/\/wp.me\/P7nvcn-3m3","_links":{"self":[{"href":"https:\/\/physics.uwb.edu.pl\/wf\/index.php?rest_route=\/wp\/v2\/pages\/12899","targetHints":{"allow":["GET"]}}],"collection":[{"href":"https:\/\/physics.uwb.edu.pl\/wf\/index.php?rest_route=\/wp\/v2\/pages"}],"about":[{"href":"https:\/\/physics.uwb.edu.pl\/wf\/index.php?rest_route=\/wp\/v2\/types\/page"}],"author":[{"embeddable":true,"href":"https:\/\/physics.uwb.edu.pl\/wf\/index.php?rest_route=\/wp\/v2\/users\/14"}],"replies":[{"embeddable":true,"href":"https:\/\/physics.uwb.edu.pl\/wf\/index.php?rest_route=%2Fwp%2Fv2%2Fcomments&post=12899"}],"version-history":[{"count":3,"href":"https:\/\/physics.uwb.edu.pl\/wf\/index.php?rest_route=\/wp\/v2\/pages\/12899\/revisions"}],"predecessor-version":[{"id":12924,"href":"https:\/\/physics.uwb.edu.pl\/wf\/index.php?rest_route=\/wp\/v2\/pages\/12899\/revisions\/12924"}],"up":[{"embeddable":true,"href":"https:\/\/physics.uwb.edu.pl\/wf\/index.php?rest_route=\/wp\/v2\/pages\/789"}],"wp:featuredmedia":[{"embeddable":true,"href":"https:\/\/physics.uwb.edu.pl\/wf\/index.php?rest_route=\/wp\/v2\/media\/1879"}],"wp:attachment":[{"href":"https:\/\/physics.uwb.edu.pl\/wf\/index.php?rest_route=%2Fwp%2Fv2%2Fmedia&parent=12899"}],"wp:term":[{"taxonomy":"category","embeddable":true,"href":"https:\/\/physics.uwb.edu.pl\/wf\/index.php?rest_route=%2Fwp%2Fv2%2Fcategories&post=12899"},{"taxonomy":"post_tag","embeddable":true,"href":"https:\/\/physics.uwb.edu.pl\/wf\/index.php?rest_route=%2Fwp%2Fv2%2Ftags&post=12899"}],"curies":[{"name":"wp","href":"https:\/\/api.w.org\/{rel}","templated":true}]}}