{"id":13055,"date":"2021-11-22T10:04:19","date_gmt":"2021-11-22T09:04:19","guid":{"rendered":"https:\/\/physics.uwb.edu.pl\/wf\/?page_id=13055"},"modified":"2021-11-22T10:04:46","modified_gmt":"2021-11-22T09:04:46","slug":"wyklad-ptf-promieniowanie-jonizujace-jest-cool-2-3-2-2-2-2-2-2-2-2-2-2-2-2-2","status":"publish","type":"page","link":"https:\/\/physics.uwb.edu.pl\/wf\/?page_id=13055","title":{"rendered":"Wyk\u0142ady PTF: Kwantowa zasada wzgl\u0119dno\u015bci"},"content":{"rendered":"<p><em><strong>Wyk\u0142ady PTF o\/Bia\u0142ystok &#8211; zapowiedzi<\/strong><\/em><\/p>\n<p style=\"text-align: center;\">W sobot\u0119 27 listopada 2021 roku o godz. 11.00<\/p>\n<p style=\"text-align: center;\">w sali 2011 Wydzia\u0142u Fizyki przy ul. Konstantego Cio\u0142kowskiego 1L<\/p>\n<p style=\"text-align: center;\"><strong><span style=\"font-size: 20px;\">Dr hab. Andrzej Dragan<\/span><br \/>\n<\/strong><\/p>\n<p style=\"text-align: center;\"><em>z Wydzia\u0142u Fizyki Uniwersytetu Warszawskiego<br \/>\n<\/em><\/p>\n<p style=\"text-align: center;\">wyg\u0142osi wyk\u0142ad pt.<\/p>\n<p style=\"text-align: center;\"><span style=\"font-size: 20px;\"><strong>Kwantowa zasada wzgl\u0119dno\u015bci<\/strong><\/span><\/p>\n<p style=\"text-align: justify;\"><em><strong>Streszczenie:<\/strong><\/em><br \/>\nZasada wzgl\u0119dno\u015bci rozszerzona na nad\u015bwietlne uk\u0142ady inercjalne prowadzi do zaburzenia zasad przyczynowo\u015bci w spos\u00f3b, kt\u00f3ry znany jest z podstawowych postulat\u00f3w mechaniki kwantowej. Zjawiska kwantowe okazuj\u0105 si\u0119 wi\u0119c efektami czysto relatywistycznymi.<\/p>\n<p><strong><em data-rich-text-format-boundary=\"true\">Zdalny dost\u0119p do wyk\u0142adu (platforma Zoom):<\/em><\/strong><br data-rich-text-line-break=\"true\">Join Zoom Meeting<br \/>\n<a href=\"https:\/\/us02web.zoom.us\/j\/89967401969?pwd=OVlCaFcyUUVDWWpWMWVMSkQyYnV3QT09\">https:\/\/us02web.zoom.us\/j\/89967401969?pwd=OVlCaFcyUUVDWWpWMWVMSkQyYnV3QT09<\/a><br \/>\n<strong>Meeting ID:<\/strong> 899 6740 1969<br \/>\n<strong>Passcode:<\/strong> v119t9<\/p>\n<p><strong><em data-rich-text-format-boundary=\"true\">Informacja o wyk\u0142adowcy:<br \/>\n<\/em><\/strong><em>dr hab. Andrzej Dragan jest profesorem na Wydziale Fizyki Uniwersytetu Warszawskiego oraz profesorem wizytuj\u0105cym na Uniwersytecie w Singapurze. Kieruje grup\u0105 badawcz\u0105 zajmuj\u0105c\u0105 si\u0119 teori\u0105 relatywistycznej informacji kwantowej. Jest r\u00f3wnie\u017c znanym fotografem, zdobywc\u0105 wielu krajowych i mi\u0119dzynarodowych nagr\u00f3d. Wypracowa\u0142 w\u0142asn\u0105 technik\u0119 cyfrowej obr\u00f3bki fotograficznej, nazywan\u0105 &#8220;ekfektem Dragana&#8221;. Andrzej Dragan jest laureatem wielu presti\u017cowych nagr\u00f3d przyznawanych za osi\u0105gni\u0119cia w dziedzinie fizyki, muzyki, filmu i fotografii. Jest m. in. tw\u00f3rc\u0105 cyklu &#8220;Physics&#8221;, w kt\u00f3rym przedstawione s\u0105 w niesamowity spos\u00f3b zjawiska fizyczne &#8211; &#8220;Dylatacja czasu&#8221; [https:\/\/vimeo.com\/93551777], &#8220;Cz\u0105stki kwantowe&#8221; [https:\/\/vimeo.com\/81905498], a tak\u017ce innych kr\u00f3tkich film\u00f3w, m.in dla HBO i Netflixa.<\/em><\/p>\n<p>Wszystkie osoby zainteresowane serdecznie zapraszamy!<br \/>\nZarz\u0105d OB PTF<\/p>\n","protected":false},"excerpt":{"rendered":"<p>Wyk\u0142ady PTF o\/Bia\u0142ystok &#8211; zapowiedzi W sobot\u0119 27 listopada 2021 roku o godz. 11.00 w sali 2011 Wydzia\u0142u Fizyki przy ul. Konstantego Cio\u0142kowskiego 1L Dr hab. Andrzej Dragan z Wydzia\u0142u <a href=\"https:\/\/physics.uwb.edu.pl\/wf\/?page_id=13055\" class=\"more-link\">[&hellip;]<\/a><\/p>\n","protected":false},"author":25,"featured_media":1879,"parent":789,"menu_order":0,"comment_status":"closed","ping_status":"closed","template":"","meta":{"ngg_post_thumbnail":0,"Layout":"","footnotes":""},"categories":[40],"tags":[],"class_list":["entry","author-wolszewski","post-13055","page","type-page","status-publish","has-post-thumbnail","category-ptf_wyklad"],"jetpack_sharing_enabled":true,"jetpack_shortlink":"https:\/\/wp.me\/P7nvcn-3oz","_links":{"self":[{"href":"https:\/\/physics.uwb.edu.pl\/wf\/index.php?rest_route=\/wp\/v2\/pages\/13055","targetHints":{"allow":["GET"]}}],"collection":[{"href":"https:\/\/physics.uwb.edu.pl\/wf\/index.php?rest_route=\/wp\/v2\/pages"}],"about":[{"href":"https:\/\/physics.uwb.edu.pl\/wf\/index.php?rest_route=\/wp\/v2\/types\/page"}],"author":[{"embeddable":true,"href":"https:\/\/physics.uwb.edu.pl\/wf\/index.php?rest_route=\/wp\/v2\/users\/25"}],"replies":[{"embeddable":true,"href":"https:\/\/physics.uwb.edu.pl\/wf\/index.php?rest_route=%2Fwp%2Fv2%2Fcomments&post=13055"}],"version-history":[{"count":2,"href":"https:\/\/physics.uwb.edu.pl\/wf\/index.php?rest_route=\/wp\/v2\/pages\/13055\/revisions"}],"predecessor-version":[{"id":13057,"href":"https:\/\/physics.uwb.edu.pl\/wf\/index.php?rest_route=\/wp\/v2\/pages\/13055\/revisions\/13057"}],"up":[{"embeddable":true,"href":"https:\/\/physics.uwb.edu.pl\/wf\/index.php?rest_route=\/wp\/v2\/pages\/789"}],"wp:featuredmedia":[{"embeddable":true,"href":"https:\/\/physics.uwb.edu.pl\/wf\/index.php?rest_route=\/wp\/v2\/media\/1879"}],"wp:attachment":[{"href":"https:\/\/physics.uwb.edu.pl\/wf\/index.php?rest_route=%2Fwp%2Fv2%2Fmedia&parent=13055"}],"wp:term":[{"taxonomy":"category","embeddable":true,"href":"https:\/\/physics.uwb.edu.pl\/wf\/index.php?rest_route=%2Fwp%2Fv2%2Fcategories&post=13055"},{"taxonomy":"post_tag","embeddable":true,"href":"https:\/\/physics.uwb.edu.pl\/wf\/index.php?rest_route=%2Fwp%2Fv2%2Ftags&post=13055"}],"curies":[{"name":"wp","href":"https:\/\/api.w.org\/{rel}","templated":true}]}}