{"id":13063,"date":"2021-11-25T12:27:48","date_gmt":"2021-11-25T11:27:48","guid":{"rendered":"https:\/\/physics.uwb.edu.pl\/wf\/?page_id=13063"},"modified":"2021-11-25T12:27:48","modified_gmt":"2021-11-25T11:27:48","slug":"o-marianie-smoluchowskim-w-setna-rocznice-smierci-2-2-2-2-2-4-3-2-2-2-2-2-2-2-3-3-2-3-2-2-2-2-3-2-2-2-2-2-2-3-2-2-2-2-2-2-2-2-2-3-3-2-2-2-3-3-2-2-2-2-2-3-2-3-2-2-2-2-2-2-2-3-3-4-3-3-2-2-2-2-2","status":"publish","type":"page","link":"https:\/\/physics.uwb.edu.pl\/wf\/?page_id=13063","title":{"rendered":"Evaluation of elastic properties of nanomaterials by Brillouin light scattering"},"content":{"rendered":"<h3><a href=\"https:\/\/physics.uwb.edu.pl\/wf\/?page_id=13064\"><strong>Seminarium wydzia\u0142owe (online)<\/strong><\/a><\/h3>\n<p align=\"justify\">Dnia 2021.11.30&nbsp; o godzinie 14.15, odb\u0119dzie si\u0119 wyk\u0142ad <a href=\"https:\/\/physics.uwb.edu.pl\/wf\/?page_id=13064\">(seminarium odb\u0119dzie si\u0119 \u201eonline\u201d z wykorzystaniem platformy ZOOM)<\/a> Wydzia\u0142u Fizyki na kt\u00f3rym <strong>mgr VI\u0160NJA BABA\u010cI\u0106, z Wydzia\u0142u Fizyki Uniwersytetu Adama Mickiewicza w Poznaniu<\/strong> wyg\u0142osi wyk\u0142ad pt.:<\/p>\n<h3 style=\"text-align: center;\"><span style=\"font-size: 36px;\"><strong>\u201eEvaluation of elastic properties of nanomaterials by Brillouin light scattering\u201d<\/strong><\/span><\/h3>\n<p style=\"text-align: right;\">Serdecznie zapraszamy<\/p>\n<p style=\"text-align: right;\">Andrzej Maziewski<\/p>\n<p style=\"text-align: right;\">Jerzy Przeszowski<\/p>\n<p>VI\u0160NJA BABA\u010cI\u0106<br \/>\nADAM MICKIEWICZ UNIVERSITY<\/p>\n<p style=\"text-align: justify;\">Evaluation of elastic properties of nanomaterials by Brillouin light scattering<br \/>\nThe talk is devoted to the mechanical properties of functional nanomaterials of different levels of spatial confinement: thin nanocomposite coatings, ultrathin membranes, and colloidal crystals. Brillouin light scattering (BLS) was employed to investigate the effect of such parameters as stoichiometry, nanoconfinement (size effect), or high-pressure environment on the mechanical features of the nanomaterials. For the case of thin nanocomposite coatings, the influence of Ta% content was investigated in the mechanical response of the Ta-Hf-C 3D nanocomposites supported by silicon.<a href=\"https:\/\/www.sciencedirect.com\/science\/article\/abs\/pii\/S1385894721005805\">[1]<\/a> The results revealed a higher Young modulus for ternary alloys (TaC)x(HfC)y than that of binary TaC or HfC. The elastic size effect in 2D membranes is presented on the example of a MoSe2.<a href=\"https:\/\/onlinelibrary.wiley.com\/doi\/10.1002\/adma.202008614\">[2]<\/a> To address the elastic size effect in vdW materials, micro-BLS measurements for bulk and MoSe2 membranes of different thicknesses were performed. Experimental results have revealed about 30% elastic softening of MoSe2, while decreasing thickness from bulk to two layers. Finally, uniform mechanical reinforcement of 3D polystyrene colloidal crystals employing supercritical nitrogen and argon is presented.<a href=\"https:\/\/www.sciencedirect.com\/science\/article\/pii\/S0021979720308493\">[3]<\/a> This method is a synergistic combination of nanoscale plasticization of particles\u2019 surface and compressive hydrostatic pressure. It results in permanent physical bonds forming between the particles while maintaining their shape and periodic arrangement of the colloidal crystal. This process is named \u201ccold soldering\u201d as it is possible close to room temperature. Brillouin light scattering allowed the determination of preferential pressure, temperature, and time ranges for soldering.<br \/>\nOverall, the results show that BLS is a powerful tool that allows the mechanical characterization of various nanosystems in a contactless and non-destructive manner. Moreover, this technique allows for the investigation of novel effects, such as mechanical softening of 2D materials and gas pressure-induced plasticization of polymer nanostructures.<br \/>\nReferences:<br \/>\n<a href=\"https:\/\/www.sciencedirect.com\/science\/article\/abs\/pii\/S1385894721005805\">[1] E. Coy, V. Babacic, L. Yate, K. Za\u0142\u0119ski, Y. Kim, J. Sebasti\u00e1n Reparaz, B. D\u00f6rling, B. Graczykowski, I. Iatsunskyi, K. Siuzdak, Chemical Engineering Journal 2021, 415, 128987.<\/a><br \/>\n<a href=\"https:\/\/onlinelibrary.wiley.com\/doi\/10.1002\/adma.202008614\">[2] V. Babacic, D. Saleta Reig, S. Varghese, T. Vasileiadis, E. Coy, K. Tielrooij, B. Graczykowski, Adv. Mater. 2021, 33, 2008614.<\/a><br \/>\n<a href=\"https:\/\/www.sciencedirect.com\/science\/article\/pii\/S0021979720308493\">[3] V. Babacic, J. Varghese, E. Coy, E. Kang, M. Pochylski, J. Gapinski, G. Fytas, B. Graczykowski, Journal of Colloid and Interface Science 2020, 579, 786.<\/a><\/p>\n","protected":false},"excerpt":{"rendered":"<p>Seminarium wydzia\u0142owe (online) Dnia 2021.11.30&nbsp; o godzinie 14.15, odb\u0119dzie si\u0119 wyk\u0142ad (seminarium odb\u0119dzie si\u0119 \u201eonline\u201d z wykorzystaniem platformy ZOOM) Wydzia\u0142u Fizyki na kt\u00f3rym mgr VI\u0160NJA BABA\u010cI\u0106, z Wydzia\u0142u Fizyki Uniwersytetu <a href=\"https:\/\/physics.uwb.edu.pl\/wf\/?page_id=13063\" class=\"more-link\">[&hellip;]<\/a><\/p>\n","protected":false},"author":14,"featured_media":3366,"parent":822,"menu_order":0,"comment_status":"closed","ping_status":"closed","template":"","meta":{"ngg_post_thumbnail":0,"Layout":"1c","footnotes":""},"categories":[69],"tags":[],"class_list":["entry","author-ulag","post-13063","page","type-page","status-publish","has-post-thumbnail","category-seminarium_pl"],"jetpack_sharing_enabled":true,"jetpack_shortlink":"https:\/\/wp.me\/P7nvcn-3oH","_links":{"self":[{"href":"https:\/\/physics.uwb.edu.pl\/wf\/index.php?rest_route=\/wp\/v2\/pages\/13063","targetHints":{"allow":["GET"]}}],"collection":[{"href":"https:\/\/physics.uwb.edu.pl\/wf\/index.php?rest_route=\/wp\/v2\/pages"}],"about":[{"href":"https:\/\/physics.uwb.edu.pl\/wf\/index.php?rest_route=\/wp\/v2\/types\/page"}],"author":[{"embeddable":true,"href":"https:\/\/physics.uwb.edu.pl\/wf\/index.php?rest_route=\/wp\/v2\/users\/14"}],"replies":[{"embeddable":true,"href":"https:\/\/physics.uwb.edu.pl\/wf\/index.php?rest_route=%2Fwp%2Fv2%2Fcomments&post=13063"}],"version-history":[{"count":1,"href":"https:\/\/physics.uwb.edu.pl\/wf\/index.php?rest_route=\/wp\/v2\/pages\/13063\/revisions"}],"predecessor-version":[{"id":13066,"href":"https:\/\/physics.uwb.edu.pl\/wf\/index.php?rest_route=\/wp\/v2\/pages\/13063\/revisions\/13066"}],"up":[{"embeddable":true,"href":"https:\/\/physics.uwb.edu.pl\/wf\/index.php?rest_route=\/wp\/v2\/pages\/822"}],"wp:featuredmedia":[{"embeddable":true,"href":"https:\/\/physics.uwb.edu.pl\/wf\/index.php?rest_route=\/wp\/v2\/media\/3366"}],"wp:attachment":[{"href":"https:\/\/physics.uwb.edu.pl\/wf\/index.php?rest_route=%2Fwp%2Fv2%2Fmedia&parent=13063"}],"wp:term":[{"taxonomy":"category","embeddable":true,"href":"https:\/\/physics.uwb.edu.pl\/wf\/index.php?rest_route=%2Fwp%2Fv2%2Fcategories&post=13063"},{"taxonomy":"post_tag","embeddable":true,"href":"https:\/\/physics.uwb.edu.pl\/wf\/index.php?rest_route=%2Fwp%2Fv2%2Ftags&post=13063"}],"curies":[{"name":"wp","href":"https:\/\/api.w.org\/{rel}","templated":true}]}}