{"id":13064,"date":"2021-11-25T12:22:44","date_gmt":"2021-11-25T11:22:44","guid":{"rendered":"https:\/\/physics.uwb.edu.pl\/wf\/?page_id=13064"},"modified":"2021-11-25T13:09:00","modified_gmt":"2021-11-25T12:09:00","slug":"o-marianie-smoluchowskim-w-setna-rocznice-smierci-2-2-2-2-2-4-3-2-2-2-2-2-2-2-3-3-2-3-2-2-2-2-3-2-2-2-2-2-2-3-2-2-2-2-2-2-2-2-2-3-3-2-2-2-3-3-2-2-2-2-2-3-2-3-2-2-2-2-2-2-2-3-3-2-3-2-3-3","status":"publish","type":"page","link":"https:\/\/physics.uwb.edu.pl\/wf\/?page_id=13064","title":{"rendered":"seminarium on-line 2021\/11\/30"},"content":{"rendered":"<p>VI\u0160NJA BABA\u010cI\u0106<br \/>\nADAM MICKIEWICZ UNIVERSITY<br \/>\nTopic: 30XI 14:15; V. Baba\u010di\u0107 : Evaluation of elastic properties of nanomaterials by Brillouin light scattering<br \/>\nTime: Nov 30, 2021 01:45 PM Warsaw<\/p>\n<p>Join Zoom Meeting<br \/>\n<a href=\"https:\/\/us02web.zoom.us\/j\/86774493740?pwd=UWpYc09YM1pvWFNUd2ttNU9ZaEFIZz09\">https:\/\/us02web.zoom.us\/j\/86774493740?pwd=UWpYc09YM1pvWFNUd2ttNU9ZaEFIZz09<\/a><\/p>\n<p>Meeting ID: 867 7449 3740<br \/>\nPasscode: 373118<\/p>\n","protected":false},"excerpt":{"rendered":"<p>VI\u0160NJA BABA\u010cI\u0106 ADAM MICKIEWICZ UNIVERSITY Topic: 30XI 14:15; V. Baba\u010di\u0107 : Evaluation of elastic properties of nanomaterials by Brillouin light scattering Time: Nov 30, 2021 01:45 PM Warsaw Join Zoom <a href=\"https:\/\/physics.uwb.edu.pl\/wf\/?page_id=13064\" class=\"more-link\">[&hellip;]<\/a><\/p>\n","protected":false},"author":14,"featured_media":3366,"parent":0,"menu_order":0,"comment_status":"closed","ping_status":"closed","template":"","meta":{"ngg_post_thumbnail":0,"Layout":"1c","footnotes":""},"categories":[],"tags":[],"class_list":["entry","author-ulag","post-13064","page","type-page","status-publish","has-post-thumbnail"],"jetpack_sharing_enabled":true,"jetpack_shortlink":"https:\/\/wp.me\/P7nvcn-3oI","_links":{"self":[{"href":"https:\/\/physics.uwb.edu.pl\/wf\/index.php?rest_route=\/wp\/v2\/pages\/13064","targetHints":{"allow":["GET"]}}],"collection":[{"href":"https:\/\/physics.uwb.edu.pl\/wf\/index.php?rest_route=\/wp\/v2\/pages"}],"about":[{"href":"https:\/\/physics.uwb.edu.pl\/wf\/index.php?rest_route=\/wp\/v2\/types\/page"}],"author":[{"embeddable":true,"href":"https:\/\/physics.uwb.edu.pl\/wf\/index.php?rest_route=\/wp\/v2\/users\/14"}],"replies":[{"embeddable":true,"href":"https:\/\/physics.uwb.edu.pl\/wf\/index.php?rest_route=%2Fwp%2Fv2%2Fcomments&post=13064"}],"version-history":[{"count":2,"href":"https:\/\/physics.uwb.edu.pl\/wf\/index.php?rest_route=\/wp\/v2\/pages\/13064\/revisions"}],"predecessor-version":[{"id":13067,"href":"https:\/\/physics.uwb.edu.pl\/wf\/index.php?rest_route=\/wp\/v2\/pages\/13064\/revisions\/13067"}],"wp:featuredmedia":[{"embeddable":true,"href":"https:\/\/physics.uwb.edu.pl\/wf\/index.php?rest_route=\/wp\/v2\/media\/3366"}],"wp:attachment":[{"href":"https:\/\/physics.uwb.edu.pl\/wf\/index.php?rest_route=%2Fwp%2Fv2%2Fmedia&parent=13064"}],"wp:term":[{"taxonomy":"category","embeddable":true,"href":"https:\/\/physics.uwb.edu.pl\/wf\/index.php?rest_route=%2Fwp%2Fv2%2Fcategories&post=13064"},{"taxonomy":"post_tag","embeddable":true,"href":"https:\/\/physics.uwb.edu.pl\/wf\/index.php?rest_route=%2Fwp%2Fv2%2Ftags&post=13064"}],"curies":[{"name":"wp","href":"https:\/\/api.w.org\/{rel}","templated":true}]}}