{"id":13155,"date":"2022-01-11T13:24:08","date_gmt":"2022-01-11T12:24:08","guid":{"rendered":"https:\/\/physics.uwb.edu.pl\/wf\/?page_id=13155"},"modified":"2023-09-14T14:24:23","modified_gmt":"2023-09-14T12:24:23","slug":"wesolych-swiat-2-2-2-2-3-4-2","status":"publish","type":"page","link":"https:\/\/physics.uwb.edu.pl\/wf\/?page_id=13155","title":{"rendered":"Zmar\u0142 prof. dr hab. Ludwik Dobrzy\u0144ski"},"content":{"rendered":"<p style=\"text-align: justify;\">Z g\u0142\u0119bokim \u017calem zawiadamiamy o \u015bmierci Profesora Ludwika Dobrzy\u0144skiego, dziekana, kierownika zak\u0142adu, promotora i wyk\u0142adowcy na Wydziale Fizyki Uniwersytetu w Bia\u0142ymstoku.<\/p>\n<p style=\"text-align: right;\">pogr\u0105\u017ceni w smutku pracownicy Wydzia\u0142u<\/p>\n<p>&nbsp;<\/p>\n<p><img loading=\"lazy\" decoding=\"async\" class=\"aligncenter size-full wp-image-13169\" src=\"http:\/\/physics.uwb.edu.pl\/wf\/wp-content\/uploads\/2022\/01\/screenshot.302.png\" alt=\"\" width=\"1359\" height=\"956\" srcset=\"https:\/\/physics.uwb.edu.pl\/wf\/wp-content\/uploads\/2022\/01\/screenshot.302.png 1359w, https:\/\/physics.uwb.edu.pl\/wf\/wp-content\/uploads\/2022\/01\/screenshot.302-300x211.png 300w, https:\/\/physics.uwb.edu.pl\/wf\/wp-content\/uploads\/2022\/01\/screenshot.302-1024x720.png 1024w, https:\/\/physics.uwb.edu.pl\/wf\/wp-content\/uploads\/2022\/01\/screenshot.302-150x106.png 150w, https:\/\/physics.uwb.edu.pl\/wf\/wp-content\/uploads\/2022\/01\/screenshot.302-711x500.png 711w\" sizes=\"auto, (max-width: 1359px) 100vw, 1359px\" \/><\/p>\n","protected":false},"excerpt":{"rendered":"<p>Z g\u0142\u0119bokim \u017calem zawiadamiamy o \u015bmierci Profesora Ludwika Dobrzy\u0144skiego, dziekana, kierownika zak\u0142adu, promotora i wyk\u0142adowcy na Wydziale Fizyki Uniwersytetu w Bia\u0142ymstoku. pogr\u0105\u017ceni w smutku pracownicy Wydzia\u0142u &nbsp;<\/p>\n","protected":false},"author":14,"featured_media":13157,"parent":713,"menu_order":0,"comment_status":"closed","ping_status":"closed","template":"","meta":{"ngg_post_thumbnail":0,"Layout":"1c","footnotes":""},"categories":[69],"tags":[],"class_list":["entry","author-ulag","post-13155","page","type-page","status-publish","has-post-thumbnail","category-seminarium_pl"],"jetpack_sharing_enabled":true,"jetpack_shortlink":"https:\/\/wp.me\/P7nvcn-3qb","_links":{"self":[{"href":"https:\/\/physics.uwb.edu.pl\/wf\/index.php?rest_route=\/wp\/v2\/pages\/13155","targetHints":{"allow":["GET"]}}],"collection":[{"href":"https:\/\/physics.uwb.edu.pl\/wf\/index.php?rest_route=\/wp\/v2\/pages"}],"about":[{"href":"https:\/\/physics.uwb.edu.pl\/wf\/index.php?rest_route=\/wp\/v2\/types\/page"}],"author":[{"embeddable":true,"href":"https:\/\/physics.uwb.edu.pl\/wf\/index.php?rest_route=\/wp\/v2\/users\/14"}],"replies":[{"embeddable":true,"href":"https:\/\/physics.uwb.edu.pl\/wf\/index.php?rest_route=%2Fwp%2Fv2%2Fcomments&post=13155"}],"version-history":[{"count":2,"href":"https:\/\/physics.uwb.edu.pl\/wf\/index.php?rest_route=\/wp\/v2\/pages\/13155\/revisions"}],"predecessor-version":[{"id":13170,"href":"https:\/\/physics.uwb.edu.pl\/wf\/index.php?rest_route=\/wp\/v2\/pages\/13155\/revisions\/13170"}],"up":[{"embeddable":true,"href":"https:\/\/physics.uwb.edu.pl\/wf\/index.php?rest_route=\/wp\/v2\/pages\/713"}],"wp:featuredmedia":[{"embeddable":true,"href":"https:\/\/physics.uwb.edu.pl\/wf\/index.php?rest_route=\/wp\/v2\/media\/13157"}],"wp:attachment":[{"href":"https:\/\/physics.uwb.edu.pl\/wf\/index.php?rest_route=%2Fwp%2Fv2%2Fmedia&parent=13155"}],"wp:term":[{"taxonomy":"category","embeddable":true,"href":"https:\/\/physics.uwb.edu.pl\/wf\/index.php?rest_route=%2Fwp%2Fv2%2Fcategories&post=13155"},{"taxonomy":"post_tag","embeddable":true,"href":"https:\/\/physics.uwb.edu.pl\/wf\/index.php?rest_route=%2Fwp%2Fv2%2Ftags&post=13155"}],"curies":[{"name":"wp","href":"https:\/\/api.w.org\/{rel}","templated":true}]}}