{"id":13184,"date":"2022-01-14T11:10:46","date_gmt":"2022-01-14T10:10:46","guid":{"rendered":"https:\/\/physics.uwb.edu.pl\/wf\/?page_id=13184"},"modified":"2023-09-14T14:24:05","modified_gmt":"2023-09-14T12:24:05","slug":"wesolych-swiat-2-2-2-2-3-4-2-2-2","status":"publish","type":"page","link":"https:\/\/physics.uwb.edu.pl\/wf\/?page_id=13184","title":{"rendered":"Wspomnienia o Profesorze Dobrzy\u0144skim"},"content":{"rendered":"<p style=\"text-align: justify;\">Profesora Dobrzy\u0144skiego pozna\u0142em na ostatnim roku moich studi\u00f3w na Wydziale Fizyki Uniwersytetu Warszawskiego &#8211; prac\u0119 magistersk\u0105 robi\u0142em na Jego pr\u00f3bkach <em>sendustu<\/em>. Wsp\u00f3\u0142praca by\u0142a tak dobra, \u017ce zdecydowa\u0142em si\u0119 na podj\u0119cie pracy zawodowej w formowanym przez Niego zespole na Wydziale Matematyczno-Przyrodniczym w Filii Uniwersytetu Warszawskiego w Bia\u0142ymstoku.<\/p>\n<p style=\"text-align: justify;\">Niezliczone s\u0105 rozmowy, w tym o sprawach niebanalnych, trudnych czy dra\u017cliwych. W Jego grupie badawczej zawsze&nbsp; czu\u0142em si\u0119 niezwykle bezpiecznie, niezwykle pewnie i jednocze\u015bnie mia\u0142em ogromn\u0105 swobod\u0119 dzia\u0142ania. To wszystko Jego zas\u0142uga.<\/p>\n<p style=\"text-align: justify;\">P\u00f3\u017aniej, gdy przysz\u0142o mi kierowa\u0107 zespo\u0142em, nie raz konsultowa\u0142em si\u0119 z Profesorem i ci\u0105gle okazywa\u0142 si\u0119 \u017cyczliwym nauczycielem. Zawsze by\u0142 wsparciem, zawsze umia\u0142 m\u0105drze m\u00f3wi\u0107 o skomplikowanym \u015bwiecie.<\/p>\n<p style=\"text-align: justify;\">Odszed\u0142 mistrz, niedo\u015bcigniony organizator; uczy\u0142 nas rozumienia metody naukowej, uczciwego prowadzenia bada\u0144, postaw w pracy zawodowej i dobrej dydaktyki. B\u0119dzie nam brakowa\u0107 takich autorytet\u00f3w, pozostajemy w \u017calu, b\u0119dziemy pami\u0119ta\u0107.<\/p>\n<p>&nbsp;<\/p>\n<p style=\"text-align: right;\">Prof. Krzysztof Szyma\u0144ski<br \/>\nKierownik Katedry Fizyki Materii Skondensowanej<br \/>\nWydzia\u0142 Fizyki UwB<\/p>\n","protected":false},"excerpt":{"rendered":"<p>Profesora Dobrzy\u0144skiego pozna\u0142em na ostatnim roku moich studi\u00f3w na Wydziale Fizyki Uniwersytetu Warszawskiego &#8211; prac\u0119 magistersk\u0105 robi\u0142em na Jego pr\u00f3bkach sendustu. Wsp\u00f3\u0142praca by\u0142a tak dobra, \u017ce zdecydowa\u0142em si\u0119 na podj\u0119cie <a href=\"https:\/\/physics.uwb.edu.pl\/wf\/?page_id=13184\" class=\"more-link\">[&hellip;]<\/a><\/p>\n","protected":false},"author":14,"featured_media":13185,"parent":713,"menu_order":0,"comment_status":"closed","ping_status":"closed","template":"","meta":{"ngg_post_thumbnail":0,"Layout":"1c","footnotes":""},"categories":[69],"tags":[],"class_list":["entry","author-ulag","post-13184","page","type-page","status-publish","has-post-thumbnail","category-seminarium_pl"],"jetpack_sharing_enabled":true,"jetpack_shortlink":"https:\/\/wp.me\/P7nvcn-3qE","_links":{"self":[{"href":"https:\/\/physics.uwb.edu.pl\/wf\/index.php?rest_route=\/wp\/v2\/pages\/13184","targetHints":{"allow":["GET"]}}],"collection":[{"href":"https:\/\/physics.uwb.edu.pl\/wf\/index.php?rest_route=\/wp\/v2\/pages"}],"about":[{"href":"https:\/\/physics.uwb.edu.pl\/wf\/index.php?rest_route=\/wp\/v2\/types\/page"}],"author":[{"embeddable":true,"href":"https:\/\/physics.uwb.edu.pl\/wf\/index.php?rest_route=\/wp\/v2\/users\/14"}],"replies":[{"embeddable":true,"href":"https:\/\/physics.uwb.edu.pl\/wf\/index.php?rest_route=%2Fwp%2Fv2%2Fcomments&post=13184"}],"version-history":[{"count":1,"href":"https:\/\/physics.uwb.edu.pl\/wf\/index.php?rest_route=\/wp\/v2\/pages\/13184\/revisions"}],"predecessor-version":[{"id":13186,"href":"https:\/\/physics.uwb.edu.pl\/wf\/index.php?rest_route=\/wp\/v2\/pages\/13184\/revisions\/13186"}],"up":[{"embeddable":true,"href":"https:\/\/physics.uwb.edu.pl\/wf\/index.php?rest_route=\/wp\/v2\/pages\/713"}],"wp:featuredmedia":[{"embeddable":true,"href":"https:\/\/physics.uwb.edu.pl\/wf\/index.php?rest_route=\/wp\/v2\/media\/13185"}],"wp:attachment":[{"href":"https:\/\/physics.uwb.edu.pl\/wf\/index.php?rest_route=%2Fwp%2Fv2%2Fmedia&parent=13184"}],"wp:term":[{"taxonomy":"category","embeddable":true,"href":"https:\/\/physics.uwb.edu.pl\/wf\/index.php?rest_route=%2Fwp%2Fv2%2Fcategories&post=13184"},{"taxonomy":"post_tag","embeddable":true,"href":"https:\/\/physics.uwb.edu.pl\/wf\/index.php?rest_route=%2Fwp%2Fv2%2Ftags&post=13184"}],"curies":[{"name":"wp","href":"https:\/\/api.w.org\/{rel}","templated":true}]}}