{"id":13247,"date":"2022-02-04T09:13:21","date_gmt":"2022-02-04T08:13:21","guid":{"rendered":"https:\/\/physics.uwb.edu.pl\/wf\/?page_id=13247"},"modified":"2022-02-04T09:46:06","modified_gmt":"2022-02-04T08:46:06","slug":"salon-maturzystow-perspektywy-2-2-2-3-3-2-3","status":"publish","type":"page","link":"https:\/\/physics.uwb.edu.pl\/wf\/?page_id=13247","title":{"rendered":"Radio Naukowe [E81] &#8211; rozmowa z prof. Piotrem Jaranowskim"},"content":{"rendered":"<p><a href=\"https:\/\/radionaukowe.pl\/podcast\/testowanie-einsteina-czy-ogolna-teoria-wzglednosci-ma-konkurencje-e81\/\" target=\"_blank\" rel=\"noopener\"><img loading=\"lazy\" decoding=\"async\" class=\"alignnone wp-image-13249 size-large\" src=\"http:\/\/physics.uwb.edu.pl\/wf\/wp-content\/uploads\/2022\/02\/radionaukowe20220xx-1024x236.png\" alt=\"\" width=\"1024\" height=\"236\" srcset=\"https:\/\/physics.uwb.edu.pl\/wf\/wp-content\/uploads\/2022\/02\/radionaukowe20220xx-1024x236.png 1024w, https:\/\/physics.uwb.edu.pl\/wf\/wp-content\/uploads\/2022\/02\/radionaukowe20220xx-300x69.png 300w, https:\/\/physics.uwb.edu.pl\/wf\/wp-content\/uploads\/2022\/02\/radionaukowe20220xx-150x35.png 150w, https:\/\/physics.uwb.edu.pl\/wf\/wp-content\/uploads\/2022\/02\/radionaukowe20220xx-1025x236.png 1025w, https:\/\/physics.uwb.edu.pl\/wf\/wp-content\/uploads\/2022\/02\/radionaukowe20220xx.png 1471w\" sizes=\"auto, (max-width: 1024px) 100vw, 1024px\" \/><\/a><\/p>\n<p>Zach\u0119camy do wys\u0142uchania bardzo ciekawej rozmowy o nauce &#8211; cho\u0107 temat g\u0142\u00f3wny koncentruje si\u0119 wok\u00f3\u0142 Og\u00f3lnej Teorii Wzgl\u0119dno\u015bci i jej konkurentach (OTW nie jest jedyna &#8220;na rynku&#8221;!) to pojawi\u0105 si\u0119 tak\u017ce wzmianki o fizyce kwantowej czy podr\u00f3\u017cach w czasie. Rozmow\u0119 z prof. Piotrem Jaranowskim prowadzi Karolina G\u0142owacka w <a href=\"https:\/\/radionaukowe.pl\/podcast\/testowanie-einsteina-czy-ogolna-teoria-wzglednosci-ma-konkurencje-e81\/\" target=\"_blank\" rel=\"noopener\">Radio Naukowym [odcinek E81]<\/a> i utrzymana jest w duchu popularnonaukowym &#8211; jednak osoby z wiedz\u0105 specjalistyczn\u0105 znajd\u0105 du\u017co interesuj\u0105cych informacji. Ca\u0142o\u015b\u0107 dost\u0119pna do wys\u0142uchania po klikni\u0119ciu poni\u017cszego zdj\u0119cia lub pod <a href=\"https:\/\/radionaukowe.pl\/podcast\/testowanie-einsteina-czy-ogolna-teoria-wzglednosci-ma-konkurencje-e81\/\" target=\"_blank\" rel=\"noopener\">tym adresem<\/a>.<\/p>\n<p><a href=\"https:\/\/radionaukowe.pl\/podcast\/testowanie-einsteina-czy-ogolna-teoria-wzglednosci-ma-konkurencje-e81\/\" target=\"_blank\" rel=\"noopener\"><img loading=\"lazy\" decoding=\"async\" class=\"alignnone wp-image-13248\" src=\"http:\/\/physics.uwb.edu.pl\/wf\/wp-content\/uploads\/2022\/02\/radionaukowe202202x.jpg\" alt=\"\" width=\"800\" height=\"600\" srcset=\"https:\/\/physics.uwb.edu.pl\/wf\/wp-content\/uploads\/2022\/02\/radionaukowe202202x.jpg 1024w, https:\/\/physics.uwb.edu.pl\/wf\/wp-content\/uploads\/2022\/02\/radionaukowe202202x-300x225.jpg 300w, https:\/\/physics.uwb.edu.pl\/wf\/wp-content\/uploads\/2022\/02\/radionaukowe202202x-150x113.jpg 150w, https:\/\/physics.uwb.edu.pl\/wf\/wp-content\/uploads\/2022\/02\/radionaukowe202202x-175x131.jpg 175w, https:\/\/physics.uwb.edu.pl\/wf\/wp-content\/uploads\/2022\/02\/radionaukowe202202x-667x500.jpg 667w\" sizes=\"auto, (max-width: 800px) 100vw, 800px\" \/><\/a><\/p>\n<p style=\"text-align: left;\"><span style=\"font-size: 10px;\">\u0179r\u00f3d\u0142o zdj\u0119cia: <a href=\"https:\/\/radionaukowe.pl\/podcast\/testowanie-einsteina-czy-ogolna-teoria-wzglednosci-ma-konkurencje-e81\/\" target=\"_blank\" rel=\"noopener\">radionaukowe.pl<\/a><\/span><\/p>\n<p>Warto doda\u0107, \u017ce jest to pierwsza z pi\u0119ciu rozm\u00f3w z pracownikami Uniwersytetu w Bia\u0142ymstoku &#8211; prosz\u0119 zapisa\u0107 link do Radia Naukowego i obserwowa\u0107 aktywno\u015b\u0107 \ud83d\ude09<\/p>\n<p style=\"text-align: right;\">KG<\/p>\n","protected":false},"excerpt":{"rendered":"<p>Zach\u0119camy do wys\u0142uchania bardzo ciekawej rozmowy o nauce &#8211; cho\u0107 temat g\u0142\u00f3wny koncentruje si\u0119 wok\u00f3\u0142 Og\u00f3lnej Teorii Wzgl\u0119dno\u015bci i jej konkurentach (OTW nie jest jedyna &#8220;na rynku&#8221;!) to pojawi\u0105 si\u0119 <a href=\"https:\/\/physics.uwb.edu.pl\/wf\/?page_id=13247\" class=\"more-link\">[&hellip;]<\/a><\/p>\n","protected":false},"author":5,"featured_media":13248,"parent":2744,"menu_order":0,"comment_status":"closed","ping_status":"closed","template":"","meta":{"ngg_post_thumbnail":0,"Layout":"1c","footnotes":""},"categories":[166,131],"tags":[],"class_list":["entry","author-gawryl","post-13247","page","type-page","status-publish","has-post-thumbnail","category-edukacyjne","category-galeria_foto"],"jetpack_sharing_enabled":true,"jetpack_shortlink":"https:\/\/wp.me\/P7nvcn-3rF","_links":{"self":[{"href":"https:\/\/physics.uwb.edu.pl\/wf\/index.php?rest_route=\/wp\/v2\/pages\/13247","targetHints":{"allow":["GET"]}}],"collection":[{"href":"https:\/\/physics.uwb.edu.pl\/wf\/index.php?rest_route=\/wp\/v2\/pages"}],"about":[{"href":"https:\/\/physics.uwb.edu.pl\/wf\/index.php?rest_route=\/wp\/v2\/types\/page"}],"author":[{"embeddable":true,"href":"https:\/\/physics.uwb.edu.pl\/wf\/index.php?rest_route=\/wp\/v2\/users\/5"}],"replies":[{"embeddable":true,"href":"https:\/\/physics.uwb.edu.pl\/wf\/index.php?rest_route=%2Fwp%2Fv2%2Fcomments&post=13247"}],"version-history":[{"count":8,"href":"https:\/\/physics.uwb.edu.pl\/wf\/index.php?rest_route=\/wp\/v2\/pages\/13247\/revisions"}],"predecessor-version":[{"id":13257,"href":"https:\/\/physics.uwb.edu.pl\/wf\/index.php?rest_route=\/wp\/v2\/pages\/13247\/revisions\/13257"}],"up":[{"embeddable":true,"href":"https:\/\/physics.uwb.edu.pl\/wf\/index.php?rest_route=\/wp\/v2\/pages\/2744"}],"wp:featuredmedia":[{"embeddable":true,"href":"https:\/\/physics.uwb.edu.pl\/wf\/index.php?rest_route=\/wp\/v2\/media\/13248"}],"wp:attachment":[{"href":"https:\/\/physics.uwb.edu.pl\/wf\/index.php?rest_route=%2Fwp%2Fv2%2Fmedia&parent=13247"}],"wp:term":[{"taxonomy":"category","embeddable":true,"href":"https:\/\/physics.uwb.edu.pl\/wf\/index.php?rest_route=%2Fwp%2Fv2%2Fcategories&post=13247"},{"taxonomy":"post_tag","embeddable":true,"href":"https:\/\/physics.uwb.edu.pl\/wf\/index.php?rest_route=%2Fwp%2Fv2%2Ftags&post=13247"}],"curies":[{"name":"wp","href":"https:\/\/api.w.org\/{rel}","templated":true}]}}