{"id":13259,"date":"2022-02-04T13:38:03","date_gmt":"2022-02-04T12:38:03","guid":{"rendered":"https:\/\/physics.uwb.edu.pl\/wf\/?page_id=13259"},"modified":"2022-02-04T13:40:59","modified_gmt":"2022-02-04T12:40:59","slug":"wyklad-ptf-promieniowanie-jonizujace-jest-cool-2-3-2-2-2-2-2-2-2-2-2-2-2-2-2-2","status":"publish","type":"page","link":"https:\/\/physics.uwb.edu.pl\/wf\/?page_id=13259","title":{"rendered":"Wyk\u0142ady PTF: Podstawowe sta\u0142e fizyki a kszta\u0142t Wszech\u015bwiata"},"content":{"rendered":"<p><em><strong>Wyk\u0142ady PTF o\/Bia\u0142ystok &#8211; zapowiedzi<\/strong><\/em><\/p>\n<p style=\"text-align: center;\">W sobot\u0119 12 lutego 2022 roku o godz. 11.00<\/p>\n<p style=\"text-align: center;\">w sali 2011 Wydzia\u0142u Fizyki przy ul. Konstantego Cio\u0142kowskiego 1L<\/p>\n<p style=\"text-align: center;\"><strong><span style=\"font-size: 20px;\">prof. dr hab. Mariusz P. D\u0105browski<\/span><br \/>\n<\/strong><\/p>\n<p style=\"text-align: center;\"><em>ze Szczeci\u0144skiej Grupy Kosmologicznej (cosmo.usz.edu.pl) oraz<br \/>\nInstytutu Fizyki Uniwersytetu Szczeci\u0144skiego<br \/>\n<\/em><\/p>\n<p style=\"text-align: center;\">wyg\u0142osi wyk\u0142ad pt.<\/p>\n<p style=\"text-align: center;\"><span style=\"font-size: 20px;\"><strong>Podstawowe sta\u0142e fizyki a kszta\u0142t Wszech\u015bwiata<\/strong><\/span><\/p>\n<p style=\"text-align: justify;\"><em><strong>Streszczenie:<\/strong><\/em><br \/>\nNa wyk\u0142adzie przedstawione b\u0119d\u0105 podstawy teorii fizycznych dopuszczaj\u0105cych mo\u017cliwo\u015b\u0107 zmienno\u015bci \u201esta\u0142ych\u201d fundamentalnych fizyki (np. sta\u0142ej grawitacyjnej <em>G<\/em>, sta\u0142ej sprz\u0119\u017cenia oddzia\u0142ywa\u0144 elektromagnetycznych <em>\u03b1<\/em> zwi\u0105zanej ze sta\u0142\u0105 elektryczn\u0105 <em>k<\/em>) i wp\u0142yw takiego zjawiska na procesy zachodz\u0105ce w trakcie ewolucji Wszech\u015bwiata oraz na jego obecny kszta\u0142t. Rozwa\u017cone b\u0119dzie jak Wszech\u015bwiat mo\u017ce by\u0107 \u201eczu\u0142y\u201d na mo\u017cliw\u0105 zmienno\u015b\u0107 sta\u0142ych fizyki. Postawione zostanie pytanie czy mog\u0105 istnie\u0107 wszech\u015bwiaty\/obszary naszego Wszech\u015bwiata, w kt\u00f3rych pojawiaj\u0105 si\u0119 inne sta\u0142e fizyki i czy w og\u00f3le jest mo\u017cliwe przetestowanie takiej hipotezy.<\/p>\n<p><strong><em data-rich-text-format-boundary=\"true\">Wydarzenie na Facebooku:<br \/>\n<\/em><\/strong><a href=\"https:\/\/www.facebook.com\/events\/963706407598423\/\">https:\/\/www.facebook.com\/events\/963706407598423\/<\/a><\/p>\n<p><strong><em data-rich-text-format-boundary=\"true\">Informacja o wyk\u0142adowcy:<br \/>\n<\/em><\/strong><em>prof. M.P. D\u0105browski kieruje grup\u0105 badawcz\u0105 zajmuj\u0105c\u0105 si\u0119 zastosowaniem fundamentalnych teorii fizycznych w kosmologii, czyli nauce o budowie i ewolucji Wszech\u015bwiata. Opublikowa\u0142 ponad 100 prac m.in. na temat kosmologii opartej o teori\u0119 strun, kosmologii cyklicznej i kosmologii fantomowej. Wsp\u00f3\u0142pracowa\u0142 z wieloma fizykami \u015bwiatowymi w tym z laureatem Nagrody Templetona prof. Johnem D. Barrowem. To tak\u017ce popularyzator fizyki m.in. poprzez Fundacj\u0119 Eureka im. prof. Jerzego Stelmacha, kt\u00f3rej jest prezesem.<\/em><\/p>\n<p>Wszystkie osoby zainteresowane serdecznie zapraszamy!<br \/>\nZarz\u0105d OB PTF<\/p>\n","protected":false},"excerpt":{"rendered":"<p>Wyk\u0142ady PTF o\/Bia\u0142ystok &#8211; zapowiedzi W sobot\u0119 12 lutego 2022 roku o godz. 11.00 w sali 2011 Wydzia\u0142u Fizyki przy ul. Konstantego Cio\u0142kowskiego 1L prof. dr hab. Mariusz P. D\u0105browski <a href=\"https:\/\/physics.uwb.edu.pl\/wf\/?page_id=13259\" class=\"more-link\">[&hellip;]<\/a><\/p>\n","protected":false},"author":25,"featured_media":1879,"parent":789,"menu_order":0,"comment_status":"closed","ping_status":"closed","template":"","meta":{"ngg_post_thumbnail":0,"Layout":"","footnotes":""},"categories":[40],"tags":[],"class_list":["entry","author-wolszewski","post-13259","page","type-page","status-publish","has-post-thumbnail","category-ptf_wyklad"],"jetpack_sharing_enabled":true,"jetpack_shortlink":"https:\/\/wp.me\/P7nvcn-3rR","_links":{"self":[{"href":"https:\/\/physics.uwb.edu.pl\/wf\/index.php?rest_route=\/wp\/v2\/pages\/13259","targetHints":{"allow":["GET"]}}],"collection":[{"href":"https:\/\/physics.uwb.edu.pl\/wf\/index.php?rest_route=\/wp\/v2\/pages"}],"about":[{"href":"https:\/\/physics.uwb.edu.pl\/wf\/index.php?rest_route=\/wp\/v2\/types\/page"}],"author":[{"embeddable":true,"href":"https:\/\/physics.uwb.edu.pl\/wf\/index.php?rest_route=\/wp\/v2\/users\/25"}],"replies":[{"embeddable":true,"href":"https:\/\/physics.uwb.edu.pl\/wf\/index.php?rest_route=%2Fwp%2Fv2%2Fcomments&post=13259"}],"version-history":[{"count":4,"href":"https:\/\/physics.uwb.edu.pl\/wf\/index.php?rest_route=\/wp\/v2\/pages\/13259\/revisions"}],"predecessor-version":[{"id":13263,"href":"https:\/\/physics.uwb.edu.pl\/wf\/index.php?rest_route=\/wp\/v2\/pages\/13259\/revisions\/13263"}],"up":[{"embeddable":true,"href":"https:\/\/physics.uwb.edu.pl\/wf\/index.php?rest_route=\/wp\/v2\/pages\/789"}],"wp:featuredmedia":[{"embeddable":true,"href":"https:\/\/physics.uwb.edu.pl\/wf\/index.php?rest_route=\/wp\/v2\/media\/1879"}],"wp:attachment":[{"href":"https:\/\/physics.uwb.edu.pl\/wf\/index.php?rest_route=%2Fwp%2Fv2%2Fmedia&parent=13259"}],"wp:term":[{"taxonomy":"category","embeddable":true,"href":"https:\/\/physics.uwb.edu.pl\/wf\/index.php?rest_route=%2Fwp%2Fv2%2Fcategories&post=13259"},{"taxonomy":"post_tag","embeddable":true,"href":"https:\/\/physics.uwb.edu.pl\/wf\/index.php?rest_route=%2Fwp%2Fv2%2Ftags&post=13259"}],"curies":[{"name":"wp","href":"https:\/\/api.w.org\/{rel}","templated":true}]}}