{"id":1333,"date":"2016-03-22T22:27:45","date_gmt":"2016-03-22T21:27:45","guid":{"rendered":"http:\/\/physics.uwb.edu.pl\/wf\/?page_id=1333"},"modified":"2016-03-22T22:27:45","modified_gmt":"2016-03-22T21:27:45","slug":"6th-symposium-on-integrable-systems","status":"publish","type":"page","link":"https:\/\/physics.uwb.edu.pl\/wf\/?page_id=1333","title":{"rendered":"6th Symposium on Integrable Systems"},"content":{"rendered":"<h2><strong>6th Symposium on Integrable Systems<\/strong><\/h2>\n<p><i>6th Symposium on Integrable Systems<\/i> \u00a0was organized by University of Bialystok (Faculty of Physics, Department of Nonlinear Physics) in Bia\u0142ystok, from June 27 to June 28, 2013.<\/p>\n<p>The conference gathered 32 researchers, mainly from Poland and neighbouring countries (Czech Republic, Russia, Ukraine), Polish scientists working abroad (Canada, Sweden) and other foreign guests (France, USA).<\/p>\n<p>Topics of the symposium included:<\/p>\n<ul>\n<li>classical and quantum integrable systems<\/li>\n<li>geometry of integrable systems<\/li>\n<li>geometric quantization<\/li>\n<li>Darboux transformations<\/li>\n<li>Lie symmetries<\/li>\n<li>dynamical systems of classical mechanics<\/li>\n<li>geometric numerical integration<\/li>\n<li>integrable discretizations<\/li>\n<li>cellular automata<\/li>\n<\/ul>\n<p>Organization: Jan L. Cie\u015bli\u0144ski.<\/p>\n<p>Financial support: National Science Center (NCN) grant 2011\/01\/B\/ST1\/05137, University of Bia\u0142ystok (Faculty of Physics, Department of Nonlinear Physics).<\/p>\n<p>This conference continued a series of meetings of Polish researchers working in area of integrable systems. Previous conferences were held in Gda\u0144sk 2007, Pozna\u0144 2009, Warsaw 2010, Zielona G\u00f3ra 2011 and Olsztyn 2012 (<u>http:\/\/wmii.uwm.edu.pl\/~doliwa\/IntegrableSystems2012.html<\/u>).<\/p>\n<p><a href=\"http:\/\/physics.uwb.edu.pl\/main\/pdf\/participants.pdf\"><u>List of participants<\/u><\/a><\/p>\n<ul>\n<li><a href=\"http:\/\/physics.uwb.edu.pl\/main\/pdf\/konf2013prog.pdf\"><u>Program of 6th Symposium on Integrable Systems<\/u><\/a><\/li>\n<li><a href=\"http:\/\/physics.uwb.edu.pl\/main\/pdf\/Abstracts.pdf\"><u>Abstracts<\/u><\/a>\n<ul>\n<li><a href=\"http:\/\/physics.uwb.edu.pl\/main\/pdf\/Prykarpatsky.pdf\"><u>Prykarpatsky<\/u><\/a><\/li>\n<li><a href=\"http:\/\/physics.uwb.edu.pl\/main\/pdf\/Rauch-Wojciechowski.pdf\"><u>Rauch-Wojciechowski<\/u><\/a><\/li>\n<li><a href=\"http:\/\/physics.uwb.edu.pl\/main\/pdf\/Vereshchagina.pdf\"><u>Vereshchagina<\/u><\/a><\/li>\n<\/ul>\n<\/li>\n<\/ul>\n","protected":false},"excerpt":{"rendered":"<p>6th Symposium on Integrable Systems 6th Symposium on Integrable Systems \u00a0was organized by University of Bialystok (Faculty of Physics, Department of Nonlinear Physics) in Bia\u0142ystok, from June 27 to June <a href=\"https:\/\/physics.uwb.edu.pl\/wf\/?page_id=1333\" class=\"more-link\">[&hellip;]<\/a><\/p>\n","protected":false},"author":2,"featured_media":0,"parent":819,"menu_order":0,"comment_status":"closed","ping_status":"closed","template":"","meta":{"ngg_post_thumbnail":0,"Layout":"","footnotes":""},"categories":[42],"tags":[],"class_list":["entry","author-dobrog","post-1333","page","type-page","status-publish","category-nauka_pl"],"jetpack_sharing_enabled":true,"jetpack_shortlink":"https:\/\/wp.me\/P7nvcn-lv","_links":{"self":[{"href":"https:\/\/physics.uwb.edu.pl\/wf\/index.php?rest_route=\/wp\/v2\/pages\/1333","targetHints":{"allow":["GET"]}}],"collection":[{"href":"https:\/\/physics.uwb.edu.pl\/wf\/index.php?rest_route=\/wp\/v2\/pages"}],"about":[{"href":"https:\/\/physics.uwb.edu.pl\/wf\/index.php?rest_route=\/wp\/v2\/types\/page"}],"author":[{"embeddable":true,"href":"https:\/\/physics.uwb.edu.pl\/wf\/index.php?rest_route=\/wp\/v2\/users\/2"}],"replies":[{"embeddable":true,"href":"https:\/\/physics.uwb.edu.pl\/wf\/index.php?rest_route=%2Fwp%2Fv2%2Fcomments&post=1333"}],"version-history":[{"count":1,"href":"https:\/\/physics.uwb.edu.pl\/wf\/index.php?rest_route=\/wp\/v2\/pages\/1333\/revisions"}],"predecessor-version":[{"id":1334,"href":"https:\/\/physics.uwb.edu.pl\/wf\/index.php?rest_route=\/wp\/v2\/pages\/1333\/revisions\/1334"}],"up":[{"embeddable":true,"href":"https:\/\/physics.uwb.edu.pl\/wf\/index.php?rest_route=\/wp\/v2\/pages\/819"}],"wp:attachment":[{"href":"https:\/\/physics.uwb.edu.pl\/wf\/index.php?rest_route=%2Fwp%2Fv2%2Fmedia&parent=1333"}],"wp:term":[{"taxonomy":"category","embeddable":true,"href":"https:\/\/physics.uwb.edu.pl\/wf\/index.php?rest_route=%2Fwp%2Fv2%2Fcategories&post=1333"},{"taxonomy":"post_tag","embeddable":true,"href":"https:\/\/physics.uwb.edu.pl\/wf\/index.php?rest_route=%2Fwp%2Fv2%2Ftags&post=1333"}],"curies":[{"name":"wp","href":"https:\/\/api.w.org\/{rel}","templated":true}]}}