{"id":1351,"date":"2016-03-23T08:20:15","date_gmt":"2016-03-23T07:20:15","guid":{"rendered":"http:\/\/physics.uwb.edu.pl\/wf\/?page_id=1351"},"modified":"2020-11-18T09:55:14","modified_gmt":"2020-11-18T08:55:14","slug":"programy-i-plany-studiow-efekty-ksztalcenia","status":"publish","type":"page","link":"https:\/\/physics.uwb.edu.pl\/wf\/?page_id=1351","title":{"rendered":"Programy studi\u00f3w, efekty uczenia si\u0119"},"content":{"rendered":"<h2><span style=\"font-size: 20px;\">Programy studi\u00f3w<\/span><\/h2>\n<h3>Cykle kszta\u0142cenia rozpocz\u0119te: 1 pa\u017adziernika 2020<\/h3>\n<h5>Specjalno\u015b\u0107: Fizyka<\/h5>\n\n<!-- Page-list plugin v.5.9 wordpress.org\/plugins\/page-list\/ -->\n<div class=\"page-list page-list-ext \">\n<div class=\"page-list-ext-item\"><h3 class=\"page-list-ext-title\"><a href=\"https:\/\/physics.uwb.edu.pl\/wf\/?page_id=11552\" title=\"Fizyka - studia I-go stopnia\">Fizyka - studia I-go stopnia<\/a><\/h3><\/div>\n<div class=\"page-list-ext-item\"><h3 class=\"page-list-ext-title\"><a href=\"https:\/\/physics.uwb.edu.pl\/wf\/?page_id=11554\" title=\"Fizyka do\u015bwiadczalna - studia II-go stopnia\">Fizyka do\u015bwiadczalna - studia II-go stopnia<\/a><\/h3><\/div>\n<div class=\"page-list-ext-item\"><h3 class=\"page-list-ext-title\"><a href=\"https:\/\/physics.uwb.edu.pl\/wf\/?page_id=11556\" title=\"Fizyka teoretyczna - studia II-go stopnia\">Fizyka teoretyczna - studia II-go stopnia<\/a><\/h3><\/div>\n\n<\/div>\n<h5>Specjalno\u015b\u0107: Fizyka medyczna<\/h5>\n\n<!-- Page-list plugin v.5.9 wordpress.org\/plugins\/page-list\/ -->\n<div class=\"page-list page-list-ext \">\n<div class=\"page-list-ext-item\"><h3 class=\"page-list-ext-title\"><a href=\"https:\/\/physics.uwb.edu.pl\/wf\/?page_id=11563\" title=\"Fizyka medyczna  - studia II-go stopnia\">Fizyka medyczna  - studia II-go stopnia<\/a><\/h3><\/div>\n<div class=\"page-list-ext-item\"><h3 class=\"page-list-ext-title\"><a href=\"https:\/\/physics.uwb.edu.pl\/wf\/?page_id=11560\" title=\"Fizyka medyczna - studia I-go stopnia\">Fizyka medyczna - studia I-go stopnia<\/a><\/h3><\/div>\n\n<\/div>\n<h5>Specjalno\u015b\u0107: Fizyka gier komputerowych i robot\u00f3w<\/h5>\n\n<!-- Page-list plugin v.5.9 wordpress.org\/plugins\/page-list\/ -->\n<div class=\"page-list page-list-ext \">\n<div class=\"page-list-ext-item\"><h3 class=\"page-list-ext-title\"><a href=\"https:\/\/physics.uwb.edu.pl\/wf\/?page_id=11566\" title=\"Fizyka gier komputerowych i robot\u00f3w - studia I-go stopnia\">Fizyka gier komputerowych i robot\u00f3w - studia I-go stopnia<\/a><\/h3><\/div>\n\n<\/div>\n<h2><span style=\"font-size: 20px;\">Efekty uczenia si\u0119<\/span><\/h2>\n\n<!-- Page-list plugin v.5.9 wordpress.org\/plugins\/page-list\/ -->\n<div class=\"page-list page-list-ext \">\n<div class=\"page-list-ext-item\"><h3 class=\"page-list-ext-title\"><a href=\"https:\/\/physics.uwb.edu.pl\/wf\/?page_id=11570\" title=\"Fizyka - I stopie\u0144\">Fizyka - I stopie\u0144<\/a><\/h3><\/div>\n\n<\/div>\n\n<!-- Page-list plugin v.5.9 wordpress.org\/plugins\/page-list\/ -->\n<div class=\"page-list page-list-ext \">\n<div class=\"page-list-ext-item\"><h3 class=\"page-list-ext-title\"><a href=\"https:\/\/physics.uwb.edu.pl\/wf\/?page_id=11573\" title=\"Fizyka - II stopie\u0144\">Fizyka - II stopie\u0144<\/a><\/h3><\/div>\n\n<\/div>\n<h2><span style=\"font-size: 20px;\">&nbsp;<span class=\"fontstyle0\">Opis procesu prowadz\u0105cego do uzyskania efekt\u00f3w uczenia si\u0119<\/span><\/span><\/h2>\n\n<!-- Page-list plugin v.5.9 wordpress.org\/plugins\/page-list\/ -->\n<div class=\"page-list page-list-ext \">\n<div class=\"page-list-ext-item\"><h3 class=\"page-list-ext-title\"><a href=\"https:\/\/physics.uwb.edu.pl\/wf\/?page_id=11576\" title=\"Fizyka - I stopie\u0144\">Fizyka - I stopie\u0144<\/a><\/h3><\/div>\n\n<\/div>\n\n<!-- Page-list plugin v.5.9 wordpress.org\/plugins\/page-list\/ -->\n<div class=\"page-list page-list-ext \">\n<div class=\"page-list-ext-item\"><h3 class=\"page-list-ext-title\"><a href=\"https:\/\/physics.uwb.edu.pl\/wf\/?page_id=11579\" title=\"Fizyka - II stopie\u0144\">Fizyka - II stopie\u0144<\/a><\/h3><\/div>\n\n<\/div>\n<p>&nbsp;<\/p>\n<hr>\n<h3>Cykle kszta\u0142cenia rozpocz\u0119te: 1 pa\u017adziernika 2019<\/h3>\n<h5>Specjalno\u015b\u0107: Fizyka<\/h5>\n\n<!-- Page-list plugin v.5.9 wordpress.org\/plugins\/page-list\/ -->\n<div class=\"page-list page-list-ext \">\n<div class=\"page-list-ext-item\"><h3 class=\"page-list-ext-title\"><a href=\"https:\/\/physics.uwb.edu.pl\/wf\/?page_id=10025\" title=\"Fizyka - studia I-go stopnia\">Fizyka - studia I-go stopnia<\/a><\/h3><\/div>\n<div class=\"page-list-ext-item\"><h3 class=\"page-list-ext-title\"><a href=\"https:\/\/physics.uwb.edu.pl\/wf\/?page_id=10027\" title=\"Fizyka do\u015bwiadczalna - studia II-go stopnia\">Fizyka do\u015bwiadczalna - studia II-go stopnia<\/a><\/h3><\/div>\n<div class=\"page-list-ext-item\"><h3 class=\"page-list-ext-title\"><a href=\"https:\/\/physics.uwb.edu.pl\/wf\/?page_id=10030\" title=\"Fizyka teoretyczna - studia II-go stopnia\">Fizyka teoretyczna - studia II-go stopnia<\/a><\/h3><\/div>\n\n<\/div>\n<h5>Specjalno\u015b\u0107: Fizyka medyczna<\/h5>\n\n<!-- Page-list plugin v.5.9 wordpress.org\/plugins\/page-list\/ -->\n<div class=\"page-list page-list-ext \">\n<div class=\"page-list-ext-item\"><h3 class=\"page-list-ext-title\"><a href=\"https:\/\/physics.uwb.edu.pl\/wf\/?page_id=10034\" title=\"Fizyka medyczna  - studia I-go stopnia\">Fizyka medyczna  - studia I-go stopnia<\/a><\/h3><\/div>\n<div class=\"page-list-ext-item\"><h3 class=\"page-list-ext-title\"><a href=\"https:\/\/physics.uwb.edu.pl\/wf\/?page_id=10037\" title=\"Fizyka medyczna  - studia II-go stopnia\">Fizyka medyczna  - studia II-go stopnia<\/a><\/h3><\/div>\n<div class=\"page-list-ext-item\"><h3 class=\"page-list-ext-title\"><a href=\"https:\/\/physics.uwb.edu.pl\/wf\/?page_id=10046\" title=\"Fizyka medyczna - studia I-go stopnia w j\u0119zyku angielskim\">Fizyka medyczna - studia I-go stopnia w j\u0119zyku angielskim<\/a><\/h3><\/div>\n\n<\/div>\n<h5>Specjalno\u015b\u0107: Fizyka gier komputerowych i robot\u00f3w<\/h5>\n\n<!-- Page-list plugin v.5.9 wordpress.org\/plugins\/page-list\/ -->\n<div class=\"page-list page-list-ext \">\n<div class=\"page-list-ext-item\"><h3 class=\"page-list-ext-title\"><a href=\"https:\/\/physics.uwb.edu.pl\/wf\/?page_id=10049\" title=\"Fizyka gier komputerowych i robot\u00f3w - studia I-go stopnia\">Fizyka gier komputerowych i robot\u00f3w - studia I-go stopnia<\/a><\/h3><\/div>\n\n<\/div>\n<p>&nbsp;<\/p>\n<hr>\n<p>&nbsp;<\/p>\n<h3>Efekty kszta\u0142cenia<\/h3>\n<p><span style=\"font-family: 'Open Sans',Arial,sans-serif; font-size: 14px; font-weight: Bold;\"><a href=\"http:\/\/physics.uwb.edu.pl\/wf\/wp-content\/uploads\/2017\/09\/efektyKsztalceniaPL.pdf\">Efekty kszta\u0142cenia do przedmiot\u00f3w prowadzonych w j\u0119zyku polskim<\/a><br \/>\n<a href=\"http:\/\/physics.uwb.edu.pl\/wf\/wp-content\/uploads\/2017\/09\/efektyKsztalceniaEN.pdf\">Efekty kszta\u0142cenia do przedmiot\u00f3w prowadzonych w j\u0119zyku angielskim<\/a><br \/>\n<\/span><\/p>\n<p>&nbsp;<\/p>\n<h3><a href=\"https:\/\/physics.uwb.edu.pl\/wf\/?page_id=11584\">Informacje archiwalne<\/a><\/h3>\n<p>&nbsp;<\/p>\n","protected":false},"excerpt":{"rendered":"<p>Programy studi\u00f3w Cykle kszta\u0142cenia rozpocz\u0119te: 1 pa\u017adziernika 2020 Specjalno\u015b\u0107: Fizyka Specjalno\u015b\u0107: Fizyka medyczna Specjalno\u015b\u0107: Fizyka gier komputerowych i robot\u00f3w Efekty uczenia si\u0119 &nbsp;Opis procesu prowadz\u0105cego do uzyskania efekt\u00f3w uczenia si\u0119 <a href=\"https:\/\/physics.uwb.edu.pl\/wf\/?page_id=1351\" class=\"more-link\">[&hellip;]<\/a><\/p>\n","protected":false},"author":2,"featured_media":1426,"parent":38,"menu_order":2,"comment_status":"closed","ping_status":"closed","template":"","meta":{"ngg_post_thumbnail":0,"Layout":"1c","footnotes":""},"categories":[23],"tags":[],"class_list":["entry","author-dobrog","post-1351","page","type-page","status-publish","has-post-thumbnail","category-student_pl"],"jetpack_sharing_enabled":true,"jetpack_shortlink":"https:\/\/wp.me\/P7nvcn-lN","_links":{"self":[{"href":"https:\/\/physics.uwb.edu.pl\/wf\/index.php?rest_route=\/wp\/v2\/pages\/1351","targetHints":{"allow":["GET"]}}],"collection":[{"href":"https:\/\/physics.uwb.edu.pl\/wf\/index.php?rest_route=\/wp\/v2\/pages"}],"about":[{"href":"https:\/\/physics.uwb.edu.pl\/wf\/index.php?rest_route=\/wp\/v2\/types\/page"}],"author":[{"embeddable":true,"href":"https:\/\/physics.uwb.edu.pl\/wf\/index.php?rest_route=\/wp\/v2\/users\/2"}],"replies":[{"embeddable":true,"href":"https:\/\/physics.uwb.edu.pl\/wf\/index.php?rest_route=%2Fwp%2Fv2%2Fcomments&post=1351"}],"version-history":[{"count":65,"href":"https:\/\/physics.uwb.edu.pl\/wf\/index.php?rest_route=\/wp\/v2\/pages\/1351\/revisions"}],"predecessor-version":[{"id":11623,"href":"https:\/\/physics.uwb.edu.pl\/wf\/index.php?rest_route=\/wp\/v2\/pages\/1351\/revisions\/11623"}],"up":[{"embeddable":true,"href":"https:\/\/physics.uwb.edu.pl\/wf\/index.php?rest_route=\/wp\/v2\/pages\/38"}],"wp:featuredmedia":[{"embeddable":true,"href":"https:\/\/physics.uwb.edu.pl\/wf\/index.php?rest_route=\/wp\/v2\/media\/1426"}],"wp:attachment":[{"href":"https:\/\/physics.uwb.edu.pl\/wf\/index.php?rest_route=%2Fwp%2Fv2%2Fmedia&parent=1351"}],"wp:term":[{"taxonomy":"category","embeddable":true,"href":"https:\/\/physics.uwb.edu.pl\/wf\/index.php?rest_route=%2Fwp%2Fv2%2Fcategories&post=1351"},{"taxonomy":"post_tag","embeddable":true,"href":"https:\/\/physics.uwb.edu.pl\/wf\/index.php?rest_route=%2Fwp%2Fv2%2Ftags&post=1351"}],"curies":[{"name":"wp","href":"https:\/\/api.w.org\/{rel}","templated":true}]}}