{"id":1437,"date":"2016-03-23T09:16:23","date_gmt":"2016-03-23T08:16:23","guid":{"rendered":"http:\/\/physics.uwb.edu.pl\/wf\/?page_id=1437"},"modified":"2016-10-18T09:05:44","modified_gmt":"2016-10-18T07:05:44","slug":"kolo-robotykow-na-wydziale-fizyki-uwb","status":"publish","type":"page","link":"https:\/\/physics.uwb.edu.pl\/wf\/?page_id=1437","title":{"rendered":"Ko\u0142o robotyk\u00f3w na Wydziale Fizyki UwB"},"content":{"rendered":"<p>&nbsp;<\/p>\n<h2>Fi-BOT: Ko\u0142o robotyk\u00f3w na Wydziale Fizyki UwB<\/h2>\n<p>Od 13.10.2015 rozpocz\u0119\u0142o dzia\u0142alno\u015b\u0107 Ko\u0142o Robotyk\u00f3w &#8220;<strong>Fi-Bot&#8221;<\/strong>.<br \/>\nZaproszeni s\u0105 wszyscy studenci Wydzia\u0142u Fizyki (niezale\u017cnie od roku i specjalno\u015bci studi\u00f3w).\u00a0Zaj\u0119cia odbywaj\u0105 si\u0119 w <strong>poniedzia\u0142ki<\/strong>, godz. 16:00-17:30, sala <strong>1064<\/strong>. Inne Wydzia\u0142y nie maj\u0105 takiego ko\u0142a zainteresowa\u0144! Wykorzystaj t\u0105 szan\u0119!<\/p>\n<p>Rozpocz\u0119li\u015bmy od poznania platformy <strong>Arduino<\/strong> (ci\u0105gle kontynuujemy). W planach mamy programowanie Raspberry Pi. Je\u015bli wi\u0119c pragniesz nauczy\u0107 si\u0119\/podszkoli\u0107 w programowaniu, pozna\u0107 tajniki budowy prostych (ale bardzo efektownych!) uk\u0142ad\u00f3w elektronicznych &#8211; serdecznie zapraszam. Zdobyta wiedza przyda Ci si\u0119 tworz\u0105c swoje w\u0142asne projekty &#8211; pomys\u0142owe gad\u017cety elektroniczne, inteligentne domy, roboty&#8230; jeste\u015b ograniczony jedynie swoj\u0105 wyobra\u017ani\u0105! Zainwestuj w siebie i podejmij wysi\u0142ek nauki czego\u015b <strong>konkretnego<\/strong>\u00a0a nie b\u0119dziesz narzeka\u0107 na swoje studia pracuj\u0105c na zmywaku w Anglii \ud83d\ude09<\/p>\n<p>Nie czekaj, zadbaj ju\u017c o swoj\u0105 przysz\u0142o\u015b\u0107!<br \/>\ndr <a href=\"http:\/\/physics.uwb.edu.pl\/wf\/?pracownik=krzysztof-gawryluk&amp;lang=pl\">Krzysztof Gawryluk<\/a> (tel. 85 738 81 98)<\/p>\n<h3>Strona www ko\u0142a: <a href=\"http:\/\/fibot.fizyka.uwb.edu.pl\" target=\"_blank\">http:\/\/fibot.fizyka.uwb.edu.pl<\/a><\/h3>\n<h5><\/h5>\n","protected":false},"excerpt":{"rendered":"<p>&nbsp; Fi-BOT: Ko\u0142o robotyk\u00f3w na Wydziale Fizyki UwB Od 13.10.2015 rozpocz\u0119\u0142o dzia\u0142alno\u015b\u0107 Ko\u0142o Robotyk\u00f3w &#8220;Fi-Bot&#8221;. Zaproszeni s\u0105 wszyscy studenci Wydzia\u0142u Fizyki (niezale\u017cnie od roku i specjalno\u015bci studi\u00f3w).\u00a0Zaj\u0119cia odbywaj\u0105 si\u0119 w <a href=\"https:\/\/physics.uwb.edu.pl\/wf\/?page_id=1437\" class=\"more-link\">[&hellip;]<\/a><\/p>\n","protected":false},"author":2,"featured_media":3383,"parent":38,"menu_order":60,"comment_status":"closed","ping_status":"closed","template":"","meta":{"ngg_post_thumbnail":0,"Layout":"","footnotes":""},"categories":[97,23],"tags":[],"class_list":["entry","author-dobrog","post-1437","page","type-page","status-publish","has-post-thumbnail","category-fibot","category-student_pl"],"jetpack_sharing_enabled":true,"jetpack_shortlink":"https:\/\/wp.me\/P7nvcn-nb","_links":{"self":[{"href":"https:\/\/physics.uwb.edu.pl\/wf\/index.php?rest_route=\/wp\/v2\/pages\/1437","targetHints":{"allow":["GET"]}}],"collection":[{"href":"https:\/\/physics.uwb.edu.pl\/wf\/index.php?rest_route=\/wp\/v2\/pages"}],"about":[{"href":"https:\/\/physics.uwb.edu.pl\/wf\/index.php?rest_route=\/wp\/v2\/types\/page"}],"author":[{"embeddable":true,"href":"https:\/\/physics.uwb.edu.pl\/wf\/index.php?rest_route=\/wp\/v2\/users\/2"}],"replies":[{"embeddable":true,"href":"https:\/\/physics.uwb.edu.pl\/wf\/index.php?rest_route=%2Fwp%2Fv2%2Fcomments&post=1437"}],"version-history":[{"count":25,"href":"https:\/\/physics.uwb.edu.pl\/wf\/index.php?rest_route=\/wp\/v2\/pages\/1437\/revisions"}],"predecessor-version":[{"id":2538,"href":"https:\/\/physics.uwb.edu.pl\/wf\/index.php?rest_route=\/wp\/v2\/pages\/1437\/revisions\/2538"}],"up":[{"embeddable":true,"href":"https:\/\/physics.uwb.edu.pl\/wf\/index.php?rest_route=\/wp\/v2\/pages\/38"}],"wp:featuredmedia":[{"embeddable":true,"href":"https:\/\/physics.uwb.edu.pl\/wf\/index.php?rest_route=\/wp\/v2\/media\/3383"}],"wp:attachment":[{"href":"https:\/\/physics.uwb.edu.pl\/wf\/index.php?rest_route=%2Fwp%2Fv2%2Fmedia&parent=1437"}],"wp:term":[{"taxonomy":"category","embeddable":true,"href":"https:\/\/physics.uwb.edu.pl\/wf\/index.php?rest_route=%2Fwp%2Fv2%2Fcategories&post=1437"},{"taxonomy":"post_tag","embeddable":true,"href":"https:\/\/physics.uwb.edu.pl\/wf\/index.php?rest_route=%2Fwp%2Fv2%2Ftags&post=1437"}],"curies":[{"name":"wp","href":"https:\/\/api.w.org\/{rel}","templated":true}]}}