{"id":1609,"date":"2016-03-23T13:08:06","date_gmt":"2016-03-23T12:08:06","guid":{"rendered":"http:\/\/physics.uwb.edu.pl\/wf\/?page_id=1609"},"modified":"2016-06-29T08:23:42","modified_gmt":"2016-06-29T06:23:42","slug":"postepowanie-habilitacyjne-katarzyna-recko","status":"publish","type":"page","link":"https:\/\/physics.uwb.edu.pl\/wf\/?page_id=1609","title":{"rendered":"Post\u0119powanie habilitacyjne &#8211; Katarzyna Re\u0107ko"},"content":{"rendered":"<h2><strong>dr Katarzyna Ma\u0142gorzata RE\u0106KO\u00a0<\/strong><\/h2>\n<ul>\n<li><strong><a href=\"http:\/\/physics.uwb.edu.pl\/wf\/?attachment_id=1695&amp;lang=pl\">wniosek do Centralnej Komisji<\/a><\/strong><\/li>\n<li><strong><a href=\"http:\/\/physics.uwb.edu.pl\/wf\/?attachment_id=1614\">autoreferat (pol.)<\/a><\/strong><\/li>\n<li><strong><a href=\"http:\/\/physics.uwb.edu.pl\/wf?attachment_id=1612\">autoreferat (ang.)<\/a><\/strong><\/li>\n<li><strong><a href=\"http:\/\/physics.uwb.edu.pl\/wf?attachment_id=1610\">Komisja habilitacyjna<\/a><\/strong><\/li>\n<li><strong><a href=\"http:\/\/physics.uwb.edu.pl\/wf\/?attachment_id=2973\">Harmonogram post\u0119powania<\/a><\/strong><\/li>\n<li><strong><a href=\"http:\/\/physics.uwb.edu.pl\/wf\/?attachment_id=2975\">Uchwa\u0142a o nadaniu stopnia<\/a><\/strong><\/li>\n<\/ul>\n<p>&nbsp;<\/p>\n","protected":false},"excerpt":{"rendered":"<p>dr Katarzyna Ma\u0142gorzata RE\u0106KO\u00a0 wniosek do Centralnej Komisji autoreferat (pol.) autoreferat (ang.) Komisja habilitacyjna Harmonogram post\u0119powania Uchwa\u0142a o nadaniu stopnia &nbsp;<\/p>\n","protected":false},"author":2,"featured_media":1608,"parent":812,"menu_order":0,"comment_status":"closed","ping_status":"closed","template":"","meta":{"ngg_post_thumbnail":0,"Layout":"","footnotes":""},"categories":[42],"tags":[],"class_list":["entry","author-dobrog","post-1609","page","type-page","status-publish","has-post-thumbnail","category-nauka_pl"],"jetpack_sharing_enabled":true,"jetpack_shortlink":"https:\/\/wp.me\/P7nvcn-pX","_links":{"self":[{"href":"https:\/\/physics.uwb.edu.pl\/wf\/index.php?rest_route=\/wp\/v2\/pages\/1609","targetHints":{"allow":["GET"]}}],"collection":[{"href":"https:\/\/physics.uwb.edu.pl\/wf\/index.php?rest_route=\/wp\/v2\/pages"}],"about":[{"href":"https:\/\/physics.uwb.edu.pl\/wf\/index.php?rest_route=\/wp\/v2\/types\/page"}],"author":[{"embeddable":true,"href":"https:\/\/physics.uwb.edu.pl\/wf\/index.php?rest_route=\/wp\/v2\/users\/2"}],"replies":[{"embeddable":true,"href":"https:\/\/physics.uwb.edu.pl\/wf\/index.php?rest_route=%2Fwp%2Fv2%2Fcomments&post=1609"}],"version-history":[{"count":10,"href":"https:\/\/physics.uwb.edu.pl\/wf\/index.php?rest_route=\/wp\/v2\/pages\/1609\/revisions"}],"predecessor-version":[{"id":2977,"href":"https:\/\/physics.uwb.edu.pl\/wf\/index.php?rest_route=\/wp\/v2\/pages\/1609\/revisions\/2977"}],"up":[{"embeddable":true,"href":"https:\/\/physics.uwb.edu.pl\/wf\/index.php?rest_route=\/wp\/v2\/pages\/812"}],"wp:featuredmedia":[{"embeddable":true,"href":"https:\/\/physics.uwb.edu.pl\/wf\/index.php?rest_route=\/wp\/v2\/media\/1608"}],"wp:attachment":[{"href":"https:\/\/physics.uwb.edu.pl\/wf\/index.php?rest_route=%2Fwp%2Fv2%2Fmedia&parent=1609"}],"wp:term":[{"taxonomy":"category","embeddable":true,"href":"https:\/\/physics.uwb.edu.pl\/wf\/index.php?rest_route=%2Fwp%2Fv2%2Fcategories&post=1609"},{"taxonomy":"post_tag","embeddable":true,"href":"https:\/\/physics.uwb.edu.pl\/wf\/index.php?rest_route=%2Fwp%2Fv2%2Ftags&post=1609"}],"curies":[{"name":"wp","href":"https:\/\/api.w.org\/{rel}","templated":true}]}}