{"id":164,"date":"2016-02-23T12:52:02","date_gmt":"2016-02-23T11:52:02","guid":{"rendered":"http:\/\/physics.uwb.edu.pl\/wf\/?page_id=164"},"modified":"2020-07-13T14:06:56","modified_gmt":"2020-07-13T12:06:56","slug":"studia-stacjonarne","status":"publish","type":"page","link":"https:\/\/physics.uwb.edu.pl\/wf\/?page_id=164","title":{"rendered":"Studia stacjonarne"},"content":{"rendered":"<div class=\"tresc_strony\">\n<p>Wydzia\u0142 Fizyki prowadzi <strong>dwustopniowe stacjonarne studia z fizyki<\/strong>. Pierwszy, trzyletni etap kszta\u0142cenia, to <strong>studia pierwszego stopnia<\/strong>, na kt\u00f3rych mo\u017cliwy jest wyb\u00f3r jednej z nast\u0119puj\u0105cych <strong>specjalno\u015bci<\/strong>:<\/p>\n<ul>\n<li><strong><a href=\"http:\/\/physics.uwb.edu.pl\/wf\/?page_id=786&amp;lang=pl\">fizyka gier komputerowych i robot\u00f3w<\/a><\/strong>&nbsp;<strong>(nowo\u015b\u0107)<\/strong>,<\/li>\n<li><a href=\"http:\/\/physics.uwb.edu.pl\/wf\/?page_id=768&amp;lang=pl\"><strong>fizyka (o profilu og\u00f3lnym)<\/strong>,<\/a><\/li>\n<li><a href=\"http:\/\/physics.uwb.edu.pl\/wf\/?page_id=355&amp;lang=pl\"><strong>fizyka medyczna<\/strong>,<\/a><\/li>\n<\/ul>\n<p>Absolwenci wszystkich specjalno\u015bci studi\u00f3w I-go stopnia uzyskuj\u0105 <strong>tytu\u0142 zawodowy licencjata<\/strong>. Przyk\u0142ady prac licencjackich zrealizowanych na Wydziale Fizyki pokazane s\u0105 <a href=\"http:\/\/physics.uwb.edu.pl\/wf\/?page_id=175&amp;lang=pl\">tutaj<\/a>. W trakcie studi\u00f3w mo\u017cliwe jest uzyskanie uprawnienia do nauczania fizyki w gimnazjum.<\/p>\n<p align=\"justify\">Absolwenci studi\u00f3w I-go stopnia mog\u0105 kontynuowa\u0107 nauk\u0119 na naszym Wydziale na dwuletnich <strong>studiach drugiego stopnia<\/strong>. Na tym etapie, ko\u0144cz\u0105cym si\u0119 nadaniem <strong>tytu\u0142u zawodowego magistra<\/strong>, mo\u017cna wybra\u0107 jedn\u0105 z nast\u0119puj\u0105cych <strong>specjalno\u015bci<\/strong>:<\/p>\n<ul>\n<li><a href=\"http:\/\/physics.uwb.edu.pl\/wf\/?page_id=768&amp;lang=pl\"><strong>fizyka do\u015bwiadczalna<\/strong><\/a>,<\/li>\n<li><a href=\"http:\/\/physics.uwb.edu.pl\/wf\/?page_id=768&amp;lang=pl\"><strong>fizyka teoretyczna<\/strong><\/a>,<\/li>\n<li><a href=\"http:\/\/physics.uwb.edu.pl\/wf\/?page_id=355&amp;lang=pl\"><strong>fizyka medyczna<\/strong><\/a>.<\/li>\n<\/ul>\n<p>W trakcie studi\u00f3w II-go stopnia mo\u017cliwe jest uzyskanie uprawnienia do nauczania fizyki w szko\u0142ach ponadgimnazjalnych. Jednym z wariant\u00f3w rozwoju kariery zawodowej po uko\u0144czeniu studi\u00f3w II-go stopnia jest dalsze kszta\u0142cenie w<a href=\"http:\/\/physics.uwb.edu.pl\/wf\/?page_id=9926\" target=\"_blank\" rel=\"noopener noreferrer\"><strong> Szkole doktorskiej<\/strong><\/a> (czyli studiach III-go stopnia).<\/p>\n<p><strong>Podczas studi\u00f3w mo\u017cliwa jest zmiana specjalno\u015bci.<\/strong> <strong>Wymaga to uzupe\u0142nienia r\u00f3\u017cnic programowych<\/strong>.<\/p>\n<p>Studenci ostatnich lat studi\u00f3w maj\u0105 mo\u017cliwo\u015b\u0107 kszta\u0142cenia si\u0119 i odbycia praktyki w zagranicznych o\u015brodkach akademickich i naukowo-badawczych w ramach mi\u0119dzynarodowych europejskich program\u00f3w wymiany student\u00f3w.<\/p>\n<p><strong>Dlaczego Wydzia\u0142 Fizyki w Bia\u0142ymstoku?<\/strong><\/p>\n<p>Warto rozwa\u017cy\u0107 studiowanie w\u0142a\u015bnie w Bia\u0142ymstoku &#8211; z powod\u00f3w ni\u017cszych koszt\u00f3w \u017cycia w por\u00f3wnaniu do du\u017cych aglomeracji.&nbsp; Dodatkowo, Wydzia\u0142 Fizyki mo\u017ce pochwali\u0107 si\u0119 <strong>wysok\u0105 ocen\u0105<\/strong> poziomu naukowego. Posiadamy <strong>kategori\u0119 A<\/strong> &#8211; tak\u0105 sam\u0105 jak fizyka wyk\u0142adana na Politechnice Warszawskiej, UJ w Krakowie, UMK w Toruniu czy na Uniwersytecie we Wroc\u0142awiu! Mamy te\u017c swoje spektakularne osi\u0105gni\u0119cia &#8211; <a href=\"https:\/\/physics.uwb.edu.pl\/wf\/?page_id=4171\">zimny zapis magnetyczny<\/a> czy sw\u00f3j wk\u0142ad w odkrycie <a href=\"https:\/\/physics.uwb.edu.pl\/wf\/?page_id=6261\">fal grawitacyjnych<\/a>.&nbsp;<\/p>\n<\/div>\n","protected":false},"excerpt":{"rendered":"<p>Wydzia\u0142 Fizyki prowadzi dwustopniowe stacjonarne studia z fizyki. Pierwszy, trzyletni etap kszta\u0142cenia, to studia pierwszego stopnia, na kt\u00f3rych mo\u017cliwy jest wyb\u00f3r jednej z nast\u0119puj\u0105cych specjalno\u015bci: fizyka gier komputerowych i robot\u00f3w&nbsp;(nowo\u015b\u0107), <a href=\"https:\/\/physics.uwb.edu.pl\/wf\/?page_id=164\" class=\"more-link\">[&hellip;]<\/a><\/p>\n","protected":false},"author":4,"featured_media":0,"parent":387,"menu_order":0,"comment_status":"closed","ping_status":"closed","template":"","meta":{"ngg_post_thumbnail":0,"Layout":"1c","footnotes":""},"categories":[19],"tags":[],"class_list":["entry","author-pjaranowski","post-164","page","type-page","status-publish","category-kandydat_pl"],"jetpack_sharing_enabled":true,"jetpack_shortlink":"https:\/\/wp.me\/P7nvcn-2E","_links":{"self":[{"href":"https:\/\/physics.uwb.edu.pl\/wf\/index.php?rest_route=\/wp\/v2\/pages\/164","targetHints":{"allow":["GET"]}}],"collection":[{"href":"https:\/\/physics.uwb.edu.pl\/wf\/index.php?rest_route=\/wp\/v2\/pages"}],"about":[{"href":"https:\/\/physics.uwb.edu.pl\/wf\/index.php?rest_route=\/wp\/v2\/types\/page"}],"author":[{"embeddable":true,"href":"https:\/\/physics.uwb.edu.pl\/wf\/index.php?rest_route=\/wp\/v2\/users\/4"}],"replies":[{"embeddable":true,"href":"https:\/\/physics.uwb.edu.pl\/wf\/index.php?rest_route=%2Fwp%2Fv2%2Fcomments&post=164"}],"version-history":[{"count":21,"href":"https:\/\/physics.uwb.edu.pl\/wf\/index.php?rest_route=\/wp\/v2\/pages\/164\/revisions"}],"predecessor-version":[{"id":11249,"href":"https:\/\/physics.uwb.edu.pl\/wf\/index.php?rest_route=\/wp\/v2\/pages\/164\/revisions\/11249"}],"up":[{"embeddable":true,"href":"https:\/\/physics.uwb.edu.pl\/wf\/index.php?rest_route=\/wp\/v2\/pages\/387"}],"wp:attachment":[{"href":"https:\/\/physics.uwb.edu.pl\/wf\/index.php?rest_route=%2Fwp%2Fv2%2Fmedia&parent=164"}],"wp:term":[{"taxonomy":"category","embeddable":true,"href":"https:\/\/physics.uwb.edu.pl\/wf\/index.php?rest_route=%2Fwp%2Fv2%2Fcategories&post=164"},{"taxonomy":"post_tag","embeddable":true,"href":"https:\/\/physics.uwb.edu.pl\/wf\/index.php?rest_route=%2Fwp%2Fv2%2Ftags&post=164"}],"curies":[{"name":"wp","href":"https:\/\/api.w.org\/{rel}","templated":true}]}}