{"id":177,"date":"2016-02-23T13:41:12","date_gmt":"2016-02-23T12:41:12","guid":{"rendered":"http:\/\/physics.uwb.edu.pl\/wf\/?page_id=177"},"modified":"2016-03-16T22:00:07","modified_gmt":"2016-03-16T21:00:07","slug":"studia-niestacjonarne","status":"publish","type":"page","link":"https:\/\/physics.uwb.edu.pl\/wf\/?page_id=177","title":{"rendered":"Studia niestacjonarne"},"content":{"rendered":"<div class=\"tresc_strony\">\n<p>Istnieje mo\u017cliwo\u015b\u0107 uruchomienia <strong>studi\u00f3w niestacjonarnych z fizyki<\/strong> w nast\u0119puj\u0105cych specjalno\u015bciach:<\/p>\n<ul>\n<ul>\n<li><strong>studia I stopnia<\/strong>:\n<ul>\n<li>fizyka medyczna (7-semestralne),<\/li>\n<li>fizyka og\u00f3lna (6-semestralne);<\/li>\n<\/ul>\n<\/li>\n<li><strong>studia II stopnia<\/strong> (4-semestralne):\n<ul>\n<li>fizyka medyczna,<\/li>\n<li>fizyka do\u015bwiadczalna,<\/li>\n<li>fizyka teoretyczna.<\/li>\n<\/ul>\n<\/li>\n<\/ul>\n<\/ul>\n<p>Warunkiem uruchomienia cyklu kszta\u0142cenia jest zarejestrowanie si\u0119 na I rok co najmniej 20 os\u00f3b.<\/p>\n<p>Op\u0142ata za rok studi\u00f3w waha si\u0119 od 4000 z\u0142 do 5000 z\u0142 w zale\u017cno\u015bci od specjalno\u015bci.<\/p>\n<\/div>\n","protected":false},"excerpt":{"rendered":"<p>Istnieje mo\u017cliwo\u015b\u0107 uruchomienia studi\u00f3w niestacjonarnych z fizyki w nast\u0119puj\u0105cych specjalno\u015bciach: studia I stopnia: fizyka medyczna (7-semestralne), fizyka og\u00f3lna (6-semestralne); studia II stopnia (4-semestralne): fizyka medyczna, fizyka do\u015bwiadczalna, fizyka teoretyczna. Warunkiem <a href=\"https:\/\/physics.uwb.edu.pl\/wf\/?page_id=177\" class=\"more-link\">[&hellip;]<\/a><\/p>\n","protected":false},"author":2,"featured_media":0,"parent":387,"menu_order":0,"comment_status":"closed","ping_status":"closed","template":"","meta":{"ngg_post_thumbnail":0,"Layout":"1c","footnotes":""},"categories":[19],"tags":[],"class_list":["entry","author-dobrog","post-177","page","type-page","status-publish","category-kandydat_pl"],"jetpack_sharing_enabled":true,"jetpack_shortlink":"https:\/\/wp.me\/P7nvcn-2R","_links":{"self":[{"href":"https:\/\/physics.uwb.edu.pl\/wf\/index.php?rest_route=\/wp\/v2\/pages\/177","targetHints":{"allow":["GET"]}}],"collection":[{"href":"https:\/\/physics.uwb.edu.pl\/wf\/index.php?rest_route=\/wp\/v2\/pages"}],"about":[{"href":"https:\/\/physics.uwb.edu.pl\/wf\/index.php?rest_route=\/wp\/v2\/types\/page"}],"author":[{"embeddable":true,"href":"https:\/\/physics.uwb.edu.pl\/wf\/index.php?rest_route=\/wp\/v2\/users\/2"}],"replies":[{"embeddable":true,"href":"https:\/\/physics.uwb.edu.pl\/wf\/index.php?rest_route=%2Fwp%2Fv2%2Fcomments&post=177"}],"version-history":[{"count":2,"href":"https:\/\/physics.uwb.edu.pl\/wf\/index.php?rest_route=\/wp\/v2\/pages\/177\/revisions"}],"predecessor-version":[{"id":198,"href":"https:\/\/physics.uwb.edu.pl\/wf\/index.php?rest_route=\/wp\/v2\/pages\/177\/revisions\/198"}],"up":[{"embeddable":true,"href":"https:\/\/physics.uwb.edu.pl\/wf\/index.php?rest_route=\/wp\/v2\/pages\/387"}],"wp:attachment":[{"href":"https:\/\/physics.uwb.edu.pl\/wf\/index.php?rest_route=%2Fwp%2Fv2%2Fmedia&parent=177"}],"wp:term":[{"taxonomy":"category","embeddable":true,"href":"https:\/\/physics.uwb.edu.pl\/wf\/index.php?rest_route=%2Fwp%2Fv2%2Fcategories&post=177"},{"taxonomy":"post_tag","embeddable":true,"href":"https:\/\/physics.uwb.edu.pl\/wf\/index.php?rest_route=%2Fwp%2Fv2%2Ftags&post=177"}],"curies":[{"name":"wp","href":"https:\/\/api.w.org\/{rel}","templated":true}]}}