{"id":179,"date":"2016-02-23T13:41:47","date_gmt":"2016-02-23T12:41:47","guid":{"rendered":"http:\/\/physics.uwb.edu.pl\/wf\/?page_id=179"},"modified":"2016-03-16T21:59:54","modified_gmt":"2016-03-16T20:59:54","slug":"studia-podyplomowe","status":"publish","type":"page","link":"https:\/\/physics.uwb.edu.pl\/wf\/?page_id=179","title":{"rendered":"Studia podyplomowe"},"content":{"rendered":"<div class=\"sekcja\">\n<div class=\"tresc\">\n<p><strong>Studia podyplomowe z fizyki (kwalifikacyjne)<\/strong><\/p>\n<p><b>Plan studi\u00f3w<\/b><\/p>\n<ul>\n<ul>\n<ol>\n<li>Matematyka w fizyce (wyk. + \u0107w.) 30 godz.<\/li>\n<li>Mechanika klasyczna i relatywistyczna (wyk. + \u0107w.) 60 godz.<\/li>\n<li>Termodynamika z elementami fizyki statystycznej (wyk. + \u0107w.) 45 godz.<\/li>\n<li>Elektryczno\u015b\u0107 i magnetyzm (wyk. + \u0107w.) 45 godz.<\/li>\n<li>Optyka (wyk. + \u0107w.) 45 godz.<\/li>\n<li>Elementy fizyki teoretycznej (wyk. + \u0107w.) 45 godz.<\/li>\n<li>Astronomia (wyk. + \u0107w.) 30 godz.<\/li>\n<li>Podstawy fizyki kwantowej (wyk. + \u0107w.) 45 godz.<\/li>\n<li>Budowa materii (wyk. + \u0107w.) 45 godz.<\/li>\n<li>Struktura i dydaktyka fizyki (wyk. + lab.) 45 godz.<\/li>\n<li>Dydaktyka fizyki z uwzgl\u0119dnieniem narz\u0119dzi informatycznych (lab.) 45 godz.<\/li>\n<li>Pracownia fizyczna (lab.) 90 godz.<\/li>\n<\/ol>\n<\/ul>\n<\/ul>\n<p><b>Razem: 570 godz.<\/b><\/p>\n<p>Ponadto s\u0142uchacze zobowi\u0105zani s\u0105 do odbycia <b>praktyki szkolnej <\/b>w wymiarze 90 godzin. Zaliczenie praktyki odbywa si\u0119 na podstawie po\u015bwiadczenia przez dyrekcj\u0119 szko\u0142y, w kt\u00f3rej s\u0142uchacz studi\u00f3w podyplomowych z fizyki praktyk\u0119 realizowa\u0142.<br \/>\nZaj\u0119cia odbywaj\u0105 si\u0119 w gmachu Wydzia\u0142u Fizyki, ul. Cio\u0142kowskiego 1L, 15-245 Bia\u0142ystok<br \/>\nDodatkowych informacji udzielaj\u0105:<\/p>\n<ul>\n<li><a href=\"http:\/\/physics.uwb.edu.pl\/main\/kadra.php?id=15\"><u>dr hab. Ryszard Gieniusz<\/u><\/a> &#8211; kierownik studi\u00f3w podyplomowych,<\/li>\n<li><a href=\"http:\/\/physics.uwb.edu.pl\/main\/kadra.php?id=16\"><u>dr Anna Go<\/u>.<\/a><\/li>\n<\/ul>\n<\/div>\n<\/div>\n","protected":false},"excerpt":{"rendered":"<p>Studia podyplomowe z fizyki (kwalifikacyjne) Plan studi\u00f3w Matematyka w fizyce (wyk. + \u0107w.) 30 godz. Mechanika klasyczna i relatywistyczna (wyk. + \u0107w.) 60 godz. Termodynamika z elementami fizyki statystycznej (wyk. <a href=\"https:\/\/physics.uwb.edu.pl\/wf\/?page_id=179\" class=\"more-link\">[&hellip;]<\/a><\/p>\n","protected":false},"author":2,"featured_media":0,"parent":387,"menu_order":0,"comment_status":"closed","ping_status":"closed","template":"","meta":{"ngg_post_thumbnail":0,"Layout":"1c","footnotes":""},"categories":[19],"tags":[],"class_list":["entry","author-dobrog","post-179","page","type-page","status-publish","category-kandydat_pl"],"jetpack_sharing_enabled":true,"jetpack_shortlink":"https:\/\/wp.me\/P7nvcn-2T","_links":{"self":[{"href":"https:\/\/physics.uwb.edu.pl\/wf\/index.php?rest_route=\/wp\/v2\/pages\/179","targetHints":{"allow":["GET"]}}],"collection":[{"href":"https:\/\/physics.uwb.edu.pl\/wf\/index.php?rest_route=\/wp\/v2\/pages"}],"about":[{"href":"https:\/\/physics.uwb.edu.pl\/wf\/index.php?rest_route=\/wp\/v2\/types\/page"}],"author":[{"embeddable":true,"href":"https:\/\/physics.uwb.edu.pl\/wf\/index.php?rest_route=\/wp\/v2\/users\/2"}],"replies":[{"embeddable":true,"href":"https:\/\/physics.uwb.edu.pl\/wf\/index.php?rest_route=%2Fwp%2Fv2%2Fcomments&post=179"}],"version-history":[{"count":2,"href":"https:\/\/physics.uwb.edu.pl\/wf\/index.php?rest_route=\/wp\/v2\/pages\/179\/revisions"}],"predecessor-version":[{"id":199,"href":"https:\/\/physics.uwb.edu.pl\/wf\/index.php?rest_route=\/wp\/v2\/pages\/179\/revisions\/199"}],"up":[{"embeddable":true,"href":"https:\/\/physics.uwb.edu.pl\/wf\/index.php?rest_route=\/wp\/v2\/pages\/387"}],"wp:attachment":[{"href":"https:\/\/physics.uwb.edu.pl\/wf\/index.php?rest_route=%2Fwp%2Fv2%2Fmedia&parent=179"}],"wp:term":[{"taxonomy":"category","embeddable":true,"href":"https:\/\/physics.uwb.edu.pl\/wf\/index.php?rest_route=%2Fwp%2Fv2%2Fcategories&post=179"},{"taxonomy":"post_tag","embeddable":true,"href":"https:\/\/physics.uwb.edu.pl\/wf\/index.php?rest_route=%2Fwp%2Fv2%2Ftags&post=179"}],"curies":[{"name":"wp","href":"https:\/\/api.w.org\/{rel}","templated":true}]}}