{"id":1820,"date":"2016-03-29T13:26:02","date_gmt":"2016-03-29T11:26:02","guid":{"rendered":"http:\/\/physics.uwb.edu.pl\/wf\/?page_id=1820"},"modified":"2016-03-29T13:26:02","modified_gmt":"2016-03-29T11:26:02","slug":"relacja-z-wykladu-z-robotyki-dla-licealistow","status":"publish","type":"page","link":"https:\/\/physics.uwb.edu.pl\/wf\/?page_id=1820","title":{"rendered":"Relacja z wyk\u0142adu z robotyki (dla licealist\u00f3w)."},"content":{"rendered":"<h1 class=\"news_tytul\">Relacja z wyk\u0142adu z robotyki<\/h1>\n<div class=\"news_tresc1\">\n<p>Dnia 10 czerwca na Wydziale Fizyki UwB odby\u0142 si\u0119 wyk\u0142ad z robotyki adresowany do uczni\u00f3w szk\u00f3\u0142 \u015brednich. Jego mottem by\u0142a dewiza:<\/p>\n<p>&#8220;Chcesz rozpocz\u0105\u0107 budow\u0119 <strong>robota<\/strong> za niedu\u017ce pieni\u0105dze, bez uciekania si\u0119 do gotowych i drogich rozwi\u0105za\u0144? Tw\u00f3j bud\u017cet to 200-300 z\u0142? \u015awietnie! To w zupe\u0142no\u015bci wystarczy na najta\u0144szy komputerek na \u015bwiecie &#8211; <strong>RaspberryPi<\/strong>, kt\u00f3ry znajduje zastosowanie w rozrywce, edukacji, czy te\u017c jako narz\u0119dzie do automatyzacji innych urz\u0105dze\u0144 elektrycznych\/mechanicznych.&#8221;<\/p>\n<p>A oto <a href=\"http:\/\/bialystok.tvp.pl\/20404623\/pokazowa-lekcja-robotyki-z-komputerem\"><u>relacja z TVP Bia\u0142ystok o tym wyk\u0142adzie<\/u><\/a>&#8230;<\/p>\n<\/div>\n<div class=\"news_tresc1\">\n<p><span class=\"embed-youtube\" style=\"text-align:center; display: block;\"><iframe loading=\"lazy\" class=\"youtube-player\" width=\"1025\" height=\"577\" src=\"https:\/\/www.youtube.com\/embed\/7jjoae2OvsE?version=3&#038;rel=1&#038;showsearch=0&#038;showinfo=1&#038;iv_load_policy=1&#038;fs=1&#038;hl=en-US&#038;autohide=2&#038;wmode=transparent\" allowfullscreen=\"true\" style=\"border:0;\" sandbox=\"allow-scripts allow-same-origin allow-popups allow-presentation allow-popups-to-escape-sandbox\"><\/iframe><\/span><\/p>\n<\/div>\n","protected":false},"excerpt":{"rendered":"<p>Relacja z wyk\u0142adu z robotyki Dnia 10 czerwca na Wydziale Fizyki UwB odby\u0142 si\u0119 wyk\u0142ad z robotyki adresowany do uczni\u00f3w szk\u00f3\u0142 \u015brednich. Jego mottem by\u0142a dewiza: &#8220;Chcesz rozpocz\u0105\u0107 budow\u0119 robota <a href=\"https:\/\/physics.uwb.edu.pl\/wf\/?page_id=1820\" class=\"more-link\">[&hellip;]<\/a><\/p>\n","protected":false},"author":5,"featured_media":1821,"parent":713,"menu_order":0,"comment_status":"closed","ping_status":"closed","template":"","meta":{"ngg_post_thumbnail":0,"Layout":"","footnotes":""},"categories":[27],"tags":[],"class_list":["entry","author-gawryl","post-1820","page","type-page","status-publish","has-post-thumbnail","category-post_news_pl"],"jetpack_sharing_enabled":true,"jetpack_shortlink":"https:\/\/wp.me\/P7nvcn-tm","_links":{"self":[{"href":"https:\/\/physics.uwb.edu.pl\/wf\/index.php?rest_route=\/wp\/v2\/pages\/1820","targetHints":{"allow":["GET"]}}],"collection":[{"href":"https:\/\/physics.uwb.edu.pl\/wf\/index.php?rest_route=\/wp\/v2\/pages"}],"about":[{"href":"https:\/\/physics.uwb.edu.pl\/wf\/index.php?rest_route=\/wp\/v2\/types\/page"}],"author":[{"embeddable":true,"href":"https:\/\/physics.uwb.edu.pl\/wf\/index.php?rest_route=\/wp\/v2\/users\/5"}],"replies":[{"embeddable":true,"href":"https:\/\/physics.uwb.edu.pl\/wf\/index.php?rest_route=%2Fwp%2Fv2%2Fcomments&post=1820"}],"version-history":[{"count":1,"href":"https:\/\/physics.uwb.edu.pl\/wf\/index.php?rest_route=\/wp\/v2\/pages\/1820\/revisions"}],"predecessor-version":[{"id":1822,"href":"https:\/\/physics.uwb.edu.pl\/wf\/index.php?rest_route=\/wp\/v2\/pages\/1820\/revisions\/1822"}],"up":[{"embeddable":true,"href":"https:\/\/physics.uwb.edu.pl\/wf\/index.php?rest_route=\/wp\/v2\/pages\/713"}],"wp:featuredmedia":[{"embeddable":true,"href":"https:\/\/physics.uwb.edu.pl\/wf\/index.php?rest_route=\/wp\/v2\/media\/1821"}],"wp:attachment":[{"href":"https:\/\/physics.uwb.edu.pl\/wf\/index.php?rest_route=%2Fwp%2Fv2%2Fmedia&parent=1820"}],"wp:term":[{"taxonomy":"category","embeddable":true,"href":"https:\/\/physics.uwb.edu.pl\/wf\/index.php?rest_route=%2Fwp%2Fv2%2Fcategories&post=1820"},{"taxonomy":"post_tag","embeddable":true,"href":"https:\/\/physics.uwb.edu.pl\/wf\/index.php?rest_route=%2Fwp%2Fv2%2Ftags&post=1820"}],"curies":[{"name":"wp","href":"https:\/\/api.w.org\/{rel}","templated":true}]}}