{"id":1836,"date":"2016-03-29T13:49:12","date_gmt":"2016-03-29T11:49:12","guid":{"rendered":"http:\/\/physics.uwb.edu.pl\/wf\/?page_id=1836"},"modified":"2016-03-29T13:49:12","modified_gmt":"2016-03-29T11:49:12","slug":"uprawnienie-habilitacyjne-przyznane","status":"publish","type":"page","link":"https:\/\/physics.uwb.edu.pl\/wf\/?page_id=1836","title":{"rendered":"Uprawnienie habilitacyjne przyznane!"},"content":{"rendered":"<h1 class=\"news_tytul\">Uprawnienie habilitacyjne przyznane!<\/h1>\n<div class=\"news_tresc1\">Wydzia\u0142 Fizyki z dniem 26 pa\u017adziernika 2015 r. otrzyma\u0142 uprawnienie do nadawania <strong>stopnia naukowego doktora habilitowanego<\/strong> nauk fizycznych. Jeste\u015bmy ju\u017c uprawnieni do przeprowadzenia post\u0119powa\u0144 habilitacyjnych oraz wyst\u0119powania o nadanie tytu\u0142u naukowego profesora. Mo\u017cemy samodzielnie otwiera\u0107 nowe kierunki studi\u00f3w I i II stopnia z fizyki. Wkr\u00f3tce wyst\u0105pimy o otwarcie studi\u00f3w III stopnia &#8211; studi\u00f3w doktoranckich z fizyki.<\/div>\n<p>&nbsp;<\/p>\n","protected":false},"excerpt":{"rendered":"<p>Uprawnienie habilitacyjne przyznane! Wydzia\u0142 Fizyki z dniem 26 pa\u017adziernika 2015 r. otrzyma\u0142 uprawnienie do nadawania stopnia naukowego doktora habilitowanego nauk fizycznych. Jeste\u015bmy ju\u017c uprawnieni do przeprowadzenia post\u0119powa\u0144 habilitacyjnych oraz wyst\u0119powania <a href=\"https:\/\/physics.uwb.edu.pl\/wf\/?page_id=1836\" class=\"more-link\">[&hellip;]<\/a><\/p>\n","protected":false},"author":5,"featured_media":1840,"parent":713,"menu_order":0,"comment_status":"closed","ping_status":"closed","template":"","meta":{"ngg_post_thumbnail":0,"Layout":"","footnotes":""},"categories":[27],"tags":[],"class_list":["entry","author-gawryl","post-1836","page","type-page","status-publish","has-post-thumbnail","category-post_news_pl"],"jetpack_sharing_enabled":true,"jetpack_shortlink":"https:\/\/wp.me\/P7nvcn-tC","_links":{"self":[{"href":"https:\/\/physics.uwb.edu.pl\/wf\/index.php?rest_route=\/wp\/v2\/pages\/1836","targetHints":{"allow":["GET"]}}],"collection":[{"href":"https:\/\/physics.uwb.edu.pl\/wf\/index.php?rest_route=\/wp\/v2\/pages"}],"about":[{"href":"https:\/\/physics.uwb.edu.pl\/wf\/index.php?rest_route=\/wp\/v2\/types\/page"}],"author":[{"embeddable":true,"href":"https:\/\/physics.uwb.edu.pl\/wf\/index.php?rest_route=\/wp\/v2\/users\/5"}],"replies":[{"embeddable":true,"href":"https:\/\/physics.uwb.edu.pl\/wf\/index.php?rest_route=%2Fwp%2Fv2%2Fcomments&post=1836"}],"version-history":[{"count":1,"href":"https:\/\/physics.uwb.edu.pl\/wf\/index.php?rest_route=\/wp\/v2\/pages\/1836\/revisions"}],"predecessor-version":[{"id":1838,"href":"https:\/\/physics.uwb.edu.pl\/wf\/index.php?rest_route=\/wp\/v2\/pages\/1836\/revisions\/1838"}],"up":[{"embeddable":true,"href":"https:\/\/physics.uwb.edu.pl\/wf\/index.php?rest_route=\/wp\/v2\/pages\/713"}],"wp:featuredmedia":[{"embeddable":true,"href":"https:\/\/physics.uwb.edu.pl\/wf\/index.php?rest_route=\/wp\/v2\/media\/1840"}],"wp:attachment":[{"href":"https:\/\/physics.uwb.edu.pl\/wf\/index.php?rest_route=%2Fwp%2Fv2%2Fmedia&parent=1836"}],"wp:term":[{"taxonomy":"category","embeddable":true,"href":"https:\/\/physics.uwb.edu.pl\/wf\/index.php?rest_route=%2Fwp%2Fv2%2Fcategories&post=1836"},{"taxonomy":"post_tag","embeddable":true,"href":"https:\/\/physics.uwb.edu.pl\/wf\/index.php?rest_route=%2Fwp%2Fv2%2Ftags&post=1836"}],"curies":[{"name":"wp","href":"https:\/\/api.w.org\/{rel}","templated":true}]}}