{"id":1845,"date":"2016-03-29T14:01:18","date_gmt":"2016-03-29T12:01:18","guid":{"rendered":"http:\/\/physics.uwb.edu.pl\/wf\/?page_id=1845"},"modified":"2016-03-31T09:33:46","modified_gmt":"2016-03-31T07:33:46","slug":"fizyka-fizycy-i-roboty","status":"publish","type":"page","link":"https:\/\/physics.uwb.edu.pl\/wf\/?page_id=1845","title":{"rendered":"Fizyka, fizycy i roboty"},"content":{"rendered":"<h2 class=\"news_tytul\">Fizyka, fizycy i roboty<\/h2>\n<div class=\"news_tresc1\">\n<p>Po raz kolejn<img loading=\"lazy\" decoding=\"async\" class=\"size-medium wp-image-1846 alignleft\" src=\"http:\/\/physics.uwb.edu.pl\/wf\/wp-content\/uploads\/2016\/03\/walczyk_gawry-300x224.jpg\" alt=\"walczyk_gawry\" width=\"300\" height=\"224\" srcset=\"https:\/\/physics.uwb.edu.pl\/wf\/wp-content\/uploads\/2016\/03\/walczyk_gawry.jpg 300w, https:\/\/physics.uwb.edu.pl\/wf\/wp-content\/uploads\/2016\/03\/walczyk_gawry-150x112.jpg 150w, https:\/\/physics.uwb.edu.pl\/wf\/wp-content\/uploads\/2016\/03\/walczyk_gawry-175x131.jpg 175w\" sizes=\"auto, (max-width: 300px) 100vw, 300px\" \/>y nasi pracownicy w Polskim Radiu Bia\u0142ystok &#8211;\u00a0<a href=\"http:\/\/physics.uwb.edu.pl\/wf\/?pracownik=cezary-walczyk&amp;lang=pl\">dr Cezary Walczyk <\/a>i <a href=\"http:\/\/physics.uwb.edu.pl\/wf\/?pracownik=krzysztof-gawryluk&amp;lang=pl\">dr Krzysztof Gawryluk<\/a> jako <strong>go\u015bcie<\/strong> audycji <a href=\"http:\/\/www.radio.bialystok.pl\/cyfrowepodlasie\/index\/id\/129525\" target=\"_blank\"><br \/>\nCyfrowe Podlasie<\/a> opowiadaj\u0105 o dostosowaniu wsp\u00f3\u0142czesnej szko\u0142y do oczekiwa\u0144 przemys\u0142u.<\/p>\n<\/div>\n","protected":false},"excerpt":{"rendered":"<p>Fizyka, fizycy i roboty Po raz kolejny nasi pracownicy w Polskim Radiu Bia\u0142ystok &#8211;\u00a0dr Cezary Walczyk i dr Krzysztof Gawryluk jako go\u015bcie audycji Cyfrowe Podlasie opowiadaj\u0105 o dostosowaniu wsp\u00f3\u0142czesnej szko\u0142y <a href=\"https:\/\/physics.uwb.edu.pl\/wf\/?page_id=1845\" class=\"more-link\">[&hellip;]<\/a><\/p>\n","protected":false},"author":5,"featured_media":1846,"parent":713,"menu_order":0,"comment_status":"closed","ping_status":"closed","template":"","meta":{"ngg_post_thumbnail":0,"Layout":"","footnotes":""},"categories":[27],"tags":[],"class_list":["entry","author-gawryl","post-1845","page","type-page","status-publish","has-post-thumbnail","category-post_news_pl"],"jetpack_sharing_enabled":true,"jetpack_shortlink":"https:\/\/wp.me\/P7nvcn-tL","_links":{"self":[{"href":"https:\/\/physics.uwb.edu.pl\/wf\/index.php?rest_route=\/wp\/v2\/pages\/1845","targetHints":{"allow":["GET"]}}],"collection":[{"href":"https:\/\/physics.uwb.edu.pl\/wf\/index.php?rest_route=\/wp\/v2\/pages"}],"about":[{"href":"https:\/\/physics.uwb.edu.pl\/wf\/index.php?rest_route=\/wp\/v2\/types\/page"}],"author":[{"embeddable":true,"href":"https:\/\/physics.uwb.edu.pl\/wf\/index.php?rest_route=\/wp\/v2\/users\/5"}],"replies":[{"embeddable":true,"href":"https:\/\/physics.uwb.edu.pl\/wf\/index.php?rest_route=%2Fwp%2Fv2%2Fcomments&post=1845"}],"version-history":[{"count":2,"href":"https:\/\/physics.uwb.edu.pl\/wf\/index.php?rest_route=\/wp\/v2\/pages\/1845\/revisions"}],"predecessor-version":[{"id":1883,"href":"https:\/\/physics.uwb.edu.pl\/wf\/index.php?rest_route=\/wp\/v2\/pages\/1845\/revisions\/1883"}],"up":[{"embeddable":true,"href":"https:\/\/physics.uwb.edu.pl\/wf\/index.php?rest_route=\/wp\/v2\/pages\/713"}],"wp:featuredmedia":[{"embeddable":true,"href":"https:\/\/physics.uwb.edu.pl\/wf\/index.php?rest_route=\/wp\/v2\/media\/1846"}],"wp:attachment":[{"href":"https:\/\/physics.uwb.edu.pl\/wf\/index.php?rest_route=%2Fwp%2Fv2%2Fmedia&parent=1845"}],"wp:term":[{"taxonomy":"category","embeddable":true,"href":"https:\/\/physics.uwb.edu.pl\/wf\/index.php?rest_route=%2Fwp%2Fv2%2Fcategories&post=1845"},{"taxonomy":"post_tag","embeddable":true,"href":"https:\/\/physics.uwb.edu.pl\/wf\/index.php?rest_route=%2Fwp%2Fv2%2Ftags&post=1845"}],"curies":[{"name":"wp","href":"https:\/\/api.w.org\/{rel}","templated":true}]}}