{"id":1887,"date":"2016-03-31T09:56:24","date_gmt":"2016-03-31T07:56:24","guid":{"rendered":"http:\/\/physics.uwb.edu.pl\/wf\/?page_id=1887"},"modified":"2016-10-03T10:57:15","modified_gmt":"2016-10-03T08:57:15","slug":"wydzial-fizyki-uwb-uruchamia-studia-doktoranckie","status":"publish","type":"page","link":"https:\/\/physics.uwb.edu.pl\/wf\/?page_id=1887","title":{"rendered":"Wydzia\u0142 Fizyki UwB uruchamia studia doktoranckie"},"content":{"rendered":"<p>Wydzia\u0142 Fizyki Uniwersytetu w Bia\u0142ymstoku otworzy\u0142 studia trzeciego stopnia. Ich absolwenci uzyskaj\u0105 stopie\u0144 naukowy doktora nauk fizycznych w zakresie dyscypliny fizyka. S\u0105 to jedyne studia doktoranckie z fizyki nie tylko w Bia\u0142ymstoku, ale r\u00f3wnie\u017c\u00a0 w ca\u0142ym regionie Polski p\u00f3\u0142nocno-wschodniej.<strong><br \/>\n<\/strong><\/p>\n<p>Doktoranci mog\u0105 liczy\u0107 nie tylko na komfortowe warunki studiowania w nowym uniwersyteckim kampusie i dost\u0119p do najnowocze\u015bniejszej aparatury badawczej. Atutem wydzia\u0142u jest znakomita kadra naukowo-dydaktyczna \u2013 pracownicy Wydzia\u0142u Fizyki maj\u0105 na koncie wiele grant\u00f3w naukowych i wysoko punktowanych publikacji. Potwierdzeniem wysokiego poziomu nauki jest te\u017c najwy\u017csza kategoria w ocenie parametrycznej jednostek naukowych &#8211; A.<\/p>\n<p>W\u0142adze wydzia\u0142u licz\u0105, \u017ce studiami doktoranckimi b\u0119d\u0105 zainteresowani nie tylko studenci z Polski. Wydzia\u0142 otrzymuje zapytania o mo\u017cliwo\u015b\u0107 odbywania tych studi\u00f3w w Bia\u0142ymstoku tak\u017ce z zagranicznych jednostek naukowo-badawczych, z kt\u00f3rymi wsp\u00f3\u0142pracuje.<\/p>\n<p>Wydzia\u0142 Fizyki jest sz\u00f3stym wydzia\u0142em UwB, kt\u00f3ry otworzy\u0142 studia doktoranckie. Do tej pory uczelnia oferowa\u0142a studia trzeciego stopnia w zakresie biologii, chemii (Wydzia\u0142 Biologiczno-Chemiczny), ekonomii (Wydzia\u0142 Ekonomii i Zarz\u0105dzania), j\u0119zykoznawstwa i literaturoznawstwa (Wydzia\u0142 Filologiczny), historii i socjologii (Wydzia\u0142 Historyczno-Socjologiczny), a tak\u017ce nauk prawnych (Wydzia\u0142 Prawa).<\/p>\n<p>Prowadzenie studi\u00f3w doktoranckich to dla jednostek naukowych potwierdzenie ich presti\u017cu i wysokiego poziomu naukowego. Studia trzeciego stopnia mog\u0105 bowiem uruchomi\u0107 tylko te wydzia\u0142y, kt\u00f3re posiadaj\u0105 uprawnienie do nadawania stopnia naukowego doktora habilitowanego albo co najmniej dwa uprawnienia do nadawania stopnia naukowego doktora.<\/p>\n<p>Wydzia\u0142 Fizyki Uniwersytetu w Bia\u0142ymstoku uzyska\u0142 uprawnienia habilitacyjne jesieni\u0105 2015 r.<\/p>\n<p>Wydzia\u0142 Fizyki\u00a0UwB utworzony zosta\u0142 w 2007 roku. Obecnie sk\u0142ada si\u0119 z pi\u0119ciu zak\u0142ad\u00f3w naukowych, trzech pracowni studenckich oraz pracowni us\u0142ugowych: mechanicznej i elektronicznej. Na Wydziale dzia\u0142a tak\u017ce Regionalne Laboratorium do Nauczania Przedmiot\u00f3w Przyrodniczych LABFIZ.<\/p>\n<p>Tematyka badawcza zatrudnionych tu naukowc\u00f3w dotyczy m.in. fizyki cia\u0142a sta\u0142ego, teorii cieczy kwantowych, kwantowej teorii pola, astrofizyki wysokich energii, og\u00f3lnej teorii wzgl\u0119dno\u015bci i metod matematycznych fizyki.\u00a0O randze prac badawczych prowadzonych na Wydziale \u015bwiadcz\u0105 liczne publikacje w czasopismach o zasi\u0119gu mi\u0119dzynarodowym, zaproszenia do wyg\u0142aszania wyk\u0142ad\u00f3w na presti\u017cowych mi\u0119dzynarodowych konferencjach i szko\u0142ach fizyki oraz stale rozwijaj\u0105ca si\u0119 wsp\u00f3\u0142praca z krajowymi i zagranicznymi o\u015brodkami naukowymi.<\/p>\n","protected":false},"excerpt":{"rendered":"<p>Wydzia\u0142 Fizyki Uniwersytetu w Bia\u0142ymstoku otworzy\u0142 studia trzeciego stopnia. Ich absolwenci uzyskaj\u0105 stopie\u0144 naukowy doktora nauk fizycznych w zakresie dyscypliny fizyka. S\u0105 to jedyne studia doktoranckie z fizyki nie tylko <a href=\"https:\/\/physics.uwb.edu.pl\/wf\/?page_id=1887\" class=\"more-link\">[&hellip;]<\/a><\/p>\n","protected":false},"author":2,"featured_media":1888,"parent":713,"menu_order":0,"comment_status":"closed","ping_status":"closed","template":"","meta":{"ngg_post_thumbnail":0,"Layout":"","footnotes":""},"categories":[],"tags":[],"class_list":["entry","author-dobrog","post-1887","page","type-page","status-publish","has-post-thumbnail"],"jetpack_sharing_enabled":true,"jetpack_shortlink":"https:\/\/wp.me\/P7nvcn-ur","_links":{"self":[{"href":"https:\/\/physics.uwb.edu.pl\/wf\/index.php?rest_route=\/wp\/v2\/pages\/1887","targetHints":{"allow":["GET"]}}],"collection":[{"href":"https:\/\/physics.uwb.edu.pl\/wf\/index.php?rest_route=\/wp\/v2\/pages"}],"about":[{"href":"https:\/\/physics.uwb.edu.pl\/wf\/index.php?rest_route=\/wp\/v2\/types\/page"}],"author":[{"embeddable":true,"href":"https:\/\/physics.uwb.edu.pl\/wf\/index.php?rest_route=\/wp\/v2\/users\/2"}],"replies":[{"embeddable":true,"href":"https:\/\/physics.uwb.edu.pl\/wf\/index.php?rest_route=%2Fwp%2Fv2%2Fcomments&post=1887"}],"version-history":[{"count":1,"href":"https:\/\/physics.uwb.edu.pl\/wf\/index.php?rest_route=\/wp\/v2\/pages\/1887\/revisions"}],"predecessor-version":[{"id":1889,"href":"https:\/\/physics.uwb.edu.pl\/wf\/index.php?rest_route=\/wp\/v2\/pages\/1887\/revisions\/1889"}],"up":[{"embeddable":true,"href":"https:\/\/physics.uwb.edu.pl\/wf\/index.php?rest_route=\/wp\/v2\/pages\/713"}],"wp:featuredmedia":[{"embeddable":true,"href":"https:\/\/physics.uwb.edu.pl\/wf\/index.php?rest_route=\/wp\/v2\/media\/1888"}],"wp:attachment":[{"href":"https:\/\/physics.uwb.edu.pl\/wf\/index.php?rest_route=%2Fwp%2Fv2%2Fmedia&parent=1887"}],"wp:term":[{"taxonomy":"category","embeddable":true,"href":"https:\/\/physics.uwb.edu.pl\/wf\/index.php?rest_route=%2Fwp%2Fv2%2Fcategories&post=1887"},{"taxonomy":"post_tag","embeddable":true,"href":"https:\/\/physics.uwb.edu.pl\/wf\/index.php?rest_route=%2Fwp%2Fv2%2Ftags&post=1887"}],"curies":[{"name":"wp","href":"https:\/\/api.w.org\/{rel}","templated":true}]}}