{"id":2016,"date":"2016-04-04T12:15:16","date_gmt":"2016-04-04T10:15:16","guid":{"rendered":"http:\/\/physics.uwb.edu.pl\/wf\/?page_id=2016"},"modified":"2022-02-03T13:27:35","modified_gmt":"2022-02-03T12:27:35","slug":"ochrona-radiologiczna-dokumenty","status":"publish","type":"page","link":"https:\/\/physics.uwb.edu.pl\/wf\/?page_id=2016","title":{"rendered":"Ochrona radiologiczna &#8211; dokumenty"},"content":{"rendered":"<h3>Regulaminy, instrukcje, programy, pisma<\/h3>\n<ul>\n<li><a href=\"http:\/\/physics.uwb.edu.pl\/wf\/wp-content\/uploads\/2022\/02\/regulamin-pracowni-KFMS-2021.pdf\" target=\"_blank\" rel=\"noopener noreferrer\">Regulamin pracowni KFMS<\/a><\/li>\n<li><a href=\"http:\/\/physics.uwb.edu.pl\/wf\/wp-content\/uploads\/2020\/05\/regulamin-PBS.pdf\" target=\"_blank\" rel=\"noopener noreferrer\">Regulamin pracowni PBS<\/a><\/li>\n<li><a href=\"http:\/\/physics.uwb.edu.pl\/wf\/wp-content\/uploads\/2020\/05\/regulamin-PFZ\u015a.pdf\" target=\"_blank\" rel=\"noopener noreferrer\">Regulamin pracowni PFZ\u015a<\/a><\/li>\n<li><a href=\"http:\/\/physics.uwb.edu.pl\/wf\/wp-content\/uploads\/2020\/05\/plan-post\u0119powania-awaryjnego.pdf\" target=\"_blank\" rel=\"noopener noreferrer\">Plan podst\u0119powania awaryjnego<\/a><\/li>\n<\/ul>\n<ul>\n<li><a href=\"http:\/\/physics.uwb.edu.pl\/wf\/wp-content\/uploads\/2022\/02\/regulamin-pracowni-KFMS-2021.pdf\" target=\"_blank\" rel=\"noopener noreferrer\">Program szkole\u0144<\/a><\/li>\n<li><a href=\"http:\/\/physics.uwb.edu.pl\/wf\/wp-content\/uploads\/2020\/05\/program-zapewnienia-jako\u015bci.pdf\" target=\"_blank\" rel=\"noopener noreferrer\">Program zapewnienia jako\u015bci<\/a><\/li>\n<\/ul>\n<ul>\n<li><a href=\"http:\/\/physics.uwb.edu.pl\/wf\/wp-content\/uploads\/2022\/02\/instrukcja-awaryjna-zrodla-kalibracyjnego-2021.pdf\" target=\"_blank\" rel=\"noopener noreferrer\">Instrukcja awaryjna \u017ar\u00f3d\u0142a kalibracyjnego<\/a><\/li>\n<li><a href=\"http:\/\/physics.uwb.edu.pl\/wf\/wp-content\/uploads\/2022\/02\/instrukcja-awaryjna-zrodla-mossbauerowskiego-2021.pdf\" target=\"_blank\" rel=\"noopener noreferrer\">Instrukcja awaryjna \u017ar\u00f3d\u0142a mossbauerowskiego<\/a><\/li>\n<li><a href=\"http:\/\/physics.uwb.edu.pl\/wf\/wp-content\/uploads\/2022\/02\/instrukcja-stanowiskowa-ciaglej-kontroli-mocy-dawki-2021.pdf\" target=\"_blank\" rel=\"noopener noreferrer\">Instrukcja stanowiskowa ci\u0105g\u0142ej kontroli mocy dawki<\/a><\/li>\n<li><a href=\"http:\/\/physics.uwb.edu.pl\/wf\/wp-content\/uploads\/2022\/02\/instrukcja-bihp-przy-obsludze-dyfraktometru-rentgenowskiego-2021.pdf\">Instrukcja BHP przy obs\u0142udze defraktrometru rendgenowskiego &#8220;Empyrean&#8221;<\/a><\/li>\n<li><a href=\"http:\/\/physics.uwb.edu.pl\/wf\/wp-content\/uploads\/2022\/02\/metoda-badania-szczelnosci-zrodel-2021.pdf\" target=\"_blank\" rel=\"noopener noreferrer\">Metoda badania szczelno\u015bci \u017ar\u00f3de\u0142<\/a><\/li>\n<\/ul>\n<ul>\n<li><a href=\"http:\/\/physics.uwb.edu.pl\/wf\/wp-content\/uploads\/2020\/05\/projekt-pracowni-20141027.pdf\" target=\"_blank\" rel=\"noopener noreferrer\">Projekt pracowni<\/a><\/li>\n<li><a href=\"http:\/\/physics.uwb.edu.pl\/wf\/wp-content\/uploads\/2022\/02\/procedura-remontowa-zabezpieczenia-zrodel-2021.pdf\" target=\"_blank\" rel=\"noopener noreferrer\">Procedura remontowa zabezpieczania \u017ar\u00f3de\u0142<\/a><\/li>\n<\/ul>\n<ul>\n<li><a href=\"http:\/\/physics.uwb.edu.pl\/wf\/wp-content\/uploads\/2020\/05\/prawo-atomowe-2017-na-szkolenie.pdf\" target=\"_blank\" rel=\"noopener noreferrer\">Prawo atomowe 2017 (na szkolenie)<\/a><\/li>\n<\/ul>\n<ul>\n<li><a href=\"http:\/\/physics.uwb.edu.pl\/wf\/wp-content\/uploads\/2020\/05\/pismo-przewodnie-20141027.pdf\" target=\"_blank\" rel=\"noopener noreferrer\">Pismo przewodnie 20141027<\/a><\/li>\n<li><a href=\"http:\/\/physics.uwb.edu.pl\/wf\/wp-content\/uploads\/2020\/05\/pismo-przewodnie-20171027.pdf\" target=\"_blank\" rel=\"noopener noreferrer\">Pismo przewodnie 20171027<\/a><\/li>\n<li><a href=\"http:\/\/physics.uwb.edu.pl\/wf\/wp-content\/uploads\/2020\/05\/za\u0142\u0105cznik-nr-1.pdf\" target=\"_blank\" rel=\"noopener noreferrer\">Za\u0142\u0105cznik numer 1<\/a><\/li>\n<li><a href=\"http:\/\/physics.uwb.edu.pl\/wf\/wp-content\/uploads\/2020\/05\/za\u0142\u0105cznik-nr-1A.pdf\" target=\"_blank\" rel=\"noopener noreferrer\">Za\u0142\u0105cznik numer 1A<\/a><\/li>\n<li><a href=\"http:\/\/physics.uwb.edu.pl\/wf\/wp-content\/uploads\/2022\/02\/pismo-przewodnie-20210908.pdf\">Pismo przewodnie 20210908<\/a><\/li>\n<li><a href=\"http:\/\/physics.uwb.edu.pl\/wf\/wp-content\/uploads\/2022\/02\/zalacznik-1-2021.pdf\">Za\u0142\u0105cznik numer 1<\/a><\/li>\n<li><a href=\"http:\/\/physics.uwb.edu.pl\/wf\/wp-content\/uploads\/2022\/02\/zalacznik-1A-2021.pdf\">Za\u0142\u0105cznik numer 1A<\/a><\/li>\n<\/ul>\n<h3>Zezwolenia, \u015bwiadectwa, wnioski itp<\/h3>\n<ul>\n<li><a href=\"http:\/\/physics.uwb.edu.pl\/wf\/wp-content\/uploads\/2020\/05\/deklaracja-rtg-dyfraktometr-2011.pdf\" target=\"_blank\" rel=\"noopener noreferrer\">Deklaracja RTG dyfraktometr<\/a><\/li>\n<li><a href=\"http:\/\/physics.uwb.edu.pl\/wf\/wp-content\/uploads\/2022\/02\/ewidencja-posiadanych-zrodel-2021.pdf\">Ewidencja posiadanych \u017ar\u00f3de\u0142 2021<\/a><\/li>\n<li><a href=\"http:\/\/physics.uwb.edu.pl\/wf\/wp-content\/uploads\/2020\/05\/kontrola-rtg-2015.pdf\" target=\"_blank\" rel=\"noopener noreferrer\">Kontrola RTG 2015<\/a><\/li>\n<li><a href=\"http:\/\/physics.uwb.edu.pl\/wf\/wp-content\/uploads\/2020\/05\/kontrola-\u017ar\u00f3d\u0142a-2015.pdf\" target=\"_blank\" rel=\"noopener noreferrer\">Kontrola \u017ar\u00f3d\u0142a 2015<\/a>, <a href=\"http:\/\/physics.uwb.edu.pl\/wf\/wp-content\/uploads\/2022\/02\/kontrola-zrodla-20201231.pdf\">kontrola \u017ar\u00f3d\u0142a 2020<\/a>, <a href=\"http:\/\/physics.uwb.edu.pl\/wf\/wp-content\/uploads\/2022\/02\/kontrola-zrodla-20210714.pdf\">kontrola \u017ar\u00f3d\u0142a 2021<\/a><\/li>\n<li><a href=\"http:\/\/physics.uwb.edu.pl\/wf\/wp-content\/uploads\/2020\/05\/kontrola-upowa\u017cnienie-2015.pdf\" target=\"_blank\" rel=\"noopener noreferrer\">Upowa\u017cnienie do przeprowadzania kontroli 2015<\/a><\/li>\n<li><a href=\"http:\/\/physics.uwb.edu.pl\/wf\/wp-content\/uploads\/2020\/05\/Rust-3-\u015bw.-wzorc.-z-20190903.pdf\" target=\"_blank\" rel=\"noopener noreferrer\">RUST-3 &#8211; \u015bwiadectwo wzorcowania z dnia 20211104<\/a><\/li>\n<li><a href=\"http:\/\/physics.uwb.edu.pl\/wf\/wp-content\/uploads\/2020\/05\/wniosek-rtg-20141027.pdf\" target=\"_blank\" rel=\"noopener noreferrer\">Wniosek RTG<\/a><\/li>\n<li><a href=\"http:\/\/physics.uwb.edu.pl\/wf\/wp-content\/uploads\/2020\/05\/wniosek-\u017ar\u00f3d\u0142a-20141027.pdf\" target=\"_blank\" rel=\"noopener noreferrer\">Wniosek \u017ar\u00f3d\u0142a<\/a><\/li>\n<li><a href=\"http:\/\/physics.uwb.edu.pl\/wf\/wp-content\/uploads\/2020\/05\/wniosek-aneks-20171027.pdf\" target=\"_blank\" rel=\"noopener noreferrer\">Wniosek aneks<\/a><\/li>\n<li><a href=\"http:\/\/physics.uwb.edu.pl\/wf\/wp-content\/uploads\/2020\/05\/zezwolenie-nr-D-19196-\u017ar\u00f3d\u0142a-z-20141202.pdf\" target=\"_blank\" rel=\"noopener noreferrer\">Zezwolenie numer D-19196 (\u017ar\u00f3d\u0142a) z 20141202<\/a><\/li>\n<li><a href=\"http:\/\/physics.uwb.edu.pl\/wf\/wp-content\/uploads\/2020\/05\/aneks-nr1-do-D-19196-z-20180124.pdf\" target=\"_blank\" rel=\"noopener noreferrer\">Aneks numer 1 do D-19196 z 20180124<\/a><\/li>\n<li><a href=\"http:\/\/physics.uwb.edu.pl\/wf\/wp-content\/uploads\/2020\/05\/aneks-nr2-do-D-19196-z-20181210.pdf\" target=\"_blank\" rel=\"noopener noreferrer\">Aneks numer 2 do D-19196 z 20181210<\/a><\/li>\n<li><a href=\"http:\/\/physics.uwb.edu.pl\/wf\/wp-content\/uploads\/2020\/05\/zezwolenie-nr-D-19197-rtg-z-20141203.pdf\" target=\"_blank\" rel=\"noopener noreferrer\">Zezwolenie numer D-19197 (rtg) z 20141203<\/a><\/li>\n<li><a href=\"http:\/\/physics.uwb.edu.pl\/wf\/wp-content\/uploads\/2020\/05\/aneks-nr1-do-D-19197-z-20181210.pdf\" target=\"_blank\" rel=\"noopener noreferrer\">Aneks numer 1 do D-19197 z 20181210<\/a><\/li>\n<li><a href=\"http:\/\/physics.uwb.edu.pl\/wf\/wp-content\/uploads\/2020\/06\/zg\u0142oszenie-Nr-R-8676-1.pdf\">Zg\u0142oszenie nr R-8676<\/a><\/li>\n<\/ul>\n","protected":false},"excerpt":{"rendered":"<p>Regulaminy, instrukcje, programy, pisma Regulamin pracowni KFMS Regulamin pracowni PBS Regulamin pracowni PFZ\u015a Plan podst\u0119powania awaryjnego Program szkole\u0144 Program zapewnienia jako\u015bci Instrukcja awaryjna \u017ar\u00f3d\u0142a kalibracyjnego Instrukcja awaryjna \u017ar\u00f3d\u0142a mossbauerowskiego Instrukcja <a href=\"https:\/\/physics.uwb.edu.pl\/wf\/?page_id=2016\" class=\"more-link\">[&hellip;]<\/a><\/p>\n","protected":false},"author":2,"featured_media":0,"parent":218,"menu_order":0,"comment_status":"closed","ping_status":"closed","template":"","meta":{"ngg_post_thumbnail":0,"Layout":"1c","footnotes":""},"categories":[3],"tags":[],"class_list":["entry","author-dobrog","post-2016","page","type-page","status-publish","category-wydzialowe_pl"],"jetpack_sharing_enabled":true,"jetpack_shortlink":"https:\/\/wp.me\/P7nvcn-ww","_links":{"self":[{"href":"https:\/\/physics.uwb.edu.pl\/wf\/index.php?rest_route=\/wp\/v2\/pages\/2016","targetHints":{"allow":["GET"]}}],"collection":[{"href":"https:\/\/physics.uwb.edu.pl\/wf\/index.php?rest_route=\/wp\/v2\/pages"}],"about":[{"href":"https:\/\/physics.uwb.edu.pl\/wf\/index.php?rest_route=\/wp\/v2\/types\/page"}],"author":[{"embeddable":true,"href":"https:\/\/physics.uwb.edu.pl\/wf\/index.php?rest_route=\/wp\/v2\/users\/2"}],"replies":[{"embeddable":true,"href":"https:\/\/physics.uwb.edu.pl\/wf\/index.php?rest_route=%2Fwp%2Fv2%2Fcomments&post=2016"}],"version-history":[{"count":55,"href":"https:\/\/physics.uwb.edu.pl\/wf\/index.php?rest_route=\/wp\/v2\/pages\/2016\/revisions"}],"predecessor-version":[{"id":11103,"href":"https:\/\/physics.uwb.edu.pl\/wf\/index.php?rest_route=\/wp\/v2\/pages\/2016\/revisions\/11103"}],"up":[{"embeddable":true,"href":"https:\/\/physics.uwb.edu.pl\/wf\/index.php?rest_route=\/wp\/v2\/pages\/218"}],"wp:attachment":[{"href":"https:\/\/physics.uwb.edu.pl\/wf\/index.php?rest_route=%2Fwp%2Fv2%2Fmedia&parent=2016"}],"wp:term":[{"taxonomy":"category","embeddable":true,"href":"https:\/\/physics.uwb.edu.pl\/wf\/index.php?rest_route=%2Fwp%2Fv2%2Fcategories&post=2016"},{"taxonomy":"post_tag","embeddable":true,"href":"https:\/\/physics.uwb.edu.pl\/wf\/index.php?rest_route=%2Fwp%2Fv2%2Ftags&post=2016"}],"curies":[{"name":"wp","href":"https:\/\/api.w.org\/{rel}","templated":true}]}}