{"id":212,"date":"2016-02-23T22:42:07","date_gmt":"2016-02-23T21:42:07","guid":{"rendered":"http:\/\/physics.uwb.edu.pl\/wf\/?page_id=212"},"modified":"2019-02-15T12:29:55","modified_gmt":"2019-02-15T11:29:55","slug":"historia","status":"publish","type":"page","link":"https:\/\/physics.uwb.edu.pl\/wf\/?page_id=212","title":{"rendered":"Historia"},"content":{"rendered":"<h3>1.Rys historyczny rozwoju fizyki na Uniwersytecie w Bia\u0142ymstoku<\/h3>\n<p style=\"text-align: right\"><em>Aktualizacja<\/em>:&nbsp; 2019-02-09 19:01:00<\/p>\n<ul>\n<li style=\"list-style-type: none\">\n<ul>\n<li><b>Lata 50. XX wieku<\/b>Powstaje Studium Nauczycielskie z siedzib\u0105 przy ul. Mickiewicza 1. Studium Nauczycielskie m. in. kszta\u0142ci\u0142o na dwuletnich studiach nauczycieli szk\u00f3\u0142 podstawowych w zakresie fizyki i matematyki.<\/li>\n<li><b>1968<\/b><br \/>\nUtworzenie Filii Uniwersytetu Warszawskiego, z zadaniem prowadzenia studi\u00f3w w zakresie Wy\u017cszej Szko\u0142y Nauczycielskiej. Filia prowadzi\u0142a m. in. studia w zakresie matematyki z fizyk\u0105 oraz fizyki z chemi\u0105.<\/li>\n<li><b>1969<\/b><br \/>\nPowstaje <b>Zak\u0142ad Fizyki<\/b>&nbsp; (w ramach <strong>Wydzia\u0142u Matematyczno-Przyrodniczego<\/strong>) pod kierunkiem mgr Karola Masztalerza.<\/li>\n<li><b>1974<\/b><br \/>\nKierownictwo Zak\u0142adu Fizyki obejmuje doc. dr hab. Jan S. Brzosko.<\/li>\n<li><b>1975<\/b><br \/>\nPowo\u0142anie Pracowni Fizyki Wy\u0142adowa\u0144 Po\u015blizgowych (kierownik mgr Antoni Konarzewski).<\/li>\n<li><b>1976<\/b><br \/>\nPowo\u0142anie Pracowni Fizyki Magnetyk\u00f3w pod kierownictwem mgr Andrzeja Maziewskiego.<\/li>\n<li><b>1978<\/b><br \/>\nPowo\u0142anie Pracowni Fizyki Teoretycznej pod kierunkiem doc. dr hab. Micha\u0142a \u015awi\u0119ckiego.<\/li>\n<li><b>1981<\/b><br \/>\nZak\u0142ad Fizyki przekszta\u0142cono w <b>Katedr\u0119 Fizyki<\/b>, kt\u00f3r\u0105 kierowa\u0142 doc. dr hab. Micha\u0142 \u015awi\u0119cki.<\/li>\n<li><b>1983<\/b><br \/>\nFilia UW rozpocz\u0119\u0142a wydawanie (przy wsparciu PTA, PTF i PTM) miesi\u0119cznika matematyczno-przyrodniczego dla dzieci, zatytu\u0142owanego <b>Ma\u0142a Delta<\/b>. Miesi\u0119cznik ten od 1984 roku ukazywa\u0142 si\u0119 pod nazw\u0105 <b>Szkie\u0142ko i Oko<\/b>. Redaktorem naczelnym by\u0142 doc. dr hab. Micha\u0142 \u015awi\u0119cki.<\/li>\n<li><b>1984<\/b><br \/>\nPowstaje Pracownia Metod J\u0105drowych Fizyki Cia\u0142a Sta\u0142ego pod kierownictwem doc. dr hab. Ludwika Dobrzy\u0144skiego.<\/li>\n<li><b>1984<\/b><br \/>\nPowstaje Pracownia Fizyki Matematycznej pod kierunkiem doc. dr hab. Anatola Odzijewicza.<\/li>\n<li><strong>01.02.1991-1992<br \/>\n<\/strong>Katedr\u0105 Fizyki do swojej \u015bmierci kieruje doc. dr hab. Antoni Kuszell.<\/li>\n<li><b>1993<\/b><br \/>\nDo Katedry Fizyki w\u0142\u0105czono Zak\u0142ad Wychowania Technicznego (WT). Zak\u0142ad WT zosta\u0142 przekszta\u0142cony w Zak\u0142ad Edukacji Technicznej i Komputerowej (ZETIK), kt\u00f3rym kierowa\u0142 dr hab. Andrzej Krzysztof Kwa\u015bniewski.<\/li>\n<li><b>4 kwietnia 1993 r.<\/b><br \/>\nSenat UW wyrazi\u0142 zgod\u0119 na utworzenie <b>Instytutu Fizyki<\/b>. Pe\u0142ni\u0105cym obowi\u0105zki dyrektora instytutu zosta\u0142 prof. Micha\u0142 \u015awi\u0119cki.<\/li>\n<li><b>1 pa\u017adziernika 1993 r.<\/b><br \/>\nDyrektorem IF zostaje prof. Tadeusz Krogulski.<\/li>\n<li><b>29 kwietnia 1996 r.<\/b><br \/>\nInstytut Fizyki otrzyma\u0142 uprawnienia do nadawania stopnia doktora w dyscyplinie fizyka.<\/li>\n<li><b>1997<\/b><br \/>\nZ Zak\u0142adu Fizyki Teoretycznej wydzielono Zak\u0142ad Fizyki Nieliniowej i Analizy Harmonicznej kierowany przez prof. Aleksandra Strasburgera.<\/li>\n<li><b>1 wrze\u015bnia 1997 r.<\/b><br \/>\nRozpoczyna dzia\u0142alno\u015b\u0107 Wydzia\u0142 <b>Matematyczno-Fizyczny<\/b>, wyodr\u0119bniony z dotychczasowego Wydzia\u0142u Matematyczno-Przyrodniczego.<\/li>\n<li><b>1 pa\u017adziernika 1997 r.<\/b><br \/>\nUtworzenie Uniwersytetu w Bia\u0142ymstoku.<\/li>\n<li><b>1998<\/b><br \/>\nPod opiek\u0105 Zak\u0142adu Fizyki Magnetyk\u00f3w powstaje <b>Pracownia Dydaktyki Fizyki z Regionalnym Laboratorium Komputerowym do Nauczania Przedmiot\u00f3w Przyrodniczych<\/b>.<\/li>\n<li><b>1 pa\u017adziernika 1999 r.<\/b><br \/>\nUchwa\u0142\u0105 nr 81 Senatu UwB Instytut Fizyki zosta\u0142 podzielony na <b>Instytut Fizyki Do\u015bwiadczalnej<\/b>, <b>Instytut Fizyki Teoretycznej<\/b> i Instytut Informatyki. Pe\u0142ni\u0105cym obowi\u0105zki dyrektora IFD zostaje dr hab. Eugeniusz \u017bukowski. Dyrektorem IFT zostaje dr hab. Jan Cie\u015bli\u0144ski. Dr hab. A. K. Kwa\u015bniewski, prof. UwB wsp\u00f3\u0142organizuje Instytut Informatyki i zostaje jego pierwszym dyrektorem (od 1 listopada 1999&nbsp;r.)<\/li>\n<li><b>18 grudnia 2000 r.<\/b><br \/>\nUprawnienia do nadawania stopnia doktora w dyscyplinie fizyka uzyska\u0142a Rada Wydzia\u0142u Matematyczno &#8211; Fizycznego.<\/li>\n<li><b>2002<\/b><br \/>\nNa now\u0105 kadencj\u0119 od pa\u017adziernika dyrektorem IFD zostaje ponownie wybrany prof. Eugeniusz \u017bukowski, dyrektorem IFT zostaje prof. Piotr Jaranowski.<\/li>\n<li><b>2005<\/b><br \/>\nOd 1 pa\u017adziernika dyrektorem IFD zostaje prof. dr hab. Andrzej Maziewski, a prof. Jerzy Przeszowski &#8211; dyrektorem IFT (od lutego 2006&nbsp;r.).<\/li>\n<li><b>2005<\/b><br \/>\nZak\u0142ad Fizyki Matematycznej przechodzi do Instytutu Matematyki; z Zak\u0142adu Teorii Pola wyodr\u0119bnia si\u0119 Zak\u0142ad Astronomii i Astrofizyki.<\/li>\n<li><b>2006 <\/b><br \/>\nZak\u0142ad Spektroskopii Optycznej Fazy Skondensowanej przechodzi do Instytutu Informatyki.<\/li>\n<li><b>28 marca 2007 r.<\/b><br \/>\nUchwa\u0142\u0105 nr 514 Senatu UwB w sprawie zmian w strukturze organizacyjnej UwB z dniem 1 wrze\u015bnia 2007 r. z Wydzia\u0142u Matematyczno-Fizycznego wyodr\u0119bniono <b>Wydzia\u0142 Fizyki<\/b> i Wydzia\u0142 Matematyki i Informatyki.<\/li>\n<li><b>4 czerwca 2007 r.<\/b><br \/>\nKolegium Elektor\u00f3w wybra\u0142o <b>prof. dr hab. Ludwika Dobrzy\u0144skiego<\/b> na dziekana Wydzia\u0142u Fizyki UwB na kadencj\u0119 1.09.2007-31.08.2008. Prodziekanami zostali: prof. Miros\u0142aw Brewczyk i dr hab. Zbigniew Hasiewicz.<\/li>\n<li><b>1 wrze\u015bnia 2007 r.<\/b><br \/>\nRozpoczyna dzia\u0142alno\u015b\u0107 Wydzia\u0142 Fizyki UwB.<\/li>\n<li><b>28 kwietnia 2008 r.<\/b><br \/>\nWydzia\u0142 Fizyki otrzymuje uprawnienia do nadawania stopnia naukowego doktora nauk fizycznych w dyscyplinie fizyka.<\/li>\n<li><b>2008<\/b><br \/>\nPocz\u0105tek prac nad projektem nowego budynku Wydzia\u0142u Fizyki w kampusie uniwersyteckim.<\/li>\n<li><b>1 wrze\u015bnia 2008 r.<\/b><br \/>\nPocz\u0105tek drugiej kadencji (2008-2012) w\u0142adz dzieka\u0144skich (prof. Eugeniusz \u017bukowski, prof. Marek Kisielewski, dr hab. Zbigniew Hasiewicz).<\/li>\n<li><b>7 grudnia 2008 r.<\/b><br \/>\nRozstrzygni\u0119cie konkursu na projekt architektoniczny kampusu UwB przy ul. K.Cio\u0142kowskiego.<\/li>\n<li><b>1 pa\u017adziernika 2009 r.<\/b><br \/>\nUruchomienie nowej specjalno\u015bci studi\u00f3w I stopnia &#8220;fizyka medyczna&#8221; we wsp\u00f3\u0142pracy z Bia\u0142ostockim Centrum Onkologii.<\/li>\n<li><b>30 wrze\u015bnia 2010 r.<\/b><br \/>\nWydzia\u0142 Fizyki uzyskuje najwy\u017csz\u0105 kategori\u0119 A w ocenie parametrycznej jednostek naukowych (Komunikat nr 19 Ministra Nauki i Szkolnictwa Wy\u017cszego).<\/li>\n<li><b>wiosna 2011 r.<\/b><br \/>\nPocz\u0105tek budowy kampusu uniwersyteckiego z nowym budynkiem Wydzia\u0142u Fizyki.<\/li>\n<li><b>10 pa\u017adziernika 2011 r.<\/b><br \/>\nWmurowanie kamienia w\u0119gielnego pod kampus UwB.<\/li>\n<li><b>1 wrze\u015bnia 2012 r.<\/b><br \/>\nPocz\u0105tek trzeciej kadencji (2012-2016) w\u0142adz dzieka\u0144skich (prof. Eugeniusz \u017bukowski, prof. Marek Kisielewski, dr hab. Zbigniew Hasiewicz).<\/li>\n<li><b>1 pa\u017adziernika 2012 r.<\/b><br \/>\nUruchomienie studi\u00f3w II stopnia z fizyki medycznej. Pocz\u0105tek wdra\u017cania Krajowych Ram Kwalifikacji na studiach I i II stopnia.<\/li>\n<li><b>20 czerwca 2013 r.<\/b><br \/>\nPozytywna ocena Polskiej Komisji Akredytacyjnej po wizytacji Wydzia\u0142u Fizyki (ocena programowa) w dniach 10-11 grudnia 2012&nbsp;r.<\/li>\n<li><b>30 wrze\u015bnia 2013 r.<\/b><br \/>\nWydzia\u0142 Fizyki uzyskuje kategori\u0119 naukow\u0105 A w ocenie parametrycznej jednostek naukowych za lata 2009-2012.<\/li>\n<li><b>wiosna 2014 r.<\/b><br \/>\nZako\u0144czenie budowy kampusu.<\/li>\n<li><b>wrzesie\u0144 2014 r.<\/b><br \/>\nPozwolenie na u\u017cytkowanie kampusu.<\/li>\n<li><b>1 pa\u017adziernika 2014 r.<\/b><br \/>\nPierwsza Inauguracja Roku Akademickiego 2014\/2015 na Wydziale Fizyki w nowym budynku w kampusie.<\/li>\n<li><b>pa\u017adziernik 2014 r. &#8211; czerwiec 2015 r.<\/b><br \/>\nPrzeprowadzka Wydzia\u0142u Fizyki do kampusu UwB.<\/li>\n<li><b>7 pa\u017adziernika 2015 r.<\/b><br \/>\nUroczyste otwarcie kampusu UwB z nowym budynkiem Wydzia\u0142u Fizyki.<\/li>\n<li><b>26 pa\u017adziernika 2015 r.<\/b><br \/>\nWydzia\u0142 Fizyki otrzymuje uprawnienia do nadawania stopnia naukowego doktora habilitowanego nauk fizycznych w dyscyplinie fizyka.<\/li>\n<li><b>24 lutego 2016 r.<\/b><br \/>\nUchwa\u0142a Senatu nr 1840 w sprawie realizacji inwestycji pn. \u201eBudowa Obserwatorium Astronomicznego z Planetarium i Parkiem Do\u015bwiadcze\u0144 w Kampusie Uniwersytetu w Bia\u0142ymstoku\u201d.<\/li>\n<li><b> 29 lutego 2016 r.<\/b><br \/>\nZarz\u0105dzenie nr 7 Rektora UwB w sprawie utworzenia na Wydziale Fizyki studi\u00f3w doktoranckich w zakresie fizyki.<\/li>\n<li><strong>27 kwietnia 2018 r.<\/strong><br \/>\nWydzia\u0142 Fizyki uzyskuje kategori\u0119 naukow\u0105 A w ocenie parametrycznej jednostek naukowych za lata 2013-2016.<\/li>\n<\/ul>\n<\/li>\n<\/ul>\n<p>&nbsp;<\/p>\n<p>&nbsp;<\/p>\n<p><i>Pro memoria:<\/i> &nbsp;(<em>stan na luty 2019 r.<\/em>) W ci\u0105gu ponad 50 lat historii rozwoju fizyki w bia\u0142ostockim o\u015brodku uniwersyteckim zmarli nast\u0119puj\u0105cy pracownicy: dr Romuald Subieta (po 1990), dr Mieczys\u0142aw Pawlik (1989&nbsp;r.), dr Edward Stefanowicz (zgin\u0105\u0142 tragicznie w 1994 r.), doc. dr hab. Antoni Kuszell (1992&nbsp;r.),&nbsp; dr Antoni Konarzewski (2004&nbsp;r.), mgr Andrzej Szczekowski (2007&nbsp;r.), in\u017c. J\u00f3zef Mucha (2010&nbsp;r.), prof. Wiktor Tarasenko (2011&nbsp;r.), prof. Andrzej Krzysztof Kwa\u015bniewski (2011&nbsp;r.), prof. Micha\u0142 Leonard \u015awi\u0119cki (2013&nbsp;r.), prof. Grzegorz Aleksander Sitarski (2015&nbsp;r.).<\/p>\n<p>&nbsp;<\/p>\n<hr>\n<p>prof. dr hab. Eugeniusz \u017bukowski<\/p>\n<p>\/na podstawie notatek w\u0142asnych, dost\u0119pnych opracowa\u0144 i materia\u0142\u00f3w archiwalnych UwB, wspomnie\u0144 pracownik\u00f3w i fragment\u00f3w pracy licencjackiej Magdaleny Pi\u0105tkowskiej-G\u0142owackiej: <strong><em>Historia rozwoju fizyki w Uniwersytecie w Bia\u0142ymstoku<\/em><\/strong>, Bia\u0142ystok 2006, promotor dr hab. Eugeniusz \u017bukowski, prof. UwB\/<\/p>\n","protected":false},"excerpt":{"rendered":"<p>1.Rys historyczny rozwoju fizyki na Uniwersytecie w Bia\u0142ymstoku Aktualizacja:&nbsp; 2019-02-09 19:01:00 Lata 50. XX wiekuPowstaje Studium Nauczycielskie z siedzib\u0105 przy ul. Mickiewicza 1. Studium Nauczycielskie m. in. kszta\u0142ci\u0142o na dwuletnich <a href=\"https:\/\/physics.uwb.edu.pl\/wf\/?page_id=212\" class=\"more-link\">[&hellip;]<\/a><\/p>\n","protected":false},"author":2,"featured_media":0,"parent":592,"menu_order":80,"comment_status":"closed","ping_status":"closed","template":"","meta":{"ngg_post_thumbnail":0,"Layout":"1c","footnotes":""},"categories":[3],"tags":[],"class_list":["entry","author-dobrog","post-212","page","type-page","status-publish","category-wydzialowe_pl"],"jetpack_sharing_enabled":true,"jetpack_shortlink":"https:\/\/wp.me\/P7nvcn-3q","_links":{"self":[{"href":"https:\/\/physics.uwb.edu.pl\/wf\/index.php?rest_route=\/wp\/v2\/pages\/212","targetHints":{"allow":["GET"]}}],"collection":[{"href":"https:\/\/physics.uwb.edu.pl\/wf\/index.php?rest_route=\/wp\/v2\/pages"}],"about":[{"href":"https:\/\/physics.uwb.edu.pl\/wf\/index.php?rest_route=\/wp\/v2\/types\/page"}],"author":[{"embeddable":true,"href":"https:\/\/physics.uwb.edu.pl\/wf\/index.php?rest_route=\/wp\/v2\/users\/2"}],"replies":[{"embeddable":true,"href":"https:\/\/physics.uwb.edu.pl\/wf\/index.php?rest_route=%2Fwp%2Fv2%2Fcomments&post=212"}],"version-history":[{"count":10,"href":"https:\/\/physics.uwb.edu.pl\/wf\/index.php?rest_route=\/wp\/v2\/pages\/212\/revisions"}],"predecessor-version":[{"id":9265,"href":"https:\/\/physics.uwb.edu.pl\/wf\/index.php?rest_route=\/wp\/v2\/pages\/212\/revisions\/9265"}],"up":[{"embeddable":true,"href":"https:\/\/physics.uwb.edu.pl\/wf\/index.php?rest_route=\/wp\/v2\/pages\/592"}],"wp:attachment":[{"href":"https:\/\/physics.uwb.edu.pl\/wf\/index.php?rest_route=%2Fwp%2Fv2%2Fmedia&parent=212"}],"wp:term":[{"taxonomy":"category","embeddable":true,"href":"https:\/\/physics.uwb.edu.pl\/wf\/index.php?rest_route=%2Fwp%2Fv2%2Fcategories&post=212"},{"taxonomy":"post_tag","embeddable":true,"href":"https:\/\/physics.uwb.edu.pl\/wf\/index.php?rest_route=%2Fwp%2Fv2%2Ftags&post=212"}],"curies":[{"name":"wp","href":"https:\/\/api.w.org\/{rel}","templated":true}]}}