{"id":2147,"date":"2016-04-07T09:21:04","date_gmt":"2016-04-07T07:21:04","guid":{"rendered":"http:\/\/physics.uwb.edu.pl\/wf\/?page_id=2147"},"modified":"2017-07-18T13:28:13","modified_gmt":"2017-07-18T11:28:13","slug":"doktoraty","status":"publish","type":"page","link":"https:\/\/physics.uwb.edu.pl\/wf\/?page_id=2147","title":{"rendered":"Doktoraty"},"content":{"rendered":"<p><a href=\"http:\/\/physics.uwb.edu.pl\/main\/fizyka\/doktoraty\/regulaminPD.pdf\"><u><b>Regulamin przeprowadzania przewod\u00f3w doktorskich na Wydziale Fizyki UwB<\/b><\/u><\/a><\/p>\n<p>&nbsp;<\/p>\n<p><!--\n\n\n<h3>Otwarte przewody doktorskie na Wydziale Fizyki<\/h3>\n\n\n&nbsp;\n\nTytu\u0142 rozprawy - je\u015bli aktywny - prowadzi do jej streszczenia. Analogicznie nazwisko recenzenta pokazuje jego ocen\u0119 pracy.\n\n&nbsp;\n\n\n<table class=\"padded\" rules=\"all\" border=\"2\">\n\n\n<tbody>\n\n\n<tr bgcolor=\"#D0D0D0\">\n\n\n<th width=\"130\">Doktorant(ka)<\/th>\n\n\n\n\n<th width=\"170\">Tytu\u0142 rozprawy<\/th>\n\n\n\n\n<th width=\"200\">Promotor<\/th>\n\n\n\n\n<th width=\"300\">Recenzenci<\/th>\n\n\n<\/tr>\n\n\n\n\n<tr>\n\n\n<td>&nbsp;mgr ..<\/td>\n\n\n\n\n<td><a href=\"http:\/\/physics.uwb.edu.pl\/main\/fizyka\/doktoraty\/strKS.pdf\">&nbsp;Ultraszybki ..<\/a><\/td>\n\n\n\n\n<td>&nbsp;dr hab. Andrzej Stupakiewicz, prof. UwB<\/td>\n\n\n\n\n<td><a href=\"http:\/\/physics.uwb.edu.pl\/main\/fizyka\/doktoraty\/rec2KS.pdf\">&nbsp;prof. dr hab. J\u00f3zef Korecki<\/a>\n<a href=\"http:\/\/physics.uwb.edu.pl\/main\/fizyka\/doktoraty\/rec1KS.pdf\">&nbsp;prof. dr hab. Feliks Stobiecki<\/a><\/td>\n\n\n<\/tr>\n\n\n--><\/p>\n<h3>Uzyskane na Wydziale Fizyki stopnie doktora nauk fizycznych w zakresie fizyki<\/h3>\n<p>&nbsp;<\/p>\n<p>(Tytu\u0142 rozprawy &#8211; je\u015bli aktywny &#8211; prowadzi do jej streszczenia.)<\/p>\n<table class=\"padded\" rules=\"all\" border=\"2\">\n<tbody>\n<tr bgcolor=\"#D0D0D0\">\n<th width=\"125\">Osoba<\/th>\n<th width=\"95\">Data uzyskania stopnia doktora<\/th>\n<th width=\"230\">Tytu\u0142 rozprawy<\/th>\n<th width=\"200\">Promotor<\/th>\n<\/tr>\n<tr>\n<td>dr Anna Go<\/td>\n<td>17.11.2008<\/td>\n<td>Rozk\u0142ad domieszek i moment\u00f3w magnetycznych w stopach Fe3-x Tx (Si,Al), gdzie T- metal przej\u015bciowy<\/td>\n<td>prof. dr hab. Ludwik Dobrzy\u0144ski<\/td>\n<\/tr>\n<tr>\n<td>dr Jan \u017bochowski<\/td>\n<td>17.11.2008<\/td>\n<td>Zale\u017cna od masy transformata Fouriera w teorii pola na froncie \u015bwietlnym<\/td>\n<td>dr hab. Jerzy Przeszowski, prof. UwB<\/td>\n<\/tr>\n<tr>\n<td>dr Cezary Jan Walczyk<\/td>\n<td>22.06.2009<\/td>\n<td>Klasyczne i kwantowe uk\u0142ady relatywistyczne z wysokim spinem<\/td>\n<td>dr hab. Zbigniew Hasiewicz<\/td>\n<\/tr>\n<tr>\n<td>dr Krzysztof Gawryluk<\/td>\n<td>19.04.2011<\/td>\n<td>Efekt Einsteina \u2013 de Haasa w kondensacie Bosego-Einsteina atom\u00f3w alkalicznych<\/td>\n<td>dr hab. Miros\u0142aw Brewczyk, prof. UwB<\/td>\n<\/tr>\n<tr>\n<td>dr Marek Brancewicz<\/td>\n<td>14.11.2011<\/td>\n<td><a href=\"http:\/\/physics.uwb.edu.pl\/main\/fizyka\/doktoraty\/strMB.pdf\">Spektroskopia komptonowska wybranych metali o strukturze heksagonalnej<\/a><\/td>\n<td>dr hab. Eugeniusz \u017bukowski, prof. UwB<\/td>\n<\/tr>\n<tr>\n<td>dr Piotr Andrzej Zaleski<\/td>\n<td>10.12.2012<\/td>\n<td>Badanie w\u0142asno\u015bci magnetycznych stopu Cr3Si z domieszkami z grupy 3d<\/td>\n<td>dr hab. Krzysztof Szyma\u0144ski, prof. UwB<\/td>\n<\/tr>\n<tr>\n<td>dr Andrzej Pisarski<\/td>\n<td>15.04.2013<\/td>\n<td><a href=\"http:\/\/physics.uwb.edu.pl\/main\/fizyka\/doktoraty\/strAP.pdf\">Konstrukcja efektywnych sieci filtr\u00f3w w detekcji prawie harmonicznych fal grawitacyjnych emitowanych przez rotuj\u0105ce gwiazdy neutronowe<\/a><\/td>\n<td>dr hab. Piotr Jaranowski, prof. UwB<\/td>\n<\/tr>\n<tr>\n<td>dr Wojciech Olszewski<\/td>\n<td>4.06.2013<\/td>\n<td><a href=\"http:\/\/physics.uwb.edu.pl\/main\/fizyka\/doktoraty\/strWO.pdf\">Lokalna struktura jonu \u017celaza w wybranych elektrolitach oraz perspektywy ich zastosowa\u0144<\/a><\/td>\n<td>dr hab. Krzysztof Szyma\u0144ski, prof. UwB<\/td>\n<\/tr>\n<tr>\n<td>dr Jan Kisielewski<\/td>\n<td>8.07.2013<\/td>\n<td><a href=\"http:\/\/physics.uwb.edu.pl\/main\/fizyka\/doktoraty\/strJK.pdf\">Controlling the magnetic anisotropy in ultrathin metallic films<\/a><\/td>\n<td>prof. dr hab. Andrzej Maziewski<br \/>\n(kopromotor: prof. Theo Rasing)<\/td>\n<\/tr>\n<tr>\n<td>dr Piotr Mazalski<\/td>\n<td>8.07.2013<\/td>\n<td><a href=\"http:\/\/physics.uwb.edu.pl\/main\/fizyka\/doktoraty\/strPM.pdf\">Wp\u0142yw na\u015bwietlania jonami Ga na w\u0142a\u015bciwo\u015bci magnetyczne warstwy Pt\/Co\/Pt<\/a><\/td>\n<td>dr hab. Marek Kisielewski, prof. UwB (promotor pomocniczy: dr Ryszard Gieniusz)<\/td>\n<\/tr>\n<tr>\n<td>dr El\u017cbieta Dzimida-Chmielewska<\/td>\n<td>3.07.2014<\/td>\n<td><a href=\"http:\/\/physics.uwb.edu.pl\/main\/fizyka\/doktoraty\/strECh.pdf\">Symetria cechowania i transformacja Lorentza dla 2-punktowych funkcji Wightmana w elektrodynamice kwantowej dla 2-potencja\u0142owego modelu Zwanzigera<\/a><\/td>\n<td>dr hab. Jerzy Przeszowski, prof. UwB<\/td>\n<\/tr>\n<tr>\n<td>dr Vladimir Bessonov<\/td>\n<td>8.12.2014<\/td>\n<td><a href=\"http:\/\/physics.uwb.edu.pl\/main\/fizyka\/doktoraty\/strVB.pdf\">Magnetization dynamics in patterned thin films<\/a><\/td>\n<td>dr hab. Marek Kisielewski, prof. UwB<br \/>\n(promotor pomocniczy: dr Ryszard Gieniusz)<\/td>\n<\/tr>\n<tr>\n<td>dr Mikhail Pashkevich<\/td>\n<td>26.01.2015<\/td>\n<td><a href=\"http:\/\/physics.uwb.edu.pl\/main\/fizyka\/doktoraty\/strMP.pdf\">Ultrafast light-induced magnetization dynamics in Co\/garnet heterostructures<\/a><\/td>\n<td>dr hab. Andrei Stupakevich, prof. UwB<\/td>\n<\/tr>\n<tr>\n<td>dr Nadeem Tahir<\/td>\n<td>11.01.2016<\/td>\n<td><a href=\"http:\/\/physics.uwb.edu.pl\/main\/fizyka\/doktoraty\/strNT.pdf\">Statics and dynamics of magnetization in: patterned permaloy and ion irradiated Co and FeAl nanostructures<\/a><\/td>\n<td>dr hab. Ryszard Gieniusz<\/td>\n<\/tr>\n<tr>\n<td>dr Sergii Parchenko<\/td>\n<td>25.01.2016<\/td>\n<td><a href=\"http:\/\/physics.uwb.edu.pl\/main\/fizyka\/doktoraty\/strSP.pdf\">Laser-induced spin dynamics in multisublattice ferrimagnetic dielectrics<\/a><\/td>\n<td>dr hab. Andrei Stupakevich, prof. UwB<\/td>\n<\/tr>\n<tr>\n<td>dr Krzysztof Szerenos<\/td>\n<td>29.05.2017<\/td>\n<td><a href=\"http:\/\/physics.uwb.edu.pl\/main\/fizyka\/doktoraty\/strKS.pdf\">Ultraszybki nietermiczny zapis fotomagnetyczny w dielektrykach<\/a><\/td>\n<td>dr hab. Andrei Stupakevich, prof. UwB<\/td>\n<\/tr>\n<\/tbody>\n<\/table>\n","protected":false},"excerpt":{"rendered":"<p>Regulamin przeprowadzania przewod\u00f3w doktorskich na Wydziale Fizyki UwB &nbsp; Uzyskane na Wydziale Fizyki stopnie doktora nauk fizycznych w zakresie fizyki &nbsp; (Tytu\u0142 rozprawy &#8211; je\u015bli aktywny &#8211; prowadzi do jej <a href=\"https:\/\/physics.uwb.edu.pl\/wf\/?page_id=2147\" class=\"more-link\">[&hellip;]<\/a><\/p>\n","protected":false},"author":2,"featured_media":2148,"parent":430,"menu_order":0,"comment_status":"closed","ping_status":"closed","template":"","meta":{"ngg_post_thumbnail":0,"Layout":"1c","footnotes":""},"categories":[42],"tags":[],"class_list":["entry","author-dobrog","post-2147","page","type-page","status-publish","has-post-thumbnail","category-nauka_pl"],"jetpack_sharing_enabled":true,"jetpack_shortlink":"https:\/\/wp.me\/P7nvcn-yD","_links":{"self":[{"href":"https:\/\/physics.uwb.edu.pl\/wf\/index.php?rest_route=\/wp\/v2\/pages\/2147","targetHints":{"allow":["GET"]}}],"collection":[{"href":"https:\/\/physics.uwb.edu.pl\/wf\/index.php?rest_route=\/wp\/v2\/pages"}],"about":[{"href":"https:\/\/physics.uwb.edu.pl\/wf\/index.php?rest_route=\/wp\/v2\/types\/page"}],"author":[{"embeddable":true,"href":"https:\/\/physics.uwb.edu.pl\/wf\/index.php?rest_route=\/wp\/v2\/users\/2"}],"replies":[{"embeddable":true,"href":"https:\/\/physics.uwb.edu.pl\/wf\/index.php?rest_route=%2Fwp%2Fv2%2Fcomments&post=2147"}],"version-history":[{"count":19,"href":"https:\/\/physics.uwb.edu.pl\/wf\/index.php?rest_route=\/wp\/v2\/pages\/2147\/revisions"}],"predecessor-version":[{"id":5911,"href":"https:\/\/physics.uwb.edu.pl\/wf\/index.php?rest_route=\/wp\/v2\/pages\/2147\/revisions\/5911"}],"up":[{"embeddable":true,"href":"https:\/\/physics.uwb.edu.pl\/wf\/index.php?rest_route=\/wp\/v2\/pages\/430"}],"wp:featuredmedia":[{"embeddable":true,"href":"https:\/\/physics.uwb.edu.pl\/wf\/index.php?rest_route=\/wp\/v2\/media\/2148"}],"wp:attachment":[{"href":"https:\/\/physics.uwb.edu.pl\/wf\/index.php?rest_route=%2Fwp%2Fv2%2Fmedia&parent=2147"}],"wp:term":[{"taxonomy":"category","embeddable":true,"href":"https:\/\/physics.uwb.edu.pl\/wf\/index.php?rest_route=%2Fwp%2Fv2%2Fcategories&post=2147"},{"taxonomy":"post_tag","embeddable":true,"href":"https:\/\/physics.uwb.edu.pl\/wf\/index.php?rest_route=%2Fwp%2Fv2%2Ftags&post=2147"}],"curies":[{"name":"wp","href":"https:\/\/api.w.org\/{rel}","templated":true}]}}