{"id":216,"date":"2016-02-23T23:00:55","date_gmt":"2016-02-23T22:00:55","guid":{"rendered":"http:\/\/physics.uwb.edu.pl\/wf\/?page_id=216"},"modified":"2021-10-19T17:29:25","modified_gmt":"2021-10-19T15:29:25","slug":"zaklad-astronomii-i-astrofizyki-2","status":"publish","type":"page","link":"https:\/\/physics.uwb.edu.pl\/wf\/?page_id=216","title":{"rendered":"Pracownia Astronomii i Astrofizyki"},"content":{"rendered":"<div id=\"pl-216\"  class=\"panel-layout\" ><div id=\"pg-216-0\"  class=\"panel-grid panel-no-style\" ><div id=\"pgc-216-0-0\"  class=\"panel-grid-cell\" ><div id=\"panel-216-0-0-0\" class=\"so-panel widget widget_sow-editor panel-first-child panel-last-child\" data-index=\"0\" ><div\n\t\t\t\n\t\t\tclass=\"so-widget-sow-editor so-widget-sow-editor-base\"\n\t\t\t\n\t\t>\n<div class=\"siteorigin-widget-tinymce textwidget\">\n\t<div class=\"sekcja\">\n<h2 class=\"sekcja_tytul\">Pracownia Astronomii i Astrofizyki<\/h2>\n<\/div>\n<\/div>\n<\/div><\/div><\/div><\/div><div id=\"pg-216-1\"  class=\"panel-grid panel-no-style\" ><div id=\"pgc-216-1-0\"  class=\"panel-grid-cell\" ><div id=\"panel-216-1-0-0\" class=\"so-panel widget widget_sow-editor panel-first-child panel-last-child\" data-index=\"1\" ><div\n\t\t\t\n\t\t\tclass=\"so-widget-sow-editor so-widget-sow-editor-base\"\n\t\t\t\n\t\t>\n<div class=\"siteorigin-widget-tinymce textwidget\">\n\t<div class=\"sekcja\">\n<h2 class=\"sekcja_tytul\"><a href=\"http:\/\/physics.uwb.edu.pl\/wf\/?attachment_id=1109\" rel=\"attachment wp-att-1109\"><img loading=\"lazy\" decoding=\"async\" class=\"size-full wp-image-1109 alignleft\" src=\"http:\/\/physics.uwb.edu.pl\/wf\/wp-content\/uploads\/2016\/02\/il1_20150618090657.jpg\" alt=\"il1_20150618090657\" width=\"196\" height=\"130\" srcset=\"https:\/\/physics.uwb.edu.pl\/wf\/wp-content\/uploads\/2016\/02\/il1_20150618090657.jpg 196w, https:\/\/physics.uwb.edu.pl\/wf\/wp-content\/uploads\/2016\/02\/il1_20150618090657-150x99.jpg 150w\" sizes=\"auto, (max-width: 196px) 100vw, 196px\" \/><\/a><\/h2>\n<\/div>\n<\/div>\n<\/div><\/div><\/div><div id=\"pgc-216-1-1\"  class=\"panel-grid-cell\" ><div id=\"panel-216-1-1-0\" class=\"so-panel widget widget_sow-editor panel-first-child panel-last-child\" data-index=\"2\" ><div\n\t\t\t\n\t\t\tclass=\"so-widget-sow-editor so-widget-sow-editor-base\"\n\t\t\t\n\t\t>\n<div class=\"siteorigin-widget-tinymce textwidget\">\n\t<div class=\"sekcja\">\n<p>Kierownik:&nbsp;<strong>prof. dr hab. Piotr Jaranowski<\/strong><\/p>\n<div class=\"sekcja_tytul\">Pok\u00f3j: 2039<\/div>\n<div class=\"sekcja_tytul\">Telefon: 85-745 72 63<br \/>\nE-mail: <a href=\"mailto:p.jaranowski@uwb.edu.pl\"><u>p.jaranowski@uwb.edu.pl<\/u><\/a><br \/>\nWWW: <a href=\"http:\/\/212.33.71.131\/~pio\/\">http:\/\/212.33.71.131\/~pio\/<\/a><\/div>\n<\/div>\n<\/div>\n<\/div><\/div><\/div><\/div><div id=\"pg-216-2\"  class=\"panel-grid panel-no-style\" ><div id=\"pgc-216-2-0\"  class=\"panel-grid-cell\" ><div id=\"panel-216-2-0-0\" class=\"so-panel widget widget_sow-editor panel-first-child panel-last-child\" data-index=\"3\" ><div\n\t\t\t\n\t\t\tclass=\"so-widget-sow-editor so-widget-sow-editor-base\"\n\t\t\t\n\t\t>\n<div class=\"siteorigin-widget-tinymce textwidget\">\n\t<div>\n<h3>Pracownicy<\/h3>\n<\/div>\n<div class=\"sekcja_tytul\">\n<a href=\"https:\/\/physics.uwb.edu.pl\/wf\/?pracownik=piotr-jaranowski\">\r\nprof. dr hab. <strong> Piotr Jaranowski<\/strong>  \r\n <\/a>\r\n - kierownik zak\u0142adu\r\n<br><a href=\"https:\/\/physics.uwb.edu.pl\/wf\/?pracownik=marek-nikolajuk\">\r\ndr hab. <strong> Marek Niko\u0142ajuk<\/strong>  \r\n , prof. UwB <\/a>\r\n\r\n<br><a href=\"https:\/\/physics.uwb.edu.pl\/wf\/?pracownik=andrzej-pisarski\">\r\ndr <strong> Andrzej Pisarski<\/strong>  \r\n <\/a>\r\n\r\n<br><a href=\"https:\/\/physics.uwb.edu.pl\/wf\/?pracownik=andrzej-branicki\">\r\nmgr <strong> Andrzej Branicki<\/strong>  \r\n <\/a>\r\n\r\n<br>\n<\/div>\n<div class=\"sekcja\">\n<div class=\"sekcja_tytul\">&nbsp;<\/div>\n<div class=\"sekcja_tytul\"><strong>Tematyka bada\u0144<\/strong><\/div>\n<ol>\n<li class=\"sekcja_tytul\"><b>Astronomia fal grawitacyjnych: <\/b>poszukiwanie fal grawitacyjnych w danych zbieranych przez wsp\u00f3\u0142cze\u015bnie dzia\u0142aj\u0105ce detektory fal grawitacyjnych (interferometry zbudowane w ramach projekt\u00f3w VIRGO, LIGO, GEO600 i detektory rezonansowe) oraz odkodowywanie zawartych w falach grawitacyjnych informacji o wytwarzaj\u0105cych je obiektach astrofizycznych.<\/li>\n<li class=\"sekcja_tytul\"><b>Relatywistyczny problem wielu cia\u0142: <\/b>badanie ruchu i promieniowania grawitacyjnego uk\u0142adu cia\u0142 oddzia\u0142uj\u0105cych grawitacyjnie zgodnie z og\u00f3ln\u0105 teori\u0105 wzgl\u0119dno\u015bci.<\/li>\n<li class=\"sekcja_tytul\"><b>Astrofizyka galaktyk o aktywnych j\u0105drach i rentgenowskich uk\u0142ad\u00f3w podw\u00f3jnych (dr hab. Marek Niko\u0142ajuk):<br \/>\n<\/b><\/p>\n<ol>\n<li class=\"sekcja_tytul\">akrecja na czarne dziury (supermasywne i gwiazdowe), w tym procesy promieniste oraz analiza widmowa dysk\u00f3w,<\/li>\n<li class=\"sekcja_tytul\">analiza szereg\u00f3w czasowych - badanie zmienno\u015bci rentgenowskich, ultrafioletowych i optycznych wspomnianych obiekt\u00f3w,<\/li>\n<li class=\"sekcja_tytul\">analiza obszar\u00f3w powstawania szerokich linii emisyjnych (BELR),<\/li>\n<li class=\"sekcja_tytul\">\"wa\u017cenie\" supermasywnych czarnych dziur,<\/li>\n<li class=\"sekcja_tytul\">studia galaktyk Seyferta (BLS1 oraz NLS1),<\/li>\n<li class=\"sekcja_tytul\">studia kwazar\u00f3w normalnych (QSO type 1), o s\u0142abych liniach emisyjnych (WLQ) i z szerokimi liniami absorpcyjnymi (BAL QSO),<\/li>\n<li class=\"sekcja_tytul\">rozerwania gwiazd, czerwonych i br\u0105zowych kar\u0142\u00f3w oraz planet przez czarne dziury (TDE),<\/li>\n<li class=\"sekcja_tytul\">uczestnictwo w budowie Cherenkov Telescope Array (CTA).<\/li>\n<\/ol>\n<\/li>\n<li class=\"sekcja_tytul\"><b>Dydaktyka astronomii: <\/b>w wydzia\u0142owym <a href=\"http:\/\/physics.uwb.edu.pl\/wf\/?page_id=238&amp;lang=pl\"><u>Obserwatorium Astronomicznym<\/u><\/a> opracowywana jest oferta praktycznych zada\u0144 astronomicznych dla student\u00f3w Wydzia\u0142u Fizyki.<\/li>\n<\/ol>\n<div class=\"tresc\">&nbsp;<\/div>\n<\/div>\n<p>Wsp\u00f3\u0142praca krajowa<\/p>\n<div class=\"sekcja\">\n<ul>\n<li>Centrum Astronomiczne PAN im. M. Kopernika, Warszawa<\/li>\n<li>Instytut Matematyczny PAN, Warszawa<\/li>\n<li>Obserwatorium Astronomiczne, Uniwersytet Warszawski<\/li>\n<\/ul>\n<\/div>\n<p>Wsp\u00f3\u0142praca mi\u0119dzynarodowa<\/p>\n<div class=\"sekcja\">\n<ul>\n<li>Institut des Hautes \u00c9tudes Scientifiques, Bures-sur-Yvette, Francja<\/li>\n<li>Theoretisch-Physikalisches Institut, Friedrich-Schiller-Universit\u00e4t Jena, Niemcy<\/li>\n<li>ISDC Data Centre for Astrophysics, Observatoire Astronomique de l'Universit\u00e9 de Gen\u00e8ve, Szwajcaria<\/li>\n<li>ESO - The European Southern Observatory, Garching, Niemcy<\/li>\n<\/ul>\n<p>Udzia\u0142 w konsorcjach naukowych<\/p>\n<ul>\n<li>Polskie Konsorcjum Projektu <em>Virgo<\/em><\/li>\n<li>Polskie Konsorsjum Projektu <em>Einstein Telescope<\/em><\/li>\n<li><a href=\"http:\/\/physics.uwb.edu.pl\/wf\/?page_id=7891\">Polskie Konsorcjum Projektu \"Cherenkov Telescope Array\"<\/a><\/li>\n<li>Polskie Konsorcjum \"ATHENA-PL\"<\/li>\n<\/ul>\n<\/div>\n<\/div>\n<\/div><\/div><\/div><\/div><\/div>","protected":false},"excerpt":{"rendered":"<p>Pracownia Astronomii i Astrofizyki Kierownik:&nbsp;prof. dr hab. Piotr Jaranowski Pok\u00f3j: 2039 Telefon: 85-745 72 63 E-mail: p.jaranowski@uwb.edu.pl WWW: http:\/\/212.33.71.131\/~pio\/<\/p>\n","protected":false},"author":2,"featured_media":0,"parent":214,"menu_order":0,"comment_status":"closed","ping_status":"closed","template":"","meta":{"ngg_post_thumbnail":0,"Layout":"","footnotes":""},"categories":[3],"tags":[],"class_list":["entry","author-dobrog","post-216","page","type-page","status-publish","category-wydzialowe_pl"],"jetpack_sharing_enabled":true,"jetpack_shortlink":"https:\/\/wp.me\/P7nvcn-3u","_links":{"self":[{"href":"https:\/\/physics.uwb.edu.pl\/wf\/index.php?rest_route=\/wp\/v2\/pages\/216","targetHints":{"allow":["GET"]}}],"collection":[{"href":"https:\/\/physics.uwb.edu.pl\/wf\/index.php?rest_route=\/wp\/v2\/pages"}],"about":[{"href":"https:\/\/physics.uwb.edu.pl\/wf\/index.php?rest_route=\/wp\/v2\/types\/page"}],"author":[{"embeddable":true,"href":"https:\/\/physics.uwb.edu.pl\/wf\/index.php?rest_route=\/wp\/v2\/users\/2"}],"replies":[{"embeddable":true,"href":"https:\/\/physics.uwb.edu.pl\/wf\/index.php?rest_route=%2Fwp%2Fv2%2Fcomments&post=216"}],"version-history":[{"count":34,"href":"https:\/\/physics.uwb.edu.pl\/wf\/index.php?rest_route=\/wp\/v2\/pages\/216\/revisions"}],"predecessor-version":[{"id":12929,"href":"https:\/\/physics.uwb.edu.pl\/wf\/index.php?rest_route=\/wp\/v2\/pages\/216\/revisions\/12929"}],"up":[{"embeddable":true,"href":"https:\/\/physics.uwb.edu.pl\/wf\/index.php?rest_route=\/wp\/v2\/pages\/214"}],"wp:attachment":[{"href":"https:\/\/physics.uwb.edu.pl\/wf\/index.php?rest_route=%2Fwp%2Fv2%2Fmedia&parent=216"}],"wp:term":[{"taxonomy":"category","embeddable":true,"href":"https:\/\/physics.uwb.edu.pl\/wf\/index.php?rest_route=%2Fwp%2Fv2%2Fcategories&post=216"},{"taxonomy":"post_tag","embeddable":true,"href":"https:\/\/physics.uwb.edu.pl\/wf\/index.php?rest_route=%2Fwp%2Fv2%2Ftags&post=216"}],"curies":[{"name":"wp","href":"https:\/\/api.w.org\/{rel}","templated":true}]}}