{"id":218,"date":"2016-02-23T23:02:35","date_gmt":"2016-02-23T22:02:35","guid":{"rendered":"http:\/\/physics.uwb.edu.pl\/wf\/?page_id=218"},"modified":"2021-03-15T13:32:35","modified_gmt":"2021-03-15T12:32:35","slug":"zaklad-fizyki-ciala-stalego","status":"publish","type":"page","link":"https:\/\/physics.uwb.edu.pl\/wf\/?page_id=218","title":{"rendered":"Katedra Fizyki Materii Skondensowanej"},"content":{"rendered":"<div id=\"pl-218\"  class=\"panel-layout\" ><div id=\"pg-218-0\"  class=\"panel-grid panel-no-style\" ><div id=\"pgc-218-0-0\"  class=\"panel-grid-cell\" ><div id=\"panel-218-0-0-0\" class=\"so-panel widget widget_sow-editor panel-first-child panel-last-child\" data-index=\"0\" ><div\n\t\t\t\n\t\t\tclass=\"so-widget-sow-editor so-widget-sow-editor-base\"\n\t\t\t\n\t\t>\n<div class=\"siteorigin-widget-tinymce textwidget\">\n\t<h2>Katedra Fizyki Materii Skondensowanej<\/h2>\n<\/div>\n<\/div><\/div><\/div><\/div><div id=\"pg-218-1\"  class=\"panel-grid panel-no-style\" ><div id=\"pgc-218-1-0\"  class=\"panel-grid-cell\" ><div id=\"panel-218-1-0-0\" class=\"so-panel widget widget_sow-editor panel-first-child panel-last-child\" data-index=\"1\" ><div\n\t\t\t\n\t\t\tclass=\"so-widget-sow-editor so-widget-sow-editor-base\"\n\t\t\t\n\t\t>\n<div class=\"siteorigin-widget-tinymce textwidget\">\n\t<p><a href=\"http:\/\/physics.uwb.edu.pl\/wf\/?attachment_id=1118\" rel=\"attachment wp-att-1118\"><img loading=\"lazy\" decoding=\"async\" class=\"alignnone size-full wp-image-1118\" src=\"http:\/\/physics.uwb.edu.pl\/wf\/wp-content\/uploads\/2016\/02\/il1_20150706050742.jpg\" alt=\"il1_20150706050742\" width=\"232\" height=\"148\" srcset=\"https:\/\/physics.uwb.edu.pl\/wf\/wp-content\/uploads\/2016\/02\/il1_20150706050742.jpg 232w, https:\/\/physics.uwb.edu.pl\/wf\/wp-content\/uploads\/2016\/02\/il1_20150706050742-150x96.jpg 150w\" sizes=\"auto, (max-width: 232px) 100vw, 232px\" \/><\/a><\/p>\n<\/div>\n<\/div><\/div><\/div><div id=\"pgc-218-1-1\"  class=\"panel-grid-cell\" ><div id=\"panel-218-1-1-0\" class=\"so-panel widget widget_sow-editor panel-first-child panel-last-child\" data-index=\"2\" ><div\n\t\t\t\n\t\t\tclass=\"so-widget-sow-editor so-widget-sow-editor-base\"\n\t\t\t\n\t\t>\n<div class=\"siteorigin-widget-tinymce textwidget\">\n\t<p>Kierownik:\u00a0<b>prof. dr hab. Krzysztof Szyma\u0144ski<\/b><br \/>Pok\u00f3j: 1053<br \/>Telefon: 85-745 72 21<br \/>E-mail: <a href=\"mailto:k.szymanski@uwb.edu.pl\"><u>k.szymanski@uwb.edu.pl<\/u><\/a><br \/>WWW: <a href=\"http:\/\/physics.uwb.edu.pl\/main\/wydzial.php?p=76\"><u>physics.uwb.edu.pl\/main\/wydzial.php?p=76<\/u><\/a><\/p>\n<\/div>\n<\/div><\/div><\/div><\/div><div id=\"pg-218-2\"  class=\"panel-grid panel-no-style\" ><div id=\"pgc-218-2-0\"  class=\"panel-grid-cell\" ><div id=\"panel-218-2-0-0\" class=\"so-panel widget widget_sow-editor panel-first-child panel-last-child\" data-index=\"3\" ><div\n\t\t\t\n\t\t\tclass=\"so-widget-sow-editor so-widget-sow-editor-base\"\n\t\t\t\n\t\t>\n<div class=\"siteorigin-widget-tinymce textwidget\">\n\t<div class=\"sekcja\">\n<div class=\"sekcja_tytul\">\n<p><strong>Pracownicy<\/strong><\/p>\n<a href=\"https:\/\/physics.uwb.edu.pl\/wf\/?pracownik=krzysztof-szymanski\">\r\nprof. dr hab. <strong> Krzysztof Szyma\u0144ski<\/strong>  \r\n <\/a>\r\n - kierownik zak\u0142adu\r\n<br><a href=\"https:\/\/physics.uwb.edu.pl\/wf\/?pracownik=andrzej-andrejczuk\">\r\ndr hab. <strong> Andrzej Andrejczuk<\/strong>  \r\n , prof. UwB <\/a>\r\n\r\n<br><a href=\"https:\/\/physics.uwb.edu.pl\/wf\/?pracownik=katarzyna-recko\">\r\ndr hab. <strong> Katarzyna Re\u0107ko<\/strong>  \r\n <\/a>\r\n\r\n<br><a href=\"https:\/\/physics.uwb.edu.pl\/wf\/?pracownik=dariusz-satula\">\r\ndr hab. <strong> Dariusz Satu\u0142a<\/strong>  \r\n , prof. UwB <\/a>\r\n\r\n<br><a href=\"https:\/\/physics.uwb.edu.pl\/wf\/?pracownik=marek-brancewicz\">\r\ndr <strong> Marek Brancewicz<\/strong>  \r\n <\/a>\r\n\r\n<br><a href=\"https:\/\/physics.uwb.edu.pl\/wf\/?pracownik=anna-matwiejczyk-go\">\r\ndr <strong> Anna Matwiejczyk<\/strong>  \r\n <\/a>\r\n\r\n<br><a href=\"https:\/\/physics.uwb.edu.pl\/wf\/?pracownik=wojciech-olszewski\">\r\ndr <strong> Wojciech Olszewski<\/strong>  \r\n <\/a>\r\n\r\n<br><a href=\"https:\/\/physics.uwb.edu.pl\/wf\/?pracownik=krystyna-perzynska\">\r\ndr <strong> Krystyna Perzy\u0144ska<\/strong>  \r\n <\/a>\r\n\r\n<br><a href=\"https:\/\/physics.uwb.edu.pl\/wf\/?pracownik=janusz-waliszewski\">\r\ndr <strong> Janusz Waliszewski<\/strong>  \r\n <\/a>\r\n\r\n<br><a href=\"https:\/\/physics.uwb.edu.pl\/wf\/?pracownik=piotr-zaleski\">\r\ndr <strong> Piotr Zaleski<\/strong>  \r\n <\/a>\r\n\r\n<br><a href=\"https:\/\/physics.uwb.edu.pl\/wf\/?pracownik=maria-biernacka\">\r\nmgr in\u017c. <strong> Maria Biernacka<\/strong>  \r\n <\/a>\r\n\r\n<br><a href=\"https:\/\/physics.uwb.edu.pl\/wf\/?pracownik=boguslaw-prus\">\r\n <strong> Bogus\u0142aw Prus<\/strong>  \r\n <\/a>\r\n\r\n<br><a href=\"https:\/\/physics.uwb.edu.pl\/wf\/?pracownik=robert-chrenowicz\">\r\nmgr <strong> Robert Chrenowicz<\/strong>  \r\n <\/a>\r\n\r\n<br>\n<\/div>\n<p>&nbsp;<\/p>\n<div>Realizowane granty:<\/div>\n<\/div>\n<div>1. <a href=\"http:\/\/physics.uwb.edu.pl\/wf\/?page_id=11926\">Obrazowanie oddzia\u0142ywa\u0144 nadsubtelnych w spektrometrii m\u00f6ssbauerowskiej<\/a><\/div>\n<div>&nbsp;<\/div>\n<div class=\"sekcja\">\n<div class=\"sekcja_tytul\">Tematyka bada\u0144<\/div>\n<ol>\n<li class=\"sekcja_tytul\">Badanie rozk\u0142ad\u00f3w g\u0119sto\u015bci \u0142adunku i spinu metod\u0105 dyfrakcji promieniowania rentgenowskiego, synchrotronowego i neutron\u00f3w.<\/li>\n<li class=\"sekcja_tytul\">Badanie oddzia\u0142ywa\u0144 spinu j\u0105dra z otoczeniem elektronowym metodami spektroskopii m\u00f6ssbauerowskiej z wykorzystaniem monochromatycznego spolaryzowanego promieniowania gamma, spektroskopii elektron\u00f3w konwersji wewn\u0119trznej oraz j\u0105drowego rozpraszania rezonansowego promieniowania synchrotronowego.<\/li>\n<li class=\"sekcja_tytul\">Badanie rozk\u0142ad\u00f3w g\u0119sto\u015bci p\u0119d\u00f3w elektron\u00f3w (profili Comptona) z wykorzystaniem \u017ar\u00f3de\u0142 promieniowania j\u0105drowego i promieniowania synchrotronowego.<\/li>\n<li class=\"sekcja_tytul\">Badanie w\u0142asno\u015bci mikroskopowych cia\u0142 sta\u0142ych metodami magnetometrycznymi, transportowymi, dyfrakcji neutron\u00f3w, rotacji mion\u00f3w oraz rentgenowskiej spektroskopii absorpcyjnej (XAS).<\/li>\n<li class=\"sekcja_tytul\">Rekonstrukcja przestrzennych rozk\u0142ad\u00f3w \u0142adunku elektronowego, p\u0119d\u00f3w elektron\u00f3w, namagnesowania i oddzia\u0142ywa\u0144 nadsubtelnych metodami maksymalnej entropii.<\/li>\n<li class=\"sekcja_tytul\">Badanie oddzia\u0142ywa\u0144 jon\u00f3w relatywistycznych z j\u0105drami ci\u0119\u017ckich pierwiastk\u00f3w.<\/li>\n<\/ol>\n<div class=\"tresc\">\n<p><b>Ekspertyzy<\/b> obejmuj\u0105ce zjawiska i materia\u0142y zwi\u0105zane z nast\u0119puj\u0105cymi dziedzinami:<\/p>\n<ul>\n<li>elektryczno\u015b\u0107, magnetyzm i elektromagnetyzm,<\/li>\n<li>promieniowanie elektromagnetyczne, optyka w zakresie widzialnym, promieniowanie UV, promieniowanie rentgenowskie, promieniowanie gamma,<\/li>\n<li>promieniowanie alfa i beta,<\/li>\n<li>mechanika, zjawiska spr\u0119\u017cyste, wytrzyma\u0142o\u015b\u0107 materia\u0142\u00f3w,<\/li>\n<li>termodynamika,<\/li>\n<li>mechanika p\u0142yn\u00f3w.<\/li>\n<\/ul>\n<\/div>\n<\/div>\n<div class=\"sekcja\">\n<div class=\"sekcja_tytul\">Wsp\u00f3\u0142praca krajowa<\/div>\n<div class=\"tresc\">\n<ul>\n<li>Narodowe Centrum Bada\u0144 J\u0105drowych, \u015awierk<\/li>\n<li>Instytut Fizyki PAN, Warszawa<\/li>\n<li>Wydzia\u0142 Chemii Uniwersytetu Warszawskiego<\/li>\n<li>Wydzia\u0142 Fizyki i Informatyki Stosowanej Akademii G\u00f3rniczo-Hutniczej, Krak\u00f3w<\/li>\n<li>Instytut Fizyki Uniwersytetu \u015al\u0105skiego, Katowice<\/li>\n<li>Instytut Niskich Temperatur i Bada\u0144 Strukturalnych PAN im. W. Trzebiatowskiego, Wroc\u0142aw<\/li>\n<li>Mi\u0119dzynarodowe Laboratorium Silnych P\u00f3l Magnetycznych i Niskich Temperatur, Wroc\u0142aw<\/li>\n<\/ul>\n<\/div>\n<\/div>\n<div class=\"sekcja\">\n<div class=\"sekcja_tytul\">Wsp\u00f3\u0142praca mi\u0119dzynarodowa<\/div>\n<div class=\"tresc\">\n<ul>\n<li>Laboratory of Molecular Biology, Department of Cell &amp; Molecular Biology, Uppsala University, Sweden<\/li>\n<li>European Synchrotron Radiation Facility, Grenoble, France<\/li>\n<li>Spring-8 (Super Photon Ring - 8 GeV), Japan<\/li>\n<li>Department of Physics, Indiana University Purdue University Indianapolis, USA<\/li>\n<li>KFKI Research Institute for Particle and Nuclear Physics, Budapest, Hungary<\/li>\n<li>Laboratoire L\u00e9on Brillouin - CEA -CNRS - Saclay, France<\/li>\n<li>Paul Scherrer Institute, Zurich, Switzerland<\/li>\n<li>Institute for Energy Technology, JEEP II reactor at Kjeller, Norway<\/li>\n<li>Technische Universit\u00e4t, M\u00fcnchen, Germany<\/li>\n<li>Darmstadt University of Technology Institute of Materials Science Structure Research, Germany<\/li>\n<li>Joint Institute for Nuclear Research, JINR, Dubna, Russia<\/li>\n<\/ul>\n<\/div>\n<\/div>\n<div class=\"sekcja\">\n<div class=\"tresc\">\n<p><b>Pracownia Bada\u0144 Strukturalnych <\/b>(kierownik - <a href=\"http:\/\/physics.uwb.edu.pl\/wf\/?pracownik=janusz-waliszewski&amp;lang=pl\">dr Janusz Waliszewski<\/a>)<br \/>\n<b>Pracownia Magnetometrii i Bada\u0144 Transportowych <\/b>(kierownik - <a href=\"http:\/\/physics.uwb.edu.pl\/wf\/?pracownik=krystyna-perzynska&amp;lang=pl\">dr Krystyna Perzy\u0144ska<\/a>)<br \/>\n<b><a href=\"http:\/\/physics.uwb.edu.pl\/main\/zfcs\/compton\">Pracownia Spektroskopii Komptonowskiej<\/a><\/b> (kierownik - <a href=\"http:\/\/physics.uwb.edu.pl\/wf\/?pracownik=eugeniusz-zukowski&amp;lang=pl\">prof. dr hab. Eugeniusz \u017bukowski<\/a>)<br \/>\n<b>Pracownia Spektroskopii M\u00f6ssbauerowskiej <\/b>(kierownik - <a href=\"http:\/\/physics.uwb.edu.pl\/wf\/?pracownik=krzysztof-szymanski&amp;lang=pl\">prof. dr hab. Krzysztof Szyma\u0144ski<\/a>)<\/p>\n<p><a href=\"http:\/\/physics.uwb.edu.pl\/wf\/?page_id=2016&amp;lang=pl\"><b>Ochrona radiologiczna<\/b> - dokumenty<\/a><\/p>\n<\/div>\n<\/div>\n<\/div>\n<\/div><\/div><\/div><\/div><\/div>","protected":false},"excerpt":{"rendered":"<p>Katedra Fizyki Materii Skondensowanej Kierownik:\u00a0prof. dr hab. Krzysztof Szyma\u0144skiPok\u00f3j: 1053Telefon: 85-745 72 21E-mail: k.szymanski@uwb.edu.plWWW: physics.uwb.edu.pl\/main\/wydzial.php?p=76<\/p>\n","protected":false},"author":2,"featured_media":0,"parent":214,"menu_order":20,"comment_status":"closed","ping_status":"closed","template":"","meta":{"ngg_post_thumbnail":0,"Layout":"1c","footnotes":""},"categories":[3],"tags":[],"class_list":["entry","author-dobrog","post-218","page","type-page","status-publish","category-wydzialowe_pl"],"jetpack_sharing_enabled":true,"jetpack_shortlink":"https:\/\/wp.me\/P7nvcn-3w","_links":{"self":[{"href":"https:\/\/physics.uwb.edu.pl\/wf\/index.php?rest_route=\/wp\/v2\/pages\/218","targetHints":{"allow":["GET"]}}],"collection":[{"href":"https:\/\/physics.uwb.edu.pl\/wf\/index.php?rest_route=\/wp\/v2\/pages"}],"about":[{"href":"https:\/\/physics.uwb.edu.pl\/wf\/index.php?rest_route=\/wp\/v2\/types\/page"}],"author":[{"embeddable":true,"href":"https:\/\/physics.uwb.edu.pl\/wf\/index.php?rest_route=\/wp\/v2\/users\/2"}],"replies":[{"embeddable":true,"href":"https:\/\/physics.uwb.edu.pl\/wf\/index.php?rest_route=%2Fwp%2Fv2%2Fcomments&post=218"}],"version-history":[{"count":24,"href":"https:\/\/physics.uwb.edu.pl\/wf\/index.php?rest_route=\/wp\/v2\/pages\/218\/revisions"}],"predecessor-version":[{"id":11947,"href":"https:\/\/physics.uwb.edu.pl\/wf\/index.php?rest_route=\/wp\/v2\/pages\/218\/revisions\/11947"}],"up":[{"embeddable":true,"href":"https:\/\/physics.uwb.edu.pl\/wf\/index.php?rest_route=\/wp\/v2\/pages\/214"}],"wp:attachment":[{"href":"https:\/\/physics.uwb.edu.pl\/wf\/index.php?rest_route=%2Fwp%2Fv2%2Fmedia&parent=218"}],"wp:term":[{"taxonomy":"category","embeddable":true,"href":"https:\/\/physics.uwb.edu.pl\/wf\/index.php?rest_route=%2Fwp%2Fv2%2Fcategories&post=218"},{"taxonomy":"post_tag","embeddable":true,"href":"https:\/\/physics.uwb.edu.pl\/wf\/index.php?rest_route=%2Fwp%2Fv2%2Ftags&post=218"}],"curies":[{"name":"wp","href":"https:\/\/api.w.org\/{rel}","templated":true}]}}