{"id":220,"date":"2016-02-23T23:04:16","date_gmt":"2016-02-23T22:04:16","guid":{"rendered":"http:\/\/physics.uwb.edu.pl\/wf\/?page_id=220"},"modified":"2020-01-30T09:59:02","modified_gmt":"2020-01-30T08:59:02","slug":"zaklad-fizyki-magnetykow","status":"publish","type":"page","link":"https:\/\/physics.uwb.edu.pl\/wf\/?page_id=220","title":{"rendered":"Katedra Fizyki Magnetyk\u00f3w"},"content":{"rendered":"<div id=\"pl-220\"  class=\"panel-layout\" ><div id=\"pg-220-0\"  class=\"panel-grid panel-no-style\" ><div id=\"pgc-220-0-0\"  class=\"panel-grid-cell\" ><div id=\"panel-220-0-0-0\" class=\"so-panel widget widget_sow-editor panel-first-child panel-last-child\" data-index=\"0\" ><div\n\t\t\t\n\t\t\tclass=\"so-widget-sow-editor so-widget-sow-editor-base\"\n\t\t\t\n\t\t>\n<div class=\"siteorigin-widget-tinymce textwidget\">\n\t<h2>Katedra Fizyki Magnetyk\u00f3w<\/h2>\n<\/div>\n<\/div><\/div><\/div><\/div><div id=\"pg-220-1\"  class=\"panel-grid panel-no-style\" ><div id=\"pgc-220-1-0\"  class=\"panel-grid-cell\" ><div id=\"panel-220-1-0-0\" class=\"so-panel widget widget_sow-editor panel-first-child panel-last-child\" data-index=\"1\" ><div\n\t\t\t\n\t\t\tclass=\"so-widget-sow-editor so-widget-sow-editor-base\"\n\t\t\t\n\t\t>\n<div class=\"siteorigin-widget-tinymce textwidget\">\n\t<p><img loading=\"lazy\" decoding=\"async\" class=\"alignnone size-full wp-image-1120\" src=\"http:\/\/physics.uwb.edu.pl\/wf\/wp-content\/uploads\/2016\/02\/il1_20150706050743.jpg\" alt=\"il1_20150706050743\" width=\"232\" height=\"148\" srcset=\"https:\/\/physics.uwb.edu.pl\/wf\/wp-content\/uploads\/2016\/02\/il1_20150706050743.jpg 232w, https:\/\/physics.uwb.edu.pl\/wf\/wp-content\/uploads\/2016\/02\/il1_20150706050743-150x96.jpg 150w\" sizes=\"auto, (max-width: 232px) 100vw, 232px\" \/><\/p>\n<\/div>\n<\/div><\/div><\/div><div id=\"pgc-220-1-1\"  class=\"panel-grid-cell\" ><div id=\"panel-220-1-1-0\" class=\"so-panel widget widget_sow-editor panel-first-child panel-last-child\" data-index=\"2\" ><div\n\t\t\t\n\t\t\tclass=\"so-widget-sow-editor so-widget-sow-editor-base\"\n\t\t\t\n\t\t>\n<div class=\"siteorigin-widget-tinymce textwidget\">\n\t<p>Kierownik:&nbsp;<b>prof. dr hab. Andrzej Maziewski<\/b><br \/>\nPok\u00f3j: 1026<br \/>\nTelefon: 85-745 72 29<br \/>\nE-mail: <a href=\"mailto:magnet@uwb.edu.pl\"><u>magnet@uwb.edu.pl<\/u><\/a><br \/>\nWWW: <a href=\"https:\/\/physics.uwb.edu.pl\/wf\/magnet\/\">https:\/\/physics.uwb.edu.pl\/wf\/magnet\/<\/a><u><\/u><\/p>\n<\/div>\n<\/div><\/div><\/div><\/div><div id=\"pg-220-2\"  class=\"panel-grid panel-no-style\" ><div id=\"pgc-220-2-0\"  class=\"panel-grid-cell\" ><div id=\"panel-220-2-0-0\" class=\"so-panel widget widget_sow-editor panel-first-child panel-last-child\" data-index=\"3\" ><div\n\t\t\t\n\t\t\tclass=\"so-widget-sow-editor so-widget-sow-editor-base\"\n\t\t\t\n\t\t>\n<div class=\"siteorigin-widget-tinymce textwidget\">\n\t<p><strong>Pracownicy<\/strong><br \/>\n<a href=\"https:\/\/physics.uwb.edu.pl\/wf\/?pracownik=marek-kisielewski\">\r\ndr hab. <strong> Marek Kisielewski<\/strong>  \r\n , prof. UwB <\/a>\r\n\r\n<br><a href=\"https:\/\/physics.uwb.edu.pl\/wf\/?pracownik=andrzej-maziewski\">\r\nprof. dr hab. <strong> Andrzej Maziewski<\/strong>  \r\n <\/a>\r\n - kierownik zak\u0142adu\r\n<br><a href=\"https:\/\/physics.uwb.edu.pl\/wf\/?pracownik=andrzej-stupakiewicz\">\r\nprof. dr hab. <strong> Andrzej Stupakiewicz<\/strong>  \r\n , prof. UwB <\/a>\r\n\r\n<br><a href=\"https:\/\/physics.uwb.edu.pl\/wf\/?pracownik=ryszard-gieniusz\">\r\ndr hab. <strong> Ryszard Gieniusz<\/strong>  \r\n , prof. UwB <\/a>\r\n\r\n<br><a href=\"https:\/\/physics.uwb.edu.pl\/wf\/?pracownik=luba-uba\">\r\ndr hab. <strong> Luba Uba<\/strong>  \r\n , prof. UwB <\/a>\r\n\r\n<br><a href=\"https:\/\/physics.uwb.edu.pl\/wf\/?pracownik=marian-uba\">\r\ndr hab. <strong> Marian Stanis\u0142aw Uba<\/strong>  \r\n , prof. UwB <\/a>\r\n\r\n<br><a href=\"https:\/\/physics.uwb.edu.pl\/wf\/?pracownik=adam-bonda\">\r\ndr <strong> Adam Bonda<\/strong>  \r\n <\/a>\r\n\r\n<br><a href=\"https:\/\/physics.uwb.edu.pl\/wf\/?pracownik=jan-kisielewski\">\r\ndr <strong> Jan Kisielewski<\/strong>  \r\n <\/a>\r\n\r\n<br><a href=\"https:\/\/physics.uwb.edu.pl\/wf\/?pracownik=zbigniew-kurant\">\r\ndr <strong> Zbigniew Kurant<\/strong>  \r\n <\/a>\r\n\r\n<br><a href=\"https:\/\/physics.uwb.edu.pl\/wf\/?pracownik=10174\">\r\ndr <strong> Micha\u0142 Matczak<\/strong>  \r\n <\/a>\r\n\r\n<br><a href=\"https:\/\/physics.uwb.edu.pl\/wf\/?pracownik=piotr-mazalski\">\r\ndr <strong> Piotr Mazalski<\/strong>  \r\n <\/a>\r\n\r\n<br><a href=\"https:\/\/physics.uwb.edu.pl\/wf\/?pracownik=iosif-sveklo\">\r\ndr <strong> Iosif Sveklo<\/strong>  \r\n <\/a>\r\n\r\n<br><a href=\"https:\/\/physics.uwb.edu.pl\/wf\/?pracownik=anuj-kumar-dhiman\">\r\nmgr <strong> Anuj Kumar Dhiman<\/strong>  \r\n <\/a>\r\n\r\n<br><a href=\"https:\/\/physics.uwb.edu.pl\/wf\/?pracownik=antoni-frej\">\r\nmgr in\u017c. <strong> Antoni Frej<\/strong>  \r\n <\/a>\r\n\r\n<br><a href=\"https:\/\/physics.uwb.edu.pl\/wf\/?pracownik=wojciech-dobrogowski\">\r\nmgr <strong> Wojciech Dobrogowski<\/strong>  \r\n <\/a>\r\n\r\n<br><a href=\"https:\/\/physics.uwb.edu.pl\/wf\/?pracownik=eugeniusz-miniuk\">\r\nmgr in\u017c. <strong> Eugeniusz Miniuk<\/strong>  \r\n <\/a>\r\n\r\n<br><a href=\"https:\/\/physics.uwb.edu.pl\/wf\/?pracownik=tomasz-zalewski\">\r\nmgr in\u017c. <strong> Tomasz Zalewski<\/strong>  \r\n <\/a>\r\n\r\n<br><\/p>\n<p><b>Tematyka bada\u0144<\/b><\/p>\n<ol>\n<li>Badania w\u0142a\u015bciwo\u015bci magnetycznych nanostruktur (ich modyfikacji np. zogniskowan\u0105 wi\u0105zk\u0105 jon\u00f3w FIB, impulsami \u015bwiat\u0142a) z wykorzystaniem m. in. r\u00f3\u017cnorodnych technik magnetooptycznej magnetometrii (r\u00f3wnie\u017c z zastosowaniem laser\u00f3w femtosekundowych), klasycznej magnetometrii wibracyjnej VSM, mikroskopii bliskich oddzia\u0142ywa\u0144 z wykorzystaniem r\u00f3\u017cnorodnych sond skanuj\u0105cych, spektroskopii rezonansu ferromagnetycznego, promieniowania synchrotronowego.<\/li>\n<li>Zastosowanie technik komputerowych do sterowania unikalnymi zestawami pomiarowymi, do akwizycji danych oraz do cyfrowej analizy obraz\u00f3w, a tak\u017ce do symulacji przestrzennych rozk\u0142ad\u00f3w magnetyzacji i proces\u00f3w magnesowania.<\/li>\n<\/ol>\n<\/div>\n<\/div><\/div><\/div><\/div><\/div>","protected":false},"excerpt":{"rendered":"<p>Katedra Fizyki Magnetyk\u00f3w Kierownik:&nbsp;prof. dr hab. Andrzej Maziewski Pok\u00f3j: 1026 Telefon: 85-745 72 29 E-mail: magnet@uwb.edu.pl WWW: https:\/\/physics.uwb.edu.pl\/wf\/magnet\/<\/p>\n","protected":false},"author":2,"featured_media":0,"parent":214,"menu_order":30,"comment_status":"closed","ping_status":"closed","template":"","meta":{"ngg_post_thumbnail":0,"Layout":"","footnotes":""},"categories":[3],"tags":[],"class_list":["entry","author-dobrog","post-220","page","type-page","status-publish","category-wydzialowe_pl"],"jetpack_sharing_enabled":true,"jetpack_shortlink":"https:\/\/wp.me\/P7nvcn-3y","_links":{"self":[{"href":"https:\/\/physics.uwb.edu.pl\/wf\/index.php?rest_route=\/wp\/v2\/pages\/220","targetHints":{"allow":["GET"]}}],"collection":[{"href":"https:\/\/physics.uwb.edu.pl\/wf\/index.php?rest_route=\/wp\/v2\/pages"}],"about":[{"href":"https:\/\/physics.uwb.edu.pl\/wf\/index.php?rest_route=\/wp\/v2\/types\/page"}],"author":[{"embeddable":true,"href":"https:\/\/physics.uwb.edu.pl\/wf\/index.php?rest_route=\/wp\/v2\/users\/2"}],"replies":[{"embeddable":true,"href":"https:\/\/physics.uwb.edu.pl\/wf\/index.php?rest_route=%2Fwp%2Fv2%2Fcomments&post=220"}],"version-history":[{"count":20,"href":"https:\/\/physics.uwb.edu.pl\/wf\/index.php?rest_route=\/wp\/v2\/pages\/220\/revisions"}],"predecessor-version":[{"id":10600,"href":"https:\/\/physics.uwb.edu.pl\/wf\/index.php?rest_route=\/wp\/v2\/pages\/220\/revisions\/10600"}],"up":[{"embeddable":true,"href":"https:\/\/physics.uwb.edu.pl\/wf\/index.php?rest_route=\/wp\/v2\/pages\/214"}],"wp:attachment":[{"href":"https:\/\/physics.uwb.edu.pl\/wf\/index.php?rest_route=%2Fwp%2Fv2%2Fmedia&parent=220"}],"wp:term":[{"taxonomy":"category","embeddable":true,"href":"https:\/\/physics.uwb.edu.pl\/wf\/index.php?rest_route=%2Fwp%2Fv2%2Fcategories&post=220"},{"taxonomy":"post_tag","embeddable":true,"href":"https:\/\/physics.uwb.edu.pl\/wf\/index.php?rest_route=%2Fwp%2Fv2%2Ftags&post=220"}],"curies":[{"name":"wp","href":"https:\/\/api.w.org\/{rel}","templated":true}]}}