{"id":2216,"date":"2016-04-12T07:10:50","date_gmt":"2016-04-12T05:10:50","guid":{"rendered":"http:\/\/physics.uwb.edu.pl\/wf\/?page_id=2216"},"modified":"2016-04-12T07:10:50","modified_gmt":"2016-04-12T05:10:50","slug":"prof-krzysztof-szymanski-z-patentem-europejskim","status":"publish","type":"page","link":"https:\/\/physics.uwb.edu.pl\/wf\/?page_id=2216","title":{"rendered":"Prof. Krzysztof Szyma\u0144ski z patentem europejskim"},"content":{"rendered":"<p>Prof. Krzysztof Szyma\u0144ski uzyska\u0142 patent europejski EP 2835633 \u201eA method for measuring homogeneity of electric current conducting materials\u201d zarejestrowany w <em>European Patent Bulletin<\/em>, 12 (2016) 23.03.2016.<\/p>\n","protected":false},"excerpt":{"rendered":"<p>Prof. Krzysztof Szyma\u0144ski uzyska\u0142 patent europejski EP 2835633 \u201eA method for measuring homogeneity of electric current conducting materials\u201d zarejestrowany w European Patent Bulletin, 12 (2016) 23.03.2016.<\/p>\n","protected":false},"author":1,"featured_media":1622,"parent":713,"menu_order":1,"comment_status":"closed","ping_status":"closed","template":"","meta":{"ngg_post_thumbnail":0,"Layout":"","footnotes":""},"categories":[27],"tags":[],"class_list":["entry","author-wp_admin","post-2216","page","type-page","status-publish","has-post-thumbnail","category-post_news_pl"],"jetpack_sharing_enabled":true,"jetpack_shortlink":"https:\/\/wp.me\/P7nvcn-zK","_links":{"self":[{"href":"https:\/\/physics.uwb.edu.pl\/wf\/index.php?rest_route=\/wp\/v2\/pages\/2216","targetHints":{"allow":["GET"]}}],"collection":[{"href":"https:\/\/physics.uwb.edu.pl\/wf\/index.php?rest_route=\/wp\/v2\/pages"}],"about":[{"href":"https:\/\/physics.uwb.edu.pl\/wf\/index.php?rest_route=\/wp\/v2\/types\/page"}],"author":[{"embeddable":true,"href":"https:\/\/physics.uwb.edu.pl\/wf\/index.php?rest_route=\/wp\/v2\/users\/1"}],"replies":[{"embeddable":true,"href":"https:\/\/physics.uwb.edu.pl\/wf\/index.php?rest_route=%2Fwp%2Fv2%2Fcomments&post=2216"}],"version-history":[{"count":1,"href":"https:\/\/physics.uwb.edu.pl\/wf\/index.php?rest_route=\/wp\/v2\/pages\/2216\/revisions"}],"predecessor-version":[{"id":2217,"href":"https:\/\/physics.uwb.edu.pl\/wf\/index.php?rest_route=\/wp\/v2\/pages\/2216\/revisions\/2217"}],"up":[{"embeddable":true,"href":"https:\/\/physics.uwb.edu.pl\/wf\/index.php?rest_route=\/wp\/v2\/pages\/713"}],"wp:featuredmedia":[{"embeddable":true,"href":"https:\/\/physics.uwb.edu.pl\/wf\/index.php?rest_route=\/wp\/v2\/media\/1622"}],"wp:attachment":[{"href":"https:\/\/physics.uwb.edu.pl\/wf\/index.php?rest_route=%2Fwp%2Fv2%2Fmedia&parent=2216"}],"wp:term":[{"taxonomy":"category","embeddable":true,"href":"https:\/\/physics.uwb.edu.pl\/wf\/index.php?rest_route=%2Fwp%2Fv2%2Fcategories&post=2216"},{"taxonomy":"post_tag","embeddable":true,"href":"https:\/\/physics.uwb.edu.pl\/wf\/index.php?rest_route=%2Fwp%2Fv2%2Ftags&post=2216"}],"curies":[{"name":"wp","href":"https:\/\/api.w.org\/{rel}","templated":true}]}}