{"id":224,"date":"2016-02-23T23:07:31","date_gmt":"2016-02-23T22:07:31","guid":{"rendered":"http:\/\/physics.uwb.edu.pl\/wf\/?page_id=224"},"modified":"2019-11-14T10:50:29","modified_gmt":"2019-11-14T09:50:29","slug":"zaklad-teorii-pola","status":"publish","type":"page","link":"https:\/\/physics.uwb.edu.pl\/wf\/?page_id=224","title":{"rendered":"Pracownia Teorii Pola"},"content":{"rendered":"<div id=\"pl-224\"  class=\"panel-layout\" ><div id=\"pg-224-0\"  class=\"panel-grid panel-no-style\" ><div id=\"pgc-224-0-0\"  class=\"panel-grid-cell\" ><div id=\"panel-224-0-0-0\" class=\"so-panel widget widget_sow-editor panel-first-child panel-last-child\" data-index=\"0\" ><div\n\t\t\t\n\t\t\tclass=\"so-widget-sow-editor so-widget-sow-editor-base\"\n\t\t\t\n\t\t>\n<div class=\"siteorigin-widget-tinymce textwidget\">\n\t<h2>Pracownia Teorii Pola<\/h2>\n<\/div>\n<\/div><\/div><\/div><\/div><div id=\"pg-224-1\"  class=\"panel-grid panel-no-style\" ><div id=\"pgc-224-1-0\"  class=\"panel-grid-cell\" ><div id=\"panel-224-1-0-0\" class=\"so-panel widget widget_sow-editor panel-first-child panel-last-child\" data-index=\"1\" ><div\n\t\t\t\n\t\t\tclass=\"so-widget-sow-editor so-widget-sow-editor-base\"\n\t\t\t\n\t\t>\n<div class=\"siteorigin-widget-tinymce textwidget\">\n\t<p><a href=\"http:\/\/physics.uwb.edu.pl\/wf\/?attachment_id=1115\" rel=\"attachment wp-att-1115\"><img loading=\"lazy\" decoding=\"async\" class=\"alignnone size-full wp-image-1115\" src=\"http:\/\/physics.uwb.edu.pl\/wf\/wp-content\/uploads\/2016\/02\/il1_20150618110614.jpg\" alt=\"il1_20150618110614\" width=\"236\" height=\"148\" srcset=\"https:\/\/physics.uwb.edu.pl\/wf\/wp-content\/uploads\/2016\/02\/il1_20150618110614.jpg 236w, https:\/\/physics.uwb.edu.pl\/wf\/wp-content\/uploads\/2016\/02\/il1_20150618110614-150x94.jpg 150w\" sizes=\"auto, (max-width: 236px) 100vw, 236px\" \/><\/a><\/p>\n<\/div>\n<\/div><\/div><\/div><div id=\"pgc-224-1-1\"  class=\"panel-grid-cell\" ><div id=\"panel-224-1-1-0\" class=\"so-panel widget widget_sow-editor panel-first-child panel-last-child\" data-index=\"2\" ><div\n\t\t\t\n\t\t\tclass=\"so-widget-sow-editor so-widget-sow-editor-base\"\n\t\t\t\n\t\t>\n<div class=\"siteorigin-widget-tinymce textwidget\">\n\t<p>Kierownik:\u00a0<b>dr hab. Jerzy Przeszowski, prof. UwB<\/b><br \/>Pok\u00f3j: 2031<br \/>Telefon: 85-745 72 36<br \/>E-mail: <a href=\"mailto:j.przeszowski@uwb.edu.pl\"><u>j.przeszowski@uwb.edu.pl<\/u><\/a><\/p>\n<\/div>\n<\/div><\/div><\/div><\/div><div id=\"pg-224-2\"  class=\"panel-grid panel-no-style\" ><div id=\"pgc-224-2-0\"  class=\"panel-grid-cell\" ><div id=\"panel-224-2-0-0\" class=\"so-panel widget widget_sow-editor panel-first-child panel-last-child\" data-index=\"3\" ><div\n\t\t\t\n\t\t\tclass=\"so-widget-sow-editor so-widget-sow-editor-base\"\n\t\t\t\n\t\t>\n<div class=\"siteorigin-widget-tinymce textwidget\">\n\t<div class=\"sekcja_tytul\">\n<p><strong>Pracownicy<\/strong><\/p>\n<a href=\"https:\/\/physics.uwb.edu.pl\/wf\/?pracownik=michal-spalinski\">\r\nprof. dr hab. <strong> Micha\u0142 Spali\u0144ski<\/strong>  \r\n <\/a>\r\n\r\n<br><a href=\"https:\/\/physics.uwb.edu.pl\/wf\/?pracownik=jerzy-przeszowski\">\r\ndr hab. <strong> Jerzy Przeszowski<\/strong>  \r\n , prof. UwB <\/a>\r\n - kierownik zak\u0142adu\r\n<br><a href=\"https:\/\/physics.uwb.edu.pl\/wf\/?pracownik=elzbieta-dzimida-chmielewska\">\r\ndr <strong> El\u017cbieta Dzimida-Chmielewska<\/strong>  \r\n <\/a>\r\n\r\n<br><a href=\"https:\/\/physics.uwb.edu.pl\/wf\/?pracownik=jan-zochowski\">\r\ndr <strong> Jan \u017bochowski<\/strong>  \r\n <\/a>\r\n\r\n<br>\n<\/div>\n<div class=\"sekcja_tytul\"><strong>Tematyka bada\u0144<\/strong><\/div>\n<ol>\n<li class=\"sekcja_tytul\">Kwantowa teoria pola na froncie \u015bwietlnym.<\/li>\n<li class=\"sekcja_tytul\">Elektrodynamika w obecno\u015bci pr\u0105d\u00f3w elektrycznych i magnetycznych.<\/li>\n<li class=\"sekcja_tytul\">Cz\u0105stki z wysokim spinem, sprz\u0119\u017cenie spinu z mas\u0105.<\/li>\n<li class=\"sekcja_tytul\">Ruch cz\u0105stki w zdeformowanej czasoprzestrzeni.<\/li>\n<li class=\"sekcja_tytul\">Teoria strun w zastosowaniu do kosmologii.<\/li>\n<\/ol>\n<\/div>\n<\/div><\/div><\/div><\/div><\/div>","protected":false},"excerpt":{"rendered":"<p>Pracownia Teorii Pola Kierownik:\u00a0dr hab. Jerzy Przeszowski, prof. UwBPok\u00f3j: 2031Telefon: 85-745 72 36E-mail: j.przeszowski@uwb.edu.pl<\/p>\n","protected":false},"author":2,"featured_media":0,"parent":214,"menu_order":50,"comment_status":"closed","ping_status":"closed","template":"","meta":{"ngg_post_thumbnail":0,"Layout":"","footnotes":""},"categories":[3],"tags":[],"class_list":["entry","author-dobrog","post-224","page","type-page","status-publish","category-wydzialowe_pl"],"jetpack_sharing_enabled":true,"jetpack_shortlink":"https:\/\/wp.me\/P7nvcn-3C","_links":{"self":[{"href":"https:\/\/physics.uwb.edu.pl\/wf\/index.php?rest_route=\/wp\/v2\/pages\/224","targetHints":{"allow":["GET"]}}],"collection":[{"href":"https:\/\/physics.uwb.edu.pl\/wf\/index.php?rest_route=\/wp\/v2\/pages"}],"about":[{"href":"https:\/\/physics.uwb.edu.pl\/wf\/index.php?rest_route=\/wp\/v2\/types\/page"}],"author":[{"embeddable":true,"href":"https:\/\/physics.uwb.edu.pl\/wf\/index.php?rest_route=\/wp\/v2\/users\/2"}],"replies":[{"embeddable":true,"href":"https:\/\/physics.uwb.edu.pl\/wf\/index.php?rest_route=%2Fwp%2Fv2%2Fcomments&post=224"}],"version-history":[{"count":5,"href":"https:\/\/physics.uwb.edu.pl\/wf\/index.php?rest_route=\/wp\/v2\/pages\/224\/revisions"}],"predecessor-version":[{"id":10404,"href":"https:\/\/physics.uwb.edu.pl\/wf\/index.php?rest_route=\/wp\/v2\/pages\/224\/revisions\/10404"}],"up":[{"embeddable":true,"href":"https:\/\/physics.uwb.edu.pl\/wf\/index.php?rest_route=\/wp\/v2\/pages\/214"}],"wp:attachment":[{"href":"https:\/\/physics.uwb.edu.pl\/wf\/index.php?rest_route=%2Fwp%2Fv2%2Fmedia&parent=224"}],"wp:term":[{"taxonomy":"category","embeddable":true,"href":"https:\/\/physics.uwb.edu.pl\/wf\/index.php?rest_route=%2Fwp%2Fv2%2Fcategories&post=224"},{"taxonomy":"post_tag","embeddable":true,"href":"https:\/\/physics.uwb.edu.pl\/wf\/index.php?rest_route=%2Fwp%2Fv2%2Ftags&post=224"}],"curies":[{"name":"wp","href":"https:\/\/api.w.org\/{rel}","templated":true}]}}