{"id":2256,"date":"2016-04-14T09:27:53","date_gmt":"2016-04-14T07:27:53","guid":{"rendered":"http:\/\/physics.uwb.edu.pl\/wf\/?page_id=2256"},"modified":"2016-04-18T14:05:09","modified_gmt":"2016-04-18T12:05:09","slug":"dni-otwarte-wydzialu-fizyki-15-16-kwietnia","status":"publish","type":"page","link":"https:\/\/physics.uwb.edu.pl\/wf\/?page_id=2256","title":{"rendered":"DNI OTWARTE WYDZIA\u0141U FIZYKI 15-16 kwietnia"},"content":{"rendered":"<p><strong>Zapraszamy w pi\u0105tek<\/strong> (15 kwietnia, w godz. 14-16.30) <strong>i sobot\u0119<\/strong> (16 kwietnia, w godz. 9-15) na imprezy organizowane w ramach Dni Otwartych Wydzia\u0142u Fizyki w kampusie uniwersyteckim, ul. K.Cio\u0142kowskiego 1L.<\/p>\n<p>Prosimy o potwierdzenie uczestnictwa: telefonicznie &#8211; 85-745 72 39, lub na adres e-mail &#8211; fundacja.feynmana@gmail.com<\/p>\n<p><strong>Szczeg\u00f3\u0142y w <a href=\"http:\/\/physics.uwb.edu.pl\/wf\/?page_id=2254&amp;lang=pl\">za\u0142\u0105czonym pliku<\/a><\/strong>.<\/p>\n","protected":false},"excerpt":{"rendered":"<p>Zapraszamy w pi\u0105tek (15 kwietnia, w godz. 14-16.30) i sobot\u0119 (16 kwietnia, w godz. 9-15) na imprezy organizowane w ramach Dni Otwartych Wydzia\u0142u Fizyki w kampusie uniwersyteckim, ul. K.Cio\u0142kowskiego 1L. <a href=\"https:\/\/physics.uwb.edu.pl\/wf\/?page_id=2256\" class=\"more-link\">[&hellip;]<\/a><\/p>\n","protected":false},"author":1,"featured_media":2262,"parent":713,"menu_order":0,"comment_status":"closed","ping_status":"closed","template":"","meta":{"ngg_post_thumbnail":0,"Layout":"","footnotes":""},"categories":[27],"tags":[],"class_list":["entry","author-wp_admin","post-2256","page","type-page","status-publish","has-post-thumbnail","category-post_news_pl"],"jetpack_sharing_enabled":true,"jetpack_shortlink":"https:\/\/wp.me\/P7nvcn-Ao","_links":{"self":[{"href":"https:\/\/physics.uwb.edu.pl\/wf\/index.php?rest_route=\/wp\/v2\/pages\/2256","targetHints":{"allow":["GET"]}}],"collection":[{"href":"https:\/\/physics.uwb.edu.pl\/wf\/index.php?rest_route=\/wp\/v2\/pages"}],"about":[{"href":"https:\/\/physics.uwb.edu.pl\/wf\/index.php?rest_route=\/wp\/v2\/types\/page"}],"author":[{"embeddable":true,"href":"https:\/\/physics.uwb.edu.pl\/wf\/index.php?rest_route=\/wp\/v2\/users\/1"}],"replies":[{"embeddable":true,"href":"https:\/\/physics.uwb.edu.pl\/wf\/index.php?rest_route=%2Fwp%2Fv2%2Fcomments&post=2256"}],"version-history":[{"count":7,"href":"https:\/\/physics.uwb.edu.pl\/wf\/index.php?rest_route=\/wp\/v2\/pages\/2256\/revisions"}],"predecessor-version":[{"id":2292,"href":"https:\/\/physics.uwb.edu.pl\/wf\/index.php?rest_route=\/wp\/v2\/pages\/2256\/revisions\/2292"}],"up":[{"embeddable":true,"href":"https:\/\/physics.uwb.edu.pl\/wf\/index.php?rest_route=\/wp\/v2\/pages\/713"}],"wp:featuredmedia":[{"embeddable":true,"href":"https:\/\/physics.uwb.edu.pl\/wf\/index.php?rest_route=\/wp\/v2\/media\/2262"}],"wp:attachment":[{"href":"https:\/\/physics.uwb.edu.pl\/wf\/index.php?rest_route=%2Fwp%2Fv2%2Fmedia&parent=2256"}],"wp:term":[{"taxonomy":"category","embeddable":true,"href":"https:\/\/physics.uwb.edu.pl\/wf\/index.php?rest_route=%2Fwp%2Fv2%2Fcategories&post=2256"},{"taxonomy":"post_tag","embeddable":true,"href":"https:\/\/physics.uwb.edu.pl\/wf\/index.php?rest_route=%2Fwp%2Fv2%2Ftags&post=2256"}],"curies":[{"name":"wp","href":"https:\/\/api.w.org\/{rel}","templated":true}]}}