{"id":226,"date":"2016-02-23T23:10:43","date_gmt":"2016-02-23T22:10:43","guid":{"rendered":"http:\/\/physics.uwb.edu.pl\/wf\/?page_id=226"},"modified":"2022-01-10T10:23:35","modified_gmt":"2022-01-10T09:23:35","slug":"biblioteka","status":"publish","type":"page","link":"https:\/\/physics.uwb.edu.pl\/wf\/?page_id=226","title":{"rendered":"Biblioteka"},"content":{"rendered":"<p><strong>Biblioteka czynna:<br \/>\n<\/strong><\/p>\n<ul>\n<li><strong>poniedzia\u0142ek &#8211; czwartek&nbsp; 9.00 &#8211; 18.00<\/strong><\/li>\n<li><strong>pi\u0105tek&nbsp; 9.00 &#8211; 16.00<\/strong><\/li>\n<\/ul>\n<p><strong>Najwa\u017cniejsze z<\/strong><strong>asady ko<\/strong><strong>rzystania z BIBLIOTEKI<\/strong><\/p>\n<ul>\n<li>O ilo\u015bci&nbsp; os\u00f3b przebywaj\u0105cych jednocze\u015bnie w bibliotece, decyduje dy\u017curuj\u0105cy bibliotekarz.<\/li>\n<li>Ksi\u0119gozbi\u00f3r biblioteczny&nbsp; podaje czytelnikowi dy\u017curuj\u0105cy bibliotekarz (ograniczenie korzystania w wolnym dost\u0119pie).<\/li>\n<\/ul>\n<p><strong>Nale\u017cy pami\u0119ta\u0107: <\/strong>&nbsp;<strong>&nbsp;<\/strong><\/p>\n<ul>\n<li>Zachowuj 2-metrow\u0105 odleg\u0142o\u015b\u0107 od innych w przestrzeni publicznej.<\/li>\n<li>Obowi\u0105zkowo zas\u0142aniaj nos i usta w miejscach publicznych.<\/li>\n<li>\u015aci\u015ble przestrzegaj zasad sanitarnych w miejscach gromadzenia ludzi (dezynfekcja i utrzymanie odpowiedniego dystansu).<\/li>\n<\/ul>\n<p><strong>Zach\u0119camy do kontaktu mailowo (email:&nbsp;<a href=\"mailto:bwf@uwb.edu.pl\">bwf@uwb.edu.pl<\/a>) lub telefonicznie (tel. 85 738 81 84,&nbsp; 85 738 82 03) .<\/strong><\/p>\n<p>&nbsp;<\/p>\n<p><strong>Biblioteka Wydzia\u0142u Fizyki<\/strong> znajduje si\u0119 na parterze budynku Wydzia\u0142u Fizyki.<\/p>\n<p>tel. 85-738 81 84, 85-738 82 03,&nbsp;&nbsp;&nbsp;&nbsp;&nbsp;&nbsp;&nbsp;&nbsp; e-mail: <a href=\"mailto:bwf@uwb.edu.pl\">bwf@uwb.edu.pl<\/a><\/p>\n<p>&nbsp;<\/p>\n<p><strong>Aktualny stan zbior\u00f3w Biblioteki Wydzia\u0142u Fizyki:<\/strong><strong><br \/>\n\u2013 <em>ok. 15 tys. wol. zbior\u00f3w zwartych-<\/em><\/strong><strong><em>ksi\u0105\u017cki<\/em> (<\/strong>razem z depozytem Biblioteki Uniwersyteckiej). Obejmuje g\u0142\u00f3wne dzia\u0142y fizyki (tj.:&nbsp; fizyk\u0119 i mechanik\u0119 kwantow\u0105,&nbsp;&nbsp; mechanik\u0119 og\u00f3ln\u0105,&nbsp; mechanik\u0119 cia\u0142 sta\u0142ych, mechanik\u0119 cieczy, mechanik\u0119 gaz\u00f3w, drgania, akustyk\u0119, \u015bwiat\u0142o, optyk\u0119, ciep\u0142o, termodynamik\u0119, teori\u0119 elektryczno\u015bci, promieniowanie, magnetyzm i elektrodynamik\u0119, fizyk\u0119 cia\u0142a sta\u0142ego i j\u0105drow\u0105, fizyk\u0119 medyczn\u0105 oraz astronomi\u0119 i astrofizyk\u0119) oraz &#8211; w nieco mniejszym zakresie &#8211; z dziedziny informatyki, elektroniki, matematyki &nbsp;i chemii.<\/p>\n<p>W ofercie przeznaczonej dla student\u00f3w szczeg\u00f3lne miejsce zajmuj\u0105 tzw. wieloegzemplarzowe podr\u0119czniki akademickie zalecane w procesie kszta\u0142cenia na kierunkach Wydzia\u0142u Fizyki.<br \/>\n<strong>\u2013 <em>ok. 3500 rocznik\u00f3w czasopism naukowych<\/em> <\/strong><strong>(<\/strong>m.in. Physicial Review, Physicial Review Letters, Nuclear Physics).&nbsp;<\/p>\n<p>&#8211;<strong><em> ok. 100 <\/em><\/strong>(<em>jedn<\/em>. <em>inw<\/em>.) stanowi\u0105 <strong><em>zbiory specjalne<\/em><\/strong> .<\/p>\n<p>&nbsp;<\/p>\n<p><a href=\"http:\/\/katalogi.uwb.edu.pl\/F\/GB8XE9CM1ED5VQLPNFU3R9MQEJIJN37NPYTAEU6TJQG1NFQFT5-13455?func=find-b-0&amp;local_base=bwf\"><strong>Katalog systemu ALEPH (zasoby Biblioteki Wydzia\u0142u Fizyki)<\/strong><\/a><\/p>\n<p><a href=\"http:\/\/katalogi.uwb.edu.pl\/F\/G1X8FJHV756289VRQ17KQLYICIJ65T89RDC1PFUFQ14X7AUDMP-29156?func=find-acc&amp;acc_sequence=000045832\"><strong>Publikacje pracownik\u00f3w naukowych Wydzia\u0142u Fizyki<\/strong><\/a><\/p>\n<p><strong>Kolekcje ksi\u0105\u017cek elektronicznych:<\/strong>&nbsp;<a href=\"https:\/\/bg.uwb.edu.pl\/?pid=ibuk\"> ibuk.pl&nbsp;<\/a> &nbsp;&nbsp;&nbsp; <a href=\"http:\/\/wbn.edu.pl\/index-ebsco.html\">EBSCO<\/a><\/p>\n<p><strong>Bie\u017c\u0105ca prenumerata:<\/strong><\/p>\n<p><strong>&#8211;<\/strong><strong> <em>16 tytu\u0142\u00f3w czasopism<\/em><\/strong> w formie papierowej (m.in. Delta, Elektronika, Elektronika Praktyczna, Fizyka w Szkole, Foton, In\u017cynier Medyczny, Linux Magazine, Post\u0119py Fizyki, Programista, \u015awiat Nauki, Urania).&nbsp;<\/p>\n<p>&#8211; <strong><em>&nbsp;<\/em><\/strong>&nbsp;<strong><em>In\u017cynieria Biomedyczna<\/em><\/strong>&nbsp; z dost\u0119pem on-line&nbsp; <a href=\"http:\/\/www.inzynieria-biomedyczna.com.pl\/\">http:\/\/www.inzynieria-biomedyczna.com.pl\/<\/a><\/p>\n<p>&#8211; <strong><em>2 tytu\u0142y czasopism<\/em><\/strong> &nbsp;drukowanych w j\u0119zyku angielskim: (The MagPi&nbsp; i Sky&amp;Telscope).<em>&nbsp;&nbsp;&nbsp; <\/em><\/p>\n<p>&nbsp;<\/p>\n<p><strong>Zapraszamy do korzystania z literaturowych baz danych konsorcj\u00f3w:<\/strong><strong><br \/>\n\u2013 <em>AIP\/APS<\/em><\/strong>, baza w kolekcji czasopism elektronicznych American Institute of Physics oraz wydawnictw stowarzyszonych z AIP, z rozszerzeniem o tytu\u0142&nbsp; <strong><em>Physical Review Materiale<\/em><\/strong>.<\/p>\n<p><strong>\u2013 <em>IOP<\/em> <\/strong>(Institute of Physics), dost\u0119p do wszystkich bie\u017c\u0105cych czasopism IOP oraz teksty archiwalne w pakiecie podstawowym. &nbsp;<\/p>\n<p><strong>CZYTELNIA<\/strong> dost\u0119pna jest dla wszystkich u\u017cytkownik\u00f3w w godzinach pracy biblioteki.<\/p>\n<p>Z <strong>WYPO\u017bYCZALNI<\/strong> mog\u0105 korzysta\u0107 tylko pracownicy, doktoranci i studenci Wydzia\u0142u Fizyki.<\/p>\n<p>W Bibliotece Wydzia\u0142u Fizyki pracuj\u0105:<\/p>\n<ul>\n<li><a href=\"http:\/\/physics.uwb.edu.pl\/wf\/?pracownik=malgorzata-golubowska&amp;lang=pl\">mgr Ma\u0142gorzata Go\u0142ubowska<\/a><\/li>\n<li><a href=\"http:\/\/physics.uwb.edu.pl\/wf\/?pracownik=zofia-lesniewska&amp;lang=pl\">mgr Zofia Le\u015bniewska<\/a> \u2013 kierownik<\/li>\n<\/ul>\n<p>ZAPRASZAMY DO KORZYSTANIA Z NASZYCH ZBIOR\u00d3W&nbsp;<\/p>\n","protected":false},"excerpt":{"rendered":"<p>Biblioteka czynna: poniedzia\u0142ek &#8211; czwartek&nbsp; 9.00 &#8211; 18.00 pi\u0105tek&nbsp; 9.00 &#8211; 16.00 Najwa\u017cniejsze zasady korzystania z BIBLIOTEKI O ilo\u015bci&nbsp; os\u00f3b przebywaj\u0105cych jednocze\u015bnie w bibliotece, decyduje dy\u017curuj\u0105cy bibliotekarz. Ksi\u0119gozbi\u00f3r biblioteczny&nbsp; podaje <a href=\"https:\/\/physics.uwb.edu.pl\/wf\/?page_id=226\" class=\"more-link\">[&hellip;]<\/a><\/p>\n","protected":false},"author":2,"featured_media":300,"parent":68,"menu_order":20,"comment_status":"closed","ping_status":"closed","template":"","meta":{"ngg_post_thumbnail":0,"Layout":"1c","footnotes":""},"categories":[3],"tags":[],"class_list":["entry","author-dobrog","post-226","page","type-page","status-publish","has-post-thumbnail","category-wydzialowe_pl"],"jetpack_sharing_enabled":true,"jetpack_shortlink":"https:\/\/wp.me\/P7nvcn-3E","_links":{"self":[{"href":"https:\/\/physics.uwb.edu.pl\/wf\/index.php?rest_route=\/wp\/v2\/pages\/226","targetHints":{"allow":["GET"]}}],"collection":[{"href":"https:\/\/physics.uwb.edu.pl\/wf\/index.php?rest_route=\/wp\/v2\/pages"}],"about":[{"href":"https:\/\/physics.uwb.edu.pl\/wf\/index.php?rest_route=\/wp\/v2\/types\/page"}],"author":[{"embeddable":true,"href":"https:\/\/physics.uwb.edu.pl\/wf\/index.php?rest_route=\/wp\/v2\/users\/2"}],"replies":[{"embeddable":true,"href":"https:\/\/physics.uwb.edu.pl\/wf\/index.php?rest_route=%2Fwp%2Fv2%2Fcomments&post=226"}],"version-history":[{"count":116,"href":"https:\/\/physics.uwb.edu.pl\/wf\/index.php?rest_route=\/wp\/v2\/pages\/226\/revisions"}],"predecessor-version":[{"id":13146,"href":"https:\/\/physics.uwb.edu.pl\/wf\/index.php?rest_route=\/wp\/v2\/pages\/226\/revisions\/13146"}],"up":[{"embeddable":true,"href":"https:\/\/physics.uwb.edu.pl\/wf\/index.php?rest_route=\/wp\/v2\/pages\/68"}],"wp:featuredmedia":[{"embeddable":true,"href":"https:\/\/physics.uwb.edu.pl\/wf\/index.php?rest_route=\/wp\/v2\/media\/300"}],"wp:attachment":[{"href":"https:\/\/physics.uwb.edu.pl\/wf\/index.php?rest_route=%2Fwp%2Fv2%2Fmedia&parent=226"}],"wp:term":[{"taxonomy":"category","embeddable":true,"href":"https:\/\/physics.uwb.edu.pl\/wf\/index.php?rest_route=%2Fwp%2Fv2%2Fcategories&post=226"},{"taxonomy":"post_tag","embeddable":true,"href":"https:\/\/physics.uwb.edu.pl\/wf\/index.php?rest_route=%2Fwp%2Fv2%2Ftags&post=226"}],"curies":[{"name":"wp","href":"https:\/\/api.w.org\/{rel}","templated":true}]}}