{"id":2316,"date":"2016-04-20T15:15:40","date_gmt":"2016-04-20T13:15:40","guid":{"rendered":"http:\/\/physics.uwb.edu.pl\/wf\/?page_id=2316"},"modified":"2019-03-06T13:13:07","modified_gmt":"2019-03-06T12:13:07","slug":"xiv-podlaski-festiwal-nauki-i-sztuki","status":"publish","type":"page","link":"https:\/\/physics.uwb.edu.pl\/wf\/?page_id=2316","title":{"rendered":"XV Podlaski Festiwal nauki i Sztuki"},"content":{"rendered":"<h2>Wydzia\u0142 Fizyki UwB:<\/h2>\n<p>Zapraszamy pasjonat\u00f3w fizyki i wszystkich ciekawskich otaczaj\u0105cego nas \u015bwiata na przygotowane przez Wydzia\u0142 Fizyki imprezy w pi\u0105tek 19-maja (8:00-12:00), niedziel\u0119 21-maja (13:00-18:00) oraz w poniedzia\u0142ek 22-maja (od 9:00).&nbsp;<a href=\"http:\/\/physics.uwb.edu.pl\/wf\/wp-content\/uploads\/2016\/04\/XV_festiwal-agenda-1.pdf\">Plik z imprezami do pobrania tutaj<\/a> (pdf, 488kB).<\/p>\n<p><a href=\"http:\/\/physics.uwb.edu.pl\/wf\/wp-content\/uploads\/2016\/04\/XV_festiwal-agenda-1.pdf\"><img loading=\"lazy\" decoding=\"async\" class=\"size-full wp-image-5210 alignleft\" src=\"http:\/\/physics.uwb.edu.pl\/wf\/wp-content\/uploads\/2016\/04\/XV_festiwal-1.jpg\" alt=\"\" width=\"281\" height=\"501\" srcset=\"https:\/\/physics.uwb.edu.pl\/wf\/wp-content\/uploads\/2016\/04\/XV_festiwal-1.jpg 281w, https:\/\/physics.uwb.edu.pl\/wf\/wp-content\/uploads\/2016\/04\/XV_festiwal-1-84x150.jpg 84w, https:\/\/physics.uwb.edu.pl\/wf\/wp-content\/uploads\/2016\/04\/XV_festiwal-1-168x300.jpg 168w, https:\/\/physics.uwb.edu.pl\/wf\/wp-content\/uploads\/2016\/04\/XV_festiwal-1-280x500.jpg 280w\" sizes=\"auto, (max-width: 281px) 100vw, 281px\" \/><\/a>Serdecznie zapraszamy Pa\u0144stwa na imprezy przygotowane przez <strong>Wydzia\u0142 Fizyki UwB<\/strong> na&nbsp;<a href=\"http:\/\/festiwal.umb.edu.pl\/\" target=\"_blank\" rel=\"noopener noreferrer\">XV Podlaski Festiwal Nauki i Sztuki<\/a>. Jak co roku zach\u0119camy Pa\u0144stwa do wybrania czego\u015b z naszej szerokiej oferty. Przypominamy, \u017ce na niekt\u00f3re imprezy wymagana jest <strong>wcze\u015bniejsza rejestracja<\/strong> (telefoniczna, emailowa). W razie w\u0105tpliwo\u015bci prosz\u0119 si\u0119 kontaktowa\u0107 z wydzia\u0142owym koordynatorem festiwalu &#8211; dr. K. Gawrylukiem (<a href=\"mailto:k.gawryluk@uwb.edu.pl\">k.gawryluk@uwb.edu.pl<\/a>).&nbsp;<\/p>\n<h2>&nbsp;<\/h2>\n<h2>19-05-2017, pi\u0105tek: Kampus, budynek Wydzia\u0142u Fizyki<\/h2>\n<p>Witamy przyby\u0142ych go\u015bci od godz. 8:00 do godz. 12:00. Poka\u017cemy proste zabawki fizyczne, by dzi\u0119ki zabawie zainteresowa\u0107 m\u0142odych ludzi fizyk\u0105. B\u0119dzie mo\u017cna te\u017c zagra\u0107 w gry komputerowe stworzone na Wydziale Fizyki oraz poje\u017adzi\u0107 robotem wydrukowanym w technologii 3D. To doskona\u0142a okazja by spyta\u0107 o prowadz\u0105cych o natur\u0119 zjawisk rz\u0105dz\u0105cych przedstawianymi zabawkami. Opr\u00f3cz tego proponujemy tak\u017ce:<\/p>\n<h4>9:00-9:20, 11:00-11:20 Wahad\u0142o Foucaulta&nbsp;<a href=\"http:\/\/festiwal.umb.edu.pl\/node\/364\">(wi\u0119cej)<\/a><\/h4>\n<h4>9:00-9:25 (cyklicznie do godz. 12-tej) Rura Rubensa&nbsp;<a href=\"http:\/\/festiwal.umb.edu.pl\/node\/349\">(wi\u0119cej)<\/a><\/h4>\n<h4>17:00-17:45 Nowa metoda ultraszybkiego zapisu fotomagnetycznego&nbsp;<a href=\"http:\/\/festiwal.umb.edu.pl\/node\/521\">(wi\u0119cej)<\/a><\/h4>\n<h2>21-05-2017, niedziela: Rynek Ko\u015bciuszki<\/h2>\n<p>Zapraszamy w godzinach 13:00-18:00 na imprez\u0119 zatytu\u0142owan\u0105 &#8220;Przyjemno\u015bci\u0105 Smyka &#8211; robot(a)fizyka&#8221;. Od lokomotyw do robot\u00f3w, czyli proste i zabawne do\u015bwiadczenia z mechaniki, optyki, termodynamiki, elektryczno\u015bci i magnetyzmu. Fizyczne rebusy &#8211; gry zespo\u0142owe. Zabawy piaskiem kinetycznym dla najm\u0142odszych. <a href=\"http:\/\/festiwal.umb.edu.pl\/search\/node\/smyka\">Wi\u0119cej<\/a><\/p>\n<h2>22-05-2017, poniedzia\u0142ek: Kampus, budynek Wydzia\u0142u Fizyki&nbsp;<\/h2>\n<h4>9:00-9:45, 11:00-11:45 FALE WOK\u00d3\u0141 NAS<\/h4>\n<p>Wyk\u0142ad zaprezentuje w formie eksperyment\u00f3w pokazowych r\u00f3\u017cnorodne zjawiska falowe, jakie mo\u017cemy spotka\u0107 r\u00f3wnie\u017c w \u017cyciu codziennym. Z wykorzystaniem fal mechanicznych i elektromagnetycznych, zademonstrowane zostan\u0105 efekty zwi\u0105zane z odbiciem, za\u0142amaniem, dyspersj\u0105, interferencj\u0105, dyfrakcj\u0105 i polaryzacj\u0105 fal oraz efekt Dopplera. <a href=\"http:\/\/festiwal.umb.edu.pl\/node\/290\">Wi\u0119cej<\/a>.<\/p>\n<h4>10:00-10:45&nbsp;\u017bYCIE NA ORBICIE&nbsp;<\/h4>\n<p><img loading=\"lazy\" decoding=\"async\" class=\"size-medium wp-image-2355 alignleft\" src=\"http:\/\/physics.uwb.edu.pl\/wf\/wp-content\/uploads\/2016\/04\/1280px-Space_Shuttle_Columbia_launching-300x253.jpg\" alt=\"1280px-Space_Shuttle_Columbia_launching\" width=\"300\" height=\"253\" srcset=\"https:\/\/physics.uwb.edu.pl\/wf\/wp-content\/uploads\/2016\/04\/1280px-Space_Shuttle_Columbia_launching-300x253.jpg 300w, https:\/\/physics.uwb.edu.pl\/wf\/wp-content\/uploads\/2016\/04\/1280px-Space_Shuttle_Columbia_launching-150x126.jpg 150w, https:\/\/physics.uwb.edu.pl\/wf\/wp-content\/uploads\/2016\/04\/1280px-Space_Shuttle_Columbia_launching-1024x863.jpg 1024w, https:\/\/physics.uwb.edu.pl\/wf\/wp-content\/uploads\/2016\/04\/1280px-Space_Shuttle_Columbia_launching-593x500.jpg 593w, https:\/\/physics.uwb.edu.pl\/wf\/wp-content\/uploads\/2016\/04\/1280px-Space_Shuttle_Columbia_launching.jpg 1280w\" sizes=\"auto, (max-width: 300px) 100vw, 300px\" \/>&#8220;\u017bycie na orbicie&#8221; to 45 minutowy wyk\u0142ad omawiaj\u0105cy \u017cycie na stacji kosmicznej, problemy zwi\u0105zane z brakiem normalnej grawitacji. Obok problem\u00f3w z myciem w\u0142os\u00f3w om\u00f3wi\u0119 wp\u0142yw braku grawitacji na organizm cz\u0142owieka.&nbsp;<a href=\"http:\/\/festiwal.umb.edu.pl\/node\/164\" target=\"_blank\" rel=\"noopener noreferrer\">Wi\u0119cej<\/a>.<\/p>\n<h4>&nbsp;<\/h4>\n<h4>9:00-14:00 KOMPUTEROWO WSPOMAGANE DYDAKTYCZNE EKSPERYMENTY FIZYCZNE<\/h4>\n<p><img loading=\"lazy\" decoding=\"async\" class=\"size-medium wp-image-2339 alignleft\" src=\"http:\/\/physics.uwb.edu.pl\/wf\/wp-content\/uploads\/2016\/04\/DSC_0174-300x169.jpg\" alt=\"DSC_0174\" width=\"300\" height=\"169\" srcset=\"https:\/\/physics.uwb.edu.pl\/wf\/wp-content\/uploads\/2016\/04\/DSC_0174-300x169.jpg 300w, https:\/\/physics.uwb.edu.pl\/wf\/wp-content\/uploads\/2016\/04\/DSC_0174-150x84.jpg 150w, https:\/\/physics.uwb.edu.pl\/wf\/wp-content\/uploads\/2016\/04\/DSC_0174-1024x576.jpg 1024w, https:\/\/physics.uwb.edu.pl\/wf\/wp-content\/uploads\/2016\/04\/DSC_0174-888x500.jpg 888w, https:\/\/physics.uwb.edu.pl\/wf\/wp-content\/uploads\/2016\/04\/DSC_0174.jpg 1800w\" sizes=\"auto, (max-width: 300px) 100vw, 300px\" \/>Eksperymenty fizyczne wspomagane komputerowo. Pomiary zjawisk fizycznych z akustyki, mechaniki, elektryczno\u015bci i innych z wykorzystaniem komputera. Prezentacja Regionalnego Laboratorium do Nauczania Przedmiot\u00f3w Przyrodniczych LABFIZ.&nbsp;<a href=\"http:\/\/festiwal.umb.edu.pl\/node\/68\" target=\"_blank\" rel=\"noopener noreferrer\">Wi\u0119cej<\/a>.<\/p>\n<h4>9:00-14:00 ZABAWKI FIZYCZNE<\/h4>\n<p>Zabawki fizyczne s\u0105 skuteczn\u0105 form\u0105 nauczania fizyki, bowiem bawi\u0105c ucz\u0105, a ucz\u0105c bawi\u0105. Impreza skierowana jest do uczni\u00f3w i nauczycieli. Na kilkunastu stanowiskach zgromadzone b\u0119d\u0105 tzw. zabawki fizyczne w postaci prostych ale atrakcyjnych eksperyment\u00f3w. Dzia\u0142anie ka\u017cdej zabawki podlega prawom fizyki. Podyskutowa\u0107 mo\u017cna b\u0119dzie mi\u0119dzy innymi na temat: Co wida\u0107 we wn\u0119trzu kalejdoskopu? Czy lewitacja wymaga wiedzy tajemnej? Zobaczy\u0107 np. kamie\u0144 celtycki, model silnika, pij\u0105cy ptak i wiele innych. Zaj\u0119cia prowadz\u0105 <strong>uczniowie<\/strong> <strong>I LO w Bia\u0142ymstoku<\/strong>!&nbsp;<a href=\"http:\/\/festiwal.umb.edu.pl\/node\/237\" target=\"_blank\" rel=\"noopener noreferrer\">Wi\u0119cej<\/a>.<\/p>\n<h4>10:00-10:45, 11:00-11:45, 12:00-12:45 FIZYKA W GRACH KOMPUTEROWYCH<\/h4>\n<p><img loading=\"lazy\" decoding=\"async\" class=\"size-medium wp-image-1786 alignleft\" src=\"http:\/\/physics.uwb.edu.pl\/wf\/wp-content\/uploads\/2016\/03\/samochod_2D_2-300x169.png\" alt=\"samochod_2D_2\" width=\"300\" height=\"169\" srcset=\"https:\/\/physics.uwb.edu.pl\/wf\/wp-content\/uploads\/2016\/03\/samochod_2D_2-300x169.png 300w, https:\/\/physics.uwb.edu.pl\/wf\/wp-content\/uploads\/2016\/03\/samochod_2D_2-150x84.png 150w, https:\/\/physics.uwb.edu.pl\/wf\/wp-content\/uploads\/2016\/03\/samochod_2D_2-1024x576.png 1024w, https:\/\/physics.uwb.edu.pl\/wf\/wp-content\/uploads\/2016\/03\/samochod_2D_2-889x500.png 889w, https:\/\/physics.uwb.edu.pl\/wf\/wp-content\/uploads\/2016\/03\/samochod_2D_2.png 1920w\" sizes=\"auto, (max-width: 300px) 100vw, 300px\" \/>Podczas warsztat\u00f3w zostan\u0105 zaprezentowane wybrane modele fizyczne, kt\u00f3re mog\u0105 pos\u0142u\u017cy\u0107 jako podstawa gry komputerowej. Zostanie to zilustrowane dzia\u0142aj\u0105cymi grami komputerowymi, kt\u00f3re powsta\u0142y jako prace licencjackie na Wydziale Fizyki. Uczestnicy warsztat\u00f3w b\u0119d\u0105 mogli w dowolny spos\u00f3b zmienia\u0107 parametry modelu i obserwowa\u0107 jak wp\u0142ywa to na przebieg gry.&nbsp;<a href=\"http:\/\/festiwal.umb.edu.pl\/node\/200\" target=\"_blank\" rel=\"noopener noreferrer\">Wi\u0119cej<\/a>.<\/p>\n<h4>11:00-11:45 S\u0104, A JAKBY ICH NIE BY\u0141O&#8230; RZECZ O NEUTRINACH.<\/h4>\n<p><img loading=\"lazy\" decoding=\"async\" class=\"wp-image-5217 size-medium alignleft\" src=\"http:\/\/physics.uwb.edu.pl\/wf\/wp-content\/uploads\/2016\/04\/neutrino-300x222.jpg\" alt=\"\" width=\"300\" height=\"222\" srcset=\"https:\/\/physics.uwb.edu.pl\/wf\/wp-content\/uploads\/2016\/04\/neutrino-300x222.jpg 300w, https:\/\/physics.uwb.edu.pl\/wf\/wp-content\/uploads\/2016\/04\/neutrino-150x111.jpg 150w, https:\/\/physics.uwb.edu.pl\/wf\/wp-content\/uploads\/2016\/04\/neutrino-175x131.jpg 175w, https:\/\/physics.uwb.edu.pl\/wf\/wp-content\/uploads\/2016\/04\/neutrino.jpg 450w\" sizes=\"auto, (max-width: 300px) 100vw, 300px\" \/>Wieszcz Adam (fizyk przecie\u017c z wykszta\u0142cenia) tak rozpocz\u0105\u0142 sw\u00f3j wiersz &#8220;Toasty&#8221;: &#8220;Co by by\u0142o w\u015br\u00f3d zakresu,\/ Na kt\u00f3ry ludzie rzuceni,\/ Bez \u015bwiat\u0142a, ciep\u0142a, magnesu\/ I elektrycznych promieni?&#8221; By\u0142aby bieda i \u017ceby strawestowa\u0107 innego, znacznie p\u00f3\u017aniejszego poet\u0119: zamarzni\u0119ta doro\u017cka, zamarzni\u0119ty doro\u017ckarz, zamarzni\u0119ty ko\u0144. A co by\u0142o bez innych promieni, bez neutrin \u015bcig\u0142ych, kt\u00f3re wsz\u0119dzie s\u0105 i puchem, pi\u00f3rkiem przedzieraj\u0105 si\u0119 nieuchwytnie przez mile, ba&#8230;!, ich miliardy ca\u0142e we Wszech\u015bwiecie naszym. O tym b\u0119dzie na wyk\u0142adzie.&nbsp;<a href=\"http:\/\/festiwal.umb.edu.pl\/node\/295\" target=\"_blank\" rel=\"noopener noreferrer\">Wi\u0119cej<\/a>.<\/p>\n<h4>10:00-10:45, 11:00-11:45, 12:00-12:45 ROBOTYKA DLA KA\u017bDEGO &#8211; ARDUINO<\/h4>\n<p><img loading=\"lazy\" decoding=\"async\" class=\"size-medium wp-image-2247 alignleft\" src=\"http:\/\/physics.uwb.edu.pl\/wf\/wp-content\/uploads\/2016\/03\/tcrt5000s-300x169.jpg\" alt=\"tcrt5000s\" width=\"300\" height=\"169\" srcset=\"https:\/\/physics.uwb.edu.pl\/wf\/wp-content\/uploads\/2016\/03\/tcrt5000s-300x169.jpg 300w, https:\/\/physics.uwb.edu.pl\/wf\/wp-content\/uploads\/2016\/03\/tcrt5000s-150x84.jpg 150w, https:\/\/physics.uwb.edu.pl\/wf\/wp-content\/uploads\/2016\/03\/tcrt5000s.jpg 1024w, https:\/\/physics.uwb.edu.pl\/wf\/wp-content\/uploads\/2016\/03\/tcrt5000s-889x500.jpg 889w\" sizes=\"auto, (max-width: 300px) 100vw, 300px\" \/>Chcesz zapozna\u0107 si\u0119 z automatyk\u0105\/robotyk\u0105? Zapraszamy do nas &#8211; studenci <strong>Ko\u0142a Robotyk\u00f3w Fi-BOT<\/strong> z Wydzia\u0142u Fizyki UwB zapoznaj\u0105 ci\u0119 z platform\u0105 Arduino, na kt\u00f3rej zbudujesz i zaprogramujesz swojego pierwszego robota. Sam si\u0119 przekonasz, jakie to proste! <a href=\"http:\/\/festiwal.umb.edu.pl\/node\/188\" target=\"_blank\" rel=\"noopener noreferrer\">Wi\u0119cej<\/a>.<\/p>\n<h4>10:00-10:30 WAHAD\u0141O FOUCAULTA<\/h4>\n<p><img loading=\"lazy\" decoding=\"async\" class=\"size-medium wp-image-2336 alignleft\" src=\"http:\/\/physics.uwb.edu.pl\/wf\/wp-content\/uploads\/2016\/04\/popularyzacja-1-300x199-300x199.jpg\" alt=\"popularyzacja-1-300x199\" width=\"300\" height=\"199\" srcset=\"https:\/\/physics.uwb.edu.pl\/wf\/wp-content\/uploads\/2016\/04\/popularyzacja-1-300x199.jpg 300w, https:\/\/physics.uwb.edu.pl\/wf\/wp-content\/uploads\/2016\/04\/popularyzacja-1-300x199-150x100.jpg 150w\" sizes=\"auto, (max-width: 300px) 100vw, 300px\" \/>Obserwujemy, \u017ce s\u0142o\u0144ce wschodzi, w\u0119druje po niebie i zachodzi. Sk\u0105d wiadomo, czy to s\u0142o\u0144ce si\u0119 porusza czy ziemia? Poka\u017cemy sk\u0105d wiadomo co si\u0119 faktycznie porusza wykonuj\u0105c s\u0142ynne do\u015bwiadczenie z wahad\u0142em Faucaulta.&nbsp;<a href=\"http:\/\/festiwal.umb.edu.pl\/node\/287\" target=\"_blank\" rel=\"noopener noreferrer\">Wi\u0119cej<\/a>.<\/p>\n<h4>13:00-13:45 CZARNE DZIURY I ASTRONOMIA FAL GRAWITACYJNYCH<\/h4>\n<p><img loading=\"lazy\" decoding=\"async\" class=\"wp-image-2360 size-full alignleft\" src=\"http:\/\/physics.uwb.edu.pl\/wf\/wp-content\/uploads\/2016\/04\/BBH.jpg\" alt=\"\" width=\"220\" height=\"220\" srcset=\"https:\/\/physics.uwb.edu.pl\/wf\/wp-content\/uploads\/2016\/04\/BBH.jpg 220w, https:\/\/physics.uwb.edu.pl\/wf\/wp-content\/uploads\/2016\/04\/BBH-150x150.jpg 150w\" sizes=\"auto, (max-width: 220px) 100vw, 220px\" \/>W wyk\u0142adzie opowiemy o pierwszej bezpo\u015bredniej detekcji fal grawitacyjnych, kt\u00f3ra mia\u0142a miejsce w roku 2015 i kt\u00f3ra zapocz\u0105tkowa\u0142a now\u0105 dziedzin\u0119&nbsp;astronomii obserwacyjnej: astronomi\u0119&nbsp;fal grawitacyjnych. Zaobserwowane w\u00f3wczas fale grawitacyjne zosta\u0142y wytworzone w czasie zderzenia dw\u00f3ch pot\u0119\u017cnych czarnych dziur. Czarne dziury s\u0105 by\u0107 mo\u017ce najbardziej niezwyk\u0142ymi obiektami istniej\u0105cymi we Wszech\u015bwiecie. B\u0119d\u0105 one drugim, obok fal grawitacyjnych, bohaterem wyk\u0142adu.&nbsp;<a href=\"http:\/\/festiwal.umb.edu.pl\/node\/203\" target=\"_blank\" rel=\"noopener noreferrer\">Wi\u0119cej<\/a>.<\/p>\n<h4>12:00-12:50, 13:00-13:50 ARDUINO I DRUK 3D<\/h4>\n<p><img loading=\"lazy\" decoding=\"async\" class=\"wp-image-2344 size-medium alignleft\" src=\"http:\/\/physics.uwb.edu.pl\/wf\/wp-content\/uploads\/2016\/04\/podest-300x234.png\" alt=\"\" width=\"300\" height=\"234\" srcset=\"https:\/\/physics.uwb.edu.pl\/wf\/wp-content\/uploads\/2016\/04\/podest-300x234.png 300w, https:\/\/physics.uwb.edu.pl\/wf\/wp-content\/uploads\/2016\/04\/podest-150x117.png 150w, https:\/\/physics.uwb.edu.pl\/wf\/wp-content\/uploads\/2016\/04\/podest-1024x800.png 1024w, https:\/\/physics.uwb.edu.pl\/wf\/wp-content\/uploads\/2016\/04\/podest-640x500.png 640w, https:\/\/physics.uwb.edu.pl\/wf\/wp-content\/uploads\/2016\/04\/podest.png 1920w\" sizes=\"auto, (max-width: 300px) 100vw, 300px\" \/>Ostatnie dziesi\u0119ciolecie to okres narodzin dw\u00f3ch wielkich projekt\u00f3w RepRap i Arduino. Pierwszy z nich doprowadzi\u0142 do upowszechnienia wytwarzania oryginalnych obiekt\u00f3w tr\u00f3jwymiarowych w domu, pracy czy szkole. Drugi za\u015b znacz\u0105co upro\u015bci\u0142 implementacj\u0119 mikrokontroler\u00f3w, oferuj\u0105c sprz\u0119t oparty na koncepcji otwartej architektury oraz przyst\u0119pne, zintegrowane \u015brodowisko programistyczne. Przedmiotem wyst\u0105pienia b\u0119dzie prezentacja urz\u0105dze\u0144 sterowanych za pomoc\u0105 Arduino, w tym drukarka 3D i wydrukowane roboty z serii C.W.Tekla.&nbsp;<a href=\"http:\/\/festiwal.umb.edu.pl\/node\/247\" target=\"_blank\" rel=\"noopener noreferrer\">Wi\u0119cej<\/a>.<\/p>\n<h4>12:00-12:50 WA\u017bYMY ZIEMI\u0118<\/h4>\n<p><img loading=\"lazy\" decoding=\"async\" class=\"size-medium wp-image-5230 alignleft\" src=\"http:\/\/physics.uwb.edu.pl\/wf\/wp-content\/uploads\/2016\/04\/cavendish2-298x300.jpg\" alt=\"\" width=\"298\" height=\"300\" srcset=\"https:\/\/physics.uwb.edu.pl\/wf\/wp-content\/uploads\/2016\/04\/cavendish2-298x300.jpg 298w, https:\/\/physics.uwb.edu.pl\/wf\/wp-content\/uploads\/2016\/04\/cavendish2-150x150.jpg 150w, https:\/\/physics.uwb.edu.pl\/wf\/wp-content\/uploads\/2016\/04\/cavendish2-497x500.jpg 497w, https:\/\/physics.uwb.edu.pl\/wf\/wp-content\/uploads\/2016\/04\/cavendish2.jpg 504w\" sizes=\"auto, (max-width: 298px) 100vw, 298px\" \/>Zaprezentujemy jak silnie przyci\u0105gaj\u0105 si\u0119 cia\u0142a pod wp\u0142ywem oddzia\u0142ywa\u0144 grawitacyjnych. W czasie wyk\u0142adu wykonamy eksperyment i pokazemy wyniki pomiar\u00f3w ilo\u015bciowych.&nbsp;<a href=\"http:\/\/festiwal.umb.edu.pl\/node\/288\" target=\"_blank\" rel=\"noopener noreferrer\">Wi\u0119cej<\/a>.<\/p>\n<h4>14:00-14:45 RURA RUBENSA &#8211; WIZUALIZACJA FAL DZWI\u0118KOWYCH<\/h4>\n<p><img loading=\"lazy\" decoding=\"async\" class=\"size-medium wp-image-2369 alignleft\" src=\"http:\/\/physics.uwb.edu.pl\/wf\/wp-content\/uploads\/2016\/04\/DSC02903-300x169.jpg\" alt=\"DSC02903\" width=\"300\" height=\"169\" srcset=\"https:\/\/physics.uwb.edu.pl\/wf\/wp-content\/uploads\/2016\/04\/DSC02903-300x169.jpg 300w, https:\/\/physics.uwb.edu.pl\/wf\/wp-content\/uploads\/2016\/04\/DSC02903-150x84.jpg 150w, https:\/\/physics.uwb.edu.pl\/wf\/wp-content\/uploads\/2016\/04\/DSC02903-1024x576.jpg 1024w, https:\/\/physics.uwb.edu.pl\/wf\/wp-content\/uploads\/2016\/04\/DSC02903-889x500.jpg 889w\" sizes=\"auto, (max-width: 300px) 100vw, 300px\" \/>Rura Rubensa jest rur\u0105 z szeregiem ma\u0142ych otwork\u00f3w wywierconych w g\u00f3rnej cz\u0119\u015bci. Rur\u0119 nape\u0142nia si\u0119 gazem i zapala si\u0119 gaz wydostaj\u0105cy si\u0119 przez ma\u0142e otworki. Za pomoc\u0105 g\u0142o\u015bnika wytwarza si\u0119 w rurze stoj\u0105c\u0105 fal\u0119 d\u017awi\u0119kow\u0105, kt\u00f3ra uwidacznia si\u0119 zmienn\u0105 wysoko\u015bci\u0105 p\u0142omyk\u00f3w. W ten spos\u00f3b widzimy, jak\u0105 d\u0142ugo\u015b\u0107 posiadaj\u0105 fale d\u017awi\u0119kowe przy okre\u015blonej cz\u0119stotliwo\u015bci d\u017awi\u0119ku.&nbsp;<a href=\"http:\/\/festiwal.umb.edu.pl\/node\/194\" target=\"_blank\" rel=\"noopener noreferrer\">Wi\u0119cej<\/a>.<\/p>\n","protected":false},"excerpt":{"rendered":"<p>Wydzia\u0142 Fizyki UwB: Zapraszamy pasjonat\u00f3w fizyki i wszystkich ciekawskich otaczaj\u0105cego nas \u015bwiata na przygotowane przez Wydzia\u0142 Fizyki imprezy w pi\u0105tek 19-maja (8:00-12:00), niedziel\u0119 21-maja (13:00-18:00) oraz w poniedzia\u0142ek 22-maja (od <a href=\"https:\/\/physics.uwb.edu.pl\/wf\/?page_id=2316\" class=\"more-link\">[&hellip;]<\/a><\/p>\n","protected":false},"author":5,"featured_media":5215,"parent":305,"menu_order":7,"comment_status":"closed","ping_status":"closed","template":"","meta":{"ngg_post_thumbnail":0,"Layout":"","footnotes":""},"categories":[35],"tags":[],"class_list":["entry","author-gawryl","post-2316","page","type-page","status-publish","has-post-thumbnail","category-popularyzacja_pl"],"jetpack_sharing_enabled":true,"jetpack_shortlink":"https:\/\/wp.me\/P7nvcn-Bm","_links":{"self":[{"href":"https:\/\/physics.uwb.edu.pl\/wf\/index.php?rest_route=\/wp\/v2\/pages\/2316","targetHints":{"allow":["GET"]}}],"collection":[{"href":"https:\/\/physics.uwb.edu.pl\/wf\/index.php?rest_route=\/wp\/v2\/pages"}],"about":[{"href":"https:\/\/physics.uwb.edu.pl\/wf\/index.php?rest_route=\/wp\/v2\/types\/page"}],"author":[{"embeddable":true,"href":"https:\/\/physics.uwb.edu.pl\/wf\/index.php?rest_route=\/wp\/v2\/users\/5"}],"replies":[{"embeddable":true,"href":"https:\/\/physics.uwb.edu.pl\/wf\/index.php?rest_route=%2Fwp%2Fv2%2Fcomments&post=2316"}],"version-history":[{"count":116,"href":"https:\/\/physics.uwb.edu.pl\/wf\/index.php?rest_route=\/wp\/v2\/pages\/2316\/revisions"}],"predecessor-version":[{"id":5461,"href":"https:\/\/physics.uwb.edu.pl\/wf\/index.php?rest_route=\/wp\/v2\/pages\/2316\/revisions\/5461"}],"up":[{"embeddable":true,"href":"https:\/\/physics.uwb.edu.pl\/wf\/index.php?rest_route=\/wp\/v2\/pages\/305"}],"wp:featuredmedia":[{"embeddable":true,"href":"https:\/\/physics.uwb.edu.pl\/wf\/index.php?rest_route=\/wp\/v2\/media\/5215"}],"wp:attachment":[{"href":"https:\/\/physics.uwb.edu.pl\/wf\/index.php?rest_route=%2Fwp%2Fv2%2Fmedia&parent=2316"}],"wp:term":[{"taxonomy":"category","embeddable":true,"href":"https:\/\/physics.uwb.edu.pl\/wf\/index.php?rest_route=%2Fwp%2Fv2%2Fcategories&post=2316"},{"taxonomy":"post_tag","embeddable":true,"href":"https:\/\/physics.uwb.edu.pl\/wf\/index.php?rest_route=%2Fwp%2Fv2%2Ftags&post=2316"}],"curies":[{"name":"wp","href":"https:\/\/api.w.org\/{rel}","templated":true}]}}