{"id":236,"date":"2016-02-23T23:21:18","date_gmt":"2016-02-23T22:21:18","guid":{"rendered":"http:\/\/physics.uwb.edu.pl\/wf\/?page_id=236"},"modified":"2016-02-23T23:26:41","modified_gmt":"2016-02-23T22:26:41","slug":"pracownia-dydaktyki-fizyki","status":"publish","type":"page","link":"https:\/\/physics.uwb.edu.pl\/wf\/?page_id=236","title":{"rendered":"Pracownia Dydaktyki Fizyki"},"content":{"rendered":"<p><strong>Kadra<\/strong><\/p>\n<ul>\n<li><a href=\"http:\/\/physics.uwb.edu.pl\/main\/kadra.php?id=15\">dr hab. Ryszard Gieniusz<\/a> &#8211; kierownik<\/li>\n<li><a href=\"http:\/\/physics.uwb.edu.pl\/main\/kadra.php?id=6\">mgr Andrzej Branicki<\/a><\/li>\n<li><a href=\"http:\/\/physics.uwb.edu.pl\/main\/kadra.php?id=8\">mgr Piotr Chomienia<\/a><\/li>\n<\/ul>\n<p>Celem zaj\u0119\u0107 prowadzonych w tej pracowni jest zapoznanie przysz\u0142ych nauczycieli z typowymi zestawami demonstracyjnymi r\u00f3\u017cnych zjawisk fizycznych, celem wyrobienia nawyku stosowania szkolnego eksperymentu fizycznego w nauczaniu fizyki. Pracowni\u0119 dydaktyki fizyki stanowi\u0105 trzy jednostki:<\/p>\n<ul>\n<li><b>Laboratorium dydaktyki fizyki<\/b>, w kt\u00f3rym s\u0105 tradycyjne zestawy eksperymentalne do nauczania fizyki w szkole podstawowej i \u015bredniej.<\/li>\n<li><a href=\"http:\/\/labfiz.uwb.edu.pl\/\"><b>Regionalne laboratorium mikrokomputerowe do nauczania przedmiot\u00f3w przyrodniczych LabFiz <\/b><\/a>&#8211; komputer pe\u0142ni rol\u0119 super-przyrz\u0105du w demonstracji zjawisk, kt\u00f3re nie mo\u017cna pokaza\u0107 w tradycyjny spos\u00f3b.<\/li>\n<li><a href=\"http:\/\/physics.uwb.edu.pl\/main\/wydzial.php?p=172\"><b>Dydaktyczne obserwatorium astronomiczne <\/b><\/a>&#8211; umo\u017cliwia obserwacje i pomiary astronomiczne.<\/li>\n<\/ul>\n","protected":false},"excerpt":{"rendered":"<p>Kadra dr hab. Ryszard Gieniusz &#8211; kierownik mgr Andrzej Branicki mgr Piotr Chomienia Celem zaj\u0119\u0107 prowadzonych w tej pracowni jest zapoznanie przysz\u0142ych nauczycieli z typowymi zestawami demonstracyjnymi r\u00f3\u017cnych zjawisk fizycznych, <a href=\"https:\/\/physics.uwb.edu.pl\/wf\/?page_id=236\" class=\"more-link\">[&hellip;]<\/a><\/p>\n","protected":false},"author":2,"featured_media":0,"parent":230,"menu_order":30,"comment_status":"closed","ping_status":"closed","template":"","meta":{"ngg_post_thumbnail":0,"Layout":"","footnotes":""},"categories":[],"tags":[],"class_list":["entry","author-dobrog","post-236","page","type-page","status-publish"],"jetpack_sharing_enabled":true,"jetpack_shortlink":"https:\/\/wp.me\/P7nvcn-3O","_links":{"self":[{"href":"https:\/\/physics.uwb.edu.pl\/wf\/index.php?rest_route=\/wp\/v2\/pages\/236","targetHints":{"allow":["GET"]}}],"collection":[{"href":"https:\/\/physics.uwb.edu.pl\/wf\/index.php?rest_route=\/wp\/v2\/pages"}],"about":[{"href":"https:\/\/physics.uwb.edu.pl\/wf\/index.php?rest_route=\/wp\/v2\/types\/page"}],"author":[{"embeddable":true,"href":"https:\/\/physics.uwb.edu.pl\/wf\/index.php?rest_route=\/wp\/v2\/users\/2"}],"replies":[{"embeddable":true,"href":"https:\/\/physics.uwb.edu.pl\/wf\/index.php?rest_route=%2Fwp%2Fv2%2Fcomments&post=236"}],"version-history":[{"count":1,"href":"https:\/\/physics.uwb.edu.pl\/wf\/index.php?rest_route=\/wp\/v2\/pages\/236\/revisions"}],"predecessor-version":[{"id":237,"href":"https:\/\/physics.uwb.edu.pl\/wf\/index.php?rest_route=\/wp\/v2\/pages\/236\/revisions\/237"}],"up":[{"embeddable":true,"href":"https:\/\/physics.uwb.edu.pl\/wf\/index.php?rest_route=\/wp\/v2\/pages\/230"}],"wp:attachment":[{"href":"https:\/\/physics.uwb.edu.pl\/wf\/index.php?rest_route=%2Fwp%2Fv2%2Fmedia&parent=236"}],"wp:term":[{"taxonomy":"category","embeddable":true,"href":"https:\/\/physics.uwb.edu.pl\/wf\/index.php?rest_route=%2Fwp%2Fv2%2Fcategories&post=236"},{"taxonomy":"post_tag","embeddable":true,"href":"https:\/\/physics.uwb.edu.pl\/wf\/index.php?rest_route=%2Fwp%2Fv2%2Ftags&post=236"}],"curies":[{"name":"wp","href":"https:\/\/api.w.org\/{rel}","templated":true}]}}