{"id":238,"date":"2016-02-23T23:23:50","date_gmt":"2016-02-23T22:23:50","guid":{"rendered":"http:\/\/physics.uwb.edu.pl\/wf\/?page_id=238"},"modified":"2016-02-23T23:23:50","modified_gmt":"2016-02-23T22:23:50","slug":"obserwatorium-astronomiczne","status":"publish","type":"page","link":"https:\/\/physics.uwb.edu.pl\/wf\/?page_id=238","title":{"rendered":"Obserwatorium Astronomiczne"},"content":{"rendered":"<h3>Lokalizacja<\/h3>\n<p>Pracownia mie\u015bci si\u0119 na ostatnim pi\u0119trze i dachu akademika po\u0142o\u017conego w centrum Bia\u0142egostoku.\u00a0 Wyb\u00f3r miejsca by\u0142 podyktowany dydaktyczn\u0105 funkcj\u0105 plac\u00f3wki.<\/p>\n<p>&nbsp;<\/p>\n<p><center><img decoding=\"async\" src=\"http:\/\/physics.uwb.edu.pl\/main\/fizyka\/obserwatorium\/widok1.jpg\" alt=\"\" \/><\/p>\n<p><img decoding=\"async\" src=\"http:\/\/physics.uwb.edu.pl\/main\/fizyka\/obserwatorium\/obserwat.jpg\" alt=\"\" \/><\/center><\/p>\n<h3>Historia<\/h3>\n<p>Celem powstania pracowni by\u0142o wprowadzenie obserwacji i pomiar\u00f3w astronomicznych w tok studi\u00f3w fizyk\u00f3w. Inicjatorem i koordynatorem budowy pracowni (1986r.) by\u0142 Andrzej Branicki, pracownik Instytutu Fizyki Filii Uniwersytetu Warszawskiego. Realizacja przedsi\u0119wzi\u0119cia by\u0142a mo\u017cliwa dzi\u0119ki przychylno\u015bci profesora Micha\u0142a \u015awi\u0119ckiego, dyrektora Instytutu Fizyki.<\/p>\n<p>Pierwszym optycznym wyposa\u017ceniem by\u0142y dwie lunety 100\/1000 i teleskop 150\/2250. Dzi\u0119ki staraniom profesora Bohdana Paczy\u0144skiego i doktora Tomasza Chlebowskiego oraz ofiarno\u015bci astronom\u00f3w zagranicznych, a szczeg\u00f3lnie\u00a0 M. V. Zombecka, pracownia zosta\u0142a wyposa\u017cona w katalogi i atlasy nieba oraz sta\u0142\u0105 prenumerat\u0119 &#8220;Sky &amp; Telescope&#8221;.<\/p>\n<p>W 2000 roku dzi\u0119ki staraniom profesora Andrzeja Maziewskiego, za pieni\u0105dze Fundacji Polsko-Niemieckiej, zosta\u0142 zakupiony teleskop MADE LX200\/12&#8243;. Teleskop jest wyposa\u017cony w kamer\u0119 CCD, kt\u00f3r\u0105 otrzymali\u015bmy w darze od profesora Bohdana Paczy\u0144skiego.<\/p>\n<h3>Wyposa\u017cenie<\/h3>\n<p>Na dachu budynku jest taras obserwacyjny i kopu\u0142a. Do obserwacji wizualnych i rejestracji fotograficznych wykorzystywana jest luneta 100\/1000 oraz teleskop 150\/2250, ustawiane na tarasie.<br \/>\n<center><img decoding=\"async\" src=\"http:\/\/physics.uwb.edu.pl\/main\/fizyka\/obserwatorium\/LunMen1a.jpg\" alt=\"\" \/>\u00a0\u00a0<img decoding=\"async\" src=\"http:\/\/physics.uwb.edu.pl\/main\/fizyka\/obserwatorium\/LunMen2a.jpg\" alt=\"\" \/><\/center><br \/>\nPod kopu\u0142\u0105 stoi teleskop Made LX200\/12&#8243; wyposa\u017cony w kamer\u0119 CCD i kamer\u0119 TV.<\/p>\n<p><center><img decoding=\"async\" src=\"http:\/\/physics.uwb.edu.pl\/main\/fizyka\/obserwatorium\/LX200_1a.jpg\" alt=\"\" \/>\u00a0\u00a0<img decoding=\"async\" src=\"http:\/\/physics.uwb.edu.pl\/main\/fizyka\/obserwatorium\/LX200_6a.jpg\" alt=\"\" \/><\/center><br \/>\nKopu\u0142a, teleskop i kamery s\u0105 sterowane za po\u015brednictwem komputera znajduj\u0105cego si\u0119 w pokoju na dole.<\/p>\n<h3>Dzia\u0142alno\u015b\u0107<\/h3>\n<p>Zgodnie z za\u0142o\u017ceniami, dzia\u0142alno\u015b\u0107 pracowni skoncentrowana jest na zadaniach dydaktycznych zwi\u0105zanych z tokiem studi\u00f3w fizyki. Jako przyk\u0142ady \u0107wicze\u0144 wykonywanych przez student\u00f3w mo\u017cna wymieni\u0107:<\/p>\n<p>&#8211; wyznaczanie odleg\u0142o\u015bci Ksi\u0119\u017cyca,<\/p>\n<p>&#8211; wyznaczanie wysoko\u015bci i rozmiar\u00f3w ksi\u0119\u017cycowych krater\u00f3w,<br \/>\n&#8211; wyznaczanie promienia orbity, odleg\u0142o\u015bci i rozmiar\u00f3w Wenus, Jowisza, Saturna,<br \/>\n&#8211; wyznaczanie promienia orbity i odleg\u0142o\u015bci wybranych planetoid,<br \/>\n&#8211; badanie rotacji S\u0142o\u0144ca,<br \/>\n&#8211; wyznaczanie rozk\u0142adu i g\u0119sto\u015bci gwiazd w gromadach kulistych,<br \/>\n&#8211; badanie rozk\u0142adu gwiazd w Galaktyce na podstawie zlicze\u0144 gwiazd.<\/p>\n<p>Pomimo \u015br\u00f3dmiejskiej lokalizacji, zakupiony w 2000 roku system (12&#8243; teleskop, kamera CCD) pozwala prowadzi\u0107 obserwacje o warto\u015bci naukowej. We wsp\u00f3\u0142pracy z pracownikami Instytutu Astronomii Uniwersytetu Wroc\u0142awskiego prowadzone by\u0142y fotometryczne obserwacje gwiazd zmiennych.<\/p>\n<p>Poniewa\u017c obserwatorium jest jedyn\u0105 plac\u00f3wk\u0105 astronomiczn\u0105 na Podlasiu, w ograniczonym zakresie jest tu prowadzona dzia\u0142alno\u015b\u0107 edukacyjna i popularyzatorska. Po wcze\u015bniejszym uzgodnieniu z opiekunem obserwatorium (A. Branickim) istnieje mo\u017cliwo\u015b\u0107 <a href=\"http:\/\/physics.uwb.edu.pl\/main\/popularyzacja.php?p=105\"><u>odwiedzenia<\/u><\/a> (&#8220;Lekcja astronomii praktycznej&#8221;) obserwatorium przez niezbyt liczne grupy uczni\u00f3w szk\u00f3\u0142 \u015brednich zainteresowanych astronomi\u0105.<\/p>\n<p>Opiekunem pracowni<\/p>\n<p>jest <a href=\"http:\/\/physics.uwb.edu.pl\/main\/kadra.php?id=6\"><u>mgr Andrzej Branicki<\/u><\/a>.<\/p>\n<p>W <a href=\"http:\/\/physics.uwb.edu.pl\/main\/wydzial.php?p=173\"><u>dodatku<\/u><\/a> zamieszczono kilka zdj\u0119\u0107 wykonanych przy pomocy sprz\u0119tu w jaki jest wyposa\u017cone Obserwatorium.<\/p>\n","protected":false},"excerpt":{"rendered":"<p>Lokalizacja Pracownia mie\u015bci si\u0119 na ostatnim pi\u0119trze i dachu akademika po\u0142o\u017conego w centrum Bia\u0142egostoku.\u00a0 Wyb\u00f3r miejsca by\u0142 podyktowany dydaktyczn\u0105 funkcj\u0105 plac\u00f3wki. &nbsp; Historia Celem powstania pracowni by\u0142o wprowadzenie obserwacji i <a href=\"https:\/\/physics.uwb.edu.pl\/wf\/?page_id=238\" class=\"more-link\">[&hellip;]<\/a><\/p>\n","protected":false},"author":2,"featured_media":0,"parent":230,"menu_order":40,"comment_status":"closed","ping_status":"closed","template":"","meta":{"ngg_post_thumbnail":0,"Layout":"","footnotes":""},"categories":[3],"tags":[],"class_list":["entry","author-dobrog","post-238","page","type-page","status-publish","category-wydzialowe_pl"],"jetpack_sharing_enabled":true,"jetpack_shortlink":"https:\/\/wp.me\/P7nvcn-3Q","_links":{"self":[{"href":"https:\/\/physics.uwb.edu.pl\/wf\/index.php?rest_route=\/wp\/v2\/pages\/238","targetHints":{"allow":["GET"]}}],"collection":[{"href":"https:\/\/physics.uwb.edu.pl\/wf\/index.php?rest_route=\/wp\/v2\/pages"}],"about":[{"href":"https:\/\/physics.uwb.edu.pl\/wf\/index.php?rest_route=\/wp\/v2\/types\/page"}],"author":[{"embeddable":true,"href":"https:\/\/physics.uwb.edu.pl\/wf\/index.php?rest_route=\/wp\/v2\/users\/2"}],"replies":[{"embeddable":true,"href":"https:\/\/physics.uwb.edu.pl\/wf\/index.php?rest_route=%2Fwp%2Fv2%2Fcomments&post=238"}],"version-history":[{"count":1,"href":"https:\/\/physics.uwb.edu.pl\/wf\/index.php?rest_route=\/wp\/v2\/pages\/238\/revisions"}],"predecessor-version":[{"id":239,"href":"https:\/\/physics.uwb.edu.pl\/wf\/index.php?rest_route=\/wp\/v2\/pages\/238\/revisions\/239"}],"up":[{"embeddable":true,"href":"https:\/\/physics.uwb.edu.pl\/wf\/index.php?rest_route=\/wp\/v2\/pages\/230"}],"wp:attachment":[{"href":"https:\/\/physics.uwb.edu.pl\/wf\/index.php?rest_route=%2Fwp%2Fv2%2Fmedia&parent=238"}],"wp:term":[{"taxonomy":"category","embeddable":true,"href":"https:\/\/physics.uwb.edu.pl\/wf\/index.php?rest_route=%2Fwp%2Fv2%2Fcategories&post=238"},{"taxonomy":"post_tag","embeddable":true,"href":"https:\/\/physics.uwb.edu.pl\/wf\/index.php?rest_route=%2Fwp%2Fv2%2Ftags&post=238"}],"curies":[{"name":"wp","href":"https:\/\/api.w.org\/{rel}","templated":true}]}}