{"id":24,"date":"2016-02-10T15:32:03","date_gmt":"2016-02-10T14:32:03","guid":{"rendered":"http:\/\/physics.uwb.edu.pl\/wf\/?page_id=24"},"modified":"2021-02-18T09:44:59","modified_gmt":"2021-02-18T08:44:59","slug":"kontakt","status":"publish","type":"page","link":"https:\/\/physics.uwb.edu.pl\/wf\/?page_id=24","title":{"rendered":"Kontakt"},"content":{"rendered":"<div id=\"pl-24\"  class=\"panel-layout\" ><div id=\"pg-24-0\"  class=\"panel-grid panel-no-style\" ><div id=\"pgc-24-0-0\"  class=\"panel-grid-cell\" ><div id=\"panel-24-0-0-0\" class=\"so-panel widget widget_sow-editor panel-first-child panel-last-child\" data-index=\"0\" ><div\n\t\t\t\n\t\t\tclass=\"so-widget-sow-editor so-widget-sow-editor-base\"\n\t\t\t\n\t\t>\n<div class=\"siteorigin-widget-tinymce textwidget\">\n\t<p><strong>Wydzia\u0142&nbsp;Fizyki, Uniwersytet w Bia\u0142ymstoku<\/strong><\/p>\n<div>\n<p>ul. Cio\u0142kowskiego 1L<br \/>\n15-245 Bia\u0142ystok<\/p>\n<p>WWW: <a href=\"http:\/\/physics.uwb.edu.pl\/\">http:\/\/physics.uwb.edu.pl\/<\/a><br \/>\n<a href=\"mailto:fizyka@uwb.edu.pl\">fizyka@uwb.edu.pl<\/a><br \/>\nSekretariat:<br \/>\ntel: 85-745 72 22 lub 85-745 72 39<br \/>\nfax: 85-745 72 23<br \/>\nDziekanat:<br \/>\ntel.: 85-745 72 44<\/p>\n<p>NIP: 542-23-83-747<br \/>\nKonto: KB S.A. I Oddzia\u0142 w Bia\u0142ymstoku<br \/>\n11 1500 1083 1210 8005 5112 0000<\/p>\n<p><b>Dane do faktur:<\/b><\/p>\n<p><strong>Uniwersytet w Bia\u0142ymstoku<\/strong><br \/>\nul.&nbsp;\u015awierkowa 20 B<br \/>\n15-328&nbsp;Bia\u0142ystok<br \/>\nNIP 542-23-83-747<br \/>\nREGON 050562207<\/p>\n<\/div>\n<p><a href=\"https:\/\/physics.uwb.edu.pl\/wf\/?page_id=11852\">Dost\u0119pno\u015b\u0107 cyfrowa<\/a><\/p>\n<\/div>\n<\/div><\/div><\/div><div id=\"pgc-24-0-1\"  class=\"panel-grid-cell\" ><div id=\"panel-24-0-1-0\" class=\"so-panel widget widget_sow-editor panel-first-child panel-last-child\" data-index=\"1\" ><div\n\t\t\t\n\t\t\tclass=\"so-widget-sow-editor so-widget-sow-editor-base\"\n\t\t\t\n\t\t>\n<div class=\"siteorigin-widget-tinymce textwidget\">\n\t<div style=\"width: 100%\"><iframe loading=\"lazy\" width=\"100%\" height=\"600\" src=\"https:\/\/maps.google.com\/maps?width=100%&amp;height=600&amp;hl=pl&amp;coord=53.108366, 23.154266&amp;q=+(Kampus%20Uniwersytetu%20w%20Bia%C5%82ymstoku)&amp;ie=UTF8&amp;t=&amp;z=18&amp;iwloc=A&amp;output=embed\" frameborder=\"0\" scrolling=\"no\" marginheight=\"0\" marginwidth=\"0\"><a href=\"https:\/\/www.maps.ie\/map-my-route\/\">Map a route<\/a><\/iframe><\/div>\n<\/div>\n<\/div><\/div><\/div><\/div><\/div>","protected":false},"excerpt":{"rendered":"<p>Wydzia\u0142&nbsp;Fizyki, Uniwersytet w Bia\u0142ymstoku ul. Cio\u0142kowskiego 1L 15-245 Bia\u0142ystok WWW: http:\/\/physics.uwb.edu.pl\/ fizyka@uwb.edu.pl Sekretariat: tel: 85-745 72 22 lub 85-745 72 39 fax: 85-745 72 23 Dziekanat: tel.: 85-745 72 44 <a href=\"https:\/\/physics.uwb.edu.pl\/wf\/?page_id=24\" class=\"more-link\">[&hellip;]<\/a><\/p>\n","protected":false},"author":2,"featured_media":0,"parent":210,"menu_order":0,"comment_status":"closed","ping_status":"closed","template":"","meta":{"ngg_post_thumbnail":0,"Layout":"1c","footnotes":""},"categories":[3],"tags":[],"class_list":["entry","author-dobrog","post-24","page","type-page","status-publish","category-wydzialowe_pl"],"jetpack_sharing_enabled":true,"jetpack_shortlink":"https:\/\/wp.me\/P7nvcn-o","_links":{"self":[{"href":"https:\/\/physics.uwb.edu.pl\/wf\/index.php?rest_route=\/wp\/v2\/pages\/24","targetHints":{"allow":["GET"]}}],"collection":[{"href":"https:\/\/physics.uwb.edu.pl\/wf\/index.php?rest_route=\/wp\/v2\/pages"}],"about":[{"href":"https:\/\/physics.uwb.edu.pl\/wf\/index.php?rest_route=\/wp\/v2\/types\/page"}],"author":[{"embeddable":true,"href":"https:\/\/physics.uwb.edu.pl\/wf\/index.php?rest_route=\/wp\/v2\/users\/2"}],"replies":[{"embeddable":true,"href":"https:\/\/physics.uwb.edu.pl\/wf\/index.php?rest_route=%2Fwp%2Fv2%2Fcomments&post=24"}],"version-history":[{"count":13,"href":"https:\/\/physics.uwb.edu.pl\/wf\/index.php?rest_route=\/wp\/v2\/pages\/24\/revisions"}],"predecessor-version":[{"id":11854,"href":"https:\/\/physics.uwb.edu.pl\/wf\/index.php?rest_route=\/wp\/v2\/pages\/24\/revisions\/11854"}],"up":[{"embeddable":true,"href":"https:\/\/physics.uwb.edu.pl\/wf\/index.php?rest_route=\/wp\/v2\/pages\/210"}],"wp:attachment":[{"href":"https:\/\/physics.uwb.edu.pl\/wf\/index.php?rest_route=%2Fwp%2Fv2%2Fmedia&parent=24"}],"wp:term":[{"taxonomy":"category","embeddable":true,"href":"https:\/\/physics.uwb.edu.pl\/wf\/index.php?rest_route=%2Fwp%2Fv2%2Fcategories&post=24"},{"taxonomy":"post_tag","embeddable":true,"href":"https:\/\/physics.uwb.edu.pl\/wf\/index.php?rest_route=%2Fwp%2Fv2%2Ftags&post=24"}],"curies":[{"name":"wp","href":"https:\/\/api.w.org\/{rel}","templated":true}]}}