{"id":240,"date":"2016-02-23T23:25:10","date_gmt":"2016-02-23T22:25:10","guid":{"rendered":"http:\/\/physics.uwb.edu.pl\/wf\/?page_id=240"},"modified":"2016-02-23T23:25:10","modified_gmt":"2016-02-23T22:25:10","slug":"zdjecia-wybranych-obiektow","status":"publish","type":"page","link":"https:\/\/physics.uwb.edu.pl\/wf\/?page_id=240","title":{"rendered":"Zdj\u0119cia wybranych obiekt\u00f3w"},"content":{"rendered":"<p>Poni\u017cej pokazano przyk\u0142adowe zdj\u0119cia, uzyskane przy u\u017cyciu sprz\u0119tu znajduj\u0105cego si\u0119 w Obserwatorium.<\/p>\n<p><img decoding=\"async\" src=\"http:\/\/physics.uwb.edu.pl\/main\/fizyka\/obserwatorium\/M42.jpg\" alt=\"\" \/> <b>M42<\/b><\/p>\n<p>Zdj\u0119cie tzw. Wielkiej Mg\u0142awicy Oriona, rejonu, w kt\u00f3rym mo\u017cemy obserwowa\u0107 jedne z najm\u0142odszych gwiazd. Znajduj\u0105 si\u0119 one w centralnej, najja\u015bniejszej cz\u0119\u015bci mg\u0142awicy i dlatego s\u0105 na zdj\u0119ciu s\u0142abo widoczne (z \u0142atwo\u015bci\u0105 mo\u017cna je natomiast zobaczy\u0107 przez niewielk\u0105 amatorsk\u0105 lunet\u0119). (Fot. Szczepan Skibicki)<\/p>\n<p><img decoding=\"async\" src=\"http:\/\/physics.uwb.edu.pl\/main\/fizyka\/obserwatorium\/jowisz1.jpg\" alt=\"\" \/><\/p>\n<p>Jowisz i jego cztery najja\u015bniejsze ksi\u0119\u017cyce. (Fot. Szczepan Skibicki)<\/p>\n<p><img decoding=\"async\" src=\"http:\/\/physics.uwb.edu.pl\/main\/fizyka\/obserwatorium\/jowisz.jpg\" alt=\"\" \/><\/p>\n<p>Tarcza Jowisza. (Fot. Szczepan Skibicki)<\/p>\n<p><img decoding=\"async\" src=\"http:\/\/physics.uwb.edu.pl\/main\/fizyka\/obserwatorium\/M13.jpg\" alt=\"\" \/> <b>M13<\/b><br \/>\n<img decoding=\"async\" src=\"http:\/\/physics.uwb.edu.pl\/main\/fizyka\/obserwatorium\/M56.jpg\" alt=\"\" \/> <b>M56<\/b><\/p>\n<p>Obiekty oznaczone symbolami M13 i M56 s\u0105 nazywane gromadami kulistymi. Niekt\u00f3re z nich, np. M13, w sprzyjaj\u0105cych warunkach widoczne s\u0105 go\u0142ym okiem. Zrobienie zdj\u0119\u0107 innych wymaga kilkunastosekundowych na\u015bwietle\u0144 detektora CCD. G\u0119sto\u015b\u0107 gwiazd w centrum gromad kulistych jest tak du\u017ca, \u017ce obrazy poszczeg\u00f3lnych gwiazd s\u0105 nierozr\u00f3\u017cnialne. Wszystkie gwiazdy nale\u017c\u0105ce do gromady kulistej powsta\u0142y z materii tego samego ob\u0142oku i w tym samym czasie, wi\u0119c ich wiek i pocz\u0105tkowy sk\u0142ad chemiczny s\u0105 takie same. Wszelkie r\u00f3\u017cnice pomi\u0119dzy gwiazdami gromady, zar\u00f3wno zewn\u0119trzne (moc \u015bwiecenia, rozmiary, temperatura powierzchni) jak i ich budowa wewn\u0119trzna, wynikaj\u0105 z r\u00f3\u017cnicy ich mas w chwili narodzin. Gromady kuliste s\u0105 najstarszymi sk\u0142adnikami zar\u00f3wno naszej, jak i innych galaktyk. Ich dok\u0142adne zbadanie ma du\u017ce znaczenie dla weryfikacji poprawno\u015bci teorii ewolucji gwiazd, ewolucji galaktyk oraz ewolucji ca\u0142ego Wszech\u015bwiata.<\/p>\n<p><img decoding=\"async\" src=\"http:\/\/physics.uwb.edu.pl\/main\/fizyka\/obserwatorium\/M57.jpg\" alt=\"\" \/> <b>M57<\/b><\/p>\n<p>M57 jest tzw. mg\u0142awic\u0105 planetarn\u0105. Jest to ob\u0142ok gazu i py\u0142u powsta\u0142y z zewn\u0119trznych warstw gwiazdy rozepchni\u0119tych wyj\u0105tkowo intensywnym strumieniem promieniowania powstaj\u0105cego przy spalaniu resztek zapas\u00f3w paliwa j\u0105drowego. W centrum mg\u0142awicy planetarnej znajduje si\u0119 bia\u0142y karze\u0142 (nie zawsze wyra\u017anie widoczny) b\u0119d\u0105cy pozosta\u0142o\u015bci\u0105 po gwie\u017adzie, po odrzuceniu przez ni\u0105 zewn\u0119trznych warstw. Stadium mg\u0142awicy planetarnej to jeden z ko\u0144cowych etap\u00f3w \u017cycia gwiazd o masach pocz\u0105tkowych od 1 do 8 mas S\u0142o\u0144ca.<\/p>\n","protected":false},"excerpt":{"rendered":"<p>Poni\u017cej pokazano przyk\u0142adowe zdj\u0119cia, uzyskane przy u\u017cyciu sprz\u0119tu znajduj\u0105cego si\u0119 w Obserwatorium. M42 Zdj\u0119cie tzw. Wielkiej Mg\u0142awicy Oriona, rejonu, w kt\u00f3rym mo\u017cemy obserwowa\u0107 jedne z najm\u0142odszych gwiazd. Znajduj\u0105 si\u0119 one <a href=\"https:\/\/physics.uwb.edu.pl\/wf\/?page_id=240\" class=\"more-link\">[&hellip;]<\/a><\/p>\n","protected":false},"author":2,"featured_media":0,"parent":238,"menu_order":10,"comment_status":"closed","ping_status":"closed","template":"","meta":{"ngg_post_thumbnail":0,"Layout":"","footnotes":""},"categories":[3],"tags":[],"class_list":["entry","author-dobrog","post-240","page","type-page","status-publish","category-wydzialowe_pl"],"jetpack_sharing_enabled":true,"jetpack_shortlink":"https:\/\/wp.me\/P7nvcn-3S","_links":{"self":[{"href":"https:\/\/physics.uwb.edu.pl\/wf\/index.php?rest_route=\/wp\/v2\/pages\/240","targetHints":{"allow":["GET"]}}],"collection":[{"href":"https:\/\/physics.uwb.edu.pl\/wf\/index.php?rest_route=\/wp\/v2\/pages"}],"about":[{"href":"https:\/\/physics.uwb.edu.pl\/wf\/index.php?rest_route=\/wp\/v2\/types\/page"}],"author":[{"embeddable":true,"href":"https:\/\/physics.uwb.edu.pl\/wf\/index.php?rest_route=\/wp\/v2\/users\/2"}],"replies":[{"embeddable":true,"href":"https:\/\/physics.uwb.edu.pl\/wf\/index.php?rest_route=%2Fwp%2Fv2%2Fcomments&post=240"}],"version-history":[{"count":1,"href":"https:\/\/physics.uwb.edu.pl\/wf\/index.php?rest_route=\/wp\/v2\/pages\/240\/revisions"}],"predecessor-version":[{"id":241,"href":"https:\/\/physics.uwb.edu.pl\/wf\/index.php?rest_route=\/wp\/v2\/pages\/240\/revisions\/241"}],"up":[{"embeddable":true,"href":"https:\/\/physics.uwb.edu.pl\/wf\/index.php?rest_route=\/wp\/v2\/pages\/238"}],"wp:attachment":[{"href":"https:\/\/physics.uwb.edu.pl\/wf\/index.php?rest_route=%2Fwp%2Fv2%2Fmedia&parent=240"}],"wp:term":[{"taxonomy":"category","embeddable":true,"href":"https:\/\/physics.uwb.edu.pl\/wf\/index.php?rest_route=%2Fwp%2Fv2%2Fcategories&post=240"},{"taxonomy":"post_tag","embeddable":true,"href":"https:\/\/physics.uwb.edu.pl\/wf\/index.php?rest_route=%2Fwp%2Fv2%2Ftags&post=240"}],"curies":[{"name":"wp","href":"https:\/\/api.w.org\/{rel}","templated":true}]}}