{"id":2526,"date":"2016-05-06T13:18:27","date_gmt":"2016-05-06T11:18:27","guid":{"rendered":"http:\/\/physics.uwb.edu.pl\/wf\/?page_id=2526"},"modified":"2016-05-06T13:21:36","modified_gmt":"2016-05-06T11:21:36","slug":"kolejna-nagroda-dla-prof-piotra-jaranowskiego","status":"publish","type":"page","link":"https:\/\/physics.uwb.edu.pl\/wf\/?page_id=2526","title":{"rendered":"Kolejna nagroda dla prof. Piotra Jaranowskiego"},"content":{"rendered":"<h2><strong>Kolejna nagroda dla prof. Piotra Jaranowskiego<\/strong><\/h2>\n<p><img loading=\"lazy\" decoding=\"async\" class=\"alignnone size-medium wp-image-2532\" src=\"http:\/\/physics.uwb.edu.pl\/wf\/wp-content\/uploads\/2016\/05\/g2620160217090645-300x200.png\" alt=\"g2620160217090645\" width=\"300\" height=\"200\" srcset=\"https:\/\/physics.uwb.edu.pl\/wf\/wp-content\/uploads\/2016\/05\/g2620160217090645-300x200.png 300w, https:\/\/physics.uwb.edu.pl\/wf\/wp-content\/uploads\/2016\/05\/g2620160217090645-150x100.png 150w, https:\/\/physics.uwb.edu.pl\/wf\/wp-content\/uploads\/2016\/05\/g2620160217090645-600x400.png 600w, https:\/\/physics.uwb.edu.pl\/wf\/wp-content\/uploads\/2016\/05\/g2620160217090645-750x500.png 750w, https:\/\/physics.uwb.edu.pl\/wf\/wp-content\/uploads\/2016\/05\/g2620160217090645-272x182.png 272w, https:\/\/physics.uwb.edu.pl\/wf\/wp-content\/uploads\/2016\/05\/g2620160217090645.png 800w\" sizes=\"auto, (max-width: 300px) 100vw, 300px\" \/>\u00a0<img loading=\"lazy\" decoding=\"async\" class=\"alignnone size-medium wp-image-2533\" src=\"http:\/\/physics.uwb.edu.pl\/wf\/wp-content\/uploads\/2016\/05\/g2620160217090710-300x200.png\" alt=\"g2620160217090710\" width=\"300\" height=\"200\" srcset=\"https:\/\/physics.uwb.edu.pl\/wf\/wp-content\/uploads\/2016\/05\/g2620160217090710-300x200.png 300w, https:\/\/physics.uwb.edu.pl\/wf\/wp-content\/uploads\/2016\/05\/g2620160217090710-150x100.png 150w, https:\/\/physics.uwb.edu.pl\/wf\/wp-content\/uploads\/2016\/05\/g2620160217090710-600x400.png 600w, https:\/\/physics.uwb.edu.pl\/wf\/wp-content\/uploads\/2016\/05\/g2620160217090710-750x500.png 750w, https:\/\/physics.uwb.edu.pl\/wf\/wp-content\/uploads\/2016\/05\/g2620160217090710-272x182.png 272w, https:\/\/physics.uwb.edu.pl\/wf\/wp-content\/uploads\/2016\/05\/g2620160217090710.png 800w\" sizes=\"auto, (max-width: 300px) 100vw, 300px\" \/><\/p>\n<p>2 maja br. <em>The Selection Committee of the Breakthrough Prize in Fundamental Physics<\/em> uhonorowa\u0142 nagrod\u0105 <strong><em>Special Breakthrough<\/em><\/strong><strong><em> Prize<\/em><\/strong><strong><em> in Fundamental Physics<\/em><\/strong>,\u00a0zesp\u00f3\u0142 ponad 1000 uczonych bior\u0105cych udzia\u0142 w pierwszej bezpo\u015bredniej detekcji fal grawitacyjnych.\u00a0W\u015br\u00f3d nagrodzonych znalaz\u0142 si\u0119 r\u00f3wnie\u017c prof. Piotr Jaranowski z Wydzia\u0142u Fizyki UwB.\u00a0Wi\u0119cej informacji mo\u017cna znale\u017a\u0107 na stronie <a href=\"https:\/\/breakthroughprize.org\/News\/32\">https:\/\/breakthroughprize.org\/News\/32<\/a>.<\/p>\n<p>&nbsp;<\/p>\n","protected":false},"excerpt":{"rendered":"<p>Kolejna nagroda dla prof. Piotra Jaranowskiego \u00a0 2 maja br. The Selection Committee of the Breakthrough Prize in Fundamental Physics uhonorowa\u0142 nagrod\u0105 Special Breakthrough Prize in Fundamental Physics,\u00a0zesp\u00f3\u0142 ponad 1000 <a href=\"https:\/\/physics.uwb.edu.pl\/wf\/?page_id=2526\" class=\"more-link\">[&hellip;]<\/a><\/p>\n","protected":false},"author":5,"featured_media":2530,"parent":602,"menu_order":-1,"comment_status":"closed","ping_status":"closed","template":"","meta":{"ngg_post_thumbnail":0,"Layout":"","footnotes":""},"categories":[3],"tags":[],"class_list":["entry","author-gawryl","post-2526","page","type-page","status-publish","has-post-thumbnail","category-wydzialowe_pl"],"jetpack_sharing_enabled":true,"jetpack_shortlink":"https:\/\/wp.me\/P7nvcn-EK","_links":{"self":[{"href":"https:\/\/physics.uwb.edu.pl\/wf\/index.php?rest_route=\/wp\/v2\/pages\/2526","targetHints":{"allow":["GET"]}}],"collection":[{"href":"https:\/\/physics.uwb.edu.pl\/wf\/index.php?rest_route=\/wp\/v2\/pages"}],"about":[{"href":"https:\/\/physics.uwb.edu.pl\/wf\/index.php?rest_route=\/wp\/v2\/types\/page"}],"author":[{"embeddable":true,"href":"https:\/\/physics.uwb.edu.pl\/wf\/index.php?rest_route=\/wp\/v2\/users\/5"}],"replies":[{"embeddable":true,"href":"https:\/\/physics.uwb.edu.pl\/wf\/index.php?rest_route=%2Fwp%2Fv2%2Fcomments&post=2526"}],"version-history":[{"count":5,"href":"https:\/\/physics.uwb.edu.pl\/wf\/index.php?rest_route=\/wp\/v2\/pages\/2526\/revisions"}],"predecessor-version":[{"id":2535,"href":"https:\/\/physics.uwb.edu.pl\/wf\/index.php?rest_route=\/wp\/v2\/pages\/2526\/revisions\/2535"}],"up":[{"embeddable":true,"href":"https:\/\/physics.uwb.edu.pl\/wf\/index.php?rest_route=\/wp\/v2\/pages\/602"}],"wp:featuredmedia":[{"embeddable":true,"href":"https:\/\/physics.uwb.edu.pl\/wf\/index.php?rest_route=\/wp\/v2\/media\/2530"}],"wp:attachment":[{"href":"https:\/\/physics.uwb.edu.pl\/wf\/index.php?rest_route=%2Fwp%2Fv2%2Fmedia&parent=2526"}],"wp:term":[{"taxonomy":"category","embeddable":true,"href":"https:\/\/physics.uwb.edu.pl\/wf\/index.php?rest_route=%2Fwp%2Fv2%2Fcategories&post=2526"},{"taxonomy":"post_tag","embeddable":true,"href":"https:\/\/physics.uwb.edu.pl\/wf\/index.php?rest_route=%2Fwp%2Fv2%2Ftags&post=2526"}],"curies":[{"name":"wp","href":"https:\/\/api.w.org\/{rel}","templated":true}]}}