{"id":2580,"date":"2016-05-17T12:41:27","date_gmt":"2016-05-17T10:41:27","guid":{"rendered":"http:\/\/physics.uwb.edu.pl\/wf\/?page_id=2580"},"modified":"2016-05-17T12:44:16","modified_gmt":"2016-05-17T10:44:16","slug":"prof-piotr-jaranowski-dziekanem-elektem-wydzialu-fizyki","status":"publish","type":"page","link":"https:\/\/physics.uwb.edu.pl\/wf\/?page_id=2580","title":{"rendered":"Prof. Piotr Jaranowski dziekanem-elektem Wydzia\u0142u Fizyki"},"content":{"rendered":"<h2><strong>Prof. Piotr Jaranowski dziekanem-elektem Wydzia\u0142u Fizyki<\/strong><\/h2>\n<p>16 maja 2016 r. decyzj\u0105 Kolegium Elektor\u00f3w Wydzia\u0142u Fizyki, dziekanem wydzia\u0142u na kadencj\u0119 2016-2020 zosta\u0142 wybrany prof. dr hab. Piotr Jaranowski.<\/p>\n<p><em>Przewodnicz\u0105cy Wydzia\u0142owej Komisji Wyborczej, dr hab. Andrzej Andrejczuk, prof. UwB<\/em>.<\/p>\n","protected":false},"excerpt":{"rendered":"<p>Prof. Piotr Jaranowski dziekanem-elektem Wydzia\u0142u Fizyki 16 maja 2016 r. decyzj\u0105 Kolegium Elektor\u00f3w Wydzia\u0142u Fizyki, dziekanem wydzia\u0142u na kadencj\u0119 2016-2020 zosta\u0142 wybrany prof. dr hab. Piotr Jaranowski. Przewodnicz\u0105cy Wydzia\u0142owej Komisji <a href=\"https:\/\/physics.uwb.edu.pl\/wf\/?page_id=2580\" class=\"more-link\">[&hellip;]<\/a><\/p>\n","protected":false},"author":1,"featured_media":1622,"parent":602,"menu_order":-1,"comment_status":"closed","ping_status":"closed","template":"","meta":{"ngg_post_thumbnail":0,"Layout":"","footnotes":""},"categories":[3],"tags":[],"class_list":["entry","author-wp_admin","post-2580","page","type-page","status-publish","has-post-thumbnail","category-wydzialowe_pl"],"jetpack_sharing_enabled":true,"jetpack_shortlink":"https:\/\/wp.me\/P7nvcn-FC","_links":{"self":[{"href":"https:\/\/physics.uwb.edu.pl\/wf\/index.php?rest_route=\/wp\/v2\/pages\/2580","targetHints":{"allow":["GET"]}}],"collection":[{"href":"https:\/\/physics.uwb.edu.pl\/wf\/index.php?rest_route=\/wp\/v2\/pages"}],"about":[{"href":"https:\/\/physics.uwb.edu.pl\/wf\/index.php?rest_route=\/wp\/v2\/types\/page"}],"author":[{"embeddable":true,"href":"https:\/\/physics.uwb.edu.pl\/wf\/index.php?rest_route=\/wp\/v2\/users\/1"}],"replies":[{"embeddable":true,"href":"https:\/\/physics.uwb.edu.pl\/wf\/index.php?rest_route=%2Fwp%2Fv2%2Fcomments&post=2580"}],"version-history":[{"count":3,"href":"https:\/\/physics.uwb.edu.pl\/wf\/index.php?rest_route=\/wp\/v2\/pages\/2580\/revisions"}],"predecessor-version":[{"id":2583,"href":"https:\/\/physics.uwb.edu.pl\/wf\/index.php?rest_route=\/wp\/v2\/pages\/2580\/revisions\/2583"}],"up":[{"embeddable":true,"href":"https:\/\/physics.uwb.edu.pl\/wf\/index.php?rest_route=\/wp\/v2\/pages\/602"}],"wp:featuredmedia":[{"embeddable":true,"href":"https:\/\/physics.uwb.edu.pl\/wf\/index.php?rest_route=\/wp\/v2\/media\/1622"}],"wp:attachment":[{"href":"https:\/\/physics.uwb.edu.pl\/wf\/index.php?rest_route=%2Fwp%2Fv2%2Fmedia&parent=2580"}],"wp:term":[{"taxonomy":"category","embeddable":true,"href":"https:\/\/physics.uwb.edu.pl\/wf\/index.php?rest_route=%2Fwp%2Fv2%2Fcategories&post=2580"},{"taxonomy":"post_tag","embeddable":true,"href":"https:\/\/physics.uwb.edu.pl\/wf\/index.php?rest_route=%2Fwp%2Fv2%2Ftags&post=2580"}],"curies":[{"name":"wp","href":"https:\/\/api.w.org\/{rel}","templated":true}]}}