{"id":2746,"date":"2016-05-20T11:16:24","date_gmt":"2016-05-20T09:16:24","guid":{"rendered":"http:\/\/physics.uwb.edu.pl\/wf\/?page_id=2746"},"modified":"2016-11-25T08:47:22","modified_gmt":"2016-11-25T07:47:22","slug":"xiv-podlaski-festiwal-nauki-i-sztuki-2016","status":"publish","type":"page","link":"https:\/\/physics.uwb.edu.pl\/wf\/?page_id=2746","title":{"rendered":"XIV Podlaski Festiwal Nauki i Sztuki 2016"},"content":{"rendered":"<p>Dzi\u0119kujemy za tak liczne uczestnictwo w naszych wydzia\u0142owych imprezach. Odwiedzi\u0142o nas prawie 1000 uczni\u00f3w klas gimnazjalnych i ponadgimnazjalnych! Bardzo cieszy nas tak du\u017ce zainteresowanie m\u0142odych ludzi nauk\u0105, a w szczeg\u00f3lno\u015bci fizyk\u0105.&nbsp;<\/p>\n<p>[Not a valid template]<\/p>\n<p>Podzi\u0119kowania sk\u0142adamy te\u017c nauczycielom, opiekuj\u0105cym si\u0119 m\u0142odzie\u017c\u0105 i wybieraj\u0105cym w\u0142a\u015bnie imprezy fizyczne z szerokiej gamy imprez festiwalowych. Mamy nadziej\u0119, \u017ce w kolejnym roku zainteresowanie naszymi imprezami b\u0119dzie podobne.<\/p>\n","protected":false},"excerpt":{"rendered":"<p>Dzi\u0119kujemy za tak liczne uczestnictwo w naszych wydzia\u0142owych imprezach. Odwiedzi\u0142o nas prawie 1000 uczni\u00f3w klas gimnazjalnych i ponadgimnazjalnych! Bardzo cieszy nas tak du\u017ce zainteresowanie m\u0142odych ludzi nauk\u0105, a w szczeg\u00f3lno\u015bci <a href=\"https:\/\/physics.uwb.edu.pl\/wf\/?page_id=2746\" class=\"more-link\">[&hellip;]<\/a><\/p>\n","protected":false},"author":2,"featured_media":2750,"parent":2744,"menu_order":0,"comment_status":"closed","ping_status":"closed","template":"","meta":{"ngg_post_thumbnail":0,"Layout":"1c","footnotes":""},"categories":[131],"tags":[],"class_list":["entry","author-dobrog","post-2746","page","type-page","status-publish","has-post-thumbnail","category-galeria_foto"],"jetpack_sharing_enabled":true,"jetpack_shortlink":"https:\/\/wp.me\/P7nvcn-Ii","_links":{"self":[{"href":"https:\/\/physics.uwb.edu.pl\/wf\/index.php?rest_route=\/wp\/v2\/pages\/2746","targetHints":{"allow":["GET"]}}],"collection":[{"href":"https:\/\/physics.uwb.edu.pl\/wf\/index.php?rest_route=\/wp\/v2\/pages"}],"about":[{"href":"https:\/\/physics.uwb.edu.pl\/wf\/index.php?rest_route=\/wp\/v2\/types\/page"}],"author":[{"embeddable":true,"href":"https:\/\/physics.uwb.edu.pl\/wf\/index.php?rest_route=\/wp\/v2\/users\/2"}],"replies":[{"embeddable":true,"href":"https:\/\/physics.uwb.edu.pl\/wf\/index.php?rest_route=%2Fwp%2Fv2%2Fcomments&post=2746"}],"version-history":[{"count":3,"href":"https:\/\/physics.uwb.edu.pl\/wf\/index.php?rest_route=\/wp\/v2\/pages\/2746\/revisions"}],"predecessor-version":[{"id":3841,"href":"https:\/\/physics.uwb.edu.pl\/wf\/index.php?rest_route=\/wp\/v2\/pages\/2746\/revisions\/3841"}],"up":[{"embeddable":true,"href":"https:\/\/physics.uwb.edu.pl\/wf\/index.php?rest_route=\/wp\/v2\/pages\/2744"}],"wp:featuredmedia":[{"embeddable":true,"href":"https:\/\/physics.uwb.edu.pl\/wf\/index.php?rest_route=\/wp\/v2\/media\/2750"}],"wp:attachment":[{"href":"https:\/\/physics.uwb.edu.pl\/wf\/index.php?rest_route=%2Fwp%2Fv2%2Fmedia&parent=2746"}],"wp:term":[{"taxonomy":"category","embeddable":true,"href":"https:\/\/physics.uwb.edu.pl\/wf\/index.php?rest_route=%2Fwp%2Fv2%2Fcategories&post=2746"},{"taxonomy":"post_tag","embeddable":true,"href":"https:\/\/physics.uwb.edu.pl\/wf\/index.php?rest_route=%2Fwp%2Fv2%2Ftags&post=2746"}],"curies":[{"name":"wp","href":"https:\/\/api.w.org\/{rel}","templated":true}]}}