{"id":2842,"date":"2016-05-25T14:12:17","date_gmt":"2016-05-25T12:12:17","guid":{"rendered":"http:\/\/physics.uwb.edu.pl\/wf\/?page_id=2842"},"modified":"2016-05-27T14:21:47","modified_gmt":"2016-05-27T12:21:47","slug":"fizyka-gier-komputerowych-i-robotow-ncbr-dofinansuje-polski-przemysl-gier-wideo","status":"publish","type":"page","link":"https:\/\/physics.uwb.edu.pl\/wf\/?page_id=2842","title":{"rendered":"NCBR dofinansuje polski przemys\u0142 gier wideo &#8211; studiuj Fizyk\u0119 gier komputerowych i robot\u00f3w!"},"content":{"rendered":"<p style=\"text-align: left\">Czy warto <strong>studiowa\u0107 fizyk\u0119<\/strong>? To pytanie dr\u0119czy wielu tegorocznych maturzyst\u00f3w&#8230; Odpowied\u017a przychodzi z Narodowego Centrum Bada\u0144 i Rozwoju: startuje projekt GAMEINN o bud\u017cecie 80 mln z\u0142 skierowany do bran\u017cy gier wideo &#8211; jako jednego z najbardziej perspektywicznego sektora polskiej gospodarki. Je\u015bli wi\u0119c chcesz znale\u017a\u0107 prac\u0119 w przysz\u0142o\u015bciowym sektorze gospodarki &#8211; <strong>po\u0142\u0105cz nauk\u0119 fizyki z informatyk\u0105<\/strong> i zapewnij sobie atrakcyjn\u0105 przysz\u0142o\u015b\u0107!<\/p>\n<p style=\"text-align: left\"><a href=\"http:\/\/www.nauka.gov.pl\/aktualnosci-ministerstwo\/ncbr-wspiera-branze-gier-wideo.html\" target=\"_blank\"><img loading=\"lazy\" decoding=\"async\" class=\"alignnone wp-image-2843 size-large\" src=\"http:\/\/physics.uwb.edu.pl\/wf\/wp-content\/uploads\/2016\/05\/gameinn-1024x691.jpg\" alt=\"gameinn\" width=\"1024\" height=\"691\" srcset=\"https:\/\/physics.uwb.edu.pl\/wf\/wp-content\/uploads\/2016\/05\/gameinn-1024x691.jpg 1024w, https:\/\/physics.uwb.edu.pl\/wf\/wp-content\/uploads\/2016\/05\/gameinn-150x101.jpg 150w, https:\/\/physics.uwb.edu.pl\/wf\/wp-content\/uploads\/2016\/05\/gameinn-300x202.jpg 300w, https:\/\/physics.uwb.edu.pl\/wf\/wp-content\/uploads\/2016\/05\/gameinn-741x500.jpg 741w, https:\/\/physics.uwb.edu.pl\/wf\/wp-content\/uploads\/2016\/05\/gameinn.jpg 1166w\" sizes=\"auto, (max-width: 1024px) 100vw, 1024px\" \/><\/a><\/p>\n<p style=\"text-align: left\">Dlaczego <strong>kluczowe<\/strong> jest \u0142\u0105czenie fizyki z informatyk\u0105? W\u0142a\u015bnie <strong>interdyscyplinarno\u015b\u0107<\/strong> zapewnia sukces w przemy\u015ble gier wideo &#8211; tutaj nie wystarczy by\u0107 informatykiem znaj\u0105cym kilka j\u0119zyk\u00f3w programowania, trzeba te\u017c zna\u0107 <strong>podstawy fizyki<\/strong> &#8211; po to, by tworzy\u0107 silniki gier, by skutecznie modelowa\u0107 wirtualn\u0105 rzeczywisto\u015b\u0107 i programowa\u0107 sztuczn\u0105 inteligencj\u0119.<\/p>\n<p style=\"text-align: left\">\u015arodki dost\u0119<a href=\"http:\/\/physics.uwb.edu.pl\/wf\/?page_id=786&amp;lang=pl\"><img loading=\"lazy\" decoding=\"async\" class=\"alignleft wp-image-2846\" src=\"http:\/\/physics.uwb.edu.pl\/wf\/wp-content\/uploads\/2016\/05\/WF160412e_plakacik_rekrutacja16_17-724x1024.jpg\" alt=\"\" width=\"358\" height=\"506\" srcset=\"https:\/\/physics.uwb.edu.pl\/wf\/wp-content\/uploads\/2016\/05\/WF160412e_plakacik_rekrutacja16_17-724x1024.jpg 724w, https:\/\/physics.uwb.edu.pl\/wf\/wp-content\/uploads\/2016\/05\/WF160412e_plakacik_rekrutacja16_17-106x150.jpg 106w, https:\/\/physics.uwb.edu.pl\/wf\/wp-content\/uploads\/2016\/05\/WF160412e_plakacik_rekrutacja16_17-212x300.jpg 212w, https:\/\/physics.uwb.edu.pl\/wf\/wp-content\/uploads\/2016\/05\/WF160412e_plakacik_rekrutacja16_17-354x500.jpg 354w, https:\/\/physics.uwb.edu.pl\/wf\/wp-content\/uploads\/2016\/05\/WF160412e_plakacik_rekrutacja16_17.jpg 827w\" sizes=\"auto, (max-width: 358px) 100vw, 358px\" \/><\/a>pne w ramach GAMEINN maj\u0105 pos\u0142u\u017cy\u0107 na opracowanie i rozw\u00f3j technologii takich jak budowa wieloplatformowych silnik\u00f3w grafiki, mapowanie rzeczywistych obraz\u00f3w, modelowanie 3D na potrzeby rozleg\u0142ych \u015bwiat\u00f3w wirtualnych czy wykorzystanie w grach sztucznej inteligencji. <strong>Z satysfakcj\u0105 informujemy<\/strong>, \u017ce od roku akademickiego 2016\/17 <strong>Wydzia\u0142 Fizyki<\/strong> Uniwersytetu w Bia\u0142ymstoku oferuje now\u0105 specjalno\u015b\u0107 na kierunku fizyka: <strong>Fizyk\u0119 gier komputerowych i robot\u00f3w<\/strong>. Specjalno\u015b\u0107 ta \u0142\u0105czy w sobie praktyczne zaj\u0119cia komputerowe z nauk\u0105 fizyki. B\u0119dzie na niej sporo zaj\u0119\u0107 z programowania, grafiki 2D (w tym <strong>animacje<\/strong> komputerowe), modelowania 3D, a tak\u017ce z programowania <strong>silnik\u00f3w fizycznych<\/strong> gier komputerowych. Przewidziano te\u017c tworzenie gier 2D i 3D w specjalistycznych\u00a0programach do tego przeznaczonych.<\/p>\n<p style=\"text-align: justify\">Drugim filarem nowej specjalno\u015bci jest <strong>robotyka<\/strong>, na kt\u00f3rej studenci naucz\u0105 si\u0119 element\u00f3w elektroniki niezb\u0119dnych do konstruowania robot\u00f3w oraz inteligentnych dom\u00f3w, a tak\u017ce\u00a0aplikacji mobilnych nimi steruj\u0105cych (internet rzeczy, IoT). Ale to nie wszystko. Nasza oferta zawiera w sobie\u00a0nauk\u0119 modelowania i\u00a0<strong>druku 3D\u00a0<\/strong>\u2013 co w po\u0142\u0105czaniu ze wspomnianymi wy\u017cej zaj\u0119ciami z robotyki pozwoli studentom da\u0107 upust swojej kreatywno\u015bci i porgramowaniu sztucznej inteligencji.<\/p>\n<p style=\"text-align: left\"><a href=\"http:\/\/physics.uwb.edu.pl\/wf\/?page_id=786&amp;lang=pl\">Wi\u0119cej o nowej specjalno\u015bci&#8230;<\/a><\/p>\n","protected":false},"excerpt":{"rendered":"<p>Czy warto studiowa\u0107 fizyk\u0119? To pytanie dr\u0119czy wielu tegorocznych maturzyst\u00f3w&#8230; Odpowied\u017a przychodzi z Narodowego Centrum Bada\u0144 i Rozwoju: startuje projekt GAMEINN o bud\u017cecie 80 mln z\u0142 skierowany do bran\u017cy gier <a href=\"https:\/\/physics.uwb.edu.pl\/wf\/?page_id=2842\" class=\"more-link\">[&hellip;]<\/a><\/p>\n","protected":false},"author":5,"featured_media":2843,"parent":713,"menu_order":0,"comment_status":"closed","ping_status":"closed","template":"","meta":{"ngg_post_thumbnail":0,"Layout":"","footnotes":""},"categories":[27],"tags":[],"class_list":["entry","author-gawryl","post-2842","page","type-page","status-publish","has-post-thumbnail","category-post_news_pl"],"jetpack_sharing_enabled":true,"jetpack_shortlink":"https:\/\/wp.me\/P7nvcn-JQ","_links":{"self":[{"href":"https:\/\/physics.uwb.edu.pl\/wf\/index.php?rest_route=\/wp\/v2\/pages\/2842","targetHints":{"allow":["GET"]}}],"collection":[{"href":"https:\/\/physics.uwb.edu.pl\/wf\/index.php?rest_route=\/wp\/v2\/pages"}],"about":[{"href":"https:\/\/physics.uwb.edu.pl\/wf\/index.php?rest_route=\/wp\/v2\/types\/page"}],"author":[{"embeddable":true,"href":"https:\/\/physics.uwb.edu.pl\/wf\/index.php?rest_route=\/wp\/v2\/users\/5"}],"replies":[{"embeddable":true,"href":"https:\/\/physics.uwb.edu.pl\/wf\/index.php?rest_route=%2Fwp%2Fv2%2Fcomments&post=2842"}],"version-history":[{"count":8,"href":"https:\/\/physics.uwb.edu.pl\/wf\/index.php?rest_route=\/wp\/v2\/pages\/2842\/revisions"}],"predecessor-version":[{"id":2862,"href":"https:\/\/physics.uwb.edu.pl\/wf\/index.php?rest_route=\/wp\/v2\/pages\/2842\/revisions\/2862"}],"up":[{"embeddable":true,"href":"https:\/\/physics.uwb.edu.pl\/wf\/index.php?rest_route=\/wp\/v2\/pages\/713"}],"wp:featuredmedia":[{"embeddable":true,"href":"https:\/\/physics.uwb.edu.pl\/wf\/index.php?rest_route=\/wp\/v2\/media\/2843"}],"wp:attachment":[{"href":"https:\/\/physics.uwb.edu.pl\/wf\/index.php?rest_route=%2Fwp%2Fv2%2Fmedia&parent=2842"}],"wp:term":[{"taxonomy":"category","embeddable":true,"href":"https:\/\/physics.uwb.edu.pl\/wf\/index.php?rest_route=%2Fwp%2Fv2%2Fcategories&post=2842"},{"taxonomy":"post_tag","embeddable":true,"href":"https:\/\/physics.uwb.edu.pl\/wf\/index.php?rest_route=%2Fwp%2Fv2%2Ftags&post=2842"}],"curies":[{"name":"wp","href":"https:\/\/api.w.org\/{rel}","templated":true}]}}