{"id":2864,"date":"2016-05-30T07:18:37","date_gmt":"2016-05-30T05:18:37","guid":{"rendered":"http:\/\/physics.uwb.edu.pl\/wf\/?page_id=2864"},"modified":"2016-05-30T07:28:30","modified_gmt":"2016-05-30T05:28:30","slug":"intrygujace-materialy-na-bazie-skutterudytu","status":"publish","type":"page","link":"https:\/\/physics.uwb.edu.pl\/wf\/?page_id=2864","title":{"rendered":"Intryguj\u0105ce materia\u0142y na bazie skutterudytu"},"content":{"rendered":"<p>Dnia <b>2016-05-31<\/b> o godzinie <b>12:15<\/b> w sali <b>2011<\/b> odb\u0119dzie si\u0119 seminarium, na kt\u00f3rym prof. dr hab. Andrzej \u015alebarski z Instytutu Fizyki Uniwersytetu \u015al\u0105skiego w Katowicach wyg\u0142osi wyk\u0142ad pt:<\/p>\n<p style=\"text-align: center;\"><b>Intryguj\u0105ce materia\u0142y na bazie skutterudytu; r\u00f3\u017cne zastosowania od nadprzewodnictwa do korelacji f- i d-elektronowych<\/b><\/p>\n<p align=\"JUSTIFY\">Stany kwantowe skorelowanych elektron\u00f3w odgrywaj\u0105 kluczow\u0105 rol\u0119 w zagadnieniach zwi\u0105zanych ze wsp\u00f3\u0142czesna fizyk\u0105 cia\u0142a sta\u0142ego. Zaproponowany przez Landaua opis temperaturowych zale\u017cno\u015bci wielko\u015bci termodynamicznych dla kwantowych cieczy fermionowych nie jest opisem w coraz liczniejszych przypadkach dobrym. W wyniku silnych korelacji e-e zachowania np. podatno\u015bci magnetycznej czy elektronowego ciep\u0142a w zakresie bardzo niskich temperatur s\u0105 rozbie\u017cne, a fermionowe ciecze kwantowe, kt\u00f3re wykazuj\u0105 takie zachowania, nazywamy nielandauowskimi cieczami ci\u0119\u017cko fermionowymi (non-Fermi liquid). Klasycznym przyk\u0142adem korelacji s\u0105 takie zjawiska jak: stan izolatora Motta-Hubbarda, izolator Kondo, ciecze ci\u0119\u017cko-fermionowe, niekonwencjonalne nadprzewodnictwo i zachowania krytyczne w kwantowym punkcie krytycznym. W wyniku silnych korelacji kluczowym zjawiskiem jest zrozumienie efektu lokalizacji, tym samym dychotomii w opisie kwantowych stan\u00f3w elektronu w fizyce cia\u0142a sta\u0142ego. W referacie przedstawi\u0119 nasze prace w zakresie ostatnich bada\u0144 niskotemperaturowych w\u0142asno\u015bci cieczy fermionowych, om\u00f3wi\u0119 te\u017c nowe materia\u0142y termoelektryczne (pochodne skutterudytu), w kt\u00f3rych obserwujemy zjawiska krytyczne i nadprzewodnictwo. Pasjonuje nas efekt nieporz\u0105dku, kt\u00f3ry w uk\u0142adach La<sub><span style=\"font-family: Times New Roman,serif;\">3<\/span><\/sub><span style=\"font-family: Times New Roman,serif;\">M<\/span><sub><span style=\"font-family: Times New Roman,serif;\">4<\/span><\/sub><span style=\"font-family: Times New Roman,serif;\">Sn<\/span><sub><span style=\"font-family: Times New Roman,serif;\">13<\/span><\/sub> (M=metal przej\u015bciowy) generuje dodatkowo niehomogeniczn\u0105, wysokotemperaturow\u0105 faz\u0119 nadprzewodz\u0105c\u0105. Zjawisko wydaje si\u0119 by\u0107 charakterystyczne dla nadprzewodnik\u00f3w wysokotemperaturowych i nadprzewodz\u0105cych ci\u0119\u017ckich fermion\u00f3w.<\/p>\n","protected":false},"excerpt":{"rendered":"<p>Dnia 2016-05-31 o godzinie 12:15 w sali 2011 odb\u0119dzie si\u0119 seminarium, na kt\u00f3rym prof. dr hab. Andrzej \u015alebarski z Instytutu Fizyki Uniwersytetu \u015al\u0105skiego w Katowicach wyg\u0142osi wyk\u0142ad pt: Intryguj\u0105ce materia\u0142y <a href=\"https:\/\/physics.uwb.edu.pl\/wf\/?page_id=2864\" class=\"more-link\">[&hellip;]<\/a><\/p>\n","protected":false},"author":1,"featured_media":1282,"parent":822,"menu_order":0,"comment_status":"closed","ping_status":"closed","template":"","meta":{"ngg_post_thumbnail":0,"Layout":"","footnotes":""},"categories":[69],"tags":[],"class_list":["entry","author-wp_admin","post-2864","page","type-page","status-publish","has-post-thumbnail","category-seminarium_pl"],"jetpack_sharing_enabled":true,"jetpack_shortlink":"https:\/\/wp.me\/P7nvcn-Kc","_links":{"self":[{"href":"https:\/\/physics.uwb.edu.pl\/wf\/index.php?rest_route=\/wp\/v2\/pages\/2864","targetHints":{"allow":["GET"]}}],"collection":[{"href":"https:\/\/physics.uwb.edu.pl\/wf\/index.php?rest_route=\/wp\/v2\/pages"}],"about":[{"href":"https:\/\/physics.uwb.edu.pl\/wf\/index.php?rest_route=\/wp\/v2\/types\/page"}],"author":[{"embeddable":true,"href":"https:\/\/physics.uwb.edu.pl\/wf\/index.php?rest_route=\/wp\/v2\/users\/1"}],"replies":[{"embeddable":true,"href":"https:\/\/physics.uwb.edu.pl\/wf\/index.php?rest_route=%2Fwp%2Fv2%2Fcomments&post=2864"}],"version-history":[{"count":3,"href":"https:\/\/physics.uwb.edu.pl\/wf\/index.php?rest_route=\/wp\/v2\/pages\/2864\/revisions"}],"predecessor-version":[{"id":2869,"href":"https:\/\/physics.uwb.edu.pl\/wf\/index.php?rest_route=\/wp\/v2\/pages\/2864\/revisions\/2869"}],"up":[{"embeddable":true,"href":"https:\/\/physics.uwb.edu.pl\/wf\/index.php?rest_route=\/wp\/v2\/pages\/822"}],"wp:featuredmedia":[{"embeddable":true,"href":"https:\/\/physics.uwb.edu.pl\/wf\/index.php?rest_route=\/wp\/v2\/media\/1282"}],"wp:attachment":[{"href":"https:\/\/physics.uwb.edu.pl\/wf\/index.php?rest_route=%2Fwp%2Fv2%2Fmedia&parent=2864"}],"wp:term":[{"taxonomy":"category","embeddable":true,"href":"https:\/\/physics.uwb.edu.pl\/wf\/index.php?rest_route=%2Fwp%2Fv2%2Fcategories&post=2864"},{"taxonomy":"post_tag","embeddable":true,"href":"https:\/\/physics.uwb.edu.pl\/wf\/index.php?rest_route=%2Fwp%2Fv2%2Ftags&post=2864"}],"curies":[{"name":"wp","href":"https:\/\/api.w.org\/{rel}","templated":true}]}}