{"id":2903,"date":"2016-06-13T12:06:52","date_gmt":"2016-06-13T10:06:52","guid":{"rendered":"http:\/\/physics.uwb.edu.pl\/wf\/?page_id=2903"},"modified":"2016-07-01T13:24:50","modified_gmt":"2016-07-01T11:24:50","slug":"awansujemy-w-rankingu-perspektyw","status":"publish","type":"page","link":"https:\/\/physics.uwb.edu.pl\/wf\/?page_id=2903","title":{"rendered":"Awansujemy w Rankingu Perspektyw!"},"content":{"rendered":"<h2><strong>Awansujemy w Rankingu Perspektyw!<\/strong><\/h2>\n<p><img loading=\"lazy\" decoding=\"async\" class=\"size-full wp-image-2904 alignleft\" src=\"http:\/\/physics.uwb.edu.pl\/wf\/wp-content\/uploads\/2016\/06\/perspektywy2016.png\" alt=\"perspektywy2016\" width=\"294\" height=\"240\" srcset=\"https:\/\/physics.uwb.edu.pl\/wf\/wp-content\/uploads\/2016\/06\/perspektywy2016.png 294w, https:\/\/physics.uwb.edu.pl\/wf\/wp-content\/uploads\/2016\/06\/perspektywy2016-150x122.png 150w\" sizes=\"auto, (max-width: 294px) 100vw, 294px\" \/>Jeste\u015bmy <strong>na wysokim, 10-tym miejscu<\/strong> w Polsce w\u015br\u00f3d wydzia\u0142\u00f3w fizyki uczelni wy\u017cszych! Nasz Wydzia\u0142 awansowa\u0142 z pozycji 19-tej (w roku 2015) i znalaz\u0142 si\u0119 na miejscu 10-tym (z 31 jednostek) w og\u00f3lnopolskim rankingu uczelni wydawnictwa Perspektywy w <a href=\"http:\/\/www.perspektywy.pl\/RSW2016\/ranking-kierunkow-studiow\/kierunki-scisle\/fizyka-i-astronomia\" target=\"_blank\">kategorii kierunk\u00f3w studi\u00f3w &#8220;fizyka i astronomia&#8221;<\/a>. Warte podkre\u015blenia jest to, \u017ce <strong>zaj\u0119li\u015bmy <\/strong><strong>drugie miejsce<\/strong> w kryterium \u201edost\u0119pno\u015b\u0107 kadr wysokokwalifikowanych\u201d. Oznacza to, \u017ce\u00a0pracownicy naszego Wydzia\u0142u rozwijaj\u0105 si\u0119 i uzyskuj\u0105 awanse zawodowe, a jednocze\u015bnie s\u0105 <strong>ca\u0142y czas dost\u0119pni dla student\u00f3w<\/strong>.<\/p>\n","protected":false},"excerpt":{"rendered":"<p>Awansujemy w Rankingu Perspektyw! Jeste\u015bmy na wysokim, 10-tym miejscu w Polsce w\u015br\u00f3d wydzia\u0142\u00f3w fizyki uczelni wy\u017cszych! Nasz Wydzia\u0142 awansowa\u0142 z pozycji 19-tej (w roku 2015) i znalaz\u0142 si\u0119 na miejscu <a href=\"https:\/\/physics.uwb.edu.pl\/wf\/?page_id=2903\" class=\"more-link\">[&hellip;]<\/a><\/p>\n","protected":false},"author":5,"featured_media":2904,"parent":602,"menu_order":-1,"comment_status":"closed","ping_status":"closed","template":"","meta":{"ngg_post_thumbnail":0,"Layout":"","footnotes":""},"categories":[3],"tags":[],"class_list":["entry","author-gawryl","post-2903","page","type-page","status-publish","has-post-thumbnail","category-wydzialowe_pl"],"jetpack_sharing_enabled":true,"jetpack_shortlink":"https:\/\/wp.me\/P7nvcn-KP","_links":{"self":[{"href":"https:\/\/physics.uwb.edu.pl\/wf\/index.php?rest_route=\/wp\/v2\/pages\/2903","targetHints":{"allow":["GET"]}}],"collection":[{"href":"https:\/\/physics.uwb.edu.pl\/wf\/index.php?rest_route=\/wp\/v2\/pages"}],"about":[{"href":"https:\/\/physics.uwb.edu.pl\/wf\/index.php?rest_route=\/wp\/v2\/types\/page"}],"author":[{"embeddable":true,"href":"https:\/\/physics.uwb.edu.pl\/wf\/index.php?rest_route=\/wp\/v2\/users\/5"}],"replies":[{"embeddable":true,"href":"https:\/\/physics.uwb.edu.pl\/wf\/index.php?rest_route=%2Fwp%2Fv2%2Fcomments&post=2903"}],"version-history":[{"count":7,"href":"https:\/\/physics.uwb.edu.pl\/wf\/index.php?rest_route=\/wp\/v2\/pages\/2903\/revisions"}],"predecessor-version":[{"id":3007,"href":"https:\/\/physics.uwb.edu.pl\/wf\/index.php?rest_route=\/wp\/v2\/pages\/2903\/revisions\/3007"}],"up":[{"embeddable":true,"href":"https:\/\/physics.uwb.edu.pl\/wf\/index.php?rest_route=\/wp\/v2\/pages\/602"}],"wp:featuredmedia":[{"embeddable":true,"href":"https:\/\/physics.uwb.edu.pl\/wf\/index.php?rest_route=\/wp\/v2\/media\/2904"}],"wp:attachment":[{"href":"https:\/\/physics.uwb.edu.pl\/wf\/index.php?rest_route=%2Fwp%2Fv2%2Fmedia&parent=2903"}],"wp:term":[{"taxonomy":"category","embeddable":true,"href":"https:\/\/physics.uwb.edu.pl\/wf\/index.php?rest_route=%2Fwp%2Fv2%2Fcategories&post=2903"},{"taxonomy":"post_tag","embeddable":true,"href":"https:\/\/physics.uwb.edu.pl\/wf\/index.php?rest_route=%2Fwp%2Fv2%2Ftags&post=2903"}],"curies":[{"name":"wp","href":"https:\/\/api.w.org\/{rel}","templated":true}]}}