{"id":2978,"date":"2016-06-29T08:32:48","date_gmt":"2016-06-29T06:32:48","guid":{"rendered":"http:\/\/physics.uwb.edu.pl\/wf\/?page_id=2978"},"modified":"2016-06-29T08:39:21","modified_gmt":"2016-06-29T06:39:21","slug":"wizyta-studentow-z-grodna-2","status":"publish","type":"page","link":"https:\/\/physics.uwb.edu.pl\/wf\/?page_id=2978","title":{"rendered":"Pierwsza habilitacja zatwierdzona"},"content":{"rendered":"<h2><strong>Pierwsza habilitacja zatwierdzona przez Rad\u0119 Wydzia\u0142u Fizyki<\/strong><\/h2>\n<p>Rada Wydzia\u0142u Fizyki na posiedzeniu w dniu 27 czerwca br. podj\u0119\u0142a uchwa\u0142\u0119 w sprawie nadanie <strong>dr Katarzynie Ma\u0142gorzacie Re\u0107ko<\/strong>, adiunktowi z Zak\u0142adu Fizyki Cia\u0142a Sta\u0142ego, stopnia naukowego doktora habilitowanego w dziedzinie nauk fizycznych w dyscyplinie fizyka. Jest to pierwsze post\u0119powanie habilitacyjne przeprowadzone przez Rad\u0119 Wydzia\u0142u Fizyki po uzyskaniu uprawnie\u0144 26 pa\u017adziernika 2015 r.<\/p>\n<p>Szczeg\u00f3\u0142y post\u0119powania zamieszczone s\u0105 w zak\u0142adce \u201eNauka -&gt; Habilitacje\u201d.<\/p>\n","protected":false},"excerpt":{"rendered":"<p>Pierwsza habilitacja zatwierdzona przez Rad\u0119 Wydzia\u0142u Fizyki Rada Wydzia\u0142u Fizyki na posiedzeniu w dniu 27 czerwca br. podj\u0119\u0142a uchwa\u0142\u0119 w sprawie nadanie dr Katarzynie Ma\u0142gorzacie Re\u0107ko, adiunktowi z Zak\u0142adu Fizyki <a href=\"https:\/\/physics.uwb.edu.pl\/wf\/?page_id=2978\" class=\"more-link\">[&hellip;]<\/a><\/p>\n","protected":false},"author":1,"featured_media":1622,"parent":602,"menu_order":-1,"comment_status":"closed","ping_status":"closed","template":"","meta":{"ngg_post_thumbnail":0,"Layout":"","footnotes":""},"categories":[3],"tags":[],"class_list":["entry","author-wp_admin","post-2978","page","type-page","status-publish","has-post-thumbnail","category-wydzialowe_pl"],"jetpack_sharing_enabled":true,"jetpack_shortlink":"https:\/\/wp.me\/P7nvcn-M2","_links":{"self":[{"href":"https:\/\/physics.uwb.edu.pl\/wf\/index.php?rest_route=\/wp\/v2\/pages\/2978","targetHints":{"allow":["GET"]}}],"collection":[{"href":"https:\/\/physics.uwb.edu.pl\/wf\/index.php?rest_route=\/wp\/v2\/pages"}],"about":[{"href":"https:\/\/physics.uwb.edu.pl\/wf\/index.php?rest_route=\/wp\/v2\/types\/page"}],"author":[{"embeddable":true,"href":"https:\/\/physics.uwb.edu.pl\/wf\/index.php?rest_route=\/wp\/v2\/users\/1"}],"replies":[{"embeddable":true,"href":"https:\/\/physics.uwb.edu.pl\/wf\/index.php?rest_route=%2Fwp%2Fv2%2Fcomments&post=2978"}],"version-history":[{"count":4,"href":"https:\/\/physics.uwb.edu.pl\/wf\/index.php?rest_route=\/wp\/v2\/pages\/2978\/revisions"}],"predecessor-version":[{"id":2982,"href":"https:\/\/physics.uwb.edu.pl\/wf\/index.php?rest_route=\/wp\/v2\/pages\/2978\/revisions\/2982"}],"up":[{"embeddable":true,"href":"https:\/\/physics.uwb.edu.pl\/wf\/index.php?rest_route=\/wp\/v2\/pages\/602"}],"wp:featuredmedia":[{"embeddable":true,"href":"https:\/\/physics.uwb.edu.pl\/wf\/index.php?rest_route=\/wp\/v2\/media\/1622"}],"wp:attachment":[{"href":"https:\/\/physics.uwb.edu.pl\/wf\/index.php?rest_route=%2Fwp%2Fv2%2Fmedia&parent=2978"}],"wp:term":[{"taxonomy":"category","embeddable":true,"href":"https:\/\/physics.uwb.edu.pl\/wf\/index.php?rest_route=%2Fwp%2Fv2%2Fcategories&post=2978"},{"taxonomy":"post_tag","embeddable":true,"href":"https:\/\/physics.uwb.edu.pl\/wf\/index.php?rest_route=%2Fwp%2Fv2%2Ftags&post=2978"}],"curies":[{"name":"wp","href":"https:\/\/api.w.org\/{rel}","templated":true}]}}