{"id":3023,"date":"2016-07-14T10:44:45","date_gmt":"2016-07-14T08:44:45","guid":{"rendered":"http:\/\/physics.uwb.edu.pl\/wf\/?page_id=3023"},"modified":"2016-07-14T11:25:01","modified_gmt":"2016-07-14T09:25:01","slug":"otrzymalismy-dofinansowanie-na-warsztaty-z-fizyka-w-przyszlosc","status":"publish","type":"page","link":"https:\/\/physics.uwb.edu.pl\/wf\/?page_id=3023","title":{"rendered":"Otrzymali\u015bmy dofinansowanie na warsztaty &#8220;Z fizyk\u0105 w przysz\u0142o\u015b\u0107&#8221;"},"content":{"rendered":"<h2><strong>Otrzymali\u015bmy dofinansowanie na warsztaty &#8220;Z fizyk\u0105 w przysz\u0142o\u015b\u0107&#8221;\u00a0<\/strong><\/h2>\n<p>Z satysfakcj\u0105 informujemy, \u017ce Wydzia\u0142 Fizyki UwB otrzyma\u0142 od Ministerstwa Nauki i Szkolnictwa Wy\u017cszego kwot\u0119 <strong>72 000 z\u0142<\/strong> w ramach Dzia\u0142alno\u015bci Upowszechniaj\u0105c\u0105 Nauk\u0119 (<strong>DUN<\/strong>) na prowadzenie warsztat\u00f3w &#8220;Z fizyk\u0105 w przysz\u0142o\u015b\u0107&#8221; w latach 2016-2017.<\/p>\n<p><img loading=\"lazy\" decoding=\"async\" class=\"size-full wp-image-3025 aligncenter\" src=\"http:\/\/physics.uwb.edu.pl\/wf\/wp-content\/uploads\/2016\/07\/warsztaty.png\" alt=\"warsztaty\" width=\"427\" height=\"150\" srcset=\"https:\/\/physics.uwb.edu.pl\/wf\/wp-content\/uploads\/2016\/07\/warsztaty.png 427w, https:\/\/physics.uwb.edu.pl\/wf\/wp-content\/uploads\/2016\/07\/warsztaty-150x53.png 150w, https:\/\/physics.uwb.edu.pl\/wf\/wp-content\/uploads\/2016\/07\/warsztaty-300x105.png 300w\" sizes=\"auto, (max-width: 427px) 100vw, 427px\" \/><\/p>\n<p>Wychodz\u0105c na przeciw zainteresowaniu m\u0142odzie\u017cy w poznawaniu nowinek technicznych <strong>otwieramy uniwersyteckie laboratoria<\/strong>. Pod okiem do\u015bwiadczonych fizyk\u00f3w w pracowniach do\u015bwiadczalnych i komputerowych b\u0119dziemy przedstawia\u0107 wzajemne powi\u0105zanie nauk \u015bcis\u0142ych, skupione wok\u00f3\u0142 zagadnie\u0144 z fizyki, szeroko wykorzystuj\u0105c technologi\u0119 informatyczn\u0105 (IT). Uczestnicy zbuduj\u0105 proste uk\u0142ady elektroniczne sterowane mikrokontrolerem (platforma <strong>Arduino<\/strong> jako wprowadzenie do tzw. inteligentnych dom\u00f3w), zaprojektuj\u0105 elementy gotowe do wydrukowania na <strong>drukarkach 3D<\/strong> (model pojazdu ko\u0142owego z obrotow\u0105 wie\u017cyczk\u0105), <strong>wykonaj\u0105 pomiary<\/strong> wielko\u015bci fizycznych z wykorzystaniem komputera (oprogramowanie LabView) i nie tylko, a tak\u017ce stworz\u0105 prost\u0105 <strong>gr\u0119 komputerow\u0105<\/strong> z wykorzystaniem grafiki tr\u00f3jwymiarowej (programowanie C\/C++, biblioteka graficzna OpenGL). Do\u015bwiadczenia fizyczne pe\u0142ni\u0105 tu niezb\u0119dn\u0105 rol\u0119 poznawcz\u0105, ilustruj\u0105 metody badawcze, analiz\u0119 danych i wprowadzaj\u0105 do samodzielnego budowania uk\u0142ad\u00f3w. Ma\u0142e grupy, a przez to \u0142atwa interakcja z prowadz\u0105cym pozwoli rozwin\u0105\u0107 kreatywne my\u015blenie a tak\u017ce wprowadzi do praktycznego wykorzystania zdobytej wiedzy.<\/p>\n<p><img loading=\"lazy\" decoding=\"async\" class=\"wp-image-3035 size-full aligncenter\" src=\"http:\/\/physics.uwb.edu.pl\/wf\/wp-content\/uploads\/2016\/07\/warsztaty4.png\" alt=\"\" width=\"731\" height=\"222\" srcset=\"https:\/\/physics.uwb.edu.pl\/wf\/wp-content\/uploads\/2016\/07\/warsztaty4.png 731w, https:\/\/physics.uwb.edu.pl\/wf\/wp-content\/uploads\/2016\/07\/warsztaty4-150x46.png 150w, https:\/\/physics.uwb.edu.pl\/wf\/wp-content\/uploads\/2016\/07\/warsztaty4-300x91.png 300w\" sizes=\"auto, (max-width: 731px) 100vw, 731px\" \/><\/p>\n<p>Uczniowie b\u0119d\u0105 mieli do wyboru <strong>pi\u0119\u0107 blok\u00f3w tematycznych<\/strong> dotycz\u0105cych klasycznych do\u015bwiadcze\u0144 fizycznych, eksperyment\u00f3w wspomaganych komputerowo, robotyki, modelowania tr\u00f3jwymiarowego z wykorzystaniem druku 3D oraz grafiki i gier komputerowych. Uczestnicy sami zdecyduj\u0105, kt\u00f3ry blok wybior\u0105 &#8211; jeden, a mo\u017ce kilka? Zaj\u0119cia b\u0119d\u0105 odbywa\u0107 si\u0119 w dni powszednie w godzinach popo\u0142udniowych (po 16-tej) na Wydziale Fizyki w Kampusie UwB.<\/p>\n<p><img loading=\"lazy\" decoding=\"async\" class=\"wp-image-2408 size-medium alignleft\" src=\"http:\/\/physics.uwb.edu.pl\/wf\/wp-content\/uploads\/2016\/04\/DSC_1008-300x169.jpg\" alt=\"\" width=\"300\" height=\"169\" srcset=\"https:\/\/physics.uwb.edu.pl\/wf\/wp-content\/uploads\/2016\/04\/DSC_1008-300x169.jpg 300w, https:\/\/physics.uwb.edu.pl\/wf\/wp-content\/uploads\/2016\/04\/DSC_1008-150x84.jpg 150w, https:\/\/physics.uwb.edu.pl\/wf\/wp-content\/uploads\/2016\/04\/DSC_1008-1024x576.jpg 1024w, https:\/\/physics.uwb.edu.pl\/wf\/wp-content\/uploads\/2016\/04\/DSC_1008-889x500.jpg 889w, https:\/\/physics.uwb.edu.pl\/wf\/wp-content\/uploads\/2016\/04\/DSC_1008.jpg 1200w\" sizes=\"auto, (max-width: 300px) 100vw, 300px\" \/><\/p>\n<p>Pierwsza tura warsztat\u00f3w zaplanowana jest na p<strong>a\u017adziernik i listopad 2016 r<\/strong>. B\u0119dzie w to w sumie 8 spotka\u0144 dla ka\u017cdej z grup. Dodatkowo w soboty odb\u0119d\u0105 si\u0119 wsp\u00f3lne zaj\u0119cia wprowadzaj\u0105ce i podsumowuj\u0105ce cykl, po\u0142\u0105czone ze spektakularnymi pokazami fizycznymi. <strong>Rekrutacja ch\u0119tnych rozpocznie si\u0119 po wakacjach<\/strong> \u2013 szczeg\u00f3\u0142owe informacje uka\u017c\u0105 si\u0119 na stronie Wydzia\u0142u Fizyki UwB. Wiosn\u0105\u00a0planujemy\u00a0kolejn\u0105 tur\u0119 warsztat\u00f3w.<\/p>\n<p>&nbsp;<\/p>\n<p>Zach\u0119camy do \u015bledzenia naszej strony internetowej jak i <a href=\"https:\/\/www.facebook.com\/WydzialFizykiUwB\/\" target=\"_blank\">profilu w serwisie Facebook<\/a> &#8211; sukcesywnie b\u0119dziemy zamieszcza\u0107 wi\u0119cej informacji.<\/p>\n","protected":false},"excerpt":{"rendered":"<p>Otrzymali\u015bmy dofinansowanie na warsztaty &#8220;Z fizyk\u0105 w przysz\u0142o\u015b\u0107&#8221;\u00a0 Z satysfakcj\u0105 informujemy, \u017ce Wydzia\u0142 Fizyki UwB otrzyma\u0142 od Ministerstwa Nauki i Szkolnictwa Wy\u017cszego kwot\u0119 72 000 z\u0142 w ramach Dzia\u0142alno\u015bci Upowszechniaj\u0105c\u0105 <a href=\"https:\/\/physics.uwb.edu.pl\/wf\/?page_id=3023\" class=\"more-link\">[&hellip;]<\/a><\/p>\n","protected":false},"author":5,"featured_media":3030,"parent":602,"menu_order":-1,"comment_status":"closed","ping_status":"closed","template":"","meta":{"ngg_post_thumbnail":0,"Layout":"","footnotes":""},"categories":[3],"tags":[138,134,136],"class_list":["entry","author-gawryl","post-3023","page","type-page","status-publish","has-post-thumbnail","category-wydzialowe_pl","tag-dun","tag-warsztaty","tag-z-fizyka-w-przyszlosc"],"jetpack_sharing_enabled":true,"jetpack_shortlink":"https:\/\/wp.me\/P7nvcn-ML","_links":{"self":[{"href":"https:\/\/physics.uwb.edu.pl\/wf\/index.php?rest_route=\/wp\/v2\/pages\/3023","targetHints":{"allow":["GET"]}}],"collection":[{"href":"https:\/\/physics.uwb.edu.pl\/wf\/index.php?rest_route=\/wp\/v2\/pages"}],"about":[{"href":"https:\/\/physics.uwb.edu.pl\/wf\/index.php?rest_route=\/wp\/v2\/types\/page"}],"author":[{"embeddable":true,"href":"https:\/\/physics.uwb.edu.pl\/wf\/index.php?rest_route=\/wp\/v2\/users\/5"}],"replies":[{"embeddable":true,"href":"https:\/\/physics.uwb.edu.pl\/wf\/index.php?rest_route=%2Fwp%2Fv2%2Fcomments&post=3023"}],"version-history":[{"count":7,"href":"https:\/\/physics.uwb.edu.pl\/wf\/index.php?rest_route=\/wp\/v2\/pages\/3023\/revisions"}],"predecessor-version":[{"id":3036,"href":"https:\/\/physics.uwb.edu.pl\/wf\/index.php?rest_route=\/wp\/v2\/pages\/3023\/revisions\/3036"}],"up":[{"embeddable":true,"href":"https:\/\/physics.uwb.edu.pl\/wf\/index.php?rest_route=\/wp\/v2\/pages\/602"}],"wp:featuredmedia":[{"embeddable":true,"href":"https:\/\/physics.uwb.edu.pl\/wf\/index.php?rest_route=\/wp\/v2\/media\/3030"}],"wp:attachment":[{"href":"https:\/\/physics.uwb.edu.pl\/wf\/index.php?rest_route=%2Fwp%2Fv2%2Fmedia&parent=3023"}],"wp:term":[{"taxonomy":"category","embeddable":true,"href":"https:\/\/physics.uwb.edu.pl\/wf\/index.php?rest_route=%2Fwp%2Fv2%2Fcategories&post=3023"},{"taxonomy":"post_tag","embeddable":true,"href":"https:\/\/physics.uwb.edu.pl\/wf\/index.php?rest_route=%2Fwp%2Fv2%2Ftags&post=3023"}],"curies":[{"name":"wp","href":"https:\/\/api.w.org\/{rel}","templated":true}]}}