{"id":3078,"date":"2016-09-05T11:00:18","date_gmt":"2016-09-05T09:00:18","guid":{"rendered":"http:\/\/physics.uwb.edu.pl\/wf\/?page_id=3078"},"modified":"2016-09-05T11:04:11","modified_gmt":"2016-09-05T09:04:11","slug":"tylko-dla-mezczyzn","status":"publish","type":"page","link":"https:\/\/physics.uwb.edu.pl\/wf\/?page_id=3078","title":{"rendered":"Tylko dla m\u0119\u017cczyzn!"},"content":{"rendered":"<h3><strong>Panowie &#8211; okazja!<\/strong><\/h3>\n<p><strong>Zaproszenie z Uniwersytetu Medycznego w Bia\u0142ymstoku.<br \/>\n<\/strong><\/p>\n<p>Szczeg\u00f3\u0142y w poni\u017cszych dokumentach:<\/p>\n<p><a href=\"http:\/\/physics.uwb.edu.pl\/wf\/?page_id=3076&amp;lang=pl\">&#8216;zaproszenie&#8217;<\/a> i <a href=\"http:\/\/physics.uwb.edu.pl\/wf\/?page_id=3074&amp;lang=pl\">&#8216;broszura&#8217;.<\/a><\/p>\n<p>&nbsp;<\/p>\n","protected":false},"excerpt":{"rendered":"<p>Panowie &#8211; okazja! Zaproszenie z Uniwersytetu Medycznego w Bia\u0142ymstoku. Szczeg\u00f3\u0142y w poni\u017cszych dokumentach: &#8216;zaproszenie&#8217; i &#8216;broszura&#8217;. &nbsp;<\/p>\n","protected":false},"author":1,"featured_media":3073,"parent":602,"menu_order":-1,"comment_status":"closed","ping_status":"closed","template":"","meta":{"ngg_post_thumbnail":0,"Layout":"","footnotes":""},"categories":[3],"tags":[],"class_list":["entry","author-wp_admin","post-3078","page","type-page","status-publish","has-post-thumbnail","category-wydzialowe_pl"],"jetpack_sharing_enabled":true,"jetpack_shortlink":"https:\/\/wp.me\/P7nvcn-NE","_links":{"self":[{"href":"https:\/\/physics.uwb.edu.pl\/wf\/index.php?rest_route=\/wp\/v2\/pages\/3078","targetHints":{"allow":["GET"]}}],"collection":[{"href":"https:\/\/physics.uwb.edu.pl\/wf\/index.php?rest_route=\/wp\/v2\/pages"}],"about":[{"href":"https:\/\/physics.uwb.edu.pl\/wf\/index.php?rest_route=\/wp\/v2\/types\/page"}],"author":[{"embeddable":true,"href":"https:\/\/physics.uwb.edu.pl\/wf\/index.php?rest_route=\/wp\/v2\/users\/1"}],"replies":[{"embeddable":true,"href":"https:\/\/physics.uwb.edu.pl\/wf\/index.php?rest_route=%2Fwp%2Fv2%2Fcomments&post=3078"}],"version-history":[{"count":3,"href":"https:\/\/physics.uwb.edu.pl\/wf\/index.php?rest_route=\/wp\/v2\/pages\/3078\/revisions"}],"predecessor-version":[{"id":3081,"href":"https:\/\/physics.uwb.edu.pl\/wf\/index.php?rest_route=\/wp\/v2\/pages\/3078\/revisions\/3081"}],"up":[{"embeddable":true,"href":"https:\/\/physics.uwb.edu.pl\/wf\/index.php?rest_route=\/wp\/v2\/pages\/602"}],"wp:featuredmedia":[{"embeddable":true,"href":"https:\/\/physics.uwb.edu.pl\/wf\/index.php?rest_route=\/wp\/v2\/media\/3073"}],"wp:attachment":[{"href":"https:\/\/physics.uwb.edu.pl\/wf\/index.php?rest_route=%2Fwp%2Fv2%2Fmedia&parent=3078"}],"wp:term":[{"taxonomy":"category","embeddable":true,"href":"https:\/\/physics.uwb.edu.pl\/wf\/index.php?rest_route=%2Fwp%2Fv2%2Fcategories&post=3078"},{"taxonomy":"post_tag","embeddable":true,"href":"https:\/\/physics.uwb.edu.pl\/wf\/index.php?rest_route=%2Fwp%2Fv2%2Ftags&post=3078"}],"curies":[{"name":"wp","href":"https:\/\/api.w.org\/{rel}","templated":true}]}}