{"id":3085,"date":"2016-09-08T14:47:22","date_gmt":"2016-09-08T12:47:22","guid":{"rendered":"http:\/\/physics.uwb.edu.pl\/wf\/?page_id=3085"},"modified":"2017-09-14T10:30:42","modified_gmt":"2017-09-14T08:30:42","slug":"salon-maturzystow-perspektywy-2016","status":"publish","type":"page","link":"https:\/\/physics.uwb.edu.pl\/wf\/?page_id=3085","title":{"rendered":"Salon Maturzyst\u00f3w Perspektywy 2016"},"content":{"rendered":"<h2><strong>Salon Maturzyst\u00f3w Perspektywy 2016<\/strong><\/h2>\n<p>W dniu 08 wrze\u015bnia prezentowali\u015bmy nasz Wydzia\u0142 podczas <strong>Salonu Maturzyst\u00f3w<\/strong> Perspektywy 2016, kt\u00f3ry odby\u0142 si\u0119 na terenie Politechniki Bia\u0142ostockiej. Impreza cieszy\u0142a si\u0119 ogromnym zainteresowaniem m\u0142odzie\u017cy, kt\u00f3ra mia\u0142a okazj\u0119 przyjrze\u0107 si\u0119 z bliska ofercie edukacyjnej uczelni wy\u017cszych.<\/p>\n<p>\n<div class=\"ngg-galleryoverview ngg-slideshow\"\n\tid=\"ngg-slideshow-1cc67246f26d6230e0d040cd38ea84c0-17363310820\"\n\tdata-gallery-id=\"1cc67246f26d6230e0d040cd38ea84c0\"\n\tstyle=\"max-width: 600px;\n\t\t\tmax-height: 400px;\n\t\t\tdisplay: none;\">\n\n\t\n\t\t<a href=\"https:\/\/physics.uwb.edu.pl\/wf\/wp-content\/uploads\/sites\/1\/nggallery\/salon-maturzystow-2016\/DSC_1965.jpg\"\n\t\t\ttitle=\"\"\n\t\t\tdata-src=\"https:\/\/physics.uwb.edu.pl\/wf\/wp-content\/uploads\/sites\/1\/nggallery\/salon-maturzystow-2016\/DSC_1965.jpg\"\n\t\t\tdata-thumbnail=\"https:\/\/physics.uwb.edu.pl\/wf\/wp-content\/uploads\/sites\/1\/nggallery\/salon-maturzystow-2016\/thumbs\/thumbs_DSC_1965.jpg\"\n\t\t\tdata-image-id=\"184\"\n\t\t\tdata-title=\"DSC_1965\"\n\t\t\tdata-description=\"\"\n\t\t\t\t\t\t\t\t\t\t\t\t\t\t\tclass=\"ngg-fancybox\" rel=\"1cc67246f26d6230e0d040cd38ea84c0\">\n\t\t\t\n\t\t\t<img data-image-id='184'\n\t\t\t\ttitle=\"\"\n\t\t\t\talt=\"DSC_1965\"\n\t\t\t\tsrc=\"https:\/\/physics.uwb.edu.pl\/wf\/wp-content\/uploads\/sites\/1\/nggallery\/salon-maturzystow-2016\/DSC_1965.jpg\"\n\t\t\t\tstyle=\"max-height: 380px;\"\/>\n\t\t<\/a>\n\n\t\t\n\t\t<a href=\"https:\/\/physics.uwb.edu.pl\/wf\/wp-content\/uploads\/sites\/1\/nggallery\/salon-maturzystow-2016\/DSC_1966.jpg\"\n\t\t\ttitle=\"\"\n\t\t\tdata-src=\"https:\/\/physics.uwb.edu.pl\/wf\/wp-content\/uploads\/sites\/1\/nggallery\/salon-maturzystow-2016\/DSC_1966.jpg\"\n\t\t\tdata-thumbnail=\"https:\/\/physics.uwb.edu.pl\/wf\/wp-content\/uploads\/sites\/1\/nggallery\/salon-maturzystow-2016\/thumbs\/thumbs_DSC_1966.jpg\"\n\t\t\tdata-image-id=\"185\"\n\t\t\tdata-title=\"DSC_1966\"\n\t\t\tdata-description=\"\"\n\t\t\t\t\t\t\t\t\t\t\t\t\t\t\tclass=\"ngg-fancybox\" rel=\"1cc67246f26d6230e0d040cd38ea84c0\">\n\t\t\t\n\t\t\t<img data-image-id='185'\n\t\t\t\ttitle=\"\"\n\t\t\t\talt=\"DSC_1966\"\n\t\t\t\tsrc=\"https:\/\/physics.uwb.edu.pl\/wf\/wp-content\/uploads\/sites\/1\/nggallery\/salon-maturzystow-2016\/DSC_1966.jpg\"\n\t\t\t\tstyle=\"max-height: 380px;\"\/>\n\t\t<\/a>\n\n\t\t\n\t\t<a href=\"https:\/\/physics.uwb.edu.pl\/wf\/wp-content\/uploads\/sites\/1\/nggallery\/salon-maturzystow-2016\/DSC_1945.jpg\"\n\t\t\ttitle=\"\"\n\t\t\tdata-src=\"https:\/\/physics.uwb.edu.pl\/wf\/wp-content\/uploads\/sites\/1\/nggallery\/salon-maturzystow-2016\/DSC_1945.jpg\"\n\t\t\tdata-thumbnail=\"https:\/\/physics.uwb.edu.pl\/wf\/wp-content\/uploads\/sites\/1\/nggallery\/salon-maturzystow-2016\/thumbs\/thumbs_DSC_1945.jpg\"\n\t\t\tdata-image-id=\"186\"\n\t\t\tdata-title=\"DSC_1945\"\n\t\t\tdata-description=\"\"\n\t\t\t\t\t\t\t\t\t\t\t\t\t\t\tclass=\"ngg-fancybox\" rel=\"1cc67246f26d6230e0d040cd38ea84c0\">\n\t\t\t\n\t\t\t<img data-image-id='186'\n\t\t\t\ttitle=\"\"\n\t\t\t\talt=\"DSC_1945\"\n\t\t\t\tsrc=\"https:\/\/physics.uwb.edu.pl\/wf\/wp-content\/uploads\/sites\/1\/nggallery\/salon-maturzystow-2016\/DSC_1945.jpg\"\n\t\t\t\tstyle=\"max-height: 380px;\"\/>\n\t\t<\/a>\n\n\t\t\n\t\t<a href=\"https:\/\/physics.uwb.edu.pl\/wf\/wp-content\/uploads\/sites\/1\/nggallery\/salon-maturzystow-2016\/DSC_1954.jpg\"\n\t\t\ttitle=\"\"\n\t\t\tdata-src=\"https:\/\/physics.uwb.edu.pl\/wf\/wp-content\/uploads\/sites\/1\/nggallery\/salon-maturzystow-2016\/DSC_1954.jpg\"\n\t\t\tdata-thumbnail=\"https:\/\/physics.uwb.edu.pl\/wf\/wp-content\/uploads\/sites\/1\/nggallery\/salon-maturzystow-2016\/thumbs\/thumbs_DSC_1954.jpg\"\n\t\t\tdata-image-id=\"187\"\n\t\t\tdata-title=\"DSC_1954\"\n\t\t\tdata-description=\"\"\n\t\t\t\t\t\t\t\t\t\t\t\t\t\t\tclass=\"ngg-fancybox\" rel=\"1cc67246f26d6230e0d040cd38ea84c0\">\n\t\t\t\n\t\t\t<img data-image-id='187'\n\t\t\t\ttitle=\"\"\n\t\t\t\talt=\"DSC_1954\"\n\t\t\t\tsrc=\"https:\/\/physics.uwb.edu.pl\/wf\/wp-content\/uploads\/sites\/1\/nggallery\/salon-maturzystow-2016\/DSC_1954.jpg\"\n\t\t\t\tstyle=\"max-height: 380px;\"\/>\n\t\t<\/a>\n\n\t\t\n\t\t<a href=\"https:\/\/physics.uwb.edu.pl\/wf\/wp-content\/uploads\/sites\/1\/nggallery\/salon-maturzystow-2016\/DSC_1956.jpg\"\n\t\t\ttitle=\"\"\n\t\t\tdata-src=\"https:\/\/physics.uwb.edu.pl\/wf\/wp-content\/uploads\/sites\/1\/nggallery\/salon-maturzystow-2016\/DSC_1956.jpg\"\n\t\t\tdata-thumbnail=\"https:\/\/physics.uwb.edu.pl\/wf\/wp-content\/uploads\/sites\/1\/nggallery\/salon-maturzystow-2016\/thumbs\/thumbs_DSC_1956.jpg\"\n\t\t\tdata-image-id=\"188\"\n\t\t\tdata-title=\"DSC_1956\"\n\t\t\tdata-description=\"\"\n\t\t\t\t\t\t\t\t\t\t\t\t\t\t\tclass=\"ngg-fancybox\" rel=\"1cc67246f26d6230e0d040cd38ea84c0\">\n\t\t\t\n\t\t\t<img data-image-id='188'\n\t\t\t\ttitle=\"\"\n\t\t\t\talt=\"DSC_1956\"\n\t\t\t\tsrc=\"https:\/\/physics.uwb.edu.pl\/wf\/wp-content\/uploads\/sites\/1\/nggallery\/salon-maturzystow-2016\/DSC_1956.jpg\"\n\t\t\t\tstyle=\"max-height: 380px;\"\/>\n\t\t<\/a>\n\n\t\t\n\t\t<a href=\"https:\/\/physics.uwb.edu.pl\/wf\/wp-content\/uploads\/sites\/1\/nggallery\/salon-maturzystow-2016\/DSC_1962.jpg\"\n\t\t\ttitle=\"\"\n\t\t\tdata-src=\"https:\/\/physics.uwb.edu.pl\/wf\/wp-content\/uploads\/sites\/1\/nggallery\/salon-maturzystow-2016\/DSC_1962.jpg\"\n\t\t\tdata-thumbnail=\"https:\/\/physics.uwb.edu.pl\/wf\/wp-content\/uploads\/sites\/1\/nggallery\/salon-maturzystow-2016\/thumbs\/thumbs_DSC_1962.jpg\"\n\t\t\tdata-image-id=\"189\"\n\t\t\tdata-title=\"DSC_1962\"\n\t\t\tdata-description=\"\"\n\t\t\t\t\t\t\t\t\t\t\t\t\t\t\tclass=\"ngg-fancybox\" rel=\"1cc67246f26d6230e0d040cd38ea84c0\">\n\t\t\t\n\t\t\t<img data-image-id='189'\n\t\t\t\ttitle=\"\"\n\t\t\t\talt=\"DSC_1962\"\n\t\t\t\tsrc=\"https:\/\/physics.uwb.edu.pl\/wf\/wp-content\/uploads\/sites\/1\/nggallery\/salon-maturzystow-2016\/DSC_1962.jpg\"\n\t\t\t\tstyle=\"max-height: 380px;\"\/>\n\t\t<\/a>\n\n\t\t<\/div>\n\n\n<\/p>\n<p>W promocji Wydzia\u0142u udzia\u0142 wzi\u0119li dr Tomasz Karpiuk, dr Cezary Walczyk oraz dr Krzysztof Gawryluk, przedstawiaj\u0105c specjalno\u015bci na kierunku fizyka. Masa pyta\u0144 dotyczy\u0142a nowo\u015bci edukacyjnej &#8211;&nbsp;<a href=\"http:\/\/gry.fizyka.uwb.edu.pl\">Fizyki Gier Komputerowych i Robot\u00f3w<\/a>. Nowa propozycja Wydzia\u0142u budzi\u0142a wiele pozytywnych emocji, jako bardzo atrakcyjna pod wzgl\u0119dem nauczanych tre\u015bci oraz odnalezienia si\u0119 na rynku&nbsp;pracy.<\/p>\n<p>Pracownicy Wydzia\u0142u prezentowali prace licencjackie powsta\u0142e na kierunku fizyka &nbsp;&#8211; robot g\u0105sienicowy wydrukowany w technologii 3D oraz gra komputerowa &#8220;Symulator samochodu&#8221;. Wiele os\u00f3b by\u0142a tak\u017ce zainteresowana&nbsp;<a href=\"http:\/\/physics.uwb.edu.pl\/wf\/?page_id=355\">Fizyk\u0105 medyczn\u0105<\/a>. Bardzo cieszy nas rosn\u0105ca popularno\u015b\u0107 fizyki oraz po\u0142\u0105czeniem fizyki z informatyk\u0105, grafik\u0105 komputerow\u0105 czy te\u017c medycyn\u0105. Jeste\u015bmy te\u017c zadowoleni z faktu, \u017ce uczniowie lice\u00f3w\/technik\u00f3w rozumiej\u0105 rol\u0119 fizyki w naszym codziennym \u017cyciu i sensowno\u015bci\u0105 studiowania u nas.<\/p>\n<p><img loading=\"lazy\" decoding=\"async\" class=\"wp-image-3035 size-full aligncenter\" src=\"http:\/\/physics.uwb.edu.pl\/wf\/wp-content\/uploads\/2016\/07\/warsztaty4.png\" width=\"731\" height=\"222\" srcset=\"https:\/\/physics.uwb.edu.pl\/wf\/wp-content\/uploads\/2016\/07\/warsztaty4.png 731w, https:\/\/physics.uwb.edu.pl\/wf\/wp-content\/uploads\/2016\/07\/warsztaty4-150x46.png 150w, https:\/\/physics.uwb.edu.pl\/wf\/wp-content\/uploads\/2016\/07\/warsztaty4-300x91.png 300w\" sizes=\"auto, (max-width: 731px) 100vw, 731px\" \/><\/p>\n<p>Podczas <em>Salonu maturzyst\u00f3w<\/em> uczniowie zostali poinformowani o nowej inicjatywie Wydzia\u0142u &#8211; czyli o <a href=\"http:\/\/przyszlosc.fizyka.uwb.edu.pl\">warsztatach &#8220;Z fizyk\u0105 w przysz\u0142o\u015b\u0107&#8221;<\/a>, startuj\u0105cych ju\u017c od pierwszego pa\u017adziernika 2016. Serdecznie zapraszamy do wzi\u0119cia udzia\u0142u w tym projekcie.<\/p>\n<p>Dzi\u0119kujemy za liczne odwiedzenia naszego stoiska i pytania zwi\u0105zane ze studiowaniem fizyki.<\/p>\n<p>&nbsp;<\/p>\n","protected":false},"excerpt":{"rendered":"<p>Salon Maturzyst\u00f3w Perspektywy 2016 W dniu 08 wrze\u015bnia prezentowali\u015bmy nasz Wydzia\u0142 podczas Salonu Maturzyst\u00f3w Perspektywy 2016, kt\u00f3ry odby\u0142 si\u0119 na terenie Politechniki Bia\u0142ostockiej. Impreza cieszy\u0142a si\u0119 ogromnym zainteresowaniem m\u0142odzie\u017cy, kt\u00f3ra <a href=\"https:\/\/physics.uwb.edu.pl\/wf\/?page_id=3085\" class=\"more-link\">[&hellip;]<\/a><\/p>\n","protected":false},"author":5,"featured_media":3086,"parent":602,"menu_order":-1,"comment_status":"closed","ping_status":"closed","template":"","meta":{"ngg_post_thumbnail":0,"Layout":"","footnotes":""},"categories":[131,35,3],"tags":[144,148,150,142,146,140,134,136],"class_list":["entry","author-gawryl","post-3085","page","type-page","status-publish","has-post-thumbnail","category-galeria_foto","category-popularyzacja_pl","category-wydzialowe_pl","tag-gry-komputerowe","tag-liceum","tag-matura","tag-perspektywy","tag-roboty","tag-salon-maturzystow","tag-warsztaty","tag-z-fizyka-w-przyszlosc"],"jetpack_sharing_enabled":true,"jetpack_shortlink":"https:\/\/wp.me\/P7nvcn-NL","_links":{"self":[{"href":"https:\/\/physics.uwb.edu.pl\/wf\/index.php?rest_route=\/wp\/v2\/pages\/3085","targetHints":{"allow":["GET"]}}],"collection":[{"href":"https:\/\/physics.uwb.edu.pl\/wf\/index.php?rest_route=\/wp\/v2\/pages"}],"about":[{"href":"https:\/\/physics.uwb.edu.pl\/wf\/index.php?rest_route=\/wp\/v2\/types\/page"}],"author":[{"embeddable":true,"href":"https:\/\/physics.uwb.edu.pl\/wf\/index.php?rest_route=\/wp\/v2\/users\/5"}],"replies":[{"embeddable":true,"href":"https:\/\/physics.uwb.edu.pl\/wf\/index.php?rest_route=%2Fwp%2Fv2%2Fcomments&post=3085"}],"version-history":[{"count":9,"href":"https:\/\/physics.uwb.edu.pl\/wf\/index.php?rest_route=\/wp\/v2\/pages\/3085\/revisions"}],"predecessor-version":[{"id":3963,"href":"https:\/\/physics.uwb.edu.pl\/wf\/index.php?rest_route=\/wp\/v2\/pages\/3085\/revisions\/3963"}],"up":[{"embeddable":true,"href":"https:\/\/physics.uwb.edu.pl\/wf\/index.php?rest_route=\/wp\/v2\/pages\/602"}],"wp:featuredmedia":[{"embeddable":true,"href":"https:\/\/physics.uwb.edu.pl\/wf\/index.php?rest_route=\/wp\/v2\/media\/3086"}],"wp:attachment":[{"href":"https:\/\/physics.uwb.edu.pl\/wf\/index.php?rest_route=%2Fwp%2Fv2%2Fmedia&parent=3085"}],"wp:term":[{"taxonomy":"category","embeddable":true,"href":"https:\/\/physics.uwb.edu.pl\/wf\/index.php?rest_route=%2Fwp%2Fv2%2Fcategories&post=3085"},{"taxonomy":"post_tag","embeddable":true,"href":"https:\/\/physics.uwb.edu.pl\/wf\/index.php?rest_route=%2Fwp%2Fv2%2Ftags&post=3085"}],"curies":[{"name":"wp","href":"https:\/\/api.w.org\/{rel}","templated":true}]}}