{"id":3188,"date":"2016-09-21T07:48:11","date_gmt":"2016-09-21T05:48:11","guid":{"rendered":"http:\/\/physics.uwb.edu.pl\/wf\/?page_id=3188"},"modified":"2016-10-05T12:01:44","modified_gmt":"2016-10-05T10:01:44","slug":"intrygujace-materialy-na-bazie-skutterudytu-2","status":"publish","type":"page","link":"https:\/\/physics.uwb.edu.pl\/wf\/?page_id=3188","title":{"rendered":"X-ray absorption spectroscopy at SAGA-LS and its applications for materials science"},"content":{"rendered":"<p>Dnia <b>2016-09-27<\/b> o godzinie <b>14:15<\/b> w sali <b>2011<\/b> odb\u0119dzie si\u0119 seminarium, na kt\u00f3rym dr\u00a0Toshihiro Okajima z Kyushu Synchrotron Light Research Center, Tosu, Saga 841-0005, Japan (SAGA-LS, Saga Light Source) wyg\u0142osi referat pt:<\/p>\n<p style=\"text-align: center;\"><b>X-ray absorption spectroscopy at SAGA-LS and its applications for materials science<\/b><\/p>\n<p align=\"JUSTIFY\">The Saga Light Source (SAGA-LS) is a compact synchrotron light source with a storage electron energy of 1.4 GeV [1]. We can use the X-rays with the energies from 40eV to 40keV using beamlines built around the storage ring. The SAGA-LS is the first SR facility founded by a local government, Saga prefecture in Japan, for technology innovation of regional industries. The SAGA-LS has been operated since 17 February, 2006. Seven prefectural (BL07 [2], BL09 [3], BL10 [4], BL11 [5], BL12 [6], BL15 [7], and BL18) and four contract beamlines (BL06, BL13, BL16, and BL17) are now in operation at SAGA-LS. The prefectural beamlines are open for user experiments of company, university, and public institutions. We can perform the XAFS experiments in beamlines BL07, BL11, and BL15 for hard X-ray region, and also in beamlines BL10 and BL12 for soft X-ray region. The usage of X-ray absorption spectroscopy exceeds 50% in public beamlines. XAFS experiments have been used in the many field of material science, such as electronic devices [8,9], second ion battery [10], new materials [11,12], energy, environment [13,14]. In the presentation, I introduce our public beamlines and review some interesting XAFS experimental results that have been undertaken with SAGA-LS.<\/p>\n","protected":false},"excerpt":{"rendered":"<p>Dnia 2016-09-27 o godzinie 14:15 w sali 2011 odb\u0119dzie si\u0119 seminarium, na kt\u00f3rym dr\u00a0Toshihiro Okajima z Kyushu Synchrotron Light Research Center, Tosu, Saga 841-0005, Japan (SAGA-LS, Saga Light Source) wyg\u0142osi <a href=\"https:\/\/physics.uwb.edu.pl\/wf\/?page_id=3188\" class=\"more-link\">[&hellip;]<\/a><\/p>\n","protected":false},"author":1,"featured_media":3366,"parent":822,"menu_order":0,"comment_status":"closed","ping_status":"closed","template":"","meta":{"ngg_post_thumbnail":0,"Layout":"","footnotes":""},"categories":[69],"tags":[],"class_list":["entry","author-wp_admin","post-3188","page","type-page","status-publish","has-post-thumbnail","category-seminarium_pl"],"jetpack_sharing_enabled":true,"jetpack_shortlink":"https:\/\/wp.me\/P7nvcn-Pq","_links":{"self":[{"href":"https:\/\/physics.uwb.edu.pl\/wf\/index.php?rest_route=\/wp\/v2\/pages\/3188","targetHints":{"allow":["GET"]}}],"collection":[{"href":"https:\/\/physics.uwb.edu.pl\/wf\/index.php?rest_route=\/wp\/v2\/pages"}],"about":[{"href":"https:\/\/physics.uwb.edu.pl\/wf\/index.php?rest_route=\/wp\/v2\/types\/page"}],"author":[{"embeddable":true,"href":"https:\/\/physics.uwb.edu.pl\/wf\/index.php?rest_route=\/wp\/v2\/users\/1"}],"replies":[{"embeddable":true,"href":"https:\/\/physics.uwb.edu.pl\/wf\/index.php?rest_route=%2Fwp%2Fv2%2Fcomments&post=3188"}],"version-history":[{"count":6,"href":"https:\/\/physics.uwb.edu.pl\/wf\/index.php?rest_route=\/wp\/v2\/pages\/3188\/revisions"}],"predecessor-version":[{"id":3364,"href":"https:\/\/physics.uwb.edu.pl\/wf\/index.php?rest_route=\/wp\/v2\/pages\/3188\/revisions\/3364"}],"up":[{"embeddable":true,"href":"https:\/\/physics.uwb.edu.pl\/wf\/index.php?rest_route=\/wp\/v2\/pages\/822"}],"wp:featuredmedia":[{"embeddable":true,"href":"https:\/\/physics.uwb.edu.pl\/wf\/index.php?rest_route=\/wp\/v2\/media\/3366"}],"wp:attachment":[{"href":"https:\/\/physics.uwb.edu.pl\/wf\/index.php?rest_route=%2Fwp%2Fv2%2Fmedia&parent=3188"}],"wp:term":[{"taxonomy":"category","embeddable":true,"href":"https:\/\/physics.uwb.edu.pl\/wf\/index.php?rest_route=%2Fwp%2Fv2%2Fcategories&post=3188"},{"taxonomy":"post_tag","embeddable":true,"href":"https:\/\/physics.uwb.edu.pl\/wf\/index.php?rest_route=%2Fwp%2Fv2%2Ftags&post=3188"}],"curies":[{"name":"wp","href":"https:\/\/api.w.org\/{rel}","templated":true}]}}