{"id":3244,"date":"2016-09-29T12:43:47","date_gmt":"2016-09-29T10:43:47","guid":{"rendered":"http:\/\/physics.uwb.edu.pl\/wf\/?page_id=3244"},"modified":"2019-03-06T13:09:32","modified_gmt":"2019-03-06T12:09:32","slug":"konkursy","status":"publish","type":"page","link":"https:\/\/physics.uwb.edu.pl\/wf\/?page_id=3244","title":{"rendered":"Konkursy"},"content":{"rendered":"<p>Nauki przyrodnicze oparte s\u0105 na do\u015bwiadczeniu, na poszukiwaniu wyja\u015bnie\u0144, uog\u00f3lnie\u0144 i ich weryfikacji eksperymentalnej. Chcemy umo\u017cliwi\u0107 m\u0142odym ludziom sprawdzenie si\u0119 we w\u0142asnor\u0119cznym wykonaniu pomiaru. Do\u015bwiadczenia ustawione s\u0105 tak, by wynik, kt\u00f3ry jest niewiadom\u0105 w czasie pomiaru, zosta\u0142 ujawniony w momencie rozwi\u0105zania konkursu. Uczestnicy maj\u0105 znale\u017a\u0107 metod\u0119 prowadz\u0105c\u0105 do otrzymania w\u0142a\u015bciwego wyniku. Okazuje si\u0119 wtedy, \u017ce w znanych prawach przyrody mo\u017cna dostrzec cenne wskaz\u00f3wki. I o to chodzi! A do tego szczypta hazardu z banknotem w tle.<\/p>\n<p>&nbsp;<\/p>\n<p><a href=\"http:\/\/physics.uwb.edu.pl\/wf\/?page_id=3248\">Konkurs 13: Czysta woda wiedzy doda<\/a><\/p>\n<p>&nbsp;<\/p>\n<p><a href=\"http:\/\/physics.uwb.edu.pl\/main\/popularyzacja.php?p=145\">Strony historyczne konkursu<\/a><\/p>\n","protected":false},"excerpt":{"rendered":"<p>Nauki przyrodnicze oparte s\u0105 na do\u015bwiadczeniu, na poszukiwaniu wyja\u015bnie\u0144, uog\u00f3lnie\u0144 i ich weryfikacji eksperymentalnej. Chcemy umo\u017cliwi\u0107 m\u0142odym ludziom sprawdzenie si\u0119 we w\u0142asnor\u0119cznym wykonaniu pomiaru. Do\u015bwiadczenia ustawione s\u0105 tak, by wynik, <a href=\"https:\/\/physics.uwb.edu.pl\/wf\/?page_id=3244\" class=\"more-link\">[&hellip;]<\/a><\/p>\n","protected":false},"author":2,"featured_media":1875,"parent":305,"menu_order":4,"comment_status":"closed","ping_status":"closed","template":"","meta":{"ngg_post_thumbnail":0,"Layout":"","footnotes":""},"categories":[35],"tags":[],"class_list":["entry","author-dobrog","post-3244","page","type-page","status-publish","has-post-thumbnail","category-popularyzacja_pl"],"jetpack_sharing_enabled":true,"jetpack_shortlink":"https:\/\/wp.me\/P7nvcn-Qk","_links":{"self":[{"href":"https:\/\/physics.uwb.edu.pl\/wf\/index.php?rest_route=\/wp\/v2\/pages\/3244","targetHints":{"allow":["GET"]}}],"collection":[{"href":"https:\/\/physics.uwb.edu.pl\/wf\/index.php?rest_route=\/wp\/v2\/pages"}],"about":[{"href":"https:\/\/physics.uwb.edu.pl\/wf\/index.php?rest_route=\/wp\/v2\/types\/page"}],"author":[{"embeddable":true,"href":"https:\/\/physics.uwb.edu.pl\/wf\/index.php?rest_route=\/wp\/v2\/users\/2"}],"replies":[{"embeddable":true,"href":"https:\/\/physics.uwb.edu.pl\/wf\/index.php?rest_route=%2Fwp%2Fv2%2Fcomments&post=3244"}],"version-history":[{"count":4,"href":"https:\/\/physics.uwb.edu.pl\/wf\/index.php?rest_route=\/wp\/v2\/pages\/3244\/revisions"}],"predecessor-version":[{"id":3269,"href":"https:\/\/physics.uwb.edu.pl\/wf\/index.php?rest_route=\/wp\/v2\/pages\/3244\/revisions\/3269"}],"up":[{"embeddable":true,"href":"https:\/\/physics.uwb.edu.pl\/wf\/index.php?rest_route=\/wp\/v2\/pages\/305"}],"wp:featuredmedia":[{"embeddable":true,"href":"https:\/\/physics.uwb.edu.pl\/wf\/index.php?rest_route=\/wp\/v2\/media\/1875"}],"wp:attachment":[{"href":"https:\/\/physics.uwb.edu.pl\/wf\/index.php?rest_route=%2Fwp%2Fv2%2Fmedia&parent=3244"}],"wp:term":[{"taxonomy":"category","embeddable":true,"href":"https:\/\/physics.uwb.edu.pl\/wf\/index.php?rest_route=%2Fwp%2Fv2%2Fcategories&post=3244"},{"taxonomy":"post_tag","embeddable":true,"href":"https:\/\/physics.uwb.edu.pl\/wf\/index.php?rest_route=%2Fwp%2Fv2%2Ftags&post=3244"}],"curies":[{"name":"wp","href":"https:\/\/api.w.org\/{rel}","templated":true}]}}